{"id":3768,"date":"2013-05-12T01:30:22","date_gmt":"2013-05-11T23:30:22","guid":{"rendered":"https:\/\/blogs.ua.es\/proyectosarquitectonicos\/?page_id=3768"},"modified":"2013-07-17T11:31:54","modified_gmt":"2013-07-17T09:31:54","slug":"francisco-leiva","status":"publish","type":"page","link":"https:\/\/blogs.ua.es\/proyectosarquitectonicos\/cursos-precedentes-2\/curso-2012-2013\/francisco-leiva\/","title":{"rendered":"Francisco Leiva"},"content":{"rendered":"<p>&#8220;<span style=\"font-family: 'Helvetica Neue', Arial, Helvetica, sans-serif\">En Alicante, el traslado de la Estaci\u00f3n de Autobuses dej\u00f3 sin uso un espacio p\u00fablico en el coraz\u00f3n de la ciudad. De hecho, se transform\u00f3 en un problema complejo cuyo resultado ha sido \u00a0una parcela cerrada que va desfalleciendo lentamente, degradando tanto la imagen del barrio como la actividad comercial que ah\u00ed hab\u00eda.\u00a0<\/span><\/p>\n<p>Esta propuesta naci\u00f3 de un grupo de estudiantes de la Universidad de Alicante y a lo largo del estudio se lleg\u00f3 a la conclusi\u00f3n de que el desenlace de esta plaza no pasaba por una soluci\u00f3n convencional; las soluciones convencionales ya hab\u00edan fallado. De este modo, se conforma un colectivo interesado en las preocupaciones de ciudadanos, asociaciones y comerciantes.<\/p>\n<p>Nuestra intenci\u00f3n es habilitar la plaza para su uso inmediato durante el periodo de espera al inicio de las obras, con un coste cero; porque una plaza cerrada no beneficia a nadie. Dotemos a la plaza de las condiciones \u00f3ptimas para que se transforme realmente en un espacio p\u00fablico, y dot\u00e9mosla de actividades y eventos puntuales y singulares para regenerar ese tejido social que se llev\u00f3 consigo el traslado de la Estaci\u00f3n de Autobuses.<\/p>\n<p>Una intervenci\u00f3n flexible, din\u00e1mica y de car\u00e1cter temporal con la eterna posibilidad de trasladarse a futuros solares de similares condiciones. Para ello necesitamos el apoyo por parte de vecinos y asociaciones que respalde nuestra iniciativa y hacer llegar al Ayuntamiento de Alicante nuestras reivindicaciones e inquietudes y junto a \u00e9ste, trabajar en un espacio p\u00fablico abierto y sano. Todos los nuevos elementos se dise\u00f1ar\u00e1n con mobiliario procedente de los almacenes municipales, pensado y proyectado todo ello por estudiantes de Arquitectura. Esto permitir\u00e1 que diversos colectivos de la geograf\u00eda alicantina puedan realizar eventos y actividades.<\/p>\n<p>La finalidad de este proyecto es dise\u00f1ar un nuevo modelo de urbanismo, acostumbrados a procesos poco participativos, que se alimente de elementos olvidados en almacenes municipales, que pueden ser \u201calmacenados\u201d en espacios p\u00fablicos con una utilidad latente. Estamos ante una oportunidad \u00fanica de conocer y aprender los pasos a seguir hacia ese modelo que se aleja del dise\u00f1o intimista y lineal que hasta ahora se ha ido creando y ejerciendo.<\/p>\n<p>Oportunidad \u00fanica para nuestra ciudad; un salto hacia un nuevo modelo pensado desde un claro \u00e1mbito ciudadano.&#8221;<\/p>\n<div><\/div>\n<div>Manifiesto del colectivo \u00c1brete S\u00e9neca<\/div>\n","protected":false},"excerpt":{"rendered":"<p>&#8220;En Alicante, el traslado de la Estaci\u00f3n de Autobuses dej\u00f3 sin uso un espacio p\u00fablico en el coraz\u00f3n de la ciudad. De hecho, se transform\u00f3 en un problema complejo cuyo resultado ha sido \u00a0una parcela cerrada que va desfalleciendo lentamente, degradando tanto la imagen del barrio como la actividad comercial que ah\u00ed hab\u00eda.\u00a0 Esta propuesta [&hellip;]<\/p>\n","protected":false},"author":503,"featured_media":0,"parent":4286,"menu_order":0,"comment_status":"open","ping_status":"open","template":"","meta":{"footnotes":""},"class_list":["post-3768","page","type-page","status-publish","hentry"],"_links":{"self":[{"href":"https:\/\/blogs.ua.es\/proyectosarquitectonicos\/wp-json\/wp\/v2\/pages\/3768","targetHints":{"allow":["GET"]}}],"collection":[{"href":"https:\/\/blogs.ua.es\/proyectosarquitectonicos\/wp-json\/wp\/v2\/pages"}],"about":[{"href":"https:\/\/blogs.ua.es\/proyectosarquitectonicos\/wp-json\/wp\/v2\/types\/page"}],"author":[{"embeddable":true,"href":"https:\/\/blogs.ua.es\/proyectosarquitectonicos\/wp-json\/wp\/v2\/users\/503"}],"replies":[{"embeddable":true,"href":"https:\/\/blogs.ua.es\/proyectosarquitectonicos\/wp-json\/wp\/v2\/comments?post=3768"}],"version-history":[{"count":5,"href":"https:\/\/blogs.ua.es\/proyectosarquitectonicos\/wp-json\/wp\/v2\/pages\/3768\/revisions"}],"predecessor-version":[{"id":4293,"href":"https:\/\/blogs.ua.es\/proyectosarquitectonicos\/wp-json\/wp\/v2\/pages\/3768\/revisions\/4293"}],"up":[{"embeddable":true,"href":"https:\/\/blogs.ua.es\/proyectosarquitectonicos\/wp-json\/wp\/v2\/pages\/4286"}],"wp:attachment":[{"href":"https:\/\/blogs.ua.es\/proyectosarquitectonicos\/wp-json\/wp\/v2\/media?parent=3768"}],"curies":[{"name":"wp","href":"https:\/\/api.w.org\/{rel}","templated":true}]}}