{"id":3811,"date":"2013-05-12T02:28:29","date_gmt":"2013-05-12T00:28:29","guid":{"rendered":"https:\/\/blogs.ua.es\/proyectosarquitectonicos\/?page_id=3811"},"modified":"2013-07-17T11:31:54","modified_gmt":"2013-07-17T09:31:54","slug":"diseno-y-producto","status":"publish","type":"page","link":"https:\/\/blogs.ua.es\/proyectosarquitectonicos\/cursos-precedentes-2\/curso-2012-2013\/diseno-y-producto\/","title":{"rendered":"G4"},"content":{"rendered":"<p><strong><em>BLOG<\/em><\/strong><\/p>\n<p>Profesores Honor\u00edficos:<br \/>\nJordi Serram\u00eda +\u00a0Hugo Riquelme<\/p>\n<p>El objetivo del curso es la introducci\u00f3n del alumno al dise\u00f1o arquitect\u00f3nico\u00a0 desde el punto de vista del marketing y la construcci\u00f3n de un producto.<\/p>\n<p>Teniendo en cuenta que el trato se va a producir con personas con una breve experiencia en la arquitectura queremos enfocar el inicio al dise\u00f1o arquitect\u00f3nico desde el punto de vista de la publicidad, la generaci\u00f3n de una imagen comercial y las t\u00e9cnicas venta un producto. Se perseguir\u00e1 que todo el material elaborado durante el curso se exponga en formatos comerciales, es decir, formatos atractivos que hablen por si solos.<\/p>\n<p>La finalidad es que los alumnos a lo largo del curso desarrollen las herramientas y capacidades necesarias para definir un producto arquitect\u00f3nico y su comercializaci\u00f3n.<\/p>\n<p>Metodolog\u00eda.<\/p>\n<p>La asignatura es eminentemente pr\u00e1ctica.<\/p>\n<p>La primeras jornadas se realizar\u00e1n ejercicios con formatos semanales, acotados e individuales que se debatir\u00e1n en clase. Cada uno de estos ejercicios tendr\u00e1 un enunciado puntual y preciso, una herramienta (herramienta de software) concreta para desarrollarlo, un formato y un criterio de evaluaci\u00f3n. El objetivo ser\u00e1 la adquisici\u00f3n de habilidades. Los alumnos no solo elaborar\u00e1n un ejercicio sino tambi\u00e9n adjuntar\u00e1n el tutorial breve de c\u00f3mo lo han realizado.<\/p>\n<p>En las \u00faltimas jornadas los alumnos elaborar\u00e1n un \u00fanico producto. El objetivo ser\u00e1 la optimizaci\u00f3n de habilidades y\u00a0 recursos de cara a la elaboraci\u00f3n del dise\u00f1o y la comercializaci\u00f3n del producto.<\/p>\n<p>Tipos de actividades te\u00f3ricas y pr\u00e1cticas.<\/p>\n<p>Se adjunta una tabla con las tem\u00e1ticas a tratar en las clases mediante ejecicios pr\u00e1cticos, esta tem\u00e1tica podr\u00e1 variar conforme a la evoluci\u00f3n de los alumnos y los criterios de los profesores.<\/p>\n<table border=\"1\" cellspacing=\"0\" cellpadding=\"0\">\n<tbody>\n<tr>\n<td valign=\"top\" width=\"53\"><strong>Dia<\/strong><\/td>\n<td valign=\"top\" width=\"249\"><strong>Ejercicio<\/strong><\/td>\n<td valign=\"top\" width=\"151\"><strong>Herramienta<\/strong><\/td>\n<\/tr>\n<tr>\n<td valign=\"top\" width=\"53\"><strong>1<\/strong><\/td>\n<td valign=\"top\" width=\"249\">Image and mystique.<\/td>\n<td valign=\"top\" width=\"151\">Photoshop.<\/td>\n<\/tr>\n<tr>\n<td valign=\"top\" width=\"53\"><strong>2<\/strong><\/td>\n<td valign=\"top\" width=\"249\">El documento de idoneidad t\u00e9cnica.<\/td>\n<td valign=\"top\" width=\"151\">Dibujo 2d.<\/td>\n<\/tr>\n<tr>\n<td valign=\"top\" width=\"53\"><strong>3<\/strong><\/td>\n<td valign=\"top\" width=\"249\">El poder de la palabra<\/td>\n<td valign=\"top\" width=\"151\">Discurso.<\/td>\n<\/tr>\n<tr>\n<td valign=\"top\" width=\"53\"><strong>4<\/strong><\/td>\n<td valign=\"top\" width=\"249\">Prestigio<\/td>\n<td valign=\"top\" width=\"151\">Web.<\/td>\n<\/tr>\n<tr>\n<td valign=\"top\" width=\"53\"><strong>5<\/strong><\/td>\n<td valign=\"top\" width=\"249\">Targets<\/td>\n<td valign=\"top\" width=\"151\">Redes sociales.<\/td>\n<\/tr>\n<tr>\n<td valign=\"top\" width=\"53\"><strong>6<\/strong><\/td>\n<td valign=\"top\" width=\"249\">Posicionamiento.<\/td>\n<td valign=\"top\" width=\"151\">Blog<\/td>\n<\/tr>\n<tr>\n<td valign=\"top\" width=\"53\"><strong>7<\/strong><\/td>\n<td valign=\"top\" width=\"249\">V\u00e9ndeme una casa.<\/td>\n<td valign=\"top\" width=\"151\">Dibujo 3d.<\/td>\n<\/tr>\n<tr>\n<td valign=\"top\" width=\"53\"><strong>8<\/strong><\/td>\n<td valign=\"top\" width=\"249\">Competidores<\/td>\n<td valign=\"top\" width=\"151\"><\/td>\n<\/tr>\n<tr>\n<td valign=\"top\" width=\"53\"><strong>9<\/strong><\/td>\n<td valign=\"top\" width=\"249\">Hacer un celebrities propio<\/td>\n<td valign=\"top\" width=\"151\">Video<\/td>\n<\/tr>\n<tr>\n<td valign=\"top\" width=\"53\"><strong>10<\/strong><\/td>\n<td valign=\"top\" width=\"249\">\u2026<\/td>\n<td valign=\"top\" width=\"151\">Prototipo.<\/td>\n<\/tr>\n<tr>\n<td valign=\"top\" width=\"53\"><strong>11<\/strong><\/td>\n<td valign=\"top\" width=\"249\">Valor y precio.<\/td>\n<td valign=\"top\" width=\"151\">Presupuesto<\/td>\n<\/tr>\n<tr>\n<td valign=\"top\" width=\"53\"><strong>12<\/strong><\/td>\n<td valign=\"top\" width=\"249\">Ingl\u00e9s<\/td>\n<td valign=\"top\" width=\"151\">Cat\u00e1logo<\/td>\n<\/tr>\n<tr>\n<td valign=\"top\" width=\"53\"><strong>13<\/strong><\/td>\n<td valign=\"top\" width=\"249\">Que?<\/td>\n<td valign=\"top\" width=\"151\">Desarrollo del producto<\/td>\n<\/tr>\n<tr>\n<td valign=\"top\" width=\"53\"><strong>14<\/strong><\/td>\n<td valign=\"top\" width=\"249\">A qui\u00e9n?<\/td>\n<td valign=\"top\" width=\"151\">Desarrollo del producto<\/td>\n<\/tr>\n<tr>\n<td valign=\"top\" width=\"53\"><strong>15<\/strong><\/td>\n<td valign=\"top\" width=\"249\">Como?<\/td>\n<td valign=\"top\" width=\"151\">Desarrollo del producto<\/td>\n<\/tr>\n<tr>\n<td valign=\"top\" width=\"53\"><strong>16<\/strong><\/td>\n<td valign=\"top\" width=\"249\">Cuanto?<\/td>\n<td valign=\"top\" width=\"151\">Desarrollo del producto<\/td>\n<\/tr>\n<tr>\n<td valign=\"top\" width=\"53\"><strong>Final<\/strong><\/td>\n<td valign=\"top\" width=\"249\"><\/td>\n<td valign=\"top\" width=\"151\">Exposici\u00f3n<\/td>\n<\/tr>\n<\/tbody>\n<\/table>\n<p>Objetivos docentes de la asignatura.<\/p>\n<p>1)\u00a0\u00a0\u00a0\u00a0\u00a0\u00a0\u00a0\u00a0\u00a0\u00a0 Habilidades en el uso de herramientas de dise\u00f1o aplicadas a la elaboraci\u00f3n de ejercicios pr\u00e1cticos<\/p>\n<p>2)\u00a0\u00a0\u00a0\u00a0\u00a0\u00a0\u00a0\u00a0\u00a0\u00a0 Capacidad para establecer simulaciones de entornos que propicien la producci\u00f3n arquitect\u00f3nica.<\/p>\n<p>3)\u00a0\u00a0\u00a0\u00a0\u00a0\u00a0\u00a0\u00a0\u00a0\u00a0 Capacidad de s\u00edntesis de ideas en los formatos propuestos en los ejercicios<\/p>\n<p>4)\u00a0\u00a0\u00a0\u00a0\u00a0\u00a0\u00a0\u00a0\u00a0\u00a0 Compromiso con la participaci\u00f3n y el debate en el aula.<\/p>\n<p>5)\u00a0\u00a0\u00a0\u00a0\u00a0\u00a0\u00a0\u00a0\u00a0\u00a0 Grado de confianza obtenido en torno a la elaboraci\u00f3n y exposici\u00f3n de ejercicios pr\u00e1cticos.<\/p>\n<p>6)\u00a0\u00a0\u00a0\u00a0\u00a0\u00a0\u00a0\u00a0\u00a0 Capacidad cr\u00edtica.<\/p>\n<p>&nbsp;<\/p>\n<p><strong>Contenidos te\u00f3ricos y pr\u00e1cticos.<\/strong><\/p>\n<p>Todos los formatos que se presenten deber\u00e1n ser formatos procedentes del mundo del marketing. Tradicionalmente los arquitectos han trabajado formatos gr\u00e1ficos orientados a la presentaci\u00f3n de proyectos orientada a su construcci\u00f3n. Pensamos que estos formatos est\u00e1n obsoletos y que el futuro de los arquitectos pasa por formatos de comunicaci\u00f3n iguales a los que utiliza cualquier otro tipo de empresa.<\/p>\n<p>Los contenidos se orientar\u00e1n a dar forma a las herramientas y los procesos necesarios para lograr esta imagen arquitect\u00f3nica.<\/p>\n<p>Criterios de evaluaci\u00f3n.<\/p>\n<p>La evaluaci\u00f3n de la asignatura de Proyectos 0 es continua, coparticipada y progresiva. Para ello se tendr\u00e1n en cuenta:<\/p>\n<p>Este sistema se fundamenta en <strong>tres principios b\u00e1sicos<\/strong>:<\/p>\n<p>\u2022 La <strong>continuidad<\/strong>, que garantizar\u00eda una mayor objetividad sobre la evaluaci\u00f3n, puesto que la reiteraci\u00f3n de las evaluaciones permitir\u00eda contrastar los resultados durante todo el proceso formativo, <strong>disminuyendo notablemente el riesgo de equivocarse<\/strong> y, por otro lado, permitir\u00eda controlar la l\u00ednea de progreso del aprendizaje en las distintas competencias.<br \/>\n\u2022 La <strong>coparticipaci\u00f3n<\/strong>, que se fundamentar\u00eda en la implicaci\u00f3n de los propios alumnos para autoevaluarse con los mismos criterios con que eval\u00faa el docente. Esto <strong>conllevar\u00eda una toma de consciencia del alumno<\/strong> sobre su real nivel formativo que, entre otro, le permitir\u00eda asumir una plena responsabilidad para dirigir su propio aprendizaje.<br \/>\n\u2022 La <strong>progresividad<\/strong>, que se alimentar\u00eda de las calificaciones que se podr\u00edan aplicar sobre todas las actividades que destinadas para el aprendizaje y la evaluaci\u00f3n. La adquisici\u00f3n de habilidades por el alumno a lo largo del curso\u00a0 permitir\u00e1 que las calificaciones en las \u00faltimas fechas pesen m\u00e1s dentro de la nota final, ya que los alumnos habr\u00e1n <strong>aprendido de los errores<\/strong> detectados por el profesor en las entregas anteriores.<\/p>\n<p>La evaluaci\u00f3n se realizar\u00e1 enteramente sobre los trabajos presentados en los ejercicios semanales, los alumnos as\u00ed como el profesor evaluar\u00e1n los trabajos del resto de la clase.<\/p>\n<p>Se tendr\u00e1n en cuenta los siguientes criterios de calificaci\u00f3n:<\/p>\n<table border=\"0\" cellspacing=\"0\" cellpadding=\"0\">\n<tbody>\n<tr>\n<td valign=\"top\" width=\"225\">Parte de la evlauaci\u00f3n.<\/td>\n<td valign=\"top\" width=\"58\">Nota global<\/td>\n<\/tr>\n<tr>\n<td valign=\"top\" width=\"225\">Evaluaci\u00f3n coparticipada. Evaluaci\u00f3n realizada por los compa\u00f1eros.<\/td>\n<td valign=\"top\" width=\"58\">\n<p align=\"center\">25%<\/p>\n<\/td>\n<\/tr>\n<tr>\n<td valign=\"top\" width=\"225\">Evaluaci\u00f3n continua. Nota de cada uno de los ejercicios.<\/td>\n<td valign=\"top\" width=\"58\">\n<p align=\"center\">25%<\/p>\n<\/td>\n<\/tr>\n<tr>\n<td valign=\"top\" width=\"225\">Evaluaci\u00f3n progresiva. Los \u00faltimos ejercicio pesar\u00e1n progresivamente m\u00e1s en la nota.<\/td>\n<td valign=\"top\" width=\"58\">\n<p align=\"center\">25%<\/p>\n<\/td>\n<\/tr>\n<tr>\n<td valign=\"top\" width=\"225\">Las actitudes de los alumnos en la clase se evaluar\u00e1n.<\/td>\n<td valign=\"top\" width=\"58\">\n<p align=\"center\">25%<\/p>\n<\/td>\n<\/tr>\n<\/tbody>\n<\/table>\n<p>Para aprobar la evaluaci\u00f3n se debe obtener en todos los apartados un m\u00ednimo de 5 puntos.<br \/>\nAtendiendo a la naturaleza de los contenidos y a las actividades a realizar en su valoraci\u00f3n, se tendr\u00e1n en cuenta los siguientes aspectos, siempre evaluando los ejercicios desde el punto de vista del marketing y de la adquisici\u00f3n de habilidades de software.<\/p>\n<p>&nbsp;<\/p>\n<p>Ser\u00e1 fundamental:<\/p>\n<p>1)\u00a0\u00a0\u00a0\u00a0\u00a0\u00a0\u00a0\u00a0\u00a0\u00a0 La presencia en el aula y la participaci\u00f3n activa en las actividades propuestas.<\/p>\n<p>2)\u00a0\u00a0\u00a0\u00a0\u00a0\u00a0\u00a0\u00a0\u00a0\u00a0 La continuidad en el desarrollo de los ejercicios.<\/p>\n<p>3)\u00a0\u00a0\u00a0\u00a0\u00a0\u00a0\u00a0\u00a0\u00a0\u00a0 El cumplimiento de los objetivos propuestos<\/p>\n<p>&nbsp;<\/p>\n<p>La formalizaci\u00f3n de la evaluaci\u00f3n de los ejercicio de cara al cumplimiento de los objetivos ser\u00e1 la siguiente:<\/p>\n<p><strong>1)\u00a0\u00a0\u00a0\u00a0\u00a0\u00a0\u00a0\u00a0 <\/strong><strong>Evaluaci\u00f3n del marketing y comunicaci\u00f3n de los ejercicios.<\/strong><\/p>\n<p>Lo ideal es una combinaci\u00f3n de aspectos cuantitativos y cualitativos como los siguientes. Aspectos cuantitativos<\/p>\n<ul>\n<li>Recordabilidad. Verifica el \u00a0p\u00fablico objetivo del producto arquitect\u00f3nico recuerda el mensaje que transmite el ejercicio.<\/li>\n<li>Legibilidad, evalua si el ejercicio es es claro y el p\u00fablico objetivo lo entiende.- Identifica cualquier distorsi\u00f3n en el mensaje y qu\u00e9 parte est\u00e1 entendiendo el p\u00fablico.<\/li>\n<li>Comparaci\u00f3n. Evalua el mensaje\u00a0 del ejercicio frente a empresas que venden productos parecidos.?<\/li>\n<li>Idoneidad Objetivo-mensaje. Evaluar que el mensaje no se come al objetivo, es decir, que el si mensaje es muy bueno pero no permite recordar el producto no ser\u00e1 bien evaluado.<\/li>\n<\/ul>\n<p>Aspectos cualitativos<\/p>\n<ul>\n<li>Opini\u00f3n de la clase. \u00bfQu\u00e9 opina el resto de la clase del mensaje de tu ejercicio despu\u00e9s de exponerlo?<\/li>\n<li>Interactividad \u00bfC\u00f3mo interact\u00faa el cliente potencial con tu ejercicio?.<\/li>\n<li>Emociones y sentimientos hacia los ejercicios por parte de la personas.<\/li>\n<\/ul>\n<p>&nbsp;<\/p>\n<p>&nbsp;<\/p>\n<p><strong>2)\u00a0\u00a0\u00a0\u00a0\u00a0\u00a0\u00a0\u00a0\u00a0 <\/strong><strong>Evaluaci\u00f3n de las habilidades adquiridas de software<\/strong><\/p>\n<p>&nbsp;<\/p>\n<ul>\n<li>Habilidades gr\u00e1ficas.<\/li>\n<li>Correcci\u00f3n formal.<\/li>\n<li>Capacidad de an\u00e1lisis y s\u00edntesis.<\/li>\n<li>Capacidad de definici\u00f3n.<\/li>\n<li>Capacidad cr\u00edtica.<\/li>\n<li>Presentaci\u00f3n de trabajos y ejercicios en tiempo y forma.<\/li>\n<\/ul>\n<p>&nbsp;<\/p>\n<p>&nbsp;<\/p>\n<p>&nbsp;<\/p>\n","protected":false},"excerpt":{"rendered":"<p>BLOG Profesores Honor\u00edficos: Jordi Serram\u00eda +\u00a0Hugo Riquelme El objetivo del curso es la introducci\u00f3n del alumno al dise\u00f1o arquitect\u00f3nico\u00a0 desde el punto de vista del marketing y la construcci\u00f3n de un producto. Teniendo en cuenta que el trato se va a producir con personas con una breve experiencia en la arquitectura queremos enfocar el inicio [&hellip;]<\/p>\n","protected":false},"author":503,"featured_media":0,"parent":4286,"menu_order":0,"comment_status":"open","ping_status":"open","template":"","meta":{"footnotes":""},"class_list":["post-3811","page","type-page","status-publish","hentry"],"_links":{"self":[{"href":"https:\/\/blogs.ua.es\/proyectosarquitectonicos\/wp-json\/wp\/v2\/pages\/3811","targetHints":{"allow":["GET"]}}],"collection":[{"href":"https:\/\/blogs.ua.es\/proyectosarquitectonicos\/wp-json\/wp\/v2\/pages"}],"about":[{"href":"https:\/\/blogs.ua.es\/proyectosarquitectonicos\/wp-json\/wp\/v2\/types\/page"}],"author":[{"embeddable":true,"href":"https:\/\/blogs.ua.es\/proyectosarquitectonicos\/wp-json\/wp\/v2\/users\/503"}],"replies":[{"embeddable":true,"href":"https:\/\/blogs.ua.es\/proyectosarquitectonicos\/wp-json\/wp\/v2\/comments?post=3811"}],"version-history":[{"count":6,"href":"https:\/\/blogs.ua.es\/proyectosarquitectonicos\/wp-json\/wp\/v2\/pages\/3811\/revisions"}],"predecessor-version":[{"id":4295,"href":"https:\/\/blogs.ua.es\/proyectosarquitectonicos\/wp-json\/wp\/v2\/pages\/3811\/revisions\/4295"}],"up":[{"embeddable":true,"href":"https:\/\/blogs.ua.es\/proyectosarquitectonicos\/wp-json\/wp\/v2\/pages\/4286"}],"wp:attachment":[{"href":"https:\/\/blogs.ua.es\/proyectosarquitectonicos\/wp-json\/wp\/v2\/media?parent=3811"}],"curies":[{"name":"wp","href":"https:\/\/api.w.org\/{rel}","templated":true}]}}