{"id":4053,"date":"2013-06-06T23:31:15","date_gmt":"2013-06-06T21:31:15","guid":{"rendered":"https:\/\/blogs.ua.es\/proyectosarquitectonicos\/?page_id=4053"},"modified":"2013-07-17T02:57:56","modified_gmt":"2013-07-17T00:57:56","slug":"rosana-perez-cristina-ramos-procesos","status":"publish","type":"page","link":"https:\/\/blogs.ua.es\/proyectosarquitectonicos\/cursos-precedentes-2\/curso-20112012\/rosana-perez-cristina-ramos-procesos\/","title":{"rendered":"Rosana P\u00e9rez + Cristina Ramos: Procesos"},"content":{"rendered":"<p>De la concepci\u00f3n de la idea a su materializaci\u00f3n: El curso se plantea sobre dos bases, proceso de aprendizaje y metodolog\u00eda de trabajo. Se busca que los alumnos tomen conciencia de su propio proceso de trabajo y que lo hagan p\u00fablico. Se les pide que construyan un soporte de registro que los acompa\u00f1ar\u00e1 todo el curso, que ir\u00e1n evolucionando semanalmente volcando en \u00e9l todos los datos que han manejado en el transcurso de cada experimento. Arquitecto=Actor \/ Arquitectura=Acontecimiento<\/p>\n","protected":false},"excerpt":{"rendered":"<p>De la concepci\u00f3n de la idea a su materializaci\u00f3n: El curso se plantea sobre dos bases, proceso de aprendizaje y metodolog\u00eda de trabajo. Se busca que los alumnos tomen conciencia de su propio proceso de trabajo y que lo hagan p\u00fablico. Se les pide que construyan un soporte de registro que los acompa\u00f1ar\u00e1 todo el [&hellip;]<\/p>\n","protected":false},"author":503,"featured_media":0,"parent":4033,"menu_order":0,"comment_status":"open","ping_status":"open","template":"","meta":{"footnotes":""},"class_list":["post-4053","page","type-page","status-publish","hentry"],"_links":{"self":[{"href":"https:\/\/blogs.ua.es\/proyectosarquitectonicos\/wp-json\/wp\/v2\/pages\/4053","targetHints":{"allow":["GET"]}}],"collection":[{"href":"https:\/\/blogs.ua.es\/proyectosarquitectonicos\/wp-json\/wp\/v2\/pages"}],"about":[{"href":"https:\/\/blogs.ua.es\/proyectosarquitectonicos\/wp-json\/wp\/v2\/types\/page"}],"author":[{"embeddable":true,"href":"https:\/\/blogs.ua.es\/proyectosarquitectonicos\/wp-json\/wp\/v2\/users\/503"}],"replies":[{"embeddable":true,"href":"https:\/\/blogs.ua.es\/proyectosarquitectonicos\/wp-json\/wp\/v2\/comments?post=4053"}],"version-history":[{"count":2,"href":"https:\/\/blogs.ua.es\/proyectosarquitectonicos\/wp-json\/wp\/v2\/pages\/4053\/revisions"}],"predecessor-version":[{"id":4263,"href":"https:\/\/blogs.ua.es\/proyectosarquitectonicos\/wp-json\/wp\/v2\/pages\/4053\/revisions\/4263"}],"up":[{"embeddable":true,"href":"https:\/\/blogs.ua.es\/proyectosarquitectonicos\/wp-json\/wp\/v2\/pages\/4033"}],"wp:attachment":[{"href":"https:\/\/blogs.ua.es\/proyectosarquitectonicos\/wp-json\/wp\/v2\/media?parent=4053"}],"curies":[{"name":"wp","href":"https:\/\/api.w.org\/{rel}","templated":true}]}}