{"id":4091,"date":"2013-06-08T12:37:17","date_gmt":"2013-06-08T10:37:17","guid":{"rendered":"https:\/\/blogs.ua.es\/proyectosarquitectonicos\/?page_id=4091"},"modified":"2013-07-17T11:32:36","modified_gmt":"2013-07-17T09:32:36","slug":"the-house-is-a-museum","status":"publish","type":"page","link":"https:\/\/blogs.ua.es\/proyectosarquitectonicos\/cursos-precedentes-2\/curso-2012-2013\/the-house-is-a-museum\/","title":{"rendered":"THE HOUSE IS A MUSEUM"},"content":{"rendered":"<p><strong>TRES APROXIMACIONES: LA CASA ES UN MUSEO<\/strong><\/p>\n<div>\n<p>1<\/p>\n<p>El proyecto\u00a0<strong>La casa es un museo<\/strong>\u00a0nace de mi participaci\u00f3n en el Concurso para la construcci\u00f3n de Yenikapy, Estambul,\u00a0 en Septiembre de 2011. El origen del concurso era la construcci\u00f3n de un centro de arqueol\u00f3gico vinculado ala riqueza de los restos encontrados. Simult\u00e1neamente el concurso propon\u00eda la construcci\u00f3n de un gran centro de comunicaciones para absorber el inmenso trafico de personas que se daban cita en ese punto de la ciudad.<\/p>\n<p>La posibilidad de contrarrestar el avasallamiento de la zona por parte de una arquitectura llena de\u00a0<em>grandeur\u00a0<\/em>y omnipresencia\u00a0 fue lo que propici\u00f3 buscar un mecanismo muy preciso que permitiera una\u00a0 identificaci\u00f3n entre las distintas entidades p\u00fablicas existentes (comunidades, agrupaciones vecinales, personas\u2026) con el resultado\u00a0 final\u00a0 del proyecto, y por lo tanto pudieran hacerlo suyo como algo m\u00e1s que impuesto compartido. La casa, las distintas representaciones e imaginarios que la casa construye, permit\u00eda establecer un puente en el que lo dom\u00e9stico adquiriera condici\u00f3n institucional, y las distintas maneras de manifestarse de la cotidianidad contempor\u00e1nea fueran la base para la producci\u00f3n de un conocimiento\u00a0\u00a0 muse\u00edstico en el que la idea del tiempo\u00a0 fuera abordada sin soluci\u00f3n de continuidad. Hoy es ma\u00f1ana. En este caso no era el arquitecto quien pronunciaba la frase o constru\u00eda \u00a0un recorrido expositivo, sino una voz anclada en la colectividad.<\/p>\n<p>Con estos argumentos se elabor\u00f3 un dossier recogido en este documento\u00a0<a href=\"http:\/\/www.torresnadal.com\/pub\/NADAL-DESIGNAPPROACH.pdf\">http:\/\/www.torresnadal.com\/pub\/NADAL-DESIGNAPPROACH.pdf<\/a><\/p>\n<p>2<\/p>\n<p>Una variaci\u00f3n de este proyecto fue presentada como propuesta en el Concurso para la protecci\u00f3n de las Ruinas \u00e1rabes en San Esteban (Murcia). De nuevo la dimensi\u00f3n pol\u00edtica actuaba\u00a0 construyendo entidades de orden\u00a0<em>menor\u00a0<\/em>que buscaban celebrar de m\u00faltiples\u00a0<strong><em>maneras comunes\u00a0<\/em>\u00a0<\/strong>distintos estatus<strong>\u00a0<\/strong>\u00a0de la cotidianidad de lo domestico tanto acerca del pasado, como acerca del futuro<\/p>\n<p>Lo que se constru\u00eda sobre las ruinas de las casas encontradas en\u00a0 el\u00a0 subsuelo de Murcia eran representaciones minoradas de formas virtuales y simb\u00f3licas del\u00a0<em>espacio casa<\/em>. Ese amontonamiento de objetos-casa, los contempor\u00e1neos sobre los antiguos, los reales sobre los simb\u00f3licos, operaban en un misma direcci\u00f3n: la que descontextualizaba el objeto museo y el objeto casa\u00a0 hasta convertir el apilamiento en una autentica conciencia a la vez real\u00a0 y a la vez desmitificada y anti-simb\u00f3lica \u00a0\u00a0del tiempo.<strong><\/strong><\/p>\n<p>3<\/p>\n<p>La tercera versi\u00f3n es la\u00a0<strong>Aproximaci\u00f3n de Copenhague<\/strong>\u00a0.Propuesta para un curso semestral en la\u00a0<a href=\"http:\/\/www.google.es\/url?sa=t&amp;rct=j&amp;q=&amp;esrc=s&amp;source=web&amp;cd=1&amp;cad=rja&amp;ved=0CCUQFjAA&amp;url=http%3A%2F%2Fwww.karch.dk%2Fuk&amp;ei=-sFgUJ3jL-yO4gTMn4HoBA&amp;usg=AFQjCNE8CUsXIkfZaRW2Smggda2ujuWHlQ\">The\u00a0Royal Danish\u00a0Academy of Fine Arts,\u00a0Schools\u00a0of\u00a0Architecture\u00a0<\/a>de Copenhaguen<\/p>\n<p><strong>Un semestre desarrollado en base a la propuesta contenida\u00a0 en este documento\u00a0<\/strong><a href=\"http:\/\/issuu.com\/arquitecturastorresnadal\/docs\/houseisamuseum\" target=\"_blank\">http:\/\/issuu.com\/arquitecturastorresnadal\/docs\/houseisamuseum<\/a>La propuesta inicial busca ampliarse en un contexto y con unos actores\/activistas \u00a0distintos. Al llevar la propuesta a un \u00e1mbito universitario se intenta introducir en las decisiones ejecutadas hasta el momento, la que tiene que ver con el espacio narrativo universitario y su siempre controvertida discusi\u00f3n acerca de la urgencia y la oportunidad. Es un trabajo que avanza siempre\u00a0 por la extrema\u00a0 generosidad de los alumnos . Por su capacidad para ser alumno\/actor,\u00a0 alumno\/laboratorio. En este sentido \u00a0<em>\u00a0La casa es un Museo<\/em>\u00a0formar\u00eda parte de lo que en Alicante he llamado SISTEMAS DE PRACTICAS como acci\u00f3n docente liviana frente ala formaulacion de programas estables<\/p>\n<p>CopenHaguen 27 SEP 2012<\/p>\n<\/div>\n","protected":false},"excerpt":{"rendered":"<p>TRES APROXIMACIONES: LA CASA ES UN MUSEO 1 El proyecto\u00a0La casa es un museo\u00a0nace de mi participaci\u00f3n en el Concurso para la construcci\u00f3n de Yenikapy, Estambul,\u00a0 en Septiembre de 2011. El origen del concurso era la construcci\u00f3n de un centro de arqueol\u00f3gico vinculado ala riqueza de los restos encontrados. Simult\u00e1neamente el concurso propon\u00eda la construcci\u00f3n [&hellip;]<\/p>\n","protected":false},"author":503,"featured_media":0,"parent":4286,"menu_order":0,"comment_status":"open","ping_status":"open","template":"","meta":{"footnotes":""},"class_list":["post-4091","page","type-page","status-publish","hentry"],"_links":{"self":[{"href":"https:\/\/blogs.ua.es\/proyectosarquitectonicos\/wp-json\/wp\/v2\/pages\/4091","targetHints":{"allow":["GET"]}}],"collection":[{"href":"https:\/\/blogs.ua.es\/proyectosarquitectonicos\/wp-json\/wp\/v2\/pages"}],"about":[{"href":"https:\/\/blogs.ua.es\/proyectosarquitectonicos\/wp-json\/wp\/v2\/types\/page"}],"author":[{"embeddable":true,"href":"https:\/\/blogs.ua.es\/proyectosarquitectonicos\/wp-json\/wp\/v2\/users\/503"}],"replies":[{"embeddable":true,"href":"https:\/\/blogs.ua.es\/proyectosarquitectonicos\/wp-json\/wp\/v2\/comments?post=4091"}],"version-history":[{"count":6,"href":"https:\/\/blogs.ua.es\/proyectosarquitectonicos\/wp-json\/wp\/v2\/pages\/4091\/revisions"}],"predecessor-version":[{"id":4308,"href":"https:\/\/blogs.ua.es\/proyectosarquitectonicos\/wp-json\/wp\/v2\/pages\/4091\/revisions\/4308"}],"up":[{"embeddable":true,"href":"https:\/\/blogs.ua.es\/proyectosarquitectonicos\/wp-json\/wp\/v2\/pages\/4286"}],"wp:attachment":[{"href":"https:\/\/blogs.ua.es\/proyectosarquitectonicos\/wp-json\/wp\/v2\/media?parent=4091"}],"curies":[{"name":"wp","href":"https:\/\/api.w.org\/{rel}","templated":true}]}}