{"id":4343,"date":"2013-07-17T18:22:25","date_gmt":"2013-07-17T16:22:25","guid":{"rendered":"https:\/\/blogs.ua.es\/proyectosarquitectonicos\/?page_id=4343"},"modified":"2013-07-25T21:58:13","modified_gmt":"2013-07-25T19:58:13","slug":"francisco-leiva","status":"publish","type":"page","link":"https:\/\/blogs.ua.es\/proyectosarquitectonicos\/cursos-precedentes-2\/curso-2013-2014-2\/proyectos-iv-y-v-grado\/francisco-leiva\/","title":{"rendered":"G3 Francisco Leiva"},"content":{"rendered":"<p><b>Construcci\u00f3n de Leyendas<\/b><\/p>\n<p>Profesor: Francisco Leiva<\/p>\n<p><a href=\"https:\/\/blogs.ua.es\/proyectosarquitectonicos\/files\/2013\/07\/mar_mostro_poster_0.jpg\"><img loading=\"lazy\" decoding=\"async\" class=\"aligncenter size-full wp-image-4442\" alt=\"mar_mostro_poster_0\" src=\"https:\/\/blogs.ua.es\/proyectosarquitectonicos\/files\/2013\/07\/mar_mostro_poster_0.jpg\" width=\"550\" height=\"275\" srcset=\"https:\/\/blogs.ua.es\/proyectosarquitectonicos\/files\/2013\/07\/mar_mostro_poster_0.jpg 550w, https:\/\/blogs.ua.es\/proyectosarquitectonicos\/files\/2013\/07\/mar_mostro_poster_0-300x150.jpg 300w, https:\/\/blogs.ua.es\/proyectosarquitectonicos\/files\/2013\/07\/mar_mostro_poster_0-150x75.jpg 150w, https:\/\/blogs.ua.es\/proyectosarquitectonicos\/files\/2013\/07\/mar_mostro_poster_0-400x200.jpg 400w\" sizes=\"auto, (max-width: 550px) 100vw, 550px\" \/><\/a><\/p>\n<p>Proponemos una relectura intencionada de lugares pr\u00f3ximos que nos ayude a fabricar nuevos y apasionantes escenarios de trabajo.<\/p>\n<p>Durante el primer cuatrimestre se trabajar\u00e1 en grupo. Cada grupo se centrar\u00e1 en un entorno geogr\u00e1fico. Los distintos grupos entrelazar\u00e1n sus trabajos. El curso se cerrar\u00e1 con una entrega conjunta que proponga una <b>Cartograf\u00eda Subjetiva de la Geograf\u00eda Alicantina<\/b>.<\/p>\n<p>Durante el segundo cuatrimestre cada alumno individualmente desarrollar\u00e1 un proyecto espec\u00edfico basado en las singularidades encontradas.<\/p>\n<p>Se dise\u00f1ar\u00e1n nuevas rutas que activen territorios olvidados.<\/p>\n<p>El curso pretende conseguir que los frutos del hallazgo se conviertan en el principal argumento proyectual.<\/p>\n<p>Todo lugar guarda tantos misterios como seamos capaces de imaginar.<\/p>\n<p>Este puede ser el germen de una <b>Nueva Subjetividad<\/b>, una cuidadosa relectura de lo hiper-local\u2026 un nuevo realismo m\u00e1gico, que revisa las leyendas de nuestro castigado Mediterr\u00e1neo.<\/p>\n<p>&nbsp;<\/p>\n<p>&nbsp;<\/p>\n","protected":false},"excerpt":{"rendered":"<p>Construcci\u00f3n de Leyendas Profesor: Francisco Leiva Proponemos una relectura intencionada de lugares pr\u00f3ximos que nos ayude a fabricar nuevos y apasionantes escenarios de trabajo. Durante el primer cuatrimestre se trabajar\u00e1 en grupo. Cada grupo se centrar\u00e1 en un entorno geogr\u00e1fico. Los distintos grupos entrelazar\u00e1n sus trabajos. El curso se cerrar\u00e1 con una entrega conjunta que [&hellip;]<\/p>\n","protected":false},"author":503,"featured_media":0,"parent":3735,"menu_order":0,"comment_status":"open","ping_status":"open","template":"","meta":{"footnotes":""},"class_list":["post-4343","page","type-page","status-publish","hentry"],"_links":{"self":[{"href":"https:\/\/blogs.ua.es\/proyectosarquitectonicos\/wp-json\/wp\/v2\/pages\/4343","targetHints":{"allow":["GET"]}}],"collection":[{"href":"https:\/\/blogs.ua.es\/proyectosarquitectonicos\/wp-json\/wp\/v2\/pages"}],"about":[{"href":"https:\/\/blogs.ua.es\/proyectosarquitectonicos\/wp-json\/wp\/v2\/types\/page"}],"author":[{"embeddable":true,"href":"https:\/\/blogs.ua.es\/proyectosarquitectonicos\/wp-json\/wp\/v2\/users\/503"}],"replies":[{"embeddable":true,"href":"https:\/\/blogs.ua.es\/proyectosarquitectonicos\/wp-json\/wp\/v2\/comments?post=4343"}],"version-history":[{"count":4,"href":"https:\/\/blogs.ua.es\/proyectosarquitectonicos\/wp-json\/wp\/v2\/pages\/4343\/revisions"}],"predecessor-version":[{"id":4443,"href":"https:\/\/blogs.ua.es\/proyectosarquitectonicos\/wp-json\/wp\/v2\/pages\/4343\/revisions\/4443"}],"up":[{"embeddable":true,"href":"https:\/\/blogs.ua.es\/proyectosarquitectonicos\/wp-json\/wp\/v2\/pages\/3735"}],"wp:attachment":[{"href":"https:\/\/blogs.ua.es\/proyectosarquitectonicos\/wp-json\/wp\/v2\/media?parent=4343"}],"curies":[{"name":"wp","href":"https:\/\/api.w.org\/{rel}","templated":true}]}}