{"id":4345,"date":"2013-07-17T18:22:50","date_gmt":"2013-07-17T16:22:50","guid":{"rendered":"https:\/\/blogs.ua.es\/proyectosarquitectonicos\/?page_id=4345"},"modified":"2013-09-16T19:24:51","modified_gmt":"2013-09-16T17:24:51","slug":"uriel-fogue-enrique-nieto","status":"publish","type":"page","link":"https:\/\/blogs.ua.es\/proyectosarquitectonicos\/cursos-precedentes-2\/curso-2013-2014-2\/proyectos-6-y-7\/uriel-fogue-enrique-nieto\/","title":{"rendered":"G1 Uriel Fogu\u00e9 + Enrique Nieto"},"content":{"rendered":"<p style=\"text-align: left\" align=\"right\"><b>ECOTERATOLOG\u00cdA II: Prodigios arquitect\u00f3nicos para un arte de vivir ecosist\u00e9mico<\/b><\/p>\n<p>Profesores: Uriel Fogu\u00e9 y Enrique Nieto<\/p>\n<p><a href=\"https:\/\/blogs.ua.es\/proyectosarquitectonicos\/files\/2013\/07\/imagen-web.jpg\"><img loading=\"lazy\" decoding=\"async\" class=\"aligncenter size-full wp-image-4416\" alt=\"imagen web\" src=\"https:\/\/blogs.ua.es\/proyectosarquitectonicos\/files\/2013\/07\/imagen-web.jpg\" width=\"550\" height=\"368\" srcset=\"https:\/\/blogs.ua.es\/proyectosarquitectonicos\/files\/2013\/07\/imagen-web.jpg 550w, https:\/\/blogs.ua.es\/proyectosarquitectonicos\/files\/2013\/07\/imagen-web-300x200.jpg 300w, https:\/\/blogs.ua.es\/proyectosarquitectonicos\/files\/2013\/07\/imagen-web-150x100.jpg 150w, https:\/\/blogs.ua.es\/proyectosarquitectonicos\/files\/2013\/07\/imagen-web-400x267.jpg 400w\" sizes=\"auto, (max-width: 550px) 100vw, 550px\" \/><\/a><\/p>\n<p>Este Taller propone una versi\u00f3n reformulada a partir de las experiencias obtenidas durante el curso 2012-13, distribuidas ahora en torno a las asignaturas de Proyectos Arquitect\u00f3nicos 6 y Proyectos Arquitect\u00f3nicos 7.<\/p>\n<p>Ambas asignaturas explorar\u00e1n los impactos espaciales, program\u00e1ticos, funcionales, simb\u00f3licos, est\u00e9ticos y sociales, que conllevan para la arquitectura una nueva cultura de la sostenibilidad. Temas como la integraci\u00f3n de nuevas tecnolog\u00edas, el despliegue de estrategias que minimicen el impacto en el entorno, la configuraci\u00f3n de los espacios de acuerdo a presupuestos de cuidado del medio, las econom\u00edas de lo ecosist\u00e9mico, los imaginarios de la ecolog\u00eda, la puesta en crisis de los presupuestos antropoc\u00e9ntricos o los nuevos rituales sociales derivados de un arte de vivir ecoc\u00e9ntrico, constituyen algunos de los retos contempor\u00e1neos a los que se enfrenta la arquitectura de nuestro tiempo, y que durante este curso ser\u00e1n ensayados y laboratorizados en el aula.<\/p>\n<p>Proyectos arquitect\u00f3nicos 6 (PA6): Prodigios tecnol\u00f3gicos. En este curso se estudiar\u00e1 la dimensi\u00f3n tecnol\u00f3gica de la sostenibilidad, mediante el desarrollo de unos prototipos arquitect\u00f3nicos sobre los que se evaluar\u00e1 el impacto que las nuevas tecnolog\u00edas de producci\u00f3n de energ\u00eda conllevan sobre los entornos arquitect\u00f3nicos y sus ritos de uso del espacio.<\/p>\n<p>Proyectos arquitect\u00f3nicos 7 (PA7) Prodigios ret\u00f3ricos. En este curso se explorar\u00e1n las dimensiones de la praxis de la sostenibilidad. Por una parte, mediante el ensayo de los procesos de negociaci\u00f3n, se entrenar\u00e1n las destrezas ret\u00f3ricas que permitir\u00e1n tomar parte en las diferentes controversias contempor\u00e1neas. Por otra, se explorar\u00e1 una \u00faltima dimensi\u00f3n fundamental de la sostenibilidad, sin la que no pueden darse las otras dos: la dimensi\u00f3n ficcional. El dise\u00f1o de ficciones operativas constitutivas de la realidad permitir\u00e1 ensayar el potencial del dise\u00f1o arquitect\u00f3nico a partir de su inscripci\u00f3n en la arquitectura de los imaginarios compartidos.<\/p>\n<p><b>\u00a0<\/b><\/p>\n<p>&nbsp;<\/p>\n","protected":false},"excerpt":{"rendered":"<p>ECOTERATOLOG\u00cdA II: Prodigios arquitect\u00f3nicos para un arte de vivir ecosist\u00e9mico Profesores: Uriel Fogu\u00e9 y Enrique Nieto Este Taller propone una versi\u00f3n reformulada a partir de las experiencias obtenidas durante el curso 2012-13, distribuidas ahora en torno a las asignaturas de Proyectos Arquitect\u00f3nicos 6 y Proyectos Arquitect\u00f3nicos 7. Ambas asignaturas explorar\u00e1n los impactos espaciales, program\u00e1ticos, funcionales, [&hellip;]<\/p>\n","protected":false},"author":503,"featured_media":0,"parent":4319,"menu_order":0,"comment_status":"open","ping_status":"open","template":"","meta":{"footnotes":""},"class_list":["post-4345","page","type-page","status-publish","hentry"],"_links":{"self":[{"href":"https:\/\/blogs.ua.es\/proyectosarquitectonicos\/wp-json\/wp\/v2\/pages\/4345","targetHints":{"allow":["GET"]}}],"collection":[{"href":"https:\/\/blogs.ua.es\/proyectosarquitectonicos\/wp-json\/wp\/v2\/pages"}],"about":[{"href":"https:\/\/blogs.ua.es\/proyectosarquitectonicos\/wp-json\/wp\/v2\/types\/page"}],"author":[{"embeddable":true,"href":"https:\/\/blogs.ua.es\/proyectosarquitectonicos\/wp-json\/wp\/v2\/users\/503"}],"replies":[{"embeddable":true,"href":"https:\/\/blogs.ua.es\/proyectosarquitectonicos\/wp-json\/wp\/v2\/comments?post=4345"}],"version-history":[{"count":6,"href":"https:\/\/blogs.ua.es\/proyectosarquitectonicos\/wp-json\/wp\/v2\/pages\/4345\/revisions"}],"predecessor-version":[{"id":4501,"href":"https:\/\/blogs.ua.es\/proyectosarquitectonicos\/wp-json\/wp\/v2\/pages\/4345\/revisions\/4501"}],"up":[{"embeddable":true,"href":"https:\/\/blogs.ua.es\/proyectosarquitectonicos\/wp-json\/wp\/v2\/pages\/4319"}],"wp:attachment":[{"href":"https:\/\/blogs.ua.es\/proyectosarquitectonicos\/wp-json\/wp\/v2\/media?parent=4345"}],"curies":[{"name":"wp","href":"https:\/\/api.w.org\/{rel}","templated":true}]}}