{"id":4948,"date":"2014-09-08T18:54:03","date_gmt":"2014-09-08T16:54:03","guid":{"rendered":"https:\/\/blogs.ua.es\/proyectosarquitectonicos\/?page_id=4948"},"modified":"2014-10-02T10:47:59","modified_gmt":"2014-10-02T08:47:59","slug":"g1-enrique-nieto","status":"publish","type":"page","link":"https:\/\/blogs.ua.es\/proyectosarquitectonicos\/curso-2014-2015\/proyectos-8-y-9\/g1-enrique-nieto\/","title":{"rendered":"G1 Enrique Nieto"},"content":{"rendered":"<p><strong>P08\u00a0MATERIALISMO[S]<\/strong><\/p>\n<p><strong>ecosistemas, playas y ensamblajes<\/strong><\/p>\n<p><span style=\"font-size: 13px\">\u00a0<\/span><\/p>\n<p>Durante la \u00faltima d\u00e9cada del siglo pasado, la sostenibilidad se configur\u00f3 como un horizonte com\u00fan de discusi\u00f3n, aquello que pod\u00eda permitir a un arquitecto \u201chablar\u201d con un polit\u00f3logo, con una ingeniera o con un campesino. M\u00e1s adelante, y mientras este debate continuaba, las distintas disciplina fueron \u201cdise\u00f1ando\u201d herramientas espec\u00edficas con las que incorporar los nuevos mandatos de un mundo m\u00e1s sostenible.<\/p>\n<p>Aparece as\u00ed la perspectiva ecosist\u00e9mica para designar un cierto desplazamiento en el foco a partir del cual describir los asuntos que nos ocupan. Desde este enfoque, el ser humano no ser\u00eda ya el centro ni ocupar\u00eda el v\u00e9rtice de una pir\u00e1mide en la que las jerarqu\u00edas aparecen prefijadas de antemano, sino que el mundo se nos aparece como una gran familia de agentes heterog\u00e9neos interrelacionados donde cualquier hegemon\u00eda es tomada como contingente y por tanto fruto de unos pactos temporales. Desde esta \u00f3ptica las relaciones o v\u00ednculos adquieren m\u00e1s relevancia que\u00a0 las esencias, y la operatividad de los mismos asumen la carga de la prueba, desplazando otro tipo de razones esencialistas.<\/p>\n<p>Para conseguir convocar a una mayor y m\u00e1s diversa cantidad de agentes, empiezan a aparecer con cierta profusi\u00f3n trabajos que reclaman una atenci\u00f3n m\u00e1s atenta a las propiedades emergentes de la materia, a la vez que asignan a su capacidad de agencia una voz propia y peculiar en los debates. Esta nueva atenci\u00f3n a la materia ser\u00e1 el objeto fundamental de trabajo en este curso de proyectos, asumiendo su radical diversidad, de ah\u00ed que nombre asigne una cieta propiedad diferencial al plural: Materialismo[s]. Estas transformaciones en los modos de conocer y pensar, consituyen la informaci\u00f3n b\u00e1sica para actualizar nuestros instrumentales proyectuales.<\/p>\n<p>Este curso propondr\u00e1, por tanto, explorar desde distintos \u00e1ngulos la vitalidad de la materia, as\u00ed como su capacidad para \u201chacernos hacer\u201d a los humanos. Desde nuestros instrumentales gr\u00e1ficos, nuestros formatos de comunicaci\u00f3n o nuestros materiales de construcci\u00f3n, estamos permanentemente en contacto con una materia que impone unos criterios propios de negociaci\u00f3n y convivencia. Este ser\u00e1 nuestro contexto propio.<\/p>\n<p>Desde este marco te\u00f3rico de trabajo, el curso quiere vincularse de manera concreta al turismo como fen\u00f3meno pr\u00f3ximo que aparece en el sudeste espa\u00f1ol fuertemente caracterizado, generando din\u00e1micas propias de transformaci\u00f3n del territorio, de la ciudad y de la arquitectura. El curso utilizar\u00e1 una cierta condici\u00f3n de monocultivo que la playa u otros fragmentos de territorio que han sido monopolizados por actividades o reg\u00edmenes simb\u00f3licos derivados de din\u00e1micas muy potentes pero tambi\u00e9n fr\u00e1giles. Las playas, por ejemplo, escenifican bien ese r\u00e9gimen de utilizaci\u00f3n y percepci\u00f3n segregado, como porci\u00f3n de la realidad dedicada en exclusividad al ba\u00f1o de ocio, negando para optimizar su eficacia su car\u00e1cter h\u00edbrido y relacional, o sus virtualidades en otros \u00e1mbitos.<\/p>\n<p>Las propuestas proyectuales reflexionar\u00e1n sobre los resultados de unas hipot\u00e9ticas intensificaciones de la capacidad relacional de las playas, resorts, o cualquier otro monocultivo de la provincia de Alicante. Para ello, concentrar\u00e1 sus esfuerzos en poner atenci\u00f3n a las condiciones materiales de los contextos en los que opera, y de los instrumentales con los que moviliza e incorpora la mayor cantidad posible de agentes.<\/p>\n<p>Los resultados pretenden establecer \u00e1mbitos de disenso dentro del aula desde los cuales reflexionar sobre como las distintas subjetividades que habitan el curso se han redefinido al final de la carrera en clave p\u00fablica a trav\u00e9s de unas herramientas proyectuales compartidas.<\/p>\n","protected":false},"excerpt":{"rendered":"<p>P08\u00a0MATERIALISMO[S] ecosistemas, playas y ensamblajes \u00a0 Durante la \u00faltima d\u00e9cada del siglo pasado, la sostenibilidad se configur\u00f3 como un horizonte com\u00fan de discusi\u00f3n, aquello que pod\u00eda permitir a un arquitecto \u201chablar\u201d con un polit\u00f3logo, con una ingeniera o con un campesino. M\u00e1s adelante, y mientras este debate continuaba, las distintas disciplina fueron \u201cdise\u00f1ando\u201d herramientas espec\u00edficas [&hellip;]<\/p>\n","protected":false},"author":503,"featured_media":0,"parent":4890,"menu_order":0,"comment_status":"open","ping_status":"open","template":"","meta":{"footnotes":""},"class_list":["post-4948","page","type-page","status-publish","hentry"],"_links":{"self":[{"href":"https:\/\/blogs.ua.es\/proyectosarquitectonicos\/wp-json\/wp\/v2\/pages\/4948","targetHints":{"allow":["GET"]}}],"collection":[{"href":"https:\/\/blogs.ua.es\/proyectosarquitectonicos\/wp-json\/wp\/v2\/pages"}],"about":[{"href":"https:\/\/blogs.ua.es\/proyectosarquitectonicos\/wp-json\/wp\/v2\/types\/page"}],"author":[{"embeddable":true,"href":"https:\/\/blogs.ua.es\/proyectosarquitectonicos\/wp-json\/wp\/v2\/users\/503"}],"replies":[{"embeddable":true,"href":"https:\/\/blogs.ua.es\/proyectosarquitectonicos\/wp-json\/wp\/v2\/comments?post=4948"}],"version-history":[{"count":4,"href":"https:\/\/blogs.ua.es\/proyectosarquitectonicos\/wp-json\/wp\/v2\/pages\/4948\/revisions"}],"predecessor-version":[{"id":5060,"href":"https:\/\/blogs.ua.es\/proyectosarquitectonicos\/wp-json\/wp\/v2\/pages\/4948\/revisions\/5060"}],"up":[{"embeddable":true,"href":"https:\/\/blogs.ua.es\/proyectosarquitectonicos\/wp-json\/wp\/v2\/pages\/4890"}],"wp:attachment":[{"href":"https:\/\/blogs.ua.es\/proyectosarquitectonicos\/wp-json\/wp\/v2\/media?parent=4948"}],"curies":[{"name":"wp","href":"https:\/\/api.w.org\/{rel}","templated":true}]}}