{"id":500,"date":"2010-03-18T14:09:43","date_gmt":"2010-03-18T13:09:43","guid":{"rendered":"https:\/\/blogs.ua.es\/proyectosarquitectonicos\/?page_id=500"},"modified":"2013-07-17T11:12:17","modified_gmt":"2013-07-17T09:12:17","slug":"piv-0-1","status":"publish","type":"page","link":"https:\/\/blogs.ua.es\/proyectosarquitectonicos\/cursos-precedentes-2\/curso-20112012\/piv-0-1\/","title":{"rendered":"Francisco Mej\u00edas"},"content":{"rendered":"<p><a href=\"https:\/\/blogs.ua.es\/proyectosarquitectonicos\/proyectos-iii\/piv-0-1\/supersurface-superstudio-008_905\/\" rel=\"attachment wp-att-2433\"><img loading=\"lazy\" decoding=\"async\" class=\"alignnone size-full wp-image-2433\" alt=\"\" src=\"https:\/\/blogs.ua.es\/proyectosarquitectonicos\/files\/2010\/03\/supersurface-superstudio-008_905-e1316472714409.jpg\" width=\"550\" height=\"359\" \/><\/a><\/p>\n<p>\u00bfUTOP\u00cdA?&#8230;Una nueva sociedad, una nueva ciudad.<\/p>\n<p>Introducci\u00f3n.<\/p>\n<p>En un nuevo panorama, ya constatado, de completadisoluci\u00f3n de las estructuras sociales, pol\u00edticas, informativasde seguridad y finalmente, de las estructuras econ\u00f3micas, nosencontramos ante un momento en el que un replanteamiento de lascondiciones de vida, y de las relaciones que ellas conlleva connuestro entorno, pueden ser posible.La idea de utop\u00eda, como aquel buen lugar, no existente(etimol\u00f3gicamente proviene del juego de palabras entre no-lugary buen-lugar); debe tambi\u00e9n de ser reconsiderada.Si en alg\u00fan momento los marcos establecidos hab\u00edan sidolo suficientemente r\u00edgidos como para imposibilitar laalternativa, m\u00e1s all\u00e1 de una enso\u00f1aci\u00f3n, el panorama resultahoy en d\u00eda, completamente diferente.La utop\u00eda, aparece ahora como la alternativa necesaria yurgente. La necesidad de volver a conformar el campo derelaciones con el paisaje, entre nosotros, y tambi\u00e9n connuestros artificios, determinar\u00e1, sin lugar a dudas, elestablecimiento de una nueva ciudad que ser\u00e1 el resultado deeste nuevo marco de relaciones.La utop\u00eda tiene que dejar de ser una aspiraci\u00f3n, yempezar a hacerse realidad.S\u00f3lo desde este convencimiento, seremos capaces depensarla, proyectarla y construirla&#8230;<\/p>\n<p>Objetivos.<\/p>\n<p>El objetivo del curso ser\u00e1 por lo tanto el proyecto deuna nueva ciudad que partir\u00e1 desde cero.-Para ello, deberemos de empezar entendiendo que lasformas de lo construido son una consecuencia de unos nuevosmodos de relaci\u00f3n entre todos los agentes que conviven en laciudad : paisaje, humanos y m\u00e1quinas..Pensaremos unas nuevas estructuras de relaci\u00f3n de loconstruido con el paisaje, sensible a los problemasmedioambientales y energ\u00e9ticos en el que nos ha sumidola ciudad obsoleta..Pensaremos tambi\u00e9n, en la manera de pactar unosnuevas reglas de intercambio material y emocionalentre los conciudadanos que posibilite un futuro m\u00e1sfeliz..Pensaremos por \u00faltimo, de un modo desprejuiciado, quenuevo papel ocupar\u00e1n nuestras m\u00e1quinas en esa ciudad,desde el convencimiento de que ya no somos superioresa ellas, y que la visi\u00f3n del mundo que ellas nosposibilitan, hacen del contexto una realidad mucho m\u00e1semocionante.-Despu\u00e9s de haber establecido claramente estas nuevasbases, nos adentraremos en la formalizaci\u00f3n de esta nuevaciudad para la sociedad futura..Concretaremos la forma de implantarse en el paisaje,de manera que el conjunto final de la particularmezcla de lo existente y lo construido conformen uncontexto mucho mejor que la situaci\u00f3n de partida..Formalizaremos nuevas estructuras de habitaci\u00f3n y decohabitaci\u00f3n, que resultar\u00e1n ins\u00f3litas, puesresponder\u00e1n a modos de intercambio material yemocional in\u00e9ditos..Dibujaremos nuevas m\u00e1quinas adaptadas a nuestroscuerpos, y las infraestructuras necesarias para queellas convivan a nuestro lado como fieles aliados.<\/p>\n<p>Metodolog\u00eda.<\/p>\n<p>El curso se dividir\u00e1 en dos partes,La primera tratar\u00e1 de pensar sobre ese nuevo campo de relacionescon el paisaje, con nuestros iguales y con las m\u00e1quinas. Determinar\u00e1de manera concreta en qu\u00e9 consisten las reglas fundamentales de lanueva sociedad ut\u00f3pica.La segunda trabajar\u00e1 en construir las im\u00e1genes de esa ciudad,como una realidad inminente.Las condiciones concretas de cada trabajo se especificar\u00e1n en elenunciado correspondiente.1\u00aa parte del curso:DETERMINACI\u00d3N DE LAS NUEVAS RELACIONESTRABAJO EN GRUPOINVESTIGACI\u00d3N MULTIDISCIPLINAR.De Septiembre a Enero (Aproximadamente 12 clases)Estableceremos en trabajos en grupo las reglas del nuevo campo derelaciones.Consistir\u00e1 en tres ejercicios grupales, con car\u00e1cter performativo, queindagar\u00e1n las condiciones de esa nueva relaci\u00f3n con el PAISAJE, conlos HUMANOS y con las M\u00c1QUINAS.Los trabajos se desarrollar\u00e1n a trav\u00e9s del formato del performance, ointeracci\u00f3n activa con el entorno. De cada uno de los diferentes actosseremos capaces de extraer mediciones que nos lleven a conclusionesobjetivas.2\u00aa parte del curso:FORMALIZACI\u00d3N DE LA CIUDAD UTOP\u00cdA.INDIVIDUAL.CONCRECCI\u00d3N ARQUITECT\u00d3NICA.De Enero a Junio (Aproximadamente 12 clases)Construiremos las im\u00e1genes que sean capaces de explicar, la idoneidadde la nueva ciudad para el nuevo marco de relaciones establecido.Trabajaremos de manera individual, y con formato de im\u00e1genes, que seancapaces de acercarnos de una manera concreta a los datos formales m\u00e1ssignificativos que contendr\u00e1 ciudad utop\u00eda.Haremos im\u00e1genes de inserci\u00f3n en el paisaje, de estructuras habitadasy de nuevas m\u00e1quinas e infraestructuras, as\u00ed como la manera en la quetodas estas<\/p>\n","protected":false},"excerpt":{"rendered":"<p>\u00bfUTOP\u00cdA?&#8230;Una nueva sociedad, una nueva ciudad. Introducci\u00f3n. En un nuevo panorama, ya constatado, de completadisoluci\u00f3n de las estructuras sociales, pol\u00edticas, informativasde seguridad y finalmente, de las estructuras econ\u00f3micas, nosencontramos ante un momento en el que un replanteamiento de lascondiciones de vida, y de las relaciones que ellas conlleva connuestro entorno, pueden ser posible.La idea de [&hellip;]<\/p>\n","protected":false},"author":1583,"featured_media":0,"parent":4033,"menu_order":3,"comment_status":"open","ping_status":"open","template":"","meta":{"footnotes":""},"class_list":["post-500","page","type-page","status-publish","hentry"],"_links":{"self":[{"href":"https:\/\/blogs.ua.es\/proyectosarquitectonicos\/wp-json\/wp\/v2\/pages\/500","targetHints":{"allow":["GET"]}}],"collection":[{"href":"https:\/\/blogs.ua.es\/proyectosarquitectonicos\/wp-json\/wp\/v2\/pages"}],"about":[{"href":"https:\/\/blogs.ua.es\/proyectosarquitectonicos\/wp-json\/wp\/v2\/types\/page"}],"author":[{"embeddable":true,"href":"https:\/\/blogs.ua.es\/proyectosarquitectonicos\/wp-json\/wp\/v2\/users\/1583"}],"replies":[{"embeddable":true,"href":"https:\/\/blogs.ua.es\/proyectosarquitectonicos\/wp-json\/wp\/v2\/comments?post=500"}],"version-history":[{"count":18,"href":"https:\/\/blogs.ua.es\/proyectosarquitectonicos\/wp-json\/wp\/v2\/pages\/500\/revisions"}],"predecessor-version":[{"id":506,"href":"https:\/\/blogs.ua.es\/proyectosarquitectonicos\/wp-json\/wp\/v2\/pages\/500\/revisions\/506"}],"up":[{"embeddable":true,"href":"https:\/\/blogs.ua.es\/proyectosarquitectonicos\/wp-json\/wp\/v2\/pages\/4033"}],"wp:attachment":[{"href":"https:\/\/blogs.ua.es\/proyectosarquitectonicos\/wp-json\/wp\/v2\/media?parent=500"}],"curies":[{"name":"wp","href":"https:\/\/api.w.org\/{rel}","templated":true}]}}