{"id":5150,"date":"2015-01-30T16:51:09","date_gmt":"2015-01-30T15:51:09","guid":{"rendered":"https:\/\/blogs.ua.es\/proyectosarquitectonicos\/?page_id=5150"},"modified":"2015-01-30T17:01:18","modified_gmt":"2015-01-30T16:01:18","slug":"mireia-luzarraga","status":"publish","type":"page","link":"https:\/\/blogs.ua.es\/proyectosarquitectonicos\/mireia-luzarraga\/","title":{"rendered":"G3 Mireia Luz\u00e1rraga"},"content":{"rendered":"<p><a href=\"https:\/\/blogs.ua.es\/proyectosarquitectonicos\/files\/2015\/01\/imagen-programa-luzarraga.jpg\"><img loading=\"lazy\" decoding=\"async\" class=\"aligncenter size-full wp-image-5156\" src=\"https:\/\/blogs.ua.es\/proyectosarquitectonicos\/files\/2015\/01\/imagen-programa-luzarraga.jpg\" alt=\"imagen programa luzarraga\" width=\"560\" height=\"823\" srcset=\"https:\/\/blogs.ua.es\/proyectosarquitectonicos\/files\/2015\/01\/imagen-programa-luzarraga.jpg 560w, https:\/\/blogs.ua.es\/proyectosarquitectonicos\/files\/2015\/01\/imagen-programa-luzarraga-204x300.jpg 204w, https:\/\/blogs.ua.es\/proyectosarquitectonicos\/files\/2015\/01\/imagen-programa-luzarraga-102x150.jpg 102w, https:\/\/blogs.ua.es\/proyectosarquitectonicos\/files\/2015\/01\/imagen-programa-luzarraga-400x587.jpg 400w\" sizes=\"auto, (max-width: 560px) 100vw, 560px\" \/><\/a><\/p>\n<p>&nbsp;<\/p>\n<p><strong>Basado en hechos reales.<\/strong><\/p>\n<p>Un curso de proyectos sobre reprogramaciones simb\u00f3lico-culturales, y biopol\u00edtica.<\/p>\n<p>&nbsp;<\/p>\n<p>A finales de los a\u00f1os setenta Michel Foucault rescata y populariza el concepto de biopol\u00edtica. Con ello Foucault inaugura uno de los campos m\u00e1s fructiferos del pensamiento cr\u00edtico contempor\u00e1neo subrayando c\u00f3mo el control de la sociedad sobre los individuos que la componen no se ejerce s\u00f3lo mediante la ideolog\u00eda, sino b\u00e1sicamente en el cuerpo y con el cuerpo.<\/p>\n<p>Desde entonces la definici\u00f3n de biopol\u00edtica se ha extendido y complejizado, ampliando sus l\u00edmites desde su car\u00e1cter casi exclusivamente de control corporal, hasta entrar en el \u00e1mbito de las relaciones personales y afectivas siendo una herramienta fundamental para explicar los principales mecanismos de sujeci\u00f3n del capitalismo emocional.<\/p>\n<p>Este curso de proyectos propone trabajar en el marco de la biopol\u00edtica tomando como referencia las propias experiencias personales del alumno explorando manifestaciones cotidianas de biopoder. Se estudiar\u00e1 c\u00f3mo se construyen y codifican los protocolos de seducci\u00f3n de estas manifestaciones tanto a nivel material como inmaterial, y se investigar\u00e1 si estos pueden ser reprogramados como tecnolog\u00edas de resubjetivaci\u00f3n.<\/p>\n<p>&nbsp;<\/p>\n<p><strong>Metodolog\u00eda en 4 puntos<\/strong><\/p>\n<p>+ Estudia el concepto de biopol\u00edtica y sus interpretaciones contempor\u00e1neas (Foucault, Negri, Preciado).<\/p>\n<p>+ Busca en tus \u00e1lbumes fotogr\u00e1ficos momentos de tu vida que expliciten biopoder y que afecten tanto a la esfera privada, como al \u00e1mbito medi\u00e1tico, o gubernamental (rituales como bodas, revistas de tendencias, desfiles de moda, las industrias farmac\u00e9utica, las pol\u00edticas inmobiliarias, la escuela, etc).<\/p>\n<p>+ Analiza los protocolos que construyen las situaciones\/fotograf\u00edas seleccionadas, y redefine con ellos series formales y comunicativas disidentes, apoy\u00e1ndote sobre conceptos como reapropiaci\u00f3n, resignificaci\u00f3n, y transferencia.<\/p>\n<p>+ Piensa y define a partir de estas series posibles infraestructuras de subjetivaci\u00f3n* que, una vez infiltradas, tengan la capacidad de subvertir o reprogramar la situaci\u00f3n\/fotograf\u00eda seleccionada.<\/p>\n<p>*Utilizamos la idea de infraestructura de subjetivaci\u00f3n para englobar desde peque\u00f1os elementos de mobiliario o <em>crossover<\/em>, hasta la definici\u00f3n de \u00e1mbitos, lugares, o edificios, y las pol\u00edticas emocionales, comunicativas, que de ellos se derivan.<\/p>\n<p>&nbsp;<\/p>\n<p><strong>Bibliograf\u00eda espec\u00edfica<\/strong><\/p>\n<p>AGAMBEN, GIORGIO. Homo sacer I, Pre-Textos, 1999, Valencia.<\/p>\n<p>BUTLER, JUDITH. El g\u00e9nero en disputa, Paid\u00f3s, 1990, Barcelona.<\/p>\n<p>FOUCAULT, MICHEL. Las redes del poder, Prometeo libros, 2014, Buenos Aires.<\/p>\n<p>FOUCAULT, MICHEL. El nacimiento de la biopol\u00edtica, Akal ediciones, 2009, Madrid.<\/p>\n<p>HARDT, MICHAEL &amp; NEGRI, ANTONIO. Multitud, Debate, 2004, Barcelona.<\/p>\n<p>PRECIADO, BEATRIZ. Manifiesto contrasexual, Anagrama, 2011, Barcelona.<\/p>\n<p>PRECIADO, BEATRIZ. Testo yonqui, Espasa libros, 2008, Madrid.<\/p>\n<p>&nbsp;<\/p>\n<p><strong>Bibliograf\u00eda general<\/strong><\/p>\n<p>BOURRIAUD, NICOLAS. Postproducci\u00f3n, Adria Hidalgo editora, 2004, Buenos Aires.<\/p>\n<p>L\u00d3PEZ MUNUERA, IV\u00c1N (ed.). Pop Politics, Centro de Arte Dos de Mayo, 2012, Madrid.<\/p>\n<p>FERN\u00c1NDEZ PORTA, ELOY. Emoci\u00f3nese as\u00ed, Anagrama, 2012, Barcelona.<\/p>\n<p>FERN\u00c1NDEZ PORTA, ELOY. Eros, Anagrama, 2010, Barcelona.<\/p>\n<p>GUATTARI, F\u00c9LIX. Las tres ecolog\u00edas, Pre-Textos, 1990, Valencia.<\/p>\n<p>GUATTARI, F\u00c9LIX. Micropol\u00edtica. Cartograf\u00edas del deseo, Traficantes de sue\u00f1os, 2006, Madrid.<\/p>\n<p>MARCUSE, HERBERT. Eros y civilizaci\u00f3n, Ariel, 2010, Barcelona.<\/p>\n<p>HALL, STUART &amp; JEFFERSON, TONY (eds.). Rituales de resistencia, Traficantes de sue\u00f1os, 2014, Madrid.<\/p>\n<p>SCOTT, JAMES, C. Los dominados y el arte de la resistencia, Txalaparta, 2003, Nafarroa.<\/p>\n<p>&nbsp;<\/p>\n","protected":false},"excerpt":{"rendered":"<p>&nbsp; Basado en hechos reales. Un curso de proyectos sobre reprogramaciones simb\u00f3lico-culturales, y biopol\u00edtica. &nbsp; A finales de los a\u00f1os setenta Michel Foucault rescata y populariza el concepto de biopol\u00edtica. Con ello Foucault inaugura uno de los campos m\u00e1s fructiferos del pensamiento cr\u00edtico contempor\u00e1neo subrayando c\u00f3mo el control de la sociedad sobre los individuos que [&hellip;]<\/p>\n","protected":false},"author":503,"featured_media":0,"parent":0,"menu_order":0,"comment_status":"open","ping_status":"open","template":"","meta":{"footnotes":""},"class_list":["post-5150","page","type-page","status-publish","hentry"],"_links":{"self":[{"href":"https:\/\/blogs.ua.es\/proyectosarquitectonicos\/wp-json\/wp\/v2\/pages\/5150","targetHints":{"allow":["GET"]}}],"collection":[{"href":"https:\/\/blogs.ua.es\/proyectosarquitectonicos\/wp-json\/wp\/v2\/pages"}],"about":[{"href":"https:\/\/blogs.ua.es\/proyectosarquitectonicos\/wp-json\/wp\/v2\/types\/page"}],"author":[{"embeddable":true,"href":"https:\/\/blogs.ua.es\/proyectosarquitectonicos\/wp-json\/wp\/v2\/users\/503"}],"replies":[{"embeddable":true,"href":"https:\/\/blogs.ua.es\/proyectosarquitectonicos\/wp-json\/wp\/v2\/comments?post=5150"}],"version-history":[{"count":4,"href":"https:\/\/blogs.ua.es\/proyectosarquitectonicos\/wp-json\/wp\/v2\/pages\/5150\/revisions"}],"predecessor-version":[{"id":5157,"href":"https:\/\/blogs.ua.es\/proyectosarquitectonicos\/wp-json\/wp\/v2\/pages\/5150\/revisions\/5157"}],"wp:attachment":[{"href":"https:\/\/blogs.ua.es\/proyectosarquitectonicos\/wp-json\/wp\/v2\/media?parent=5150"}],"curies":[{"name":"wp","href":"https:\/\/api.w.org\/{rel}","templated":true}]}}