{"id":5269,"date":"2015-06-04T15:13:17","date_gmt":"2015-06-04T13:13:17","guid":{"rendered":"https:\/\/blogs.ua.es\/proyectosarquitectonicos\/?page_id=5269"},"modified":"2015-11-16T11:59:07","modified_gmt":"2015-11-16T10:59:07","slug":"expo-pfc-2002-2015","status":"publish","type":"page","link":"https:\/\/blogs.ua.es\/proyectosarquitectonicos\/expo-pfc-2002-2015\/","title":{"rendered":"Expo PFC 2002-2015"},"content":{"rendered":"<p><img loading=\"lazy\" decoding=\"async\" class=\"aligncenter size-full wp-image-5270\" src=\"https:\/\/blogs.ua.es\/proyectosarquitectonicos\/files\/2015\/06\/expo-PFC-AeA.jpg\" alt=\"expo PFC AeA\" width=\"580\" height=\"683\" srcset=\"https:\/\/blogs.ua.es\/proyectosarquitectonicos\/files\/2015\/06\/expo-PFC-AeA.jpg 580w, https:\/\/blogs.ua.es\/proyectosarquitectonicos\/files\/2015\/06\/expo-PFC-AeA-255x300.jpg 255w, https:\/\/blogs.ua.es\/proyectosarquitectonicos\/files\/2015\/06\/expo-PFC-AeA-127x150.jpg 127w, https:\/\/blogs.ua.es\/proyectosarquitectonicos\/files\/2015\/06\/expo-PFC-AeA-400x471.jpg 400w\" sizes=\"auto, (max-width: 580px) 100vw, 580px\" \/><\/p>\n<p>&nbsp;<\/p>\n<blockquote>\n<h3 style=\"text-align: left\"><strong>13 a\u00f1os de PFC en Alicante<\/strong><\/h3>\n<p style=\"text-align: left\">Presentamos en esta exposici\u00f3n 80 Proyectos Fin de Carrera seleccionados<br \/>\nentre los realizados en la titulaci\u00f3n de Arquitectura en la Escuela Polit\u00e9cnica de<br \/>\nla Universidad de Alicante entre los a\u00f1os a\u00f1os 2002 y 2015.<\/p>\n<p style=\"text-align: left\">Esta exposici\u00f3n, dirigida editada por el \u00c1rea de Proyectos de Arquitectura,<br \/>\nmuestra el resultado de la docencia de Proyectos, una docencia compartida<br \/>\ncon las otras \u00c1reas de Conocimiento de la Titulaci\u00f3n. La exposici\u00f3n ha sido<br \/>\nampliada con una interpretaci\u00f3n que los profesores de Proyectos han hecho<br \/>\nde las propuestas contenidas en los proyectos. De este modo la exposici\u00f3n<br \/>\nmuestra no solo el final de una experiencia docente, profesional y educativa<br \/>\nsino tambi\u00e9n el inicio de l\u00edneas y programas de trabajo sobre el futuro de la<br \/>\nTitulaci\u00f3n y sobre el futuro de la arquitectura.<\/p>\n<p style=\"text-align: left\">Esos ejes que estructuran el Fin de una Carrera y se convierten en Inicio de<br \/>\nuna actividad profesional son estos cinco: 1. La acci\u00f3n de trasformaci\u00f3n de<br \/>\nlos espacios arquitect\u00f3nicos convencionales, como una consecuencia de la<br \/>\nrevisi\u00f3n que hemos hecho del aula como un lugar de nuevas experiencias de<br \/>\naprendizaje 2. Proyectos que destacan por la invenci\u00f3n de econom\u00edas<br \/>\nalternativas vinculadas a los bienes comunes explicitadas con acciones de<br \/>\nbajo presupuesto y de bajo impacto, opuestas a la tradici\u00f3n hasta ahora<br \/>\nconsensuada que vincula arquitectura con el gran capital 3. Arquitecturas y<br \/>\nproyectos que se plantean un uso \u201cdiferente\u201d del cuerpo redefiniendo a trav\u00e9s<br \/>\nde esas nuevas presencias unas jerarqu\u00edas distintas fundamentalmente en las<br \/>\ncuestiones de g\u00e9nero 4. Aquellos proyectos que han cuestionado las<br \/>\ninstituciones, sus usos y enunciados, revisando as\u00ed el significado, entre otros,<br \/>\nde \u201ccolegio profesional\u201d, \u201cuniversidad\u201d \u201cmuseo\u201d \u201cpr\u00e1ctica profesional\u201d 5.<br \/>\nAquellos proyectos con un claro contenido t\u00e9cnico pero que a pesar de ello han<br \/>\nlogrado soslayar el determinismo y la tecno \u2013neutralidad de las herramientas<br \/>\narquitect\u00f3nicas usuales.<\/p>\n<p style=\"text-align: left\">Esta es nuestra apuesta por una Nueva Arquitectura de la Universidad de<br \/>\nAlicante.<\/p>\n<p style=\"text-align: right\">Jos\u00e9 Mar\u00eda Torres Nadal<\/p>\n<\/blockquote>\n<p>https:\/\/vimeo.com\/131524762<\/p>\n<h3 style=\"text-align: left\"><\/h3>\n<p style=\"text-align: left\">Los 80 Proyectos Fin de Carrera se agrupan en las siguientes 8 categor\u00edas, cada una de las cuales ha sido comisionada por una pareja de docentes del \u00c1rea de Proyectos Arquitect\u00f3nicos:<\/p>\n<h3><\/h3>\n<h3><a href=\"https:\/\/blogs.ua.es\/proyectosarquitectonicos\/expo-pfc-2002-2015\/el-modelo-alicante\/\"><img loading=\"lazy\" decoding=\"async\" class=\"aligncenter size-full wp-image-5711\" src=\"https:\/\/blogs.ua.es\/proyectosarquitectonicos\/files\/2015\/06\/0-el-modelo-alicante.jpg\" alt=\"0-el-modelo-alicante\" width=\"580\" height=\"75\" srcset=\"https:\/\/blogs.ua.es\/proyectosarquitectonicos\/files\/2015\/06\/0-el-modelo-alicante.jpg 580w, https:\/\/blogs.ua.es\/proyectosarquitectonicos\/files\/2015\/06\/0-el-modelo-alicante-300x39.jpg 300w, https:\/\/blogs.ua.es\/proyectosarquitectonicos\/files\/2015\/06\/0-el-modelo-alicante-150x19.jpg 150w, https:\/\/blogs.ua.es\/proyectosarquitectonicos\/files\/2015\/06\/0-el-modelo-alicante-400x52.jpg 400w\" sizes=\"auto, (max-width: 580px) 100vw, 580px\" \/><\/a><\/h3>\n<h3><a href=\"https:\/\/blogs.ua.es\/proyectosarquitectonicos\/expo-pfc-2002-2015\/materiales-cooperantes\/\"><span style=\"color: #ff42ff\"><img loading=\"lazy\" decoding=\"async\" class=\"aligncenter size-full wp-image-5305\" src=\"https:\/\/blogs.ua.es\/proyectosarquitectonicos\/files\/2015\/06\/grupo1.jpg\" alt=\"grupo1\" width=\"580\" height=\"75\" srcset=\"https:\/\/blogs.ua.es\/proyectosarquitectonicos\/files\/2015\/06\/grupo1.jpg 580w, https:\/\/blogs.ua.es\/proyectosarquitectonicos\/files\/2015\/06\/grupo1-300x39.jpg 300w, https:\/\/blogs.ua.es\/proyectosarquitectonicos\/files\/2015\/06\/grupo1-150x19.jpg 150w, https:\/\/blogs.ua.es\/proyectosarquitectonicos\/files\/2015\/06\/grupo1-400x52.jpg 400w\" sizes=\"auto, (max-width: 580px) 100vw, 580px\" \/><\/span><\/a><\/h3>\n<h3><a href=\"https:\/\/blogs.ua.es\/proyectosarquitectonicos\/expo-pfc-2002-2015\/disidencias-afectivas\/\"><img loading=\"lazy\" decoding=\"async\" class=\" size-full wp-image-5306 aligncenter\" src=\"https:\/\/blogs.ua.es\/proyectosarquitectonicos\/files\/2015\/06\/grupo2.jpg\" alt=\"grupo2\" width=\"580\" height=\"75\" srcset=\"https:\/\/blogs.ua.es\/proyectosarquitectonicos\/files\/2015\/06\/grupo2.jpg 580w, https:\/\/blogs.ua.es\/proyectosarquitectonicos\/files\/2015\/06\/grupo2-300x39.jpg 300w, https:\/\/blogs.ua.es\/proyectosarquitectonicos\/files\/2015\/06\/grupo2-150x19.jpg 150w, https:\/\/blogs.ua.es\/proyectosarquitectonicos\/files\/2015\/06\/grupo2-400x52.jpg 400w\" sizes=\"auto, (max-width: 580px) 100vw, 580px\" \/><\/a><\/h3>\n<h3><a href=\"https:\/\/blogs.ua.es\/proyectosarquitectonicos\/arquitectura-y-subpoliticas\/\"><img loading=\"lazy\" decoding=\"async\" class=\"aligncenter size-full wp-image-5307\" src=\"https:\/\/blogs.ua.es\/proyectosarquitectonicos\/files\/2015\/06\/grupo3.jpg\" alt=\"grupo3\" width=\"580\" height=\"75\" srcset=\"https:\/\/blogs.ua.es\/proyectosarquitectonicos\/files\/2015\/06\/grupo3.jpg 580w, https:\/\/blogs.ua.es\/proyectosarquitectonicos\/files\/2015\/06\/grupo3-300x39.jpg 300w, https:\/\/blogs.ua.es\/proyectosarquitectonicos\/files\/2015\/06\/grupo3-150x19.jpg 150w, https:\/\/blogs.ua.es\/proyectosarquitectonicos\/files\/2015\/06\/grupo3-400x52.jpg 400w\" sizes=\"auto, (max-width: 580px) 100vw, 580px\" \/><\/a><\/h3>\n<h3><a href=\"https:\/\/blogs.ua.es\/proyectosarquitectonicos\/expo-pfc-2002-2015\/ecologias-especulativas\/\"><img loading=\"lazy\" decoding=\"async\" class=\"aligncenter size-full wp-image-5308\" src=\"https:\/\/blogs.ua.es\/proyectosarquitectonicos\/files\/2015\/06\/grupo4.jpg\" alt=\"grupo4\" width=\"580\" height=\"75\" srcset=\"https:\/\/blogs.ua.es\/proyectosarquitectonicos\/files\/2015\/06\/grupo4.jpg 580w, https:\/\/blogs.ua.es\/proyectosarquitectonicos\/files\/2015\/06\/grupo4-300x39.jpg 300w, https:\/\/blogs.ua.es\/proyectosarquitectonicos\/files\/2015\/06\/grupo4-150x19.jpg 150w, https:\/\/blogs.ua.es\/proyectosarquitectonicos\/files\/2015\/06\/grupo4-400x52.jpg 400w\" sizes=\"auto, (max-width: 580px) 100vw, 580px\" \/><\/a><\/h3>\n<h3><a href=\"https:\/\/blogs.ua.es\/proyectosarquitectonicos\/expo-pfc-2002-2015\/domestic-common\/\"><img loading=\"lazy\" decoding=\"async\" class=\"aligncenter size-full wp-image-5402\" src=\"https:\/\/blogs.ua.es\/proyectosarquitectonicos\/files\/2015\/06\/grupo5new.jpg\" alt=\"grupo5new\" width=\"580\" height=\"75\" srcset=\"https:\/\/blogs.ua.es\/proyectosarquitectonicos\/files\/2015\/06\/grupo5new.jpg 580w, https:\/\/blogs.ua.es\/proyectosarquitectonicos\/files\/2015\/06\/grupo5new-300x39.jpg 300w, https:\/\/blogs.ua.es\/proyectosarquitectonicos\/files\/2015\/06\/grupo5new-150x19.jpg 150w, https:\/\/blogs.ua.es\/proyectosarquitectonicos\/files\/2015\/06\/grupo5new-400x52.jpg 400w\" sizes=\"auto, (max-width: 580px) 100vw, 580px\" \/><\/a><\/h3>\n<h3><a href=\"https:\/\/blogs.ua.es\/proyectosarquitectonicos\/expo-pfc-2002-2015\/investigacion-retroactiva\/\"><img loading=\"lazy\" decoding=\"async\" class=\"aligncenter size-full wp-image-5356\" src=\"https:\/\/blogs.ua.es\/proyectosarquitectonicos\/files\/2015\/06\/grupo-6-new.jpg\" alt=\"grupo 6 new\" width=\"580\" height=\"75\" srcset=\"https:\/\/blogs.ua.es\/proyectosarquitectonicos\/files\/2015\/06\/grupo-6-new.jpg 580w, https:\/\/blogs.ua.es\/proyectosarquitectonicos\/files\/2015\/06\/grupo-6-new-300x39.jpg 300w, https:\/\/blogs.ua.es\/proyectosarquitectonicos\/files\/2015\/06\/grupo-6-new-150x19.jpg 150w, https:\/\/blogs.ua.es\/proyectosarquitectonicos\/files\/2015\/06\/grupo-6-new-400x52.jpg 400w\" sizes=\"auto, (max-width: 580px) 100vw, 580px\" \/><\/a><\/h3>\n<h3><a href=\"https:\/\/blogs.ua.es\/proyectosarquitectonicos\/expo-pfc-2002-2015\/lo-extraordinario-del-acontecimiento\/\"><img loading=\"lazy\" decoding=\"async\" class=\"aligncenter size-full wp-image-5311\" src=\"https:\/\/blogs.ua.es\/proyectosarquitectonicos\/files\/2015\/06\/grupo7.jpg\" alt=\"grupo7\" width=\"580\" height=\"75\" srcset=\"https:\/\/blogs.ua.es\/proyectosarquitectonicos\/files\/2015\/06\/grupo7.jpg 580w, https:\/\/blogs.ua.es\/proyectosarquitectonicos\/files\/2015\/06\/grupo7-300x39.jpg 300w, https:\/\/blogs.ua.es\/proyectosarquitectonicos\/files\/2015\/06\/grupo7-150x19.jpg 150w, https:\/\/blogs.ua.es\/proyectosarquitectonicos\/files\/2015\/06\/grupo7-400x52.jpg 400w\" sizes=\"auto, (max-width: 580px) 100vw, 580px\" \/><\/a><\/h3>\n<h3><a href=\"https:\/\/blogs.ua.es\/proyectosarquitectonicos\/el-futuro-del-objeto\/\"><img loading=\"lazy\" decoding=\"async\" class=\"aligncenter size-full wp-image-5312\" src=\"https:\/\/blogs.ua.es\/proyectosarquitectonicos\/files\/2015\/06\/grupo8.jpg\" alt=\"grupo8\" width=\"580\" height=\"75\" srcset=\"https:\/\/blogs.ua.es\/proyectosarquitectonicos\/files\/2015\/06\/grupo8.jpg 580w, https:\/\/blogs.ua.es\/proyectosarquitectonicos\/files\/2015\/06\/grupo8-300x39.jpg 300w, https:\/\/blogs.ua.es\/proyectosarquitectonicos\/files\/2015\/06\/grupo8-150x19.jpg 150w, https:\/\/blogs.ua.es\/proyectosarquitectonicos\/files\/2015\/06\/grupo8-400x52.jpg 400w\" sizes=\"auto, (max-width: 580px) 100vw, 580px\" \/><\/a><\/h3>\n<p>&nbsp;<\/p>\n<h3>Fecha y Lugar:<\/h3>\n<p>5 al 28 de junio de 2015<\/p>\n<p>Centro Cultural Las Cigarreras Cultura Contempor\u00e1nea, Calle San Carlos 78, 03013 Alicante.<\/p>\n<h3>Actividades paralelas:<\/h3>\n<p>Martes 9 de Junio 18:00 h<br \/>\nConferencia Debate: Miembros fantasmas<br \/>\n(En la Caja Negra)<br \/>\nMi\u00e9rcoles 10 de Junio 18:00h<br \/>\nConferencia Debate: Jury de profesores<br \/>\n(En la caja negra)<br \/>\nViernes 26 de Junio 18:00h<br \/>\nEncuentro performance mesa &#8216;Materiales Cooperantes&#8217;<br \/>\n( en la Caja Blanca )<br \/>\nViernes 26 de Junio 20:00h<br \/>\nEncuentro performance mesa &#8216;El Futuro del Objeto&#8217;<br \/>\n( en la Caja Blanca )<br \/>\nProgramaci\u00f3n diaria ( todos los d\u00edas habr\u00e1 un evento)<br \/>\nEventos sociales mesa &#8216;Investigaci\u00f3n Retroactiva&#8217;<br \/>\n( en la Caja Blanca )<br \/>\nDomingo 28 de Junio<br \/>\nClausura<\/p>\n","protected":false},"excerpt":{"rendered":"<p>&nbsp; 13 a\u00f1os de PFC en Alicante Presentamos en esta exposici\u00f3n 80 Proyectos Fin de Carrera seleccionados entre los realizados en la titulaci\u00f3n de Arquitectura en la Escuela Polit\u00e9cnica de la Universidad de Alicante entre los a\u00f1os a\u00f1os 2002 y 2015. Esta exposici\u00f3n, dirigida editada por el \u00c1rea de Proyectos de Arquitectura, muestra el resultado [&hellip;]<\/p>\n","protected":false},"author":2744,"featured_media":0,"parent":0,"menu_order":0,"comment_status":"open","ping_status":"open","template":"","meta":{"footnotes":""},"class_list":["post-5269","page","type-page","status-publish","hentry"],"_links":{"self":[{"href":"https:\/\/blogs.ua.es\/proyectosarquitectonicos\/wp-json\/wp\/v2\/pages\/5269","targetHints":{"allow":["GET"]}}],"collection":[{"href":"https:\/\/blogs.ua.es\/proyectosarquitectonicos\/wp-json\/wp\/v2\/pages"}],"about":[{"href":"https:\/\/blogs.ua.es\/proyectosarquitectonicos\/wp-json\/wp\/v2\/types\/page"}],"author":[{"embeddable":true,"href":"https:\/\/blogs.ua.es\/proyectosarquitectonicos\/wp-json\/wp\/v2\/users\/2744"}],"replies":[{"embeddable":true,"href":"https:\/\/blogs.ua.es\/proyectosarquitectonicos\/wp-json\/wp\/v2\/comments?post=5269"}],"version-history":[{"count":46,"href":"https:\/\/blogs.ua.es\/proyectosarquitectonicos\/wp-json\/wp\/v2\/pages\/5269\/revisions"}],"predecessor-version":[{"id":5716,"href":"https:\/\/blogs.ua.es\/proyectosarquitectonicos\/wp-json\/wp\/v2\/pages\/5269\/revisions\/5716"}],"wp:attachment":[{"href":"https:\/\/blogs.ua.es\/proyectosarquitectonicos\/wp-json\/wp\/v2\/media?parent=5269"}],"curies":[{"name":"wp","href":"https:\/\/api.w.org\/{rel}","templated":true}]}}