{"id":5328,"date":"2015-06-05T13:42:57","date_gmt":"2015-06-05T11:42:57","guid":{"rendered":"https:\/\/blogs.ua.es\/proyectosarquitectonicos\/?page_id=5328"},"modified":"2015-06-12T11:03:22","modified_gmt":"2015-06-12T09:03:22","slug":"disidencias-afectivas","status":"publish","type":"page","link":"https:\/\/blogs.ua.es\/proyectosarquitectonicos\/expo-pfc-2002-2015\/disidencias-afectivas\/","title":{"rendered":"Disidencias afectivas"},"content":{"rendered":"<h3><strong><span style=\"color: #8800ff\">herramientas emancipadoras que derivan en experiencias profesionales m\u00e1s o menos sostenibles<\/span><\/strong><\/h3>\n<p>http:\/\/issuu.com\/playstudio\/docs\/2_disidencias_afectivas?e=1871225\/13334508<\/p>\n<blockquote><p>A lo largo de la peque\u00f1a historia de Arquitectura en\u00a0Alicante, se ha ido haciendo fuerte la necesidad de\u00a0desplazar la centralidad del Proyecto Fin de Carrera\u00a0[PFC] desde el trabajo realizado en el pasado\u00a0reciente del estudiante, hacia la descripci\u00f3n de\u00a0una relaci\u00f3n deseable con algunos de sus futuros\u00a0posibles. Tanto es as\u00ed que en un momento dado\u00a0preferimos llamarle Proyecto Inicio de Carrera [PIC].<\/p>\n<p>Algunos de los proyectos aparecidos en estos a\u00f1os\u00a0se enmarcan dentro de un esfuerzo por superar el\u00a0anclaje representacional del documento PFC para\u00a0autoproponerse como experiencias profesionales\u00a0activadas desde contextos no acad\u00e9micos. A su vez,\u00a0un peque\u00f1o grupo de \u00e9stos abordan el proyecto\u00a0desde una disidencia expl\u00edcita de los modelos m\u00e1s\u00a0o menos normalizados de ejercer la arquitectura, al\u00a0menos en la configuraci\u00f3n que han adoptado en la\u00a0historiograf\u00eda m\u00e1s visible a lo largo del siglo XX.<\/p>\n<p>Son precisamente algunos de estos trabajos los\u00a0que aparecen recogidos en esta secci\u00f3n. En ellos\u00a0observamos que esta disidencia se laboratoriza en\u00a0una experiencia performativa con un alto contenido\u00a0afectivo. No se ha tratado de una aproximaci\u00f3n\u00a0te\u00f3rica, sino que cada trabajo se ha encarnado\u00a0en una experiencia que excede lo pensado para\u00a0constituirse en lo vivido, y que utiliza el cuerpo\u00a0propio para alojar e instituir dicha experiencia.<\/p>\n<p>Por otro lado, este tipo de experiencias parecen\u00a0alejarse de la cr\u00edtica de corte marxista basada en\u00a0una noci\u00f3n del poder como un recurso que las\u00a0clases dominantes poseen y del conocimiento\u00a0como un constructo ideol\u00f3gico que necesita ser\u00a0desvelado, para situarse directamente en el \u00e1mbito\u00a0de la producci\u00f3n de otros mundos alternativos, cuyo\u00a0potencial demanda grandes dosis de creatividad, de\u00a0afirmatividad y de capacidad de atenci\u00f3n.<\/p>\n<p>A lo largo del siglo XX, encontramos en el\u00a0pensamiento feminista y postcolonial los\u00a0desarrollos m\u00e1s atractivos de un aparataje te\u00f3rico\u00a0e interpretativo a este tipo de disidencias que se\u00a0alejan de lo normativo a trav\u00e9s del peque\u00f1o gran\u00a0reducto que es el cuerpo propio. Un instrumental\u00a0que tambi\u00e9n ha sido y sigue siendo \u00fatil tambi\u00e9n\u00a0para otros tipos de disidencias no vinculadas\u00a0estrictamente a las reivindicaciones feministas.<\/p>\n<p>Para nosotros, ese es su gran valor en el \u00e1mbito\u00a0de la arquitectura. En muchos momentos, hemos\u00a0querido pensar este tipo de trabajos que reivindican\u00a0otros mundos posibles como un material pr\u00f3ximo a\u00a0los lenguajes adheridos al proyecto arquitect\u00f3nico,\u00a0de ah\u00ed tambi\u00e9n su relativa peligrosidad.<\/p>\n<p>Bajo estas premisas, este grupo de trabajo aborda\u00a0la exposici\u00f3n de Las Cigarreras desde la voluntad\u00a0de indagar sobre lo sucedido, no s\u00f3lo revisando\u00a0las propuestas de los proyectos sino hacer un\u00a0seguimiento de su evoluci\u00f3n en la vida profesional\u00a0de los egresados, y as\u00ed poder responder a algunas\u00a0preguntas concretas:<\/p>\n<p>\u00bfHan sido \u00fatiles estas propuestas que se situaron de\u00a0manera radical en el futuro y en qu\u00e9 sentido?\u00a0\u00bfEn qu\u00e9 medida han sido experiencias orientadas a\u00a0destruir lo que ten\u00edamos y en qu\u00e9 medida a construir\u00a0alternativas deseables?\u00a0\u00bfQu\u00e9 han quedado de estas disidencias tempranas\u00a0amparadas desde la instituci\u00f3n universitaria?\u00a0\u00bfPueden sobrevivir estos experimentos sin la\u00a0estructura protectora dela Universidad?\u00a0\u00bfC\u00f3mo medir y evaluar este conjunto de<br \/>\nexperiencias?\u00a0\u00bfC\u00f3mo reinvertir todo este caudal disidente?\u00a0\u00bfEs extrapolable a otros estadios formativos?<\/p><\/blockquote>\n<p>&nbsp;<\/p>\n<p>Comisarios:<\/p>\n<p><strong>Ester Gisbert Alemany +\u00a0Enrique Nieto Fern\u00e1ndez<\/strong><\/p>\n<p>&nbsp;<\/p>\n<p>Proyectos y autores:<\/p>\n<p><strong>El h\u00e1bitat de las sociedades subjetivas \/\u00a0<\/strong>Laura Abad Satoca<\/p>\n<p><strong>Esto es mi PFC \/\u00a0<\/strong>Mikel Amiano Valera<\/p>\n<p><strong>Lo mejor es que no vuelvas \/\u00a0<\/strong>Jorge Bermejo Pascual<\/p>\n<p><strong>Histerias de vida: Fru*Fru en 5 episodios \/\u00a0<\/strong>Rosana Gali\u00e1n Garc\u00eda &amp; Paula Vilaplana de Miguel<\/p>\n<p><strong>Diario de una arquitecta \/\u00a0<\/strong>Ver\u00f3nica Franc\u00e9s Tortosa<\/p>\n<p><strong>Acciones distribu\u00eddas en territorios discontinuos \/\u00a0<\/strong>Ester Gisbert Alemany<\/p>\n<p><strong>Cuatro maneras de caminar por un oasis \/\u00a0<\/strong>Mar\u00eda G\u00f3mez Javaloyes<\/p>\n<p><strong>Una Rayuela arquitect\u00f3nica \/\u00a0<\/strong>Pedro Hern\u00e1ndez Mart\u00ednez<\/p>\n<p>&nbsp;<\/p>\n","protected":false},"excerpt":{"rendered":"<p>herramientas emancipadoras que derivan en experiencias profesionales m\u00e1s o menos sostenibles http:\/\/issuu.com\/playstudio\/docs\/2_disidencias_afectivas?e=1871225\/13334508 A lo largo de la peque\u00f1a historia de Arquitectura en\u00a0Alicante, se ha ido haciendo fuerte la necesidad de\u00a0desplazar la centralidad del Proyecto Fin de Carrera\u00a0[PFC] desde el trabajo realizado en el pasado\u00a0reciente del estudiante, hacia la descripci\u00f3n de\u00a0una relaci\u00f3n deseable con algunos de [&hellip;]<\/p>\n","protected":false},"author":2744,"featured_media":0,"parent":5269,"menu_order":0,"comment_status":"open","ping_status":"open","template":"","meta":{"footnotes":""},"class_list":["post-5328","page","type-page","status-publish","hentry"],"_links":{"self":[{"href":"https:\/\/blogs.ua.es\/proyectosarquitectonicos\/wp-json\/wp\/v2\/pages\/5328","targetHints":{"allow":["GET"]}}],"collection":[{"href":"https:\/\/blogs.ua.es\/proyectosarquitectonicos\/wp-json\/wp\/v2\/pages"}],"about":[{"href":"https:\/\/blogs.ua.es\/proyectosarquitectonicos\/wp-json\/wp\/v2\/types\/page"}],"author":[{"embeddable":true,"href":"https:\/\/blogs.ua.es\/proyectosarquitectonicos\/wp-json\/wp\/v2\/users\/2744"}],"replies":[{"embeddable":true,"href":"https:\/\/blogs.ua.es\/proyectosarquitectonicos\/wp-json\/wp\/v2\/comments?post=5328"}],"version-history":[{"count":22,"href":"https:\/\/blogs.ua.es\/proyectosarquitectonicos\/wp-json\/wp\/v2\/pages\/5328\/revisions"}],"predecessor-version":[{"id":5383,"href":"https:\/\/blogs.ua.es\/proyectosarquitectonicos\/wp-json\/wp\/v2\/pages\/5328\/revisions\/5383"}],"up":[{"embeddable":true,"href":"https:\/\/blogs.ua.es\/proyectosarquitectonicos\/wp-json\/wp\/v2\/pages\/5269"}],"wp:attachment":[{"href":"https:\/\/blogs.ua.es\/proyectosarquitectonicos\/wp-json\/wp\/v2\/media?parent=5328"}],"curies":[{"name":"wp","href":"https:\/\/api.w.org\/{rel}","templated":true}]}}