{"id":5372,"date":"2015-06-08T19:18:10","date_gmt":"2015-06-08T17:18:10","guid":{"rendered":"https:\/\/blogs.ua.es\/proyectosarquitectonicos\/?page_id=5372"},"modified":"2015-06-12T11:05:52","modified_gmt":"2015-06-12T09:05:52","slug":"el-futuro-del-objeto","status":"publish","type":"page","link":"https:\/\/blogs.ua.es\/proyectosarquitectonicos\/expo-pfc-2002-2015\/el-futuro-del-objeto\/","title":{"rendered":"El futuro del objeto"},"content":{"rendered":"<h3><span style=\"color: #008d00\">c\u00f3mo el objeto se convierte en una forma de pensamiento<br \/>\n<\/span><\/h3>\n<p>http:\/\/issuu.com\/andressilanes\/docs\/8_el_futuro_del_objeto<\/p>\n<p>&nbsp;<\/p>\n<p>Comisarios:<\/p>\n<p><strong>Andr\u00e9s Silanes Calonge + Jaime Sepulcre Bernad<br \/>\n<\/strong><\/p>\n<p>&nbsp;<\/p>\n<p>Proyectos y autores:<\/p>\n<p><strong>Agua y escena \/ <\/strong>Carlos Garc\u00eda Gonz\u00e1lez<\/p>\n<p><strong>AeroHuerto de Murcia \/ <\/strong>\u00c1ngel Benigno Gonz\u00e1lez Avil\u00e9s + Mar\u00eda Isabel P\u00e9rez Mill\u00e1n<\/p>\n<p><strong>La ciudad de las infraestructuras \/ <\/strong>Sergio Corredor Navarro<\/p>\n<p><strong>Utop\u00eda n\u00ba100 [Londres 2100] \/ <\/strong>\u00c1ngel Mart\u00ednez Garc\u00eda<\/p>\n<p><strong>Sobre la conveniencia de tratar el \u00e1rea metropilitana de L.A. \/ <\/strong>Carlos S\u00e1nchez Garc\u00eda<\/p>\n<p><strong>elBulli: a\u00f1o 2014 \/ <\/strong>Azaila Jord\u00e1 Gim\u00e9nez<\/p>\n<p><strong>Mezquitados \/ <\/strong>Sergio Ramos Ruiz<\/p>\n<p><strong>Auditorio transformado ac\u00fasticamente \/ <\/strong>Laura Brotons Mart\u00ednez<\/p>\n","protected":false},"excerpt":{"rendered":"<p>c\u00f3mo el objeto se convierte en una forma de pensamiento http:\/\/issuu.com\/andressilanes\/docs\/8_el_futuro_del_objeto &nbsp; Comisarios: Andr\u00e9s Silanes Calonge + Jaime Sepulcre Bernad &nbsp; Proyectos y autores: Agua y escena \/ Carlos Garc\u00eda Gonz\u00e1lez AeroHuerto de Murcia \/ \u00c1ngel Benigno Gonz\u00e1lez Avil\u00e9s + Mar\u00eda Isabel P\u00e9rez Mill\u00e1n La ciudad de las infraestructuras \/ Sergio Corredor Navarro Utop\u00eda n\u00ba100 [&hellip;]<\/p>\n","protected":false},"author":2744,"featured_media":0,"parent":5269,"menu_order":0,"comment_status":"open","ping_status":"open","template":"","meta":{"footnotes":""},"class_list":["post-5372","page","type-page","status-publish","hentry"],"_links":{"self":[{"href":"https:\/\/blogs.ua.es\/proyectosarquitectonicos\/wp-json\/wp\/v2\/pages\/5372","targetHints":{"allow":["GET"]}}],"collection":[{"href":"https:\/\/blogs.ua.es\/proyectosarquitectonicos\/wp-json\/wp\/v2\/pages"}],"about":[{"href":"https:\/\/blogs.ua.es\/proyectosarquitectonicos\/wp-json\/wp\/v2\/types\/page"}],"author":[{"embeddable":true,"href":"https:\/\/blogs.ua.es\/proyectosarquitectonicos\/wp-json\/wp\/v2\/users\/2744"}],"replies":[{"embeddable":true,"href":"https:\/\/blogs.ua.es\/proyectosarquitectonicos\/wp-json\/wp\/v2\/comments?post=5372"}],"version-history":[{"count":2,"href":"https:\/\/blogs.ua.es\/proyectosarquitectonicos\/wp-json\/wp\/v2\/pages\/5372\/revisions"}],"predecessor-version":[{"id":5386,"href":"https:\/\/blogs.ua.es\/proyectosarquitectonicos\/wp-json\/wp\/v2\/pages\/5372\/revisions\/5386"}],"up":[{"embeddable":true,"href":"https:\/\/blogs.ua.es\/proyectosarquitectonicos\/wp-json\/wp\/v2\/pages\/5269"}],"wp:attachment":[{"href":"https:\/\/blogs.ua.es\/proyectosarquitectonicos\/wp-json\/wp\/v2\/media?parent=5372"}],"curies":[{"name":"wp","href":"https:\/\/api.w.org\/{rel}","templated":true}]}}