{"id":539,"date":"2010-03-23T12:49:29","date_gmt":"2010-03-23T11:49:29","guid":{"rendered":"https:\/\/blogs.ua.es\/proyectosarquitectonicos\/?page_id=539"},"modified":"2012-01-27T13:01:36","modified_gmt":"2012-01-27T12:01:36","slug":"539-2","status":"publish","type":"page","link":"https:\/\/blogs.ua.es\/proyectosarquitectonicos\/cursos-precedentes-2\/curso-2010-2011\/miembros\/539-2\/","title":{"rendered":"JOAQU\u00cdN ALVADO BA\u00d1\u00d3N"},"content":{"rendered":"<h1><span style=\"font-size: 14px\"><strong><span style=\"background-color: #ff8c00\">Joaqu\u00edn Alvado Ba\u00f1\u00f3n<\/span><\/strong><span style=\"background-color: #ff8c00\">.<\/span><\/span><\/h1>\n<p><span style=\"color: #808080\"><strong>Profesor Titular de Proyectos Arquitect\u00f3nicos de la Universidad de Alicante. Contacto: joaquin.alvado@ua.e <\/strong><\/span><\/p>\n<p><span style=\"color: #808080\"><strong>Curso Actual: <a href=\"https:\/\/blogs.ua.es\/proyectosarquitectonicos\/proyectos-i\/el-hombre-orquesta-digital-pensar-el-futuro-sostenible\/\">PI<\/a><br \/>\n<\/strong><\/span><\/p>\n<p><a href=\"https:\/\/blogs.ua.es\/proyectosarquitectonicos\/?attachment_id=1153\"><img loading=\"lazy\" decoding=\"async\" class=\"alignleft size-full wp-image-1153\" src=\"https:\/\/blogs.ua.es\/proyectosarquitectonicos\/files\/2010\/04\/Joaquin_web.jpg\" alt=\"\" width=\"129\" height=\"200\" \/><\/a>Doctor Arquitecto por la E.T.S.A.V., en el \u00e1rea de Proyectos arquitect\u00f3nicos. Sobresaliente Cum Laude con la Tesis \u201cEl viaje del Na\u00fafrago. La construcci\u00f3n de un pensamiento cr\u00edtico sobre la ciudad\u201d, que reflexiona sobre los nuevos l\u00edmites de la ciudad din\u00e1mica.<\/p>\n<p>M\u00e1ster en Proyectos Arquitect\u00f3nicos por el C.S.A.<\/p>\n<p>Colaborador en diversos estudios de arquitectura hasta que abre estudio propio en 1998.<\/p>\n<p><strong>Sus obras construidas<\/strong>, este \u00faltimo a\u00f1o, han sido seleccionadas en la X Bienal de Arquitectura Espa\u00f1ola (K), en la Muestra de Arquitectura de Alicante 06\/07 (E) y recopiladas y publicadas en los libros de arquitectura internacional contempor\u00e1nea. \u201c1000 x Landscape Architecture\u201d (F), \u201cSpain Architects (Housing III) (K)\u201d y \u201cCollection: Landscape architecture\u201d(F).<\/p>\n<p>Entre sus obras construidas destacan las viviendas T, L, D, Q, R, K, E y F desde Madrid hasta Alicante. En proceso se encuentran el proyecto del Paseo Mar\u00edtimo de Villajoyosa (S), La calle Mayor y Plaza de Pilar de la Horadada (I), un Centro Comercial para el I.V.V.S.A. (B) y las estructuras parlantes Y y A.<\/p>\n<p><strong> Sus pro<\/strong><strong>yectos<\/strong> han obtenido diversos premios y menciones nacionales e internacionales en Concursos de Ideas de Anteproyectos de Arquitectura (Asturias, Guadalajara, L\u00e9rida, Madrid, Bilbao, Alicante, Valencia&#8230;). Estos proyectos han sido presentados en diversas publicaciones: Quaderns, Arquitectura (C.O.A.M.), ViA, Wallpaper, Future Arquitecturas, Paisea, L.D, Magazine, TC Cuadernos, DAU (documents d&#8217;arquitectura i urbanismo), AITIM, ARA,&#8230;, y en diversos foros de arquitectura contempor\u00e1nea.<\/p>\n<p><strong> Su tarea docente<\/strong> la lleva a cabo como Profesor Titular de Escuela Universitaria de Proyectos Arquitect\u00f3nicos de la AeA (Alicante) desde 1998.<\/p>\n<p><strong> Su tarea investigativa<\/strong> la lleva a acabo co-dirijiendo y colaborando con el arquitecto Toyo Ito \u00a0en el proyecto de Parque de Relajaci\u00f3n y Balneario en Torrevieja (Alicante) y en la escritura de la relaci\u00f3n entre Matem\u00e1tica y Arquitectura.<\/p>\n","protected":false},"excerpt":{"rendered":"<p>Joaqu\u00edn Alvado Ba\u00f1\u00f3n. Profesor Titular de Proyectos Arquitect\u00f3nicos de la Universidad de Alicante. Contacto: joaquin.alvado@ua.e Curso Actual: PI Doctor Arquitecto por la E.T.S.A.V., en el \u00e1rea de Proyectos arquitect\u00f3nicos. Sobresaliente Cum Laude con la Tesis \u201cEl viaje del Na\u00fafrago. La construcci\u00f3n de un pensamiento cr\u00edtico sobre la ciudad\u201d, que reflexiona sobre los nuevos l\u00edmites de [&hellip;]<\/p>\n","protected":false},"author":1583,"featured_media":0,"parent":24,"menu_order":0,"comment_status":"open","ping_status":"open","template":"","meta":{"footnotes":""},"class_list":["post-539","page","type-page","status-publish","hentry"],"_links":{"self":[{"href":"https:\/\/blogs.ua.es\/proyectosarquitectonicos\/wp-json\/wp\/v2\/pages\/539","targetHints":{"allow":["GET"]}}],"collection":[{"href":"https:\/\/blogs.ua.es\/proyectosarquitectonicos\/wp-json\/wp\/v2\/pages"}],"about":[{"href":"https:\/\/blogs.ua.es\/proyectosarquitectonicos\/wp-json\/wp\/v2\/types\/page"}],"author":[{"embeddable":true,"href":"https:\/\/blogs.ua.es\/proyectosarquitectonicos\/wp-json\/wp\/v2\/users\/1583"}],"replies":[{"embeddable":true,"href":"https:\/\/blogs.ua.es\/proyectosarquitectonicos\/wp-json\/wp\/v2\/comments?post=539"}],"version-history":[{"count":44,"href":"https:\/\/blogs.ua.es\/proyectosarquitectonicos\/wp-json\/wp\/v2\/pages\/539\/revisions"}],"predecessor-version":[{"id":545,"href":"https:\/\/blogs.ua.es\/proyectosarquitectonicos\/wp-json\/wp\/v2\/pages\/539\/revisions\/545"}],"up":[{"embeddable":true,"href":"https:\/\/blogs.ua.es\/proyectosarquitectonicos\/wp-json\/wp\/v2\/pages\/24"}],"wp:attachment":[{"href":"https:\/\/blogs.ua.es\/proyectosarquitectonicos\/wp-json\/wp\/v2\/media?parent=539"}],"curies":[{"name":"wp","href":"https:\/\/api.w.org\/{rel}","templated":true}]}}