{"id":5393,"date":"2015-06-15T12:09:54","date_gmt":"2015-06-15T10:09:54","guid":{"rendered":"https:\/\/blogs.ua.es\/proyectosarquitectonicos\/?page_id=5393"},"modified":"2015-06-15T12:11:31","modified_gmt":"2015-06-15T10:11:31","slug":"materiales-cooperantes","status":"publish","type":"page","link":"https:\/\/blogs.ua.es\/proyectosarquitectonicos\/expo-pfc-2002-2015\/materiales-cooperantes\/","title":{"rendered":"Materiales cooperantes"},"content":{"rendered":"<h3><span style=\"color: #ff42ff\">tecnolog\u00edas y espacios de negociaci\u00f3n (artefactos, mesas de debate, recursos, mapas) que ayudan a proyectar con grupos humanos.<\/span><\/h3>\n<p>http:\/\/issuu.com\/playstudio\/docs\/materiales_cooperantes<\/p>\n<p>&nbsp;<\/p>\n<p>Comisarios:<\/p>\n<p><strong>Jos\u00e9 Carrasco Hortal<br \/>\n<\/strong><\/p>\n<p>&nbsp;<\/p>\n<p>Proyectos y autores:<\/p>\n<p><strong>Bikoro para un Centro Social (Guinea Ecuatorial)<\/strong> \/ In\u00e9s Vilanova Blanes<\/p>\n<p><strong>Tejidos, trenzados y estampados en el paisaje del Rio Molinar (Alcoy)<\/strong> \/ Amelia Vilaplana de Miguel<\/p>\n<p><strong>Mapas de itinerarios de aprendizaje colectivos<\/strong> \/ Sergi Hern\u00e1ndez Carretero<\/p>\n<p><strong>Bonoespigador: observatorio de ventas ambulantes (Alicante)<\/strong> \/ Julia Cervantes Corazzina<\/p>\n<p><strong>Patrimonio intangible, formas de trabajo post-cat\u00e1strofe (Lorca)<\/strong> \/ Maria Ybarra Enguix<\/p>\n<p><strong>Flow-Know: gamifi cando el reparto de tareas (Mydiat, Kurdist\u00e1n)<\/strong> \/ Paula Ferrando Juli\u00e0<\/p>\n<p><strong>Post-Territorios. Metalectura de paisajes productivos (Bah\u00eda de C\u00e1diz)<\/strong> \/ Gonzalo Herrero Delicado<\/p>\n<p><strong>La Subterr\u00e1nea: maqueta-simulador del t\u00fanel de Guanajuato (M\u00e9xico)<\/strong> \/ Juan Manuel S\u00e1nchez<\/p>\n<p><strong>La Maison S\u00e9n\u00e9galaise: inicio de red cooperante (Dindefelo, Senegal)<\/strong> \/ Carolina Moyano, Jos\u00e9 Moyano<\/p>\n<p><strong>Ecosistema reciclado: poniendo en valor el humedal del Hondo (Elche)<\/strong> \/ Rafa P\u00e9rez Hern\u00e1ndez<\/p>\n<p><strong>Repensando paisajes industriales invasivos (San Pedro y Mar Menor)<\/strong> \/ Cristina Ib\u00e1\u00f1ez Moreno<\/p>\n<p><strong>Dise\u00f1o de recursos para un patrimonio rural obsoleto<\/strong> \/ Jorge Bermejo Pascual<\/p>\n<p><strong>Formas de emancipaci\u00f3n en fronteras inestables (Oasis de hamid)<\/strong> \/ Mar\u00eda G\u00f3mez Javaloyes<\/p>\n<p>&nbsp;<\/p>\n","protected":false},"excerpt":{"rendered":"<p>tecnolog\u00edas y espacios de negociaci\u00f3n (artefactos, mesas de debate, recursos, mapas) que ayudan a proyectar con grupos humanos. http:\/\/issuu.com\/playstudio\/docs\/materiales_cooperantes &nbsp; Comisarios: Jos\u00e9 Carrasco Hortal &nbsp; Proyectos y autores: Bikoro para un Centro Social (Guinea Ecuatorial) \/ In\u00e9s Vilanova Blanes Tejidos, trenzados y estampados en el paisaje del Rio Molinar (Alcoy) \/ Amelia Vilaplana de Miguel [&hellip;]<\/p>\n","protected":false},"author":2744,"featured_media":0,"parent":5269,"menu_order":0,"comment_status":"open","ping_status":"open","template":"","meta":{"footnotes":""},"class_list":["post-5393","page","type-page","status-publish","hentry"],"_links":{"self":[{"href":"https:\/\/blogs.ua.es\/proyectosarquitectonicos\/wp-json\/wp\/v2\/pages\/5393","targetHints":{"allow":["GET"]}}],"collection":[{"href":"https:\/\/blogs.ua.es\/proyectosarquitectonicos\/wp-json\/wp\/v2\/pages"}],"about":[{"href":"https:\/\/blogs.ua.es\/proyectosarquitectonicos\/wp-json\/wp\/v2\/types\/page"}],"author":[{"embeddable":true,"href":"https:\/\/blogs.ua.es\/proyectosarquitectonicos\/wp-json\/wp\/v2\/users\/2744"}],"replies":[{"embeddable":true,"href":"https:\/\/blogs.ua.es\/proyectosarquitectonicos\/wp-json\/wp\/v2\/comments?post=5393"}],"version-history":[{"count":3,"href":"https:\/\/blogs.ua.es\/proyectosarquitectonicos\/wp-json\/wp\/v2\/pages\/5393\/revisions"}],"predecessor-version":[{"id":5397,"href":"https:\/\/blogs.ua.es\/proyectosarquitectonicos\/wp-json\/wp\/v2\/pages\/5393\/revisions\/5397"}],"up":[{"embeddable":true,"href":"https:\/\/blogs.ua.es\/proyectosarquitectonicos\/wp-json\/wp\/v2\/pages\/5269"}],"wp:attachment":[{"href":"https:\/\/blogs.ua.es\/proyectosarquitectonicos\/wp-json\/wp\/v2\/media?parent=5393"}],"curies":[{"name":"wp","href":"https:\/\/api.w.org\/{rel}","templated":true}]}}