{"id":5398,"date":"2015-06-15T12:15:07","date_gmt":"2015-06-15T10:15:07","guid":{"rendered":"https:\/\/blogs.ua.es\/proyectosarquitectonicos\/?page_id=5398"},"modified":"2015-06-15T12:19:36","modified_gmt":"2015-06-15T10:19:36","slug":"domestic-common","status":"publish","type":"page","link":"https:\/\/blogs.ua.es\/proyectosarquitectonicos\/expo-pfc-2002-2015\/domestic-common\/","title":{"rendered":"Domestic common"},"content":{"rendered":"<h3><span style=\"color: #fe0000\">un viaje a trav\u00e9s de algunas pr\u00e1cticas docentes en la AeA, la arquitectura dom\u00e9stica en alguno de sus PFCs y la cuesti\u00f3n del Bien Com\u00fan<\/span><\/h3>\n<p>http:\/\/issuu.com\/playstudio\/docs\/domestic_common<\/p>\n<p>Comisarios:<\/p>\n<p><strong>Antonio Abell\u00e1n Alarc\u00f3n + Javier Esquiva L\u00f3pez<br \/>\n<\/strong><\/p>\n<p>&nbsp;<\/p>\n<p>Proyectos y autores:<\/p>\n<p><strong>Circuito urbano de ocio no productivo<\/strong> \/ Ayara Mendo P\u00e9rez y Mar Melgarejo Torralba<\/p>\n<p><strong>Flujo de Trabajo<\/strong> \/ Jorge Toledo Garc\u00eda<\/p>\n<p><strong>Mi casa XY<\/strong> \/ Sara Gimenez Espejo<\/p>\n<p><strong>Estudio de las Ciudades en Transici\u00f3n. Estrategias para una aceleraci\u00f3n en el desarrollo <\/strong>\/ Estefania Mompean Botias<\/p>\n<p><strong>La Huerta de Murcia_Un tejido familiar<\/strong> \/ Javier Esquiva L\u00f3pez<\/p>\n<p><strong>Recorrer una Infraestructura<\/strong> \/ Adri\u00e1n Segura Sanchez<\/p>\n<p>&nbsp;<\/p>\n","protected":false},"excerpt":{"rendered":"<p>un viaje a trav\u00e9s de algunas pr\u00e1cticas docentes en la AeA, la arquitectura dom\u00e9stica en alguno de sus PFCs y la cuesti\u00f3n del Bien Com\u00fan http:\/\/issuu.com\/playstudio\/docs\/domestic_common Comisarios: Antonio Abell\u00e1n Alarc\u00f3n + Javier Esquiva L\u00f3pez &nbsp; Proyectos y autores: Circuito urbano de ocio no productivo \/ Ayara Mendo P\u00e9rez y Mar Melgarejo Torralba Flujo de Trabajo [&hellip;]<\/p>\n","protected":false},"author":2744,"featured_media":0,"parent":5269,"menu_order":0,"comment_status":"open","ping_status":"open","template":"","meta":{"footnotes":""},"class_list":["post-5398","page","type-page","status-publish","hentry"],"_links":{"self":[{"href":"https:\/\/blogs.ua.es\/proyectosarquitectonicos\/wp-json\/wp\/v2\/pages\/5398","targetHints":{"allow":["GET"]}}],"collection":[{"href":"https:\/\/blogs.ua.es\/proyectosarquitectonicos\/wp-json\/wp\/v2\/pages"}],"about":[{"href":"https:\/\/blogs.ua.es\/proyectosarquitectonicos\/wp-json\/wp\/v2\/types\/page"}],"author":[{"embeddable":true,"href":"https:\/\/blogs.ua.es\/proyectosarquitectonicos\/wp-json\/wp\/v2\/users\/2744"}],"replies":[{"embeddable":true,"href":"https:\/\/blogs.ua.es\/proyectosarquitectonicos\/wp-json\/wp\/v2\/comments?post=5398"}],"version-history":[{"count":3,"href":"https:\/\/blogs.ua.es\/proyectosarquitectonicos\/wp-json\/wp\/v2\/pages\/5398\/revisions"}],"predecessor-version":[{"id":5400,"href":"https:\/\/blogs.ua.es\/proyectosarquitectonicos\/wp-json\/wp\/v2\/pages\/5398\/revisions\/5400"}],"up":[{"embeddable":true,"href":"https:\/\/blogs.ua.es\/proyectosarquitectonicos\/wp-json\/wp\/v2\/pages\/5269"}],"wp:attachment":[{"href":"https:\/\/blogs.ua.es\/proyectosarquitectonicos\/wp-json\/wp\/v2\/media?parent=5398"}],"curies":[{"name":"wp","href":"https:\/\/api.w.org\/{rel}","templated":true}]}}