{"id":552,"date":"2010-03-23T13:21:03","date_gmt":"2010-03-23T12:21:03","guid":{"rendered":"https:\/\/blogs.ua.es\/proyectosarquitectonicos\/?page_id=552"},"modified":"2010-05-20T12:06:00","modified_gmt":"2010-05-20T11:06:00","slug":"juan-carlos-castro","status":"publish","type":"page","link":"https:\/\/blogs.ua.es\/proyectosarquitectonicos\/cursos-precedentes-2\/curso-2010-2011\/miembros\/juan-carlos-castro\/","title":{"rendered":"JUAN CARLOS CASTRO"},"content":{"rendered":"<h1><span style=\"font-size: 14px\"><span><strong><span style=\"background-color: #ff8c00\">Juan Carlos Castro<\/span><\/strong><\/span><\/span><\/h1>\n<p><span style=\"color: #808080\"><strong>Profesor Ayudante de Proyectos Arquitect\u00f3nicos de la Universidad de Alicante. Contacto: jc.castro@ua.es. <\/strong><\/span><\/p>\n<p><span style=\"color: #808080\"><strong>Curso actual: <a href=\"https:\/\/blogs.ua.es\/proyectosarquitectonicos\/proyectos-iii\/piii-0-1\/\">PIII<\/a><br \/>\n<\/strong><\/span><\/p>\n<p><a href=\"https:\/\/blogs.ua.es\/proyectosarquitectonicos\/?attachment_id=1152\"><img loading=\"lazy\" decoding=\"async\" class=\"alignleft size-full wp-image-1152\" title=\"JCC_web\" src=\"https:\/\/blogs.ua.es\/proyectosarquitectonicos\/files\/2010\/04\/JCC_web.jpg\" alt=\"\" width=\"300\" height=\"200\" \/><\/a>Arquitecto por la ETSAVall\u00e8s desde 2001. En el 2003 obtuvo beca de la Fundaci\u00f3n Mies van der Rohe y desde 2005 T\u00edtulo Propio de Especialista en Arquitecturas Complejas por la UA. Como arquitecto ha sido premiado en el IV y V PREMIO J\u00d3VENES ARQUITECTOS AJAC\u00a0 y seleccionado para la exposici\u00f3n y cat\u00e1logo de ARQUIA\/PR\u00d3XIMA 2008, de la Fundaci\u00f3n Caja de Arquitectos.<\/p>\n<p>Profesor asociado en Proyectos Arquitect\u00f3nicos durante el curso 2005\/06 y profesor ayudante desde 2007, adem\u00e1s de \u00a0coordinar junto a Miguel Mesa el <em>Laboratorio de Arquitectura y Computaci\u00f3n {LAC}. <\/em>Actualmente finalizando el doctorado en ARQUITECTURA, CIUDAD, OBRA CIVIL Y SU CONSTRUCCI\u00d3N, Universidad de Alicante.<\/p>\n","protected":false},"excerpt":{"rendered":"<p>Juan Carlos Castro Profesor Ayudante de Proyectos Arquitect\u00f3nicos de la Universidad de Alicante. Contacto: jc.castro@ua.es. Curso actual: PIII Arquitecto por la ETSAVall\u00e8s desde 2001. En el 2003 obtuvo beca de la Fundaci\u00f3n Mies van der Rohe y desde 2005 T\u00edtulo Propio de Especialista en Arquitecturas Complejas por la UA. Como arquitecto ha sido premiado en [&hellip;]<\/p>\n","protected":false},"author":1583,"featured_media":0,"parent":24,"menu_order":0,"comment_status":"open","ping_status":"open","template":"","meta":{"footnotes":""},"class_list":["post-552","page","type-page","status-publish","hentry"],"_links":{"self":[{"href":"https:\/\/blogs.ua.es\/proyectosarquitectonicos\/wp-json\/wp\/v2\/pages\/552","targetHints":{"allow":["GET"]}}],"collection":[{"href":"https:\/\/blogs.ua.es\/proyectosarquitectonicos\/wp-json\/wp\/v2\/pages"}],"about":[{"href":"https:\/\/blogs.ua.es\/proyectosarquitectonicos\/wp-json\/wp\/v2\/types\/page"}],"author":[{"embeddable":true,"href":"https:\/\/blogs.ua.es\/proyectosarquitectonicos\/wp-json\/wp\/v2\/users\/1583"}],"replies":[{"embeddable":true,"href":"https:\/\/blogs.ua.es\/proyectosarquitectonicos\/wp-json\/wp\/v2\/comments?post=552"}],"version-history":[{"count":45,"href":"https:\/\/blogs.ua.es\/proyectosarquitectonicos\/wp-json\/wp\/v2\/pages\/552\/revisions"}],"predecessor-version":[{"id":555,"href":"https:\/\/blogs.ua.es\/proyectosarquitectonicos\/wp-json\/wp\/v2\/pages\/552\/revisions\/555"}],"up":[{"embeddable":true,"href":"https:\/\/blogs.ua.es\/proyectosarquitectonicos\/wp-json\/wp\/v2\/pages\/24"}],"wp:attachment":[{"href":"https:\/\/blogs.ua.es\/proyectosarquitectonicos\/wp-json\/wp\/v2\/media?parent=552"}],"curies":[{"name":"wp","href":"https:\/\/api.w.org\/{rel}","templated":true}]}}