{"id":5526,"date":"2015-10-07T18:48:45","date_gmt":"2015-10-07T16:48:45","guid":{"rendered":"https:\/\/blogs.ua.es\/proyectosarquitectonicos\/?page_id=5526"},"modified":"2015-10-07T18:48:45","modified_gmt":"2015-10-07T16:48:45","slug":"g2-javier-pena","status":"publish","type":"page","link":"https:\/\/blogs.ua.es\/proyectosarquitectonicos\/g2-javier-pena\/","title":{"rendered":"G2. Javier Pe\u00f1a"},"content":{"rendered":"<p><a href=\"https:\/\/blogs.ua.es\/proyectosarquitectonicos\/files\/2015\/09\/Imagen1.jpg\"><img loading=\"lazy\" decoding=\"async\" class=\"aligncenter size-medium wp-image-5646\" src=\"https:\/\/blogs.ua.es\/proyectosarquitectonicos\/files\/2015\/09\/Imagen1-300x225.jpg\" alt=\"Imagen1\" width=\"300\" height=\"225\" srcset=\"https:\/\/blogs.ua.es\/proyectosarquitectonicos\/files\/2015\/09\/Imagen1-300x225.jpg 300w, https:\/\/blogs.ua.es\/proyectosarquitectonicos\/files\/2015\/09\/Imagen1-1024x768.jpg 1024w, https:\/\/blogs.ua.es\/proyectosarquitectonicos\/files\/2015\/09\/Imagen1-150x113.jpg 150w, https:\/\/blogs.ua.es\/proyectosarquitectonicos\/files\/2015\/09\/Imagen1-400x300.jpg 400w, https:\/\/blogs.ua.es\/proyectosarquitectonicos\/files\/2015\/09\/Imagen1.jpg 1502w\" sizes=\"auto, (max-width: 300px) 100vw, 300px\" \/><\/a><\/p>\n<h4><strong>PIXEL ATMOSF\u00c9RICO 3<\/strong><\/h4>\n<p>A partir de la experiencia del curso 2014-2015 proponemos revisar el potencial de la &#8220;arquitectura atmosf\u00e9rica&#8221; como un campo de investigaci\u00f3n tanto para el alumno como para el profesorado.<\/p>\n<p>La interacci\u00f3n entre usuarios y diferentes climas del mundo, mediada por un dispositivo de peque\u00f1a escala, m\u00e1s all\u00e1 de proteger intenta vincular todos los procesos metab\u00f3licos que rodean el d\u00eda a d\u00eda de los personajes.<\/p>\n<p>A trav\u00e9s de diferentes pr\u00e1cticas el alumno se va introduciendo en las l\u00f3gicas clim\u00e1ticas, energ\u00e9ticas y tecnol\u00f3gicas que informan el proyecto, secuenciadas en trabajos en grupo e individuales y usando la clase como taller.<\/p>\n<p>El proceso de generaci\u00f3n de cada proyecto est\u00e1 siempre abierto en una b\u00fasqueda continua de la edici\u00f3n al introducir nuevos par\u00e1metros de dise\u00f1o. Para ello se propone alternar formatos espec\u00edficos que potencien visiones complementarias en el alumno.<\/p>\n<p>Para dar pie a cada uno de los ciclos de proyecto se realizan micro-conferencias en el aula, con un car\u00e1cter marcadamente interactivo y colectivo.<\/p>\n<p>La formaci\u00f3n cultural y en concreto los viajes ayudan a dar una visi\u00f3n m\u00e1s compleja y experiencial que la que tiene lugar en el aula. Por ello se propone la realizaci\u00f3n de varios viajes cercanos ligados a los par\u00e1metros de dise\u00f1o que se est\u00e1n poniendo en pr\u00e1ctica en cada momento.<\/p>\n<p>Las buenas sensaciones que los alumnos nos han transmitido a final del curso 2014-2015 respecto a la estructura del mismo y a lo preciso del contenido del enunciado nos estimula a profundizar en esta l\u00ednea docente dentro de la variada oferta proyectual de la Universidad de Alicante.<\/p>\n","protected":false},"excerpt":{"rendered":"<p>PIXEL ATMOSF\u00c9RICO 3 A partir de la experiencia del curso 2014-2015 proponemos revisar el potencial de la &#8220;arquitectura atmosf\u00e9rica&#8221; como un campo de investigaci\u00f3n tanto para el alumno como para el profesorado. La interacci\u00f3n entre usuarios y diferentes climas del mundo, mediada por un dispositivo de peque\u00f1a escala, m\u00e1s all\u00e1 de proteger intenta vincular todos [&hellip;]<\/p>\n","protected":false},"author":1037,"featured_media":0,"parent":0,"menu_order":0,"comment_status":"open","ping_status":"open","template":"","meta":{"footnotes":""},"class_list":["post-5526","page","type-page","status-publish","hentry"],"_links":{"self":[{"href":"https:\/\/blogs.ua.es\/proyectosarquitectonicos\/wp-json\/wp\/v2\/pages\/5526","targetHints":{"allow":["GET"]}}],"collection":[{"href":"https:\/\/blogs.ua.es\/proyectosarquitectonicos\/wp-json\/wp\/v2\/pages"}],"about":[{"href":"https:\/\/blogs.ua.es\/proyectosarquitectonicos\/wp-json\/wp\/v2\/types\/page"}],"author":[{"embeddable":true,"href":"https:\/\/blogs.ua.es\/proyectosarquitectonicos\/wp-json\/wp\/v2\/users\/1037"}],"replies":[{"embeddable":true,"href":"https:\/\/blogs.ua.es\/proyectosarquitectonicos\/wp-json\/wp\/v2\/comments?post=5526"}],"version-history":[{"count":2,"href":"https:\/\/blogs.ua.es\/proyectosarquitectonicos\/wp-json\/wp\/v2\/pages\/5526\/revisions"}],"predecessor-version":[{"id":5647,"href":"https:\/\/blogs.ua.es\/proyectosarquitectonicos\/wp-json\/wp\/v2\/pages\/5526\/revisions\/5647"}],"wp:attachment":[{"href":"https:\/\/blogs.ua.es\/proyectosarquitectonicos\/wp-json\/wp\/v2\/media?parent=5526"}],"curies":[{"name":"wp","href":"https:\/\/api.w.org\/{rel}","templated":true}]}}