{"id":5535,"date":"2015-09-30T13:07:06","date_gmt":"2015-09-30T11:07:06","guid":{"rendered":"https:\/\/blogs.ua.es\/proyectosarquitectonicos\/?page_id=5535"},"modified":"2015-09-30T13:41:34","modified_gmt":"2015-09-30T11:41:34","slug":"g2-jose-carrasco","status":"publish","type":"page","link":"https:\/\/blogs.ua.es\/proyectosarquitectonicos\/g2-jose-carrasco\/","title":{"rendered":"G2. Jose Carrasco"},"content":{"rendered":"<h4><strong>1 a 50: Sella + \u2026<\/strong><\/h4>\n<p>Taller Common Extra House Lab 2015-2016: <strong>Proyectos 6 y 7 (Antonio Abell\u00e1n)<\/strong>, <strong>Proyectos 8 (Jos\u00e9 Carrasco)<\/strong><\/p>\n<p><strong>Marco de trabajo<\/strong><\/p>\n<p>Ante la actitud de ciudadanos que esperan que la ciencia y los pol\u00edticos inventen soluciones para la escasez progresiva de recursos y energ\u00edas, muchos otros, pobladores locales o migrantes, empiezan a escoger vivir en n\u00facleos urbanos o rurales de densidad contenida (no superpoblada), p.e. Sella, acopl\u00e1ndose a las reglas de convivencia, calendario, pactos de uso y disfrute del espacio p\u00fablico, generando una relaci\u00f3n de retroalimentaci\u00f3n simbi\u00f3tica con el medio natural. Estos nuevos pobladores se podr\u00edan explicar como ejemplos del movimiento decrecentista, aquel que cuestiona los postulados del crecimiento sostenible y que es capaz de solapar al tejido existente nuevas formas de habitar.<\/p>\n<p>Plaza Mayor de Sella<\/p>\n<p><strong>Organizaci\u00f3n temporal<\/strong><\/p>\n<ol>\n<li>1er cuatr. P6 (Antonio Abell\u00e1n) + P8 (Jose Carrasco). Lugar: Sella (50 alumnos, 2 profesores y 600 hab).<\/li>\n<li>2\u00ba cuatrimestre. P7 (Antonio Abell\u00e1n). Lugar: a determinar (ant\u00edtesis de Sella, probablemente San Juan o La Albufereta de Alicante (25 alumnos, 1 profesor y 30.000 hab).<\/li>\n<\/ol>\n<p><strong>Metodolog\u00eda<\/strong><\/p>\n<ol>\n<li>Desplazamiento vulnerable (outsider dislocation). Es aquel que usa metodolog\u00edas de trabajo ajenas a las entendidas como disciplinares por lo que con ellas cuesta alcanzar un grado de legitimidad. Por ejemplo, recursos de observaci\u00f3n etnogr\u00e1fica propios de la antropolog\u00eda, interpretaciones clim\u00e1ticas propias de las ciencias ambientales, o indicadores cartogr\u00e1ficos propios de la geograf\u00eda f\u00edsica.<\/li>\n<li>Son aquellas personas aut\u00f3ctonas que, cuando intentamos estudiar la relaci\u00f3n entre naturaleza y territorio, funcionan como intermediarios. Son puentes hacia el territorio de donde proceden, son gente que no necesitan mostrarse, simplemente hacen: en el mundo rural tiene la dignidad y la sabidur\u00eda del simple hacer, se detectan porque hablan de que las cosas no perduran, simplemente vuelven (Boadas 2002). Al intentar registrarlo, su hacer se escenifica y su intimidad y profundidad interior se hace visible: es una intimidad vivida en una hect\u00e1rea de terreno. la tarea del estudiante es detectar los l\u00edmites de esta hect\u00e1rea de la huerta, campo, pueblo, y que le permite profundizar en las cosas (Gonz\u00e1lez, 2014).<\/li>\n<li>Fabricaci\u00f3n cr\u00edtica (critical making). Es un modo de adquirir un compromiso c\u00edvico a trav\u00e9s de la experimentaci\u00f3n material, que ayuda a convertir cuestiones de hecho (aquellas que aparentemente nos vienen dadas y somos incapaces de alterar) en asuntos de inter\u00e9s (matter of concern en t\u00e9rminos latourianos) (Latour 2008).<\/li>\n<li>Es una forma de proyectar enunciada por Lacaton y Vassal en base a la cual se producen cruces tipol\u00f3gicos y constructivos. Es una incitaci\u00f3n a contravenir creativamente las convenciones, como en el caso de una vivienda que se presenta como invernadero, que consigue tergiversar y tomar posici\u00f3n sobre preferencias y formas de vida.<\/li>\n<\/ol>\n<p><strong>Sella y el barranco de L\u2019Arc<\/strong><\/p>\n<p>Sella es un tejido urbano en proceso de despoblamiento que conserva unos valores de comunidad muy arraigados a base de acontecimientos compartidos en calles y plazas los cuales, junto con otros valores territoriales-paisaj\u00edsticos, lo convierten en lugar de destino final para potenciales perfiles de residentes y visitantes.<\/p>\n<p>Un caso paradigm\u00e1tico podr\u00eda ser el calendario compartido de eventos que tienen lugar en la Plaza Mayor de Sella a lo largo de a\u00f1o y que se solapan a otros usos cotidianos, y un caso nuevo de visitante es el escalador que llega con su familia al refugio la Font de L\u2019Arc.<\/p>\n<p><strong>Bibliograf\u00eda<\/strong><\/p>\n<p>Baraona, E. 2010. \u201cArquitectura y termodin\u00e1mica o el arte de decrecer\u201d. <a href=\"http:\/\/laciudadviva.org\">http:\/\/laciudadviva.org<\/a><\/p>\n<p>Boadas, M. y Saur\u00ed, D., 2002. \u201cEl cambio global\u201d. Barcelona: Editorial Rubes. <a href=\"http:\/\/www.ub.edu\/geocrit\/b3w-427.htm\">http:\/\/www.ub.edu\/geocrit\/b3w-427.htm<\/a>. Y <a href=\"http:\/\/www.revistainfancia.org\/manoli\/conversando\/mboada.qxd.pdf\">http:\/\/www.revistainfancia.org\/manoli\/conversando\/mboada.qxd.pdf<\/a><\/p>\n<p>Estalella, A. 2015. \u201cDispositivos de campo: re-imaginaciones para la etnograf\u00eda\u201d <a href=\"http:\/\/xcol.org\/blog\/2015\/07\/dispositivos-de-campo-re-imaginaciones-para-la-etnografia\/\">http:\/\/xcol.org\/blog\/2015\/07\/dispositivos-de-campo-re-imaginaciones-para-la-etnografia\/<\/a><\/p>\n<p>Gonz\u00e1lez, I. y Otero, I., 2014. \u201cRevoltes\u201d. Edicions Dau.<\/p>\n<p>Goodbun, J., Till, J., Iossifova, D.. 2012. \u201cScarcity. Architecture in an age of depleting resources\u201d AD n\u00ba218.<\/p>\n<p>Lacaton y Vassal. <a href=\"http:\/\/www.lacatonvassal.com\/\">http:\/\/www.lacatonvassal.com\/<\/a>: proyecto de Place L\u00e9on Aucoc en Burdeos entre otros.<\/p>\n<p>Ruby, I. y Ruby, A. 2012. \u201cEspacio extra, extra grande. Sobre Lacaton &amp; Vassal\u201d. Revista 2G, p 6-10.<\/p>\n<p>Latour, B. y Weibel, 2005. \u201cMaking things public: atmospheres of democracy\u201d. Cambridge, MA: MIT Press.<\/p>\n<p>Latour, B. 2008. \u201cA cautious Prometheus? A few steps towards a philosophy of design (with special attention to Peter Sloterdijk)\u201d. Keynote lecture for Network of Design, Falmouth, Cornwall.<\/p>\n<p>Zuloark, 2007 \u201cThe five conditions\u201d. Europan 7 de Lillestrom y Loures.<\/p>\n<p>Degrowth Leipzig Conference 2014. <a href=\"http:\/\/www.degrowth.de\">www.degrowth.de<\/a><\/p>\n<p><a href=\"http:\/\/www.nundo.org\/\">http:\/\/www.nundo.org\/<\/a><\/p>\n<p><a href=\"http:\/\/www.degrowth.org\/\">http:\/\/www.degrowth.org\/<\/a><\/p>\n<p>(La poblaci\u00f3n de Sella es de unos 600 habs. y tiende a menguar; la poblaci\u00f3n de un destino tur\u00edstico de la costa que se escoger\u00e1 para el segundo cuatrimestre estar\u00e1 entre 20.000 y 30.000 habs. y todas tienden a crecer. De ah\u00ed el nombre \u201c1 a 50\u201d).<\/p>\n","protected":false},"excerpt":{"rendered":"<p>1 a 50: Sella + \u2026 Taller Common Extra House Lab 2015-2016: Proyectos 6 y 7 (Antonio Abell\u00e1n), Proyectos 8 (Jos\u00e9 Carrasco) Marco de trabajo Ante la actitud de ciudadanos que esperan que la ciencia y los pol\u00edticos inventen soluciones para la escasez progresiva de recursos y energ\u00edas, muchos otros, pobladores locales o migrantes, empiezan [&hellip;]<\/p>\n","protected":false},"author":1037,"featured_media":0,"parent":0,"menu_order":0,"comment_status":"open","ping_status":"open","template":"","meta":{"footnotes":""},"class_list":["post-5535","page","type-page","status-publish","hentry"],"_links":{"self":[{"href":"https:\/\/blogs.ua.es\/proyectosarquitectonicos\/wp-json\/wp\/v2\/pages\/5535","targetHints":{"allow":["GET"]}}],"collection":[{"href":"https:\/\/blogs.ua.es\/proyectosarquitectonicos\/wp-json\/wp\/v2\/pages"}],"about":[{"href":"https:\/\/blogs.ua.es\/proyectosarquitectonicos\/wp-json\/wp\/v2\/types\/page"}],"author":[{"embeddable":true,"href":"https:\/\/blogs.ua.es\/proyectosarquitectonicos\/wp-json\/wp\/v2\/users\/1037"}],"replies":[{"embeddable":true,"href":"https:\/\/blogs.ua.es\/proyectosarquitectonicos\/wp-json\/wp\/v2\/comments?post=5535"}],"version-history":[{"count":3,"href":"https:\/\/blogs.ua.es\/proyectosarquitectonicos\/wp-json\/wp\/v2\/pages\/5535\/revisions"}],"predecessor-version":[{"id":5618,"href":"https:\/\/blogs.ua.es\/proyectosarquitectonicos\/wp-json\/wp\/v2\/pages\/5535\/revisions\/5618"}],"wp:attachment":[{"href":"https:\/\/blogs.ua.es\/proyectosarquitectonicos\/wp-json\/wp\/v2\/media?parent=5535"}],"curies":[{"name":"wp","href":"https:\/\/api.w.org\/{rel}","templated":true}]}}