{"id":5708,"date":"2015-11-16T11:36:54","date_gmt":"2015-11-16T10:36:54","guid":{"rendered":"https:\/\/blogs.ua.es\/proyectosarquitectonicos\/?page_id=5708"},"modified":"2015-11-16T11:36:54","modified_gmt":"2015-11-16T10:36:54","slug":"el-modelo-alicante","status":"publish","type":"page","link":"https:\/\/blogs.ua.es\/proyectosarquitectonicos\/expo-pfc-2002-2015\/el-modelo-alicante\/","title":{"rendered":"El modelo Alicante"},"content":{"rendered":"<h3>Introducci\u00f3n a una exposici\u00f3n:<\/h3>\n<h3>Una serie de 9 (1+8) libros que acompa\u00f1an la exposici\u00f3n de 13 a\u00f1os\u00a0de Proyecto Fin de Carrera de Arquitectura en la Escuela Polit\u00e9cnica\u00a0Superior de la Universidad de Alicante.<\/h3>\n<p>http:\/\/issuu.com\/playstudio\/docs\/0_el_modelo_alicante<\/p>\n<p>&nbsp;<\/p>\n<p>Comisarios:<\/p>\n<p><strong>Jose Mar\u00eda Torres Nadal<br \/>\n<\/strong><\/p>\n<p><strong>Juan Antonio S\u00e1nchez Morales<\/strong><\/p>\n<p>&nbsp;<\/p>\n<p>&nbsp;<\/p>\n<p>&nbsp;<\/p>\n","protected":false},"excerpt":{"rendered":"<p>Introducci\u00f3n a una exposici\u00f3n: Una serie de 9 (1+8) libros que acompa\u00f1an la exposici\u00f3n de 13 a\u00f1os\u00a0de Proyecto Fin de Carrera de Arquitectura en la Escuela Polit\u00e9cnica\u00a0Superior de la Universidad de Alicante. http:\/\/issuu.com\/playstudio\/docs\/0_el_modelo_alicante &nbsp; Comisarios: Jose Mar\u00eda Torres Nadal Juan Antonio S\u00e1nchez Morales &nbsp; &nbsp; &nbsp;<\/p>\n","protected":false},"author":2744,"featured_media":0,"parent":5269,"menu_order":0,"comment_status":"closed","ping_status":"closed","template":"","meta":{"footnotes":""},"class_list":["post-5708","page","type-page","status-publish","hentry"],"_links":{"self":[{"href":"https:\/\/blogs.ua.es\/proyectosarquitectonicos\/wp-json\/wp\/v2\/pages\/5708","targetHints":{"allow":["GET"]}}],"collection":[{"href":"https:\/\/blogs.ua.es\/proyectosarquitectonicos\/wp-json\/wp\/v2\/pages"}],"about":[{"href":"https:\/\/blogs.ua.es\/proyectosarquitectonicos\/wp-json\/wp\/v2\/types\/page"}],"author":[{"embeddable":true,"href":"https:\/\/blogs.ua.es\/proyectosarquitectonicos\/wp-json\/wp\/v2\/users\/2744"}],"replies":[{"embeddable":true,"href":"https:\/\/blogs.ua.es\/proyectosarquitectonicos\/wp-json\/wp\/v2\/comments?post=5708"}],"version-history":[{"count":1,"href":"https:\/\/blogs.ua.es\/proyectosarquitectonicos\/wp-json\/wp\/v2\/pages\/5708\/revisions"}],"predecessor-version":[{"id":5709,"href":"https:\/\/blogs.ua.es\/proyectosarquitectonicos\/wp-json\/wp\/v2\/pages\/5708\/revisions\/5709"}],"up":[{"embeddable":true,"href":"https:\/\/blogs.ua.es\/proyectosarquitectonicos\/wp-json\/wp\/v2\/pages\/5269"}],"wp:attachment":[{"href":"https:\/\/blogs.ua.es\/proyectosarquitectonicos\/wp-json\/wp\/v2\/media?parent=5708"}],"curies":[{"name":"wp","href":"https:\/\/api.w.org\/{rel}","templated":true}]}}