{"id":5713,"date":"2015-11-16T11:55:26","date_gmt":"2015-11-16T10:55:26","guid":{"rendered":"https:\/\/blogs.ua.es\/proyectosarquitectonicos\/?page_id=5713"},"modified":"2015-11-16T11:55:26","modified_gmt":"2015-11-16T10:55:26","slug":"ecologias-especulativas","status":"publish","type":"page","link":"https:\/\/blogs.ua.es\/proyectosarquitectonicos\/expo-pfc-2002-2015\/ecologias-especulativas\/","title":{"rendered":"Ecolog\u00edas especulativas"},"content":{"rendered":"<h3><span style=\"color: #00ff7f\">una v\u00eda para nuevas pr\u00e1cticas arquitect\u00f3nicas en pol\u00edtica territorial<\/span><\/h3>\n<p>http:\/\/issuu.com\/playstudio\/docs\/4_ecolog__as_especulativas<\/p>\n<p>&nbsp;<\/p>\n<p>Comisarios:<\/p>\n<p><strong>Juan Antonio S\u00e1nchez Morales\u00a0+ Mar\u00eda Jos\u00e9 Marcos Torr\u00f3<\/strong><\/p>\n<p>&nbsp;<\/p>\n<p>Proyectos y autores:<\/p>\n<p><strong>Multi-agents politics<\/strong> \/ Joaqu\u00edn Garc\u00eda Vicente<br \/>\n<strong>Saboteando privatop\u00eda<\/strong> \/ Alejandro S\u00e1nchez Zaragoza y Salvador Serrano Salazar<br \/>\n<strong>Alicante Living LAB<\/strong> \/ Francisco Amor\u00f3s R\u00edos y Javier Campoy Ramos<br \/>\n<strong>La deliciosa m\u00e1quina deseante<\/strong> \/ Inmaculada Alonso S\u00e1nchez y Paula Macone Mart\u00ednez<br \/>\n<strong>Monta\u00f1a fenomenol\u00f3gica<\/strong> \/ Regina Mart\u00ednez Quiralte<br \/>\n<strong>Viaje a trav\u00e9s del cambio clim\u00e1tico<\/strong> \/ Rafael Guillem Llinares<br \/>\n<strong>Modelo urban\u00edstico en c\u00f3digo abierto<\/strong> \/ Nuria Bernal Rivera<br \/>\n<strong>14 d\u00edas habitando Br\u00edas<\/strong> \/ Mar\u00eda Conesa S\u00e1nchez<br \/>\n<strong>Infraestructura de planeamiento ecosist\u00e9mico<\/strong> \/ Beatriz Cascales Llorente y Francisco Javier Poveda Moraga<br \/>\n<strong>Constructor de Paisajes<\/strong> \/ Siro Morcillo P\u00e9rez<br \/>\n<strong>Mecanismos de producci\u00f3n energ\u00e9tica<\/strong> \/ Mar\u00eda Jos\u00e9 Marcos Torr\u00f3<\/p>\n<p>&nbsp;<\/p>\n","protected":false},"excerpt":{"rendered":"<p>una v\u00eda para nuevas pr\u00e1cticas arquitect\u00f3nicas en pol\u00edtica territorial http:\/\/issuu.com\/playstudio\/docs\/4_ecolog__as_especulativas &nbsp; Comisarios: Juan Antonio S\u00e1nchez Morales\u00a0+ Mar\u00eda Jos\u00e9 Marcos Torr\u00f3 &nbsp; Proyectos y autores: Multi-agents politics \/ Joaqu\u00edn Garc\u00eda Vicente Saboteando privatop\u00eda \/ Alejandro S\u00e1nchez Zaragoza y Salvador Serrano Salazar Alicante Living LAB \/ Francisco Amor\u00f3s R\u00edos y Javier Campoy Ramos La deliciosa m\u00e1quina deseante [&hellip;]<\/p>\n","protected":false},"author":2744,"featured_media":0,"parent":5269,"menu_order":0,"comment_status":"closed","ping_status":"closed","template":"","meta":{"footnotes":""},"class_list":["post-5713","page","type-page","status-publish","hentry"],"_links":{"self":[{"href":"https:\/\/blogs.ua.es\/proyectosarquitectonicos\/wp-json\/wp\/v2\/pages\/5713","targetHints":{"allow":["GET"]}}],"collection":[{"href":"https:\/\/blogs.ua.es\/proyectosarquitectonicos\/wp-json\/wp\/v2\/pages"}],"about":[{"href":"https:\/\/blogs.ua.es\/proyectosarquitectonicos\/wp-json\/wp\/v2\/types\/page"}],"author":[{"embeddable":true,"href":"https:\/\/blogs.ua.es\/proyectosarquitectonicos\/wp-json\/wp\/v2\/users\/2744"}],"replies":[{"embeddable":true,"href":"https:\/\/blogs.ua.es\/proyectosarquitectonicos\/wp-json\/wp\/v2\/comments?post=5713"}],"version-history":[{"count":1,"href":"https:\/\/blogs.ua.es\/proyectosarquitectonicos\/wp-json\/wp\/v2\/pages\/5713\/revisions"}],"predecessor-version":[{"id":5714,"href":"https:\/\/blogs.ua.es\/proyectosarquitectonicos\/wp-json\/wp\/v2\/pages\/5713\/revisions\/5714"}],"up":[{"embeddable":true,"href":"https:\/\/blogs.ua.es\/proyectosarquitectonicos\/wp-json\/wp\/v2\/pages\/5269"}],"wp:attachment":[{"href":"https:\/\/blogs.ua.es\/proyectosarquitectonicos\/wp-json\/wp\/v2\/media?parent=5713"}],"curies":[{"name":"wp","href":"https:\/\/api.w.org\/{rel}","templated":true}]}}