{"id":5738,"date":"2015-11-17T12:39:01","date_gmt":"2015-11-17T11:39:01","guid":{"rendered":"https:\/\/blogs.ua.es\/proyectosarquitectonicos\/?page_id=5738"},"modified":"2015-11-17T12:39:01","modified_gmt":"2015-11-17T11:39:01","slug":"ivan-capdevila-castellanos","status":"publish","type":"page","link":"https:\/\/blogs.ua.es\/proyectosarquitectonicos\/ivan-capdevila-castellanos\/","title":{"rendered":"Ivan Capdevila Castellanos"},"content":{"rendered":"<p><a href=\"http:\/\/rua.ua.es\/dspace\/handle\/10045\/36296\" target=\"_blank\">Dibujando un nuevo paradigma: de Golden Lane (1952) a A Journey from A to B (1972)<\/a><\/p>\n<p>Esta tesis tiene como objeto principal evidenciar la relaci\u00f3n, aparentemente inexistente, entre el dibujo de Alison y Peter Smithson para la propuesta de concurso de Golden Lane en 1952 y el dibujo de 1972 del grupo italiano Superstudio titulado A Journey from A to B. Ser\u00e1n otros cuatro dibujos principales -Alison y Peter Smithson, Constant Nieuwenhuys, Yona Friedman y Peter Cook- los que servir\u00e1n para establecer una relaci\u00f3n l\u00f3gica entre los dos citados arriba. En paralelo, la descripci\u00f3n de las relaciones entre estos dibujos y el an\u00e1lisis de significado de sus elementos gr\u00e1ficos permite revelar nuevos valores que \u00e9stos aportar\u00e1n al pensamiento arquitect\u00f3nico contempor\u00e1neo. En retrospectiva, la tesis busca evidenciar c\u00f3mo el conjunto de ellos motivar\u00e1 la aparici\u00f3n de un nuevo paradigma arquitect\u00f3nico: la realidad &#8220;tal cual&#8221;. Y para ello, la investigaci\u00f3n muestra c\u00f3mo la estrategia com\u00fan de todos estos dibujos ser\u00e1 la desaparici\u00f3n progresiva de la Arquitectura (como construcci\u00f3n f\u00edsica) para ser sustituida, precisamente, por el nuevo paradigma que busca figurar. La pertinencia y relevancia de entender c\u00f3mo aparece y c\u00f3mo se construye este nuevo paradigma se sustenta en el planteamiento de que la capacidad proyectiva depende de la capacidad de restituci\u00f3n y descripci\u00f3n detallada de la Realidad. Y en el contexto de este inter\u00e9s no es otro que el de la docencia del \u00c1rea de Proyectos Arquitect\u00f3nicos de la Universidad de Alicante. Son, desde el punto de vista del autor de esta investigaci\u00f3n, las distintas interpretaciones que de este planteamiento y este nuevo paradigma se ha ido haciendo, las que han situado la Escuela de Arquitectura de Alicante en relaci\u00f3n con un contexto intelectual contempor\u00e1neo e innovador. La tesis, al final, acabar\u00e1 construyendo un tejido relacional entre seis dibujos principales -a trav\u00e9s de otros muchos secundarios- que mostrar\u00e1 la formaci\u00f3n de la base ideol\u00f3gica de este planteamiento.<\/p>\n","protected":false},"excerpt":{"rendered":"<p>Dibujando un nuevo paradigma: de Golden Lane (1952) a A Journey from A to B (1972) Esta tesis tiene como objeto principal evidenciar la relaci\u00f3n, aparentemente inexistente, entre el dibujo de Alison y Peter Smithson para la propuesta de concurso de Golden Lane en 1952 y el dibujo de 1972 del grupo italiano Superstudio titulado [&hellip;]<\/p>\n","protected":false},"author":1037,"featured_media":0,"parent":0,"menu_order":0,"comment_status":"closed","ping_status":"closed","template":"","meta":{"footnotes":""},"class_list":["post-5738","page","type-page","status-publish","hentry"],"_links":{"self":[{"href":"https:\/\/blogs.ua.es\/proyectosarquitectonicos\/wp-json\/wp\/v2\/pages\/5738","targetHints":{"allow":["GET"]}}],"collection":[{"href":"https:\/\/blogs.ua.es\/proyectosarquitectonicos\/wp-json\/wp\/v2\/pages"}],"about":[{"href":"https:\/\/blogs.ua.es\/proyectosarquitectonicos\/wp-json\/wp\/v2\/types\/page"}],"author":[{"embeddable":true,"href":"https:\/\/blogs.ua.es\/proyectosarquitectonicos\/wp-json\/wp\/v2\/users\/1037"}],"replies":[{"embeddable":true,"href":"https:\/\/blogs.ua.es\/proyectosarquitectonicos\/wp-json\/wp\/v2\/comments?post=5738"}],"version-history":[{"count":1,"href":"https:\/\/blogs.ua.es\/proyectosarquitectonicos\/wp-json\/wp\/v2\/pages\/5738\/revisions"}],"predecessor-version":[{"id":5739,"href":"https:\/\/blogs.ua.es\/proyectosarquitectonicos\/wp-json\/wp\/v2\/pages\/5738\/revisions\/5739"}],"wp:attachment":[{"href":"https:\/\/blogs.ua.es\/proyectosarquitectonicos\/wp-json\/wp\/v2\/media?parent=5738"}],"curies":[{"name":"wp","href":"https:\/\/api.w.org\/{rel}","templated":true}]}}