{"id":5988,"date":"2016-09-15T17:26:17","date_gmt":"2016-09-15T15:26:17","guid":{"rendered":"https:\/\/blogs.ua.es\/proyectosarquitectonicos\/?page_id=5988"},"modified":"2016-09-15T23:38:32","modified_gmt":"2016-09-15T21:38:32","slug":"g2-juan-a-sanchez-morales","status":"publish","type":"page","link":"https:\/\/blogs.ua.es\/proyectosarquitectonicos\/curso-2016-17\/proyectos-2-3\/g2-juan-a-sanchez-morales\/","title":{"rendered":"G3. Juan A. S\u00e1nchez Morales."},"content":{"rendered":"<h3>Modernizar el naturalismo<\/h3>\n<p>El curso se propone como un itinerario combinado por una doble v\u00eda. Se pretende el desarrollo simult\u00e1neo de experiencias directas con el pensamiento pausado, de acciones impulsivas con la elaboraci\u00f3n de reflexiones. Una hibridaci\u00f3n de lo animal con lo humano (manimal). Trabajaremos, as\u00ed, en dos escenarios bien distintos, con dos procedimientos divergentes que pudieran, finalmente, generar un resultado compartido.<\/p>\n<h4>La posibilidad del Naturalismo<\/h4>\n<p>El naturalismo constituye una corriente de pensamiento, una forma, de largo recorrido, porque ya podemos encontrarla en las escuelas presocr\u00e1ticas, y tambi\u00e9n podemos comprobar c\u00f3mo ha ido acompa\u00f1ando a la Historia en sus diferentes periodos. Sin embargo parece que ese proceso evolutivo se interrumpiera con una versi\u00f3n dial\u00e9ctica \u00faltima y la eclosi\u00f3n del ecologismo. En todo caso, est\u00e9 vivo o muerto, nos interesar\u00e1 rescatar esa idea generalizada que lo caracteriza de confiar en la naturaleza, en tanto que totalidad de las realidades f\u00edsicas existentes, como espacio de explicaci\u00f3n, como lugar que contiene las respuestas de preguntas aun no hechas. El curso propone un viaje, pr\u00f3ximo pero profundo, a un lugar concreto, la Sierra de Fontcalent, una monta\u00f1a en la que pasan muchas cosas y que tan solo est\u00e1 a cinco kil\u00f3metros de la propia UA.<\/p>\n<p>Una peque\u00f1a b\u00fasqueda ofrece un rotundo diagn\u00f3stico tr\u00e1gico. Dicen que Fontcalent est\u00e1 triste, enferma, olvidada, destrozada y\/o desaparecida. Nosotros, guiados por ese optimismo antropol\u00f3gico de referencia y convencidos de trabajar en la ra\u00edz del ecologismo, tan solo buscaremos una conversaci\u00f3n, hacernos sus amigos, sus colegas, por si fu\u00e9ramos capaces de llegar a las confidencias.<\/p>\n<p>Un contacto con la naturaleza ya muchas veces ensayado, para el que nos resultar\u00e1 de utilidad recorrer, al menos, cuanto transcurre entre la \u201cseriedad\u201d del landart (Richard Long) y las \u201calegres\u201d perfomances ecofeministas (Annie Sprinkle and Beth Stephen)<\/p>\n<h4>Reiniciar el modernismo<\/h4>\n<p>La modernidad ha tenido tantos significados y trata de combinar tantos conjuntos contradictorios de actitudes y valores que resulta imposible usarla para definir el futuro. De ah\u00ed la idea de Bruno Latour de que la modernidad pudiera necesitar un reinicio (reset). No ser\u00eda un corte limpio, ni una &#8220;tabula rasa&#8221;, ni otro gesto iconoclasta, sino m\u00e1s bien un reinicio de los programas acumulados a lo largo de lo que se denomina el &#8220;proyecto moderno&#8221;. Una operaci\u00f3n urgente, por la necesidad de reorientaci\u00f3n a la que nos obliga la mutaci\u00f3n ecol\u00f3gica.<\/p>\n<p>Restablecer la modernidad! \u00a0es una ambiciosa publicaci\u00f3n que reune materiales muy diversos organizados en torno a siete procedimientos, que a lo largo del curso iremos: traduciendo, analizando y discutiendo; con el prop\u00f3sito de establecer, al menos, una base intelectual en el gran debate que protagoniza el presente y de reunir instrumentos que permitan fundar futuras intervenciones.<\/p>\n<p><em>1_Relocalizando lo global. 2_Sin el mundo o dentro de \u00e9l.<\/em><\/p>\n<p><em>3_Compartir la responsabilidad: adi\u00f3s a lo sublime. 4_De la tierra a los territorios en disputa.<\/em><\/p>\n<p><em>5_ Innovaci\u00f3n sin bombo. 6_ Por fin seculares.<\/em><\/p>\n<p><em>7_En busca de un diplom\u00e1tico punto medio.<\/em><\/p>\n","protected":false},"excerpt":{"rendered":"<p>Modernizar el naturalismo El curso se propone como un itinerario combinado por una doble v\u00eda. Se pretende el desarrollo simult\u00e1neo de experiencias directas con el pensamiento pausado, de acciones impulsivas con la elaboraci\u00f3n de reflexiones. Una hibridaci\u00f3n de lo animal con lo humano (manimal). Trabajaremos, as\u00ed, en dos escenarios bien distintos, con dos procedimientos divergentes [&hellip;]<\/p>\n","protected":false},"author":1037,"featured_media":0,"parent":5984,"menu_order":0,"comment_status":"closed","ping_status":"closed","template":"","meta":{"footnotes":""},"class_list":["post-5988","page","type-page","status-publish","hentry"],"_links":{"self":[{"href":"https:\/\/blogs.ua.es\/proyectosarquitectonicos\/wp-json\/wp\/v2\/pages\/5988","targetHints":{"allow":["GET"]}}],"collection":[{"href":"https:\/\/blogs.ua.es\/proyectosarquitectonicos\/wp-json\/wp\/v2\/pages"}],"about":[{"href":"https:\/\/blogs.ua.es\/proyectosarquitectonicos\/wp-json\/wp\/v2\/types\/page"}],"author":[{"embeddable":true,"href":"https:\/\/blogs.ua.es\/proyectosarquitectonicos\/wp-json\/wp\/v2\/users\/1037"}],"replies":[{"embeddable":true,"href":"https:\/\/blogs.ua.es\/proyectosarquitectonicos\/wp-json\/wp\/v2\/comments?post=5988"}],"version-history":[{"count":4,"href":"https:\/\/blogs.ua.es\/proyectosarquitectonicos\/wp-json\/wp\/v2\/pages\/5988\/revisions"}],"predecessor-version":[{"id":6072,"href":"https:\/\/blogs.ua.es\/proyectosarquitectonicos\/wp-json\/wp\/v2\/pages\/5988\/revisions\/6072"}],"up":[{"embeddable":true,"href":"https:\/\/blogs.ua.es\/proyectosarquitectonicos\/wp-json\/wp\/v2\/pages\/5984"}],"wp:attachment":[{"href":"https:\/\/blogs.ua.es\/proyectosarquitectonicos\/wp-json\/wp\/v2\/media?parent=5988"}],"curies":[{"name":"wp","href":"https:\/\/api.w.org\/{rel}","templated":true}]}}