{"id":5990,"date":"2016-09-15T17:27:03","date_gmt":"2016-09-15T15:27:03","guid":{"rendered":"https:\/\/blogs.ua.es\/proyectosarquitectonicos\/?page_id=5990"},"modified":"2016-09-16T00:05:42","modified_gmt":"2016-09-15T22:05:42","slug":"g3-andres-silanes","status":"publish","type":"page","link":"https:\/\/blogs.ua.es\/proyectosarquitectonicos\/curso-2016-17\/proyectos-2-3\/g3-andres-silanes\/","title":{"rendered":"G2. Andr\u00e9s Silanes."},"content":{"rendered":"<h4><strong>2\u00aa Residencia III Documentaci\u00f3n, Postproducci\u00f3n y Ficci\u00f3n<\/strong><\/h4>\n<ol start=\"2016\">\n<li>Somos habitantes de las secuelas de la modernizaci\u00f3n, del fen\u00f3meno tur\u00edstico. Un fen\u00f3meno que ha provocado el que probablemente ha sido el mayor cambio tanto social como urbano del \u00faltimo siglo en Espa\u00f1a. La conquista de las vacaciones pagadas para las clases trabajadoras y el desarrollo del transporte permitieron el nacimiento de una nueva industria que en Espa\u00f1a floreci\u00f3 vertiginosamente gracias a su clima y a la permisividad urban\u00edstica del r\u00e9gimen.<\/li>\n<\/ol>\n<p>El edificio residencial es la respuesta arquitect\u00f3nica a esa masificaci\u00f3n. Unos objetos que, aunque mutados, permanecen entre nosotros, los vivimos. En cambio, el mundo que los cre\u00f3 ha desaparecido, tanto sus ideales, como sus sue\u00f1os, sus ilusiones, su inocencia\u2026<\/p>\n<p>1966-2066. El curso se desarrolla en el espacio de tensi\u00f3n entre la realidad m\u00e1s pr\u00f3xima y su enorme potencial de derivar en diferentes escenarios. Cada alumno es el art\u00edfice de su propio futuro. Entre todos se genera una investigaci\u00f3n colectiva plural, multifocal, cuyo \u00e1mbito de trabajo son diversos edificios tur\u00edsticos de toda la `Costa Blanca\u00b4: Campoamor, Torrevieja, Guardamar, Santa Pola, Alicante, San Juan, Villajoyosa, Benidorm, Altea, Calpe, Moraira, Javea y Denia.<\/p>\n<p>Se trata de un trabajo que contribuye en la construcci\u00f3n del relato de la Costa Blanca, un relato que no s\u00f3lo comprende lo que ha sucedido, sino que explora a su vez lo que puede suceder,\u00a0 todo aquello en lo que puede convertirse. Act\u00faa sin nostalgia, pero con memoria. Se divide en 3 fases que se desarrollan en 3 \u00e1mbitos temporales distintos:<\/p>\n<p><strong>Documentaci\u00f3n<\/strong>&gt; Reconstrucci\u00f3n del relato de los \u00faltimos 50 a\u00f1os. Tanto en primera persona mediante nuestra experiencia inteligente de la realidad actual, como mediante la recopilaci\u00f3n de planos originales, fotograf\u00edas de \u00e9poca, cat\u00e1logos\u2026Formato &gt;<\/p>\n<p><strong>Postproducci\u00f3n<\/strong>&gt; La ciudad se construye sobre la ciudad, habitamos el sustrato de la ciudad futura. Durante el proceso de proyecto se desarrollan escenarios alternativos, que desencadenan transformaciones de los edificios existentes. Una \u201crenderizaci\u00f3n\u201d de escenarios de futuro cuyo valor no reside en lo que consiguen fijar, sino en su capacidad de abrir nuevas posibilidades. No se tratar\u00eda s\u00f3lo de predecir el futuro sino de perturbar nuestra realidad inmediata.<\/p>\n<p><strong>Ficci\u00f3n<\/strong>&gt; El trabajo no termina con la propuesta material, no s\u00f3lo se formaliza la propuesta, sino que se pone en funcionamiento y se debaten sus consecuencias. La arquitectura emerge como manera a trav\u00e9s de la cual repensar todos los temas, de los m\u00e1s pol\u00edticos a m\u00e1s los m\u00e1s pr\u00e1cticos.<\/p>\n<p>&nbsp;<\/p>\n<p>&nbsp;<\/p>\n<p>&nbsp;<\/p>\n","protected":false},"excerpt":{"rendered":"<p>2\u00aa Residencia III Documentaci\u00f3n, Postproducci\u00f3n y Ficci\u00f3n Somos habitantes de las secuelas de la modernizaci\u00f3n, del fen\u00f3meno tur\u00edstico. Un fen\u00f3meno que ha provocado el que probablemente ha sido el mayor cambio tanto social como urbano del \u00faltimo siglo en Espa\u00f1a. La conquista de las vacaciones pagadas para las clases trabajadoras y el desarrollo del transporte [&hellip;]<\/p>\n","protected":false},"author":1037,"featured_media":0,"parent":5984,"menu_order":0,"comment_status":"closed","ping_status":"closed","template":"","meta":{"footnotes":""},"class_list":["post-5990","page","type-page","status-publish","hentry"],"_links":{"self":[{"href":"https:\/\/blogs.ua.es\/proyectosarquitectonicos\/wp-json\/wp\/v2\/pages\/5990","targetHints":{"allow":["GET"]}}],"collection":[{"href":"https:\/\/blogs.ua.es\/proyectosarquitectonicos\/wp-json\/wp\/v2\/pages"}],"about":[{"href":"https:\/\/blogs.ua.es\/proyectosarquitectonicos\/wp-json\/wp\/v2\/types\/page"}],"author":[{"embeddable":true,"href":"https:\/\/blogs.ua.es\/proyectosarquitectonicos\/wp-json\/wp\/v2\/users\/1037"}],"replies":[{"embeddable":true,"href":"https:\/\/blogs.ua.es\/proyectosarquitectonicos\/wp-json\/wp\/v2\/comments?post=5990"}],"version-history":[{"count":6,"href":"https:\/\/blogs.ua.es\/proyectosarquitectonicos\/wp-json\/wp\/v2\/pages\/5990\/revisions"}],"predecessor-version":[{"id":6085,"href":"https:\/\/blogs.ua.es\/proyectosarquitectonicos\/wp-json\/wp\/v2\/pages\/5990\/revisions\/6085"}],"up":[{"embeddable":true,"href":"https:\/\/blogs.ua.es\/proyectosarquitectonicos\/wp-json\/wp\/v2\/pages\/5984"}],"wp:attachment":[{"href":"https:\/\/blogs.ua.es\/proyectosarquitectonicos\/wp-json\/wp\/v2\/media?parent=5990"}],"curies":[{"name":"wp","href":"https:\/\/api.w.org\/{rel}","templated":true}]}}