{"id":6022,"date":"2016-09-15T23:09:15","date_gmt":"2016-09-15T21:09:15","guid":{"rendered":"https:\/\/blogs.ua.es\/proyectosarquitectonicos\/?page_id=6022"},"modified":"2016-09-15T23:42:40","modified_gmt":"2016-09-15T21:42:40","slug":"g2-miguel-mesa","status":"publish","type":"page","link":"https:\/\/blogs.ua.es\/proyectosarquitectonicos\/g2-miguel-mesa\/","title":{"rendered":"G2. Miguel Mesa."},"content":{"rendered":"<h3><img loading=\"lazy\" decoding=\"async\" class=\"aligncenter wp-image-6023\" src=\"https:\/\/blogs.ua.es\/proyectosarquitectonicos\/files\/2016\/09\/waverlysunporch.jpg\" alt=\"waverlysunporch\" width=\"550\" height=\"361\" srcset=\"https:\/\/blogs.ua.es\/proyectosarquitectonicos\/files\/2016\/09\/waverlysunporch.jpg 800w, https:\/\/blogs.ua.es\/proyectosarquitectonicos\/files\/2016\/09\/waverlysunporch-300x197.jpg 300w, https:\/\/blogs.ua.es\/proyectosarquitectonicos\/files\/2016\/09\/waverlysunporch-768x504.jpg 768w, https:\/\/blogs.ua.es\/proyectosarquitectonicos\/files\/2016\/09\/waverlysunporch-150x98.jpg 150w, https:\/\/blogs.ua.es\/proyectosarquitectonicos\/files\/2016\/09\/waverlysunporch-400x263.jpg 400w\" sizes=\"auto, (max-width: 550px) 100vw, 550px\" \/>CUIDAR(NOS)<br \/>\nLas arquitecturas de la salud como laboratorios tecnosociales<\/h3>\n<p><strong>Keywords:\u00a0<\/strong>Salud; Cuidados; Pol\u00edticas del Cuerpo; Ciborg<\/p>\n<ol>\n<li>\n<h4><strong>El Hospital como experimento tecnosocial<\/strong><\/h4>\n<\/li>\n<\/ol>\n<p>Beatriz Colomina ha subrayado la importancia de la arquitectura del hospital de tuberculosos en la configuraci\u00f3n de los imaginarios arquitect\u00f3nicos contempor\u00e1neos. A trav\u00e9s de su estudio de la enfermedad, Colomina ha demostrado que las epidemias de tuberculosis y su gesti\u00f3n cient\u00edfica y t\u00e9cnica ofrecieron a la arquitectura moderna la posibilidad de sublimar ese trauma mediante la traducci\u00f3n, en t\u00e9rminos dom\u00e9sticos, de sus protocolos sanitarios: el aire libre, la luz, la ventilaci\u00f3n, en definitiva el higienismo moderno.<\/p>\n<p>Muchos de los protocolos de la salud se han trasladado al \u00e1mbito dom\u00e9stico, la calle, los afectos, las relaciones con la naturaleza, las distintas clasificaciones de los cuerpos, la sexualidad o la<\/p>\n<ol start=\"2\">\n<li>\n<h4><strong>Objetivos<\/strong><\/h4>\n<\/li>\n<\/ol>\n<p>El curso se propone reconocer las infraestructuras de la salud como objeto de estudio y utilizar su potencial para la\u00a0 experimentaci\u00f3n arquitect\u00f3nica. El trabajo explorar\u00e1 los lugares en los que se enactan la enfermedad, la diversidad funcional o los cuidados como ensamblajes tecnosociales en los que la arquitectura participa activamente.<\/p>\n<p>El dise\u00f1o arquitect\u00f3nico final impulsar\u00e1 una reorganizaci\u00f3n de las relaciones de poder que se dan en las situaciones estudiadas, explorando las posibles mediaciones tecnol\u00f3gicas instaladas en las ecolog\u00edas de interacciones presentes en ellos, que implican a elementos procedentes de categor\u00edas heterog\u00e9neas como el medio natural, los conflictos de g\u00e9nero, las conductas morales, la alimentaci\u00f3n, la ocupaci\u00f3n de las calles, las creencias religiosas, etc.<\/p>\n<p>Para ello el trabajo individual se focalizar\u00e1 en tres objetivos fundamentales, en torno a los cuales se desarrollar\u00e1n los ejercicios del curso:<\/p>\n<ol>\n<li>Adquirir competencia en la descripci\u00f3n de ecosistemas tecnosociales.<\/li>\n<li>Iniciar al estudiante en enfoques y perspectivas actuales como la Teor\u00eda del Actor-Red, los ensamblajes sociot\u00e9cnicos o el dise\u00f1o cosmopol\u00edtico.<\/li>\n<li>Reforzar la adquisici\u00f3n de subjetividades comprometidas y responsables con la capacidad de la arquitectura para promover reorganizaciones de las redes de actores procurando una mayor inclusividad y equilibrio e incorporando principios de precauci\u00f3n.<\/li>\n<li>Impulsar la capacidad de los participantes en el curso para la intervenci\u00f3n experimental mediante tecnolog\u00edas arquitect\u00f3nicas de redes de actores.<\/li>\n<\/ol>\n<p>&nbsp;<\/p>\n","protected":false},"excerpt":{"rendered":"<p>CUIDAR(NOS) Las arquitecturas de la salud como laboratorios tecnosociales Keywords:\u00a0Salud; Cuidados; Pol\u00edticas del Cuerpo; Ciborg El Hospital como experimento tecnosocial Beatriz Colomina ha subrayado la importancia de la arquitectura del hospital de tuberculosos en la configuraci\u00f3n de los imaginarios arquitect\u00f3nicos contempor\u00e1neos. A trav\u00e9s de su estudio de la enfermedad, Colomina ha demostrado que las epidemias [&hellip;]<\/p>\n","protected":false},"author":1037,"featured_media":0,"parent":0,"menu_order":0,"comment_status":"closed","ping_status":"closed","template":"","meta":{"footnotes":""},"class_list":["post-6022","page","type-page","status-publish","hentry"],"_links":{"self":[{"href":"https:\/\/blogs.ua.es\/proyectosarquitectonicos\/wp-json\/wp\/v2\/pages\/6022","targetHints":{"allow":["GET"]}}],"collection":[{"href":"https:\/\/blogs.ua.es\/proyectosarquitectonicos\/wp-json\/wp\/v2\/pages"}],"about":[{"href":"https:\/\/blogs.ua.es\/proyectosarquitectonicos\/wp-json\/wp\/v2\/types\/page"}],"author":[{"embeddable":true,"href":"https:\/\/blogs.ua.es\/proyectosarquitectonicos\/wp-json\/wp\/v2\/users\/1037"}],"replies":[{"embeddable":true,"href":"https:\/\/blogs.ua.es\/proyectosarquitectonicos\/wp-json\/wp\/v2\/comments?post=6022"}],"version-history":[{"count":4,"href":"https:\/\/blogs.ua.es\/proyectosarquitectonicos\/wp-json\/wp\/v2\/pages\/6022\/revisions"}],"predecessor-version":[{"id":6077,"href":"https:\/\/blogs.ua.es\/proyectosarquitectonicos\/wp-json\/wp\/v2\/pages\/6022\/revisions\/6077"}],"wp:attachment":[{"href":"https:\/\/blogs.ua.es\/proyectosarquitectonicos\/wp-json\/wp\/v2\/media?parent=6022"}],"curies":[{"name":"wp","href":"https:\/\/api.w.org\/{rel}","templated":true}]}}