{"id":6025,"date":"2016-09-15T23:09:47","date_gmt":"2016-09-15T21:09:47","guid":{"rendered":"https:\/\/blogs.ua.es\/proyectosarquitectonicos\/?page_id=6025"},"modified":"2016-09-15T23:43:42","modified_gmt":"2016-09-15T21:43:42","slug":"g3-paco-leiva","status":"publish","type":"page","link":"https:\/\/blogs.ua.es\/proyectosarquitectonicos\/g3-paco-leiva\/","title":{"rendered":"G4. Adriana Figueiras."},"content":{"rendered":"<h3><strong>ESPACIOS DE INTERCAMBIO. Nuevos mundos culturales.<\/strong><strong>\u00a0<\/strong><\/h3>\n<p>La l\u00ednea de mi trabajo en docencia de proyectos prioriza la exploraci\u00f3n en el papel de las formas arquitect\u00f3nicas en la experimentaci\u00f3n corp\u00f3rea del espacio, en el est\u00edmulo de la participaci\u00f3n y en la mejora de la socializaci\u00f3n y de la idea de colectivo.<\/p>\n<p>Durante los cursos estimulamos al pensamiento creativo para que vaya al lado de la experimentaci\u00f3n formal y material como una forma de negociaci\u00f3n entre nuestras ideas o especulaciones y el mundo real.<\/p>\n<p>A lo largo de los a\u00f1os recientes, mis cursos han explorado la implicaci\u00f3n f\u00edsica, real y performativa de la arquitectura a diferentes escalas en los \u00e1mbitos culturales, hist\u00f3ricos, comerciales, residenciales y urbanos de nuestro entorno cercano.<\/p>\n<p>Como continuaci\u00f3n del camino iniciado en nuestra experiencia m\u00e1s reciente con los \u201cnuevos paisajes culturales\u201d en entornos muse\u00edsticos, nos proponemos explorar la situaci\u00f3n de los espacios para la cultura en entornos con un car\u00e1cter tur\u00edstico muy determinado como el del Levante Espa\u00f1ol.<\/p>\n<p>Despu\u00e9s de que el curso anterior haya contribuido a expandir los l\u00edmites de los museos hacia el espacio urbano y el festejo del D\u00eda Internacional de los Museos, nos permitimos hacernos ahora algunas preguntas: \u00bfEstamos viviendo el fin de la cultura encerrada en el interior de los museos? \u00bfPor qu\u00e9 el mundo de la cultura y el del disfrute mediterr\u00e1neo tienen que estar separados? \u00bfEs arte Formentera?<\/p>\n<p>En la era de la comunicaci\u00f3n es necesario repensar el papel de los museos o espacios para la cultura como algo \u00fanico y est\u00e1tico, para acercarlos a la inmediatez del flujo de im\u00e1genes e informaci\u00f3n.<\/p>\n<p>Es evidente la necesidad de pensar en la funci\u00f3n pol\u00edtica y human\u00edstica de la cultura, el arte y el conocimiento, defini\u00e9ndola como una din\u00e1mica creativa, f\u00edsica, intelectual y social de car\u00e1cter integral en la ciudad.<\/p>\n<p>Partiremos de la elaboraci\u00f3n de un \u201catlas cultural del turismo\u201d para llegar a hacer aflorar un tejido de espacios o situaciones culturales que constituya la red b\u00e1sica de relaci\u00f3n entre los contenidos culturales y la vida ciudadana.<\/p>\n<p>Abordaremos los espacios culturales m\u00e1s consolidados, pasando por los m\u00e1s informales, llegando a descubrir y trabajar sobre los que ni siquiera existen o son solo potencialidades a descubrir.<\/p>\n<p>Se trabajar\u00e1 con los espacios o elementos arquitect\u00f3nicos de articulaci\u00f3n entre los espacios muse\u00edsticos y la esfera p\u00fablica. Estar\u00edamos hablando de los espacios no estrictamente expositivos como vest\u00edbulos, tiendas y bibliotecas, tambi\u00e9n de las fachadas o de los espacios urbanos adyacentes.<\/p>\n<p>Los proyectos tambi\u00e9n explorar\u00e1n la potencialidad de otros espacios comerciales o institucionales para integrase en esta nueva red con capacidad cultural.<\/p>\n<p>Todo ello con un criterio en el que la calidad conceptual, program\u00e1tica y de dise\u00f1o de los proyectos, colabore en la consecuci\u00f3n de espacios y relaciones realmente estimulantes para la innovaci\u00f3n y el intercambio social y cultural vigorizante.<\/p>\n","protected":false},"excerpt":{"rendered":"<p>ESPACIOS DE INTERCAMBIO. Nuevos mundos culturales.\u00a0 La l\u00ednea de mi trabajo en docencia de proyectos prioriza la exploraci\u00f3n en el papel de las formas arquitect\u00f3nicas en la experimentaci\u00f3n corp\u00f3rea del espacio, en el est\u00edmulo de la participaci\u00f3n y en la mejora de la socializaci\u00f3n y de la idea de colectivo. Durante los cursos estimulamos al [&hellip;]<\/p>\n","protected":false},"author":1037,"featured_media":0,"parent":0,"menu_order":0,"comment_status":"closed","ping_status":"closed","template":"","meta":{"footnotes":""},"class_list":["post-6025","page","type-page","status-publish","hentry"],"_links":{"self":[{"href":"https:\/\/blogs.ua.es\/proyectosarquitectonicos\/wp-json\/wp\/v2\/pages\/6025","targetHints":{"allow":["GET"]}}],"collection":[{"href":"https:\/\/blogs.ua.es\/proyectosarquitectonicos\/wp-json\/wp\/v2\/pages"}],"about":[{"href":"https:\/\/blogs.ua.es\/proyectosarquitectonicos\/wp-json\/wp\/v2\/types\/page"}],"author":[{"embeddable":true,"href":"https:\/\/blogs.ua.es\/proyectosarquitectonicos\/wp-json\/wp\/v2\/users\/1037"}],"replies":[{"embeddable":true,"href":"https:\/\/blogs.ua.es\/proyectosarquitectonicos\/wp-json\/wp\/v2\/comments?post=6025"}],"version-history":[{"count":4,"href":"https:\/\/blogs.ua.es\/proyectosarquitectonicos\/wp-json\/wp\/v2\/pages\/6025\/revisions"}],"predecessor-version":[{"id":6078,"href":"https:\/\/blogs.ua.es\/proyectosarquitectonicos\/wp-json\/wp\/v2\/pages\/6025\/revisions\/6078"}],"wp:attachment":[{"href":"https:\/\/blogs.ua.es\/proyectosarquitectonicos\/wp-json\/wp\/v2\/media?parent=6025"}],"curies":[{"name":"wp","href":"https:\/\/api.w.org\/{rel}","templated":true}]}}