{"id":6040,"date":"2016-09-15T23:13:05","date_gmt":"2016-09-15T21:13:05","guid":{"rendered":"https:\/\/blogs.ua.es\/proyectosarquitectonicos\/?page_id=6040"},"modified":"2017-01-20T10:47:39","modified_gmt":"2017-01-20T09:47:39","slug":"g3-javier-pena","status":"publish","type":"page","link":"https:\/\/blogs.ua.es\/proyectosarquitectonicos\/g3-javier-pena\/","title":{"rendered":"G3. Maria Jos\u00e9 Marcos"},"content":{"rendered":"<h4><img loading=\"lazy\" decoding=\"async\" class=\"aligncenter wp-image-6184\" src=\"https:\/\/blogs.ua.es\/proyectosarquitectonicos\/files\/2016\/09\/proyectos-arquitecto\u0301nicos-6-arquitectura-en-alicante-ecomonumentologia-6-1024x727.jpg\" alt=\"proyectos-arquitectonicos-6-arquitectura-en-alicante-ecomonumentologia-6\" width=\"550\" height=\"390\" srcset=\"https:\/\/blogs.ua.es\/proyectosarquitectonicos\/files\/2016\/09\/proyectos-arquitecto\u0301nicos-6-arquitectura-en-alicante-ecomonumentologia-6-1024x727.jpg 1024w, https:\/\/blogs.ua.es\/proyectosarquitectonicos\/files\/2016\/09\/proyectos-arquitecto\u0301nicos-6-arquitectura-en-alicante-ecomonumentologia-6-300x213.jpg 300w, https:\/\/blogs.ua.es\/proyectosarquitectonicos\/files\/2016\/09\/proyectos-arquitecto\u0301nicos-6-arquitectura-en-alicante-ecomonumentologia-6-768x545.jpg 768w, https:\/\/blogs.ua.es\/proyectosarquitectonicos\/files\/2016\/09\/proyectos-arquitecto\u0301nicos-6-arquitectura-en-alicante-ecomonumentologia-6-150x106.jpg 150w, https:\/\/blogs.ua.es\/proyectosarquitectonicos\/files\/2016\/09\/proyectos-arquitecto\u0301nicos-6-arquitectura-en-alicante-ecomonumentologia-6-400x284.jpg 400w\" sizes=\"auto, (max-width: 550px) 100vw, 550px\" \/><\/h4>\n<h4><b>Faros de NATURALEZA<\/b><\/h4>\n<h5><b>EcoMonumentolog\u00eda 2.0<\/b><\/h5>\n<p>El contenido del curso consiste en la contemporaneizaci\u00f3n del Alumbrado Mar\u00edtimo del Mediterr\u00e1neo y su infraestructura energ\u00e9tica. En concreto realizaremos una investigaci\u00f3n de los faros y su geolocalizaci\u00f3n, con el principal prop\u00f3sito de trasparentar su visualizaci\u00f3n y potencial como EcoMonumento. Posibilitaremos mediante el proyecto un futuro controvertido entre la distop\u00eda y la realidad, un futuro a partir del 2050 donde se posibilita que estas infraestructuras mar\u00edtimas se conviertas en nodos de nuevos espacios ecologizantes, construyendo nuevas \u00a0<b>F\u00e1bricas de Naturaleza del Futuro<\/b>. Nos basamos en la hip\u00f3tesis de partida &#8216;Banking the Nature&#8217;, la naturaleza se est\u00e1 empezando a comercializar y por tanto su engendro, protecci\u00f3n y mejora puede proporcionar un nuevo escenario operacional del Mediterr\u00e1neo y como consecuencia, dando pie a nuevas especulaciones pol\u00edtico-econ\u00f3micas de lo ecologizante como mecanismo transformador. Las propuestas adaptar\u00e1n e insertar\u00e1n estas F\u00e1bricas de Naturaleza en los Faros del Mediterr\u00e1neo, modific\u00e1ndolos desde la esencializaci\u00f3n de los mismos, as\u00ed como desde el dise\u00f1o termodin\u00e1mico, proponiendo una adaptaci\u00f3n evolutiva en la nueva era geol\u00f3gica del antropoceno. Las propuestas especular\u00e1n con posicionamiento globales de la mejora ecosist\u00e9mica y termoenerg\u00e9tica del planeta, para esto se utilizar\u00e1 los faros como EcoMonumento capaz de influir en un gran contexto geopol\u00edtico de los diferentes pa\u00edses del Mar Mediterr\u00e1neo.<\/p>\n<p>&nbsp;<\/p>\n","protected":false},"excerpt":{"rendered":"<p>Faros de NATURALEZA EcoMonumentolog\u00eda 2.0 El contenido del curso consiste en la contemporaneizaci\u00f3n del Alumbrado Mar\u00edtimo del Mediterr\u00e1neo y su infraestructura energ\u00e9tica. En concreto realizaremos una investigaci\u00f3n de los faros y su geolocalizaci\u00f3n, con el principal prop\u00f3sito de trasparentar su visualizaci\u00f3n y potencial como EcoMonumento. Posibilitaremos mediante el proyecto un futuro controvertido entre la distop\u00eda [&hellip;]<\/p>\n","protected":false},"author":1037,"featured_media":0,"parent":0,"menu_order":0,"comment_status":"closed","ping_status":"closed","template":"","meta":{"footnotes":""},"class_list":["post-6040","page","type-page","status-publish","hentry"],"_links":{"self":[{"href":"https:\/\/blogs.ua.es\/proyectosarquitectonicos\/wp-json\/wp\/v2\/pages\/6040","targetHints":{"allow":["GET"]}}],"collection":[{"href":"https:\/\/blogs.ua.es\/proyectosarquitectonicos\/wp-json\/wp\/v2\/pages"}],"about":[{"href":"https:\/\/blogs.ua.es\/proyectosarquitectonicos\/wp-json\/wp\/v2\/types\/page"}],"author":[{"embeddable":true,"href":"https:\/\/blogs.ua.es\/proyectosarquitectonicos\/wp-json\/wp\/v2\/users\/1037"}],"replies":[{"embeddable":true,"href":"https:\/\/blogs.ua.es\/proyectosarquitectonicos\/wp-json\/wp\/v2\/comments?post=6040"}],"version-history":[{"count":5,"href":"https:\/\/blogs.ua.es\/proyectosarquitectonicos\/wp-json\/wp\/v2\/pages\/6040\/revisions"}],"predecessor-version":[{"id":6186,"href":"https:\/\/blogs.ua.es\/proyectosarquitectonicos\/wp-json\/wp\/v2\/pages\/6040\/revisions\/6186"}],"wp:attachment":[{"href":"https:\/\/blogs.ua.es\/proyectosarquitectonicos\/wp-json\/wp\/v2\/media?parent=6040"}],"curies":[{"name":"wp","href":"https:\/\/api.w.org\/{rel}","templated":true}]}}