{"id":6042,"date":"2016-09-15T23:13:50","date_gmt":"2016-09-15T21:13:50","guid":{"rendered":"https:\/\/blogs.ua.es\/proyectosarquitectonicos\/?page_id=6042"},"modified":"2016-09-15T23:46:04","modified_gmt":"2016-09-15T21:46:04","slug":"g1-jm-torres-nadal","status":"publish","type":"page","link":"https:\/\/blogs.ua.es\/proyectosarquitectonicos\/g1-jm-torres-nadal\/","title":{"rendered":"G1. JM. Torres Nadal."},"content":{"rendered":"<h3>LA ARQUITECTURIZACI\u00d3N DE LO TURISTICO EN LOS HOTELES DE BENIDORM III PARTE ECONOMIAS<\/h3>\n<h3>PRIMER\u00a0 SEMESTRE CURSO 2016-2017<\/h3>\n<p>0<\/p>\n<p>Este curso continua los trabajos del curso pasado sobre Benidorm. Durante dos semestres distintos este\u00a0 curso seguir\u00e1 tratando de averiguar en qu\u00e9\u00a0 medida Benidorm constituye en s\u00ed misma un modo de existencia del que es posible inferir modelos de trabajo arquitect\u00f3nico ecologizante. La primera parte la dar\u00e1 Jose M. Torres Nadal, y la segunda\u00a0 Mireia Luz\u00e1rraga en colaboraci\u00f3n con el arquitecto Alex Mui\u00f1o.<\/p>\n<p>1<\/p>\n<p>Lo que suceder\u00e1 este primer semestre es lo que \u00a0ya anticipaba \u00a0este cartel de la Exposici\u00f3n Benidorm y los Hoteles de Benidorm\u00a0 con el que divulgamos los proyectos realizados\u00a0 a lo largo del curso 2015-2016 en la Sala Municipal.<\/p>\n<p>. Una multitud de seres distintos han invadido Benidorm.\u00a0 Las playas se han trasformado, las mariposas y las orqu\u00eddeas ocupan las playas convertidas ahora en acantilados, el \u00a0IN\u00a0 TEMPO se ha activado y puesto en marcha, lo trans lo ha tomado y lo ha convertido en su base de operaciones y una geom\u00e9trica invasi\u00f3n de misiles y smiles\u00a0 suscitan en esa se\u00f1ora escenas de p\u00e1nico y estupefacci\u00f3n. \u00bfC\u00f3mo vivir all\u00ed?<\/p>\n<p>El cartel es una declaraci\u00f3n de guerra. Una guerra ecologizante, pac\u00edficamente invasora\u00a0 a veces, y simplemente violenta otra.\u00a0 Una guerra que se pregunta por esta cuesti\u00f3n. \u201cSi somos capaces de\u00a0 pensar y hablar de lo que puede suceder en los tiempos por venir, \u00bfpor qu\u00e9 no dejar que nuestros cuerpos sigan a nuestras palabras hasta el futuro?<\/p>\n<p>Esta es la \u00a0pregunta que a trav\u00e9s del vector econ\u00f3mico, en los ejercicios de este semestre, les turistas convertidos en cruzades de lo ecologizante, \u00a0formularan por igual\u00a0 a hoteles y a los hoteleros.<\/p>\n<p>2<\/p>\n<p>Benidorm es la transfiguraci\u00f3n del exceso, del exceso como idea y como pr\u00e1ctica. Todo all\u00ed es excesivo, y lo es porque todas las practicas\u00a0 desplegadas, por nacionales o extranjero, hermandad global de seres transnacionales, se muestran como exhibiciones corporales que son trasuntos de la domesticidad: los hoteles son casas y se viven como casas; \u00a0los usuarios son vecinos de los ciudadanos; los turistas\u00a0 frecuentan los mismos hoteles una y otra vez como vueltas temporales a la comodidad del hogar; el IMSERSO marca el tono de la vida diaria de los hoteles, y los turistas repiten h\u00e1bitos que acaban rompiendo con la idea de temporalidad para situar esas costumbres en el umbral de lo evidentemente cotidiano. \u00a0Esta manera de vivir lo tur\u00edstico como una practica\u00a0 domestica que traslada a la calle y al espacio p\u00fablico\u00a0 vestimentas y h\u00e1bitos y formas de comportamiento dom\u00e9sticas, convierten\u00a0 Benidorm en un lugar con una carga ficcional importante \u00a0\u00a0basada en una erotizaci\u00f3n des( no)-tecnol\u00f3gica de esa domesticidad.<\/p>\n<p>Porque mientras el usuario tur\u00edstico va aceptando las distintas derivas tecnol\u00f3gicas que organizan el espacio social ( Uber, AirBnB, Skipe, Wechat, Facebook, SocietyOne, Netflix, Apple&amp;Google ) fuera y dentro del espacio tur\u00edstico, fuera y dentro del espacio dom\u00e9stico, los empresarios siguen rigi\u00e9ndose por la idea de la permanec\u00eda en el contexto de lo MODERNO, repitiendo los mismos esquemas econ\u00f3micos\u00a0 de obtenci\u00f3n de m\u00e1ximo beneficio, y repitiendo\u00a0 los mismas patrones de rechazo a formas de innovaci\u00f3n que procuren una transformaci\u00f3n ECOLOGIZANTE\u00a0 del modelo<\/p>\n<p><img loading=\"lazy\" decoding=\"async\" class=\"aligncenter wp-image-6059 size-full\" src=\"https:\/\/blogs.ua.es\/proyectosarquitectonicos\/files\/2016\/09\/Torres-1.png\" alt=\"Torres 1\" width=\"541\" height=\"415\" srcset=\"https:\/\/blogs.ua.es\/proyectosarquitectonicos\/files\/2016\/09\/Torres-1.png 541w, https:\/\/blogs.ua.es\/proyectosarquitectonicos\/files\/2016\/09\/Torres-1-300x230.png 300w, https:\/\/blogs.ua.es\/proyectosarquitectonicos\/files\/2016\/09\/Torres-1-150x115.png 150w, https:\/\/blogs.ua.es\/proyectosarquitectonicos\/files\/2016\/09\/Torres-1-400x307.png 400w\" sizes=\"auto, (max-width: 541px) 100vw, 541px\" \/><\/p>\n<p>La investigaci\u00f3n sobre los modos de existencia, sobre su estado y sobre su evoluci\u00f3n,\u00a0 pasa entonces en\u00a0 Benidorm por distinguir los distintos hiatos, trayectorias, felicidades e infelicidades, que operan en los sujetos distintos, turistas y empresarios, para poder proponer las permanencias y trasformaciones arquitect\u00f3nicas que desde lo ecologizante se pueden producir tanto en los sujetos de uno y otro lado como en lo objetos de juicio de este curso, los Hoteles de Benidorm.<\/p>\n<p>3<\/p>\n<p>Si el curso pasado pod\u00eda entenderse, entonces,\u00a0\u00a0 como \u00a0un curso de dialogantes e inventivas \u00a0aproximaciones ecologizantes a los\u00a0 deseos, a las ecolog\u00edas, a las \u00a0\u00a0pol\u00edticas\u00a0 de este \u00a0\u00a0exceso del capital, este curso, se propone la comprensi\u00f3n de estos intereses del capital \u00a0no como una reacci\u00f3n a esa forma de capitalismo, sino como la \u00a0asunci\u00f3n de ser \u00a0rivales suyos ( Mark Fisher Realismo Capitalista\u00a0\u00a0\u00a0\u00a0\u00a0\u00a0\u00a0\u00a0\u00a0\u00a0\u00a0\u00a0\u00a0\u00a0\u00a0\u00a0\u00a0\u00a0\u00a0\u00a0\u00a0\u00a0\u00a0\u00a0\u00a0\u00a0\u00a0\u00a0\u00a0 ) . Este curso se instituye como un curso que opera en esa rivalidad, que se define rival de esas pr\u00e1cticas, y que por tanto declara la guerra.<\/p>\n<p>Pero las rivalidades son de distinto signo. Mientras que el sujeto tur\u00edstico, por no entender lo econ\u00f3mico como una cuesti\u00f3n estructural de producci\u00f3n de beneficio sino solo de gasto,\u00a0 por ser portador del cuerpo sobre el que opera esa econom\u00eda low cost, se halla ya inmerso en la definici\u00f3n de lo ecologizante y vive ya en su pr\u00e1ctica en el interior de la cuesti\u00f3n : \u00a0\u201cSi somos capaces de\u00a0 pensar y hablar de lo que puede suceder en los tiempos por venir, \u00bfpor qu\u00e9 no dejar que nuestros cuerpos sigan a nuestras palabras hasta el futuro\u201d. (CeroK), \u00a0y puede por lo tanto adoptar sistemas de evoluci\u00f3n dentro de lo ecologizante, \u00a0\u00a0\u00a0los registros\u00a0 de lo empresarial, \u00a0por ser ideol\u00f3gicos y estructurales \u00a0a la vez, solo pueden transformarse con acciones de guerra, con ejercicios de er\u00f3tica y pornogr\u00e1fica violencia. Mientras unos operan ya en la columna de la derecha, los otros operan en el espacio in between de \u00a0lo uno y lo otro<\/p>\n<p>Nuestra esperanza est\u00e1 ahora puesta en que el ejercicio de estudio y despliegue arquitect\u00f3nico \u00a0de esas formas \u00a0\u00a0rivalidad engendre unos patrones de investigaci\u00f3n arquitect\u00f3nica cargada de innovaci\u00f3n para una\u00a0 ecologizaci\u00f3n de las pr\u00e1cticas, para una ecologizaci\u00f3n de la subjetividad.<\/p>\n<p>4<\/p>\n<p>Porque esta \u00a0violencia, que es una acci\u00f3n que se despoja de la moralidad de la idea de la vocaci\u00f3n del bien, para situarse en la \u00f3rbita de lo deseable y de lo apasionante compartido entre Gea y nosotres, y que enlaza a trav\u00e9s del uso de ese cuerpo con las pr\u00e1cticas de la\u00a0 \u00e9tica de los cuidados, de ah\u00ed la impronta de lo sexual como argumento principal, es la necesaria para poder traspasar lo que ya ocurre desde\u00a0 lo moderno a las realidades de la ficci\u00f3n del futuro ecologizante.<\/p>\n<p>Entre un mundo que tarda en acabarse y otro que no termina de empezar, hay situaciones de paz, situaciones de controversia, dialogo,\u00a0 entendimiento, pero tambi\u00e9n, como ahora, \u00a0hay establecida una guerra. La guerra como un dispositivo creativo que se sit\u00faa ENTRE pero tambi\u00e9n en uno de sus lados\u00a0 \u00a0de esa \u00a0trasformaci\u00f3n. Y la guerra como un observatorio activo de medici\u00f3n de la evoluci\u00f3n entre lo moderno y lo ecologizante<\/p>\n<p>5<\/p>\n<p>Lo que se propone para este semestre es \u00a0desplegar arquitect\u00f3nicamente estos dispositivos de guerra, unos como\u00a0 espacios de observaci\u00f3n\u00a0 a trav\u00e9s de\u00a0 la explosi\u00f3n de los instrumentos iconos de la domesticidad ( lavadoras, aspiradoras, cafeteras, lavavajillas, tostadoras, freidoras\u2026. Etc. etc.) convertidos en m\u00e1quinas de combate y transformaci\u00f3n, y\u00a0 \u00a0otros \u00a0como espacios de combate ubicados en lugares estrat\u00e9gicos de la ciudad y de los hoteles, que han dejado de ser representativos del Chic y bonito\u00a0 Benidorm , que son \u00a0los deshechos de la ciudad ( cloacas, terrazas inaccesibles llenas de m\u00e1quinas, s\u00f3tanos,\u00a0 , espacios degradados de los hoteles\u00a0 etc. etc,\u00a0 )\u00a0 para empezar desde all\u00ed esa colonizaci\u00f3n ecologizante de los hoteles<\/p>\n<p>Desarrollar dos ilustraciones<\/p>\n<p>La playa, o unas calles de Benidorm o las calles de Benidorm\u00a0 tomada por objetos dom\u00e9sticos como una transformaci\u00f3n de una ciudad en la que ya no hubieran personas, solo esos objetos.<br \/>\nIlustraci\u00f3n de Benidorm y sus hoteles tremendamente maquillados y vestidos\u00a0 al modo de extra\u00f1a mezcla entre\u00a0 Drack Queens y Francois Roche, eczemas y bultos bultos a partir de sus interiores<br \/>\nMETODO<\/p>\n<p>Selecci\u00f3n de una noticia econ\u00f3mica que haya aparecido en los dos o tres \u00faltimos a\u00f1os sobre\u00a0 Benidorm y su econom\u00eda. (seleccionar un hecho, o declaraci\u00f3n pol\u00edtica, \u00a0real,\u00a0 que haya propiciado una noticia, y que est\u00e9 vinculada directamente al tema capaz de\u00a0 potenciar nuestra investigaci\u00f3n,)<br \/>\nSelecciona uno de los hoteles sobre el que tus compa\u00f1erxs trabajaron el curso pasado. Trata de entender qu\u00e9 y c\u00f3mo lo hicieron, habla con ellos\/ellas Hay all\u00ed una primera visi\u00f3n ficcionada de una realidad que debe permitirte entender los hoteles como centros neur\u00e1lgicos de esa guerra.<br \/>\nSelecciona el principio de transformaci\u00f3n entre lo Moderno y lo ecologizante \u00a0sobre el que quieres trabajar durante este semestre. No es necesario que lo entiendas muy bien ahora. Trata de moverte por la intuici\u00f3n para lograr la\u00a0 afinidad. Uno de los objetivos del curso es precisamente que aprendas \u00a0a transformar lo que habitualmente sirve de explicaci\u00f3n en lo que debe ser explicado.<br \/>\nCon\u00a0 estos tres materiales construiremos en primer lugar la trasformaci\u00f3n de uno de los objetos dom\u00e9sticos que creas que mejor pueden ayudarte a explicar el contenido de tu programa. Se trata de que se desprendan de esa condici\u00f3n de m\u00e1quina que sirve al humano para\u00a0 ser parte de lo humano y lograr as\u00ed una condici\u00f3n posthumano del conjunto. Esto debe operar en la econom\u00eda del reciclaje, materiales, mercado, etc\u2026. Estos dispositivos de guerra ( que atienden a la alteridad animales, plantas,)\u00a0 y tienen claras implicaciones personales deben ser representados de modo que tu tienes que estar implicado en ellos. Con ellos \u00a0construiremos los elementos menores de un combate final contra empresarios y hoteles en la \u00faltima parte de curso<br \/>\nLa entrega final\u00a0\u00a0 ser\u00e1 la saturaci\u00f3n de cada una de estas piezas aplicadas a los hoteles\u00a0 que hayas elegido y sobre los que decidas trabajar. La idea es demostrar a trav\u00e9s de gr\u00e1ficos y maquetas que el vector econ\u00f3mico escogido \u00a0y la tecnolog\u00eda propuesta \u00a0\u00a0es capaz de introducir alteraciones sustanciales en el imaginario del hotel capaces de proponer\u00a0 indicios de su ecologizaci\u00f3n.\u00a0 Un nuevo Benidorm es posible.<br \/>\nBIBLIOGRAFIA<\/p>\n<p>Literatura<\/p>\n<p>UN POETA EN\u00a0 NUEVA YORK _ Federico garcia Lorca_ Ed. Catedra<\/p>\n<p>EL GIRO_\u00a0 Stephen Greenblat_ Ed.Criitica<\/p>\n<p>POETA DE LAS CENIZAS_ Pier Paolo Pasolini_ Ed. Delirio<\/p>\n<p>Filosofia y politica<\/p>\n<p>INVESTIGACI\u00d3N SOBRE LOS MODOS DE EXITENCIA_ B. Latour_ ED. Paid\u00f3s Sudamerica<\/p>\n<p>COGITAMUS, seis cartas sobre las humanidades cient\u00edficas _ B. Latour _ PDF<\/p>\n<p>LO POSTHUMANO_ Rossi Braidotti_ Ed. Gedisa<\/p>\n<p>LA PRIMAVERA SILENCIOSA _ Rachel Carson_ Ed_ Critica<\/p>\n<p>Arquitectura<\/p>\n<p>APRENDIENDO DE LAS VEGAS_ \u00a0Scott Brown &amp; Robert venturi_ ED Gustavo gili edici\u00f3n 2015<\/p>\n<p>LOS ANGELES La arquitectura de las cuatro ecolog\u00edas_ Reyner Banham_ Ed Puente editores<\/p>\n<p>Peliculas<\/p>\n<p>TEOREMA\u00a0 DE\u00a0 Pier Paolo Pasolini<\/p>\n<p>LA GRAN COMILONA DE Marco Ferreri<\/p>\n<p>&nbsp;<\/p>\n<p>&nbsp;<\/p>\n","protected":false},"excerpt":{"rendered":"<p>LA ARQUITECTURIZACI\u00d3N DE LO TURISTICO EN LOS HOTELES DE BENIDORM III PARTE ECONOMIAS PRIMER\u00a0 SEMESTRE CURSO 2016-2017 0 Este curso continua los trabajos del curso pasado sobre Benidorm. Durante dos semestres distintos este\u00a0 curso seguir\u00e1 tratando de averiguar en qu\u00e9\u00a0 medida Benidorm constituye en s\u00ed misma un modo de existencia del que es posible inferir [&hellip;]<\/p>\n","protected":false},"author":1037,"featured_media":0,"parent":0,"menu_order":0,"comment_status":"closed","ping_status":"closed","template":"","meta":{"footnotes":""},"class_list":["post-6042","page","type-page","status-publish","hentry"],"_links":{"self":[{"href":"https:\/\/blogs.ua.es\/proyectosarquitectonicos\/wp-json\/wp\/v2\/pages\/6042","targetHints":{"allow":["GET"]}}],"collection":[{"href":"https:\/\/blogs.ua.es\/proyectosarquitectonicos\/wp-json\/wp\/v2\/pages"}],"about":[{"href":"https:\/\/blogs.ua.es\/proyectosarquitectonicos\/wp-json\/wp\/v2\/types\/page"}],"author":[{"embeddable":true,"href":"https:\/\/blogs.ua.es\/proyectosarquitectonicos\/wp-json\/wp\/v2\/users\/1037"}],"replies":[{"embeddable":true,"href":"https:\/\/blogs.ua.es\/proyectosarquitectonicos\/wp-json\/wp\/v2\/comments?post=6042"}],"version-history":[{"count":5,"href":"https:\/\/blogs.ua.es\/proyectosarquitectonicos\/wp-json\/wp\/v2\/pages\/6042\/revisions"}],"predecessor-version":[{"id":6081,"href":"https:\/\/blogs.ua.es\/proyectosarquitectonicos\/wp-json\/wp\/v2\/pages\/6042\/revisions\/6081"}],"wp:attachment":[{"href":"https:\/\/blogs.ua.es\/proyectosarquitectonicos\/wp-json\/wp\/v2\/media?parent=6042"}],"curies":[{"name":"wp","href":"https:\/\/api.w.org\/{rel}","templated":true}]}}