{"id":6046,"date":"2016-09-15T23:14:19","date_gmt":"2016-09-15T21:14:19","guid":{"rendered":"https:\/\/blogs.ua.es\/proyectosarquitectonicos\/?page_id=6046"},"modified":"2017-09-12T14:55:21","modified_gmt":"2017-09-12T12:55:21","slug":"g4-jose-carrasco","status":"publish","type":"page","link":"https:\/\/blogs.ua.es\/proyectosarquitectonicos\/g4-jose-carrasco\/","title":{"rendered":"G4. Jos\u00e9 Carrasco."},"content":{"rendered":"<h4><em>ArquiRalezas.<\/em><\/h4>\n<p><em>MicroNaturalezas, ExtraDom\u00e9sticos y Servicios en Red.<\/em><\/p>\n<p>Programa para el COMMON EXTRA HOUSE LAB 5 2016\/2017<\/p>\n<p>Profesores Antonio Abell\u00e1n (Proyectos 2-3) y Jos\u00e9 Carrasco (Proyectos 8)<\/p>\n<p>&nbsp;<\/p>\n<p><strong>INTRODUCCI\u00d3N<\/strong><\/p>\n<p>\u00bfHab\u00e9is proyectado una vivienda en los cursos preliminares? \u00bfQu\u00e9 es habitar sin casa? \u00bfY aprender sin escuela? \u00bfCu\u00e1ndo una habitaci\u00f3n es sat\u00e9lite? \u00bfExisten las habitaciones secretas?&#8230; \u00bfpuede haberlas en la huerta?<\/p>\n<p>\u00bfExtraDom\u00e9sticos? \u00bfArquiRalezas? Este taller intentaremos hacer balance de lo aprendido por vosotros durante vuestros cuatro a\u00f1os anteriores sobre las formas de habitar.<\/p>\n<p>(ver resumen de P2 Antonio Abell\u00e1n)<\/p>\n<p><strong>CONTEXTO<\/strong><\/p>\n<p>Se trabajar con la deuda de los afectos (tambi\u00e9n llamado huella de los cuidados), esa \u201crelaci\u00f3n entre el tiempo, el afecto y la energ\u00eda amorosa que las personas reciben para atender a sus necesidades y las que aportan para garantizar la continuidad de otras vidas\u201d (Pascual, 2010,176). Es una forma de vida dentro de la cual aquello que nos toca en lo m\u00e1s \u00edntimo no es solo un asunto personal. Tiene que ver con la mano invisible del cuidado, ese conjunto de tareas que realizan las mujeres, que \u201cnadan contra la corriente del desorden, el desabastecimiento de la despensa y el abandono afectivo\u201d.<\/p>\n<p>Monteys (2014) recuerda que \u201chabitaci\u00f3n\u201d es un concepto resignificado contempor\u00e1neamente, ambiguo y no especializado, y lo muestra en su texto del mismo nombre mediante un cat\u00e1logo de ejemplos extra\u00eddos de pel\u00edculas, cuadros e instalaciones (trabajo derivado del grupo de investigaci\u00f3n Rehabitar de la UPC).<\/p>\n<p>La cultura de proximidad ayuda a establecer criterios de dise\u00f1o y tiene que ver con entender la cercan\u00eda de las materias y tecnolog\u00edas. Por ello, genera extra\u00f1amiento y no deja indiferente el m\u00e9todo llamado de \u201cdistanciamiento\u201d por Lacaton y Vassal cuando aplica tecnolog\u00edas para usos no propios, como cuando a\u00f1aden un invernadero a una vivienda o cuando diseminan el programa de una escuela de arquitectura en niveles y rampas de un parking (Escuela de Arquitectura, Nantes, 2009) (concepto de \u201cdistanciamiento\u201d,Ruby 2002).<\/p>\n<p><strong>OBJETIVOS<\/strong><\/p>\n<p>Detectar \u201cExtraDom\u00e9sticos\u201d (o micro-arquitecturas) como descubrimiento de desplazamientos fuera del espacio residencial de usos que tradicionalmente se suponen interiores a las viviendas. Son modos de habitar multifuncionales, como cuando una caseta de aperos se reconvierte en comedor familiar, o como cuando un indigente ocupa temporalmente viviendas cuyos habitantes parecen ausentes (Hierro 3, Kim Ki-duk, 2014). Se genera un cat\u00e1logo a nivel global de descripciones\/simulaciones\/respuestas para este concepto.<\/p>\n<p>Experimentar \u201cArquiRalezas\u201d como hip\u00f3tesis de arquitecturas que hibridan los \u201cExtraDom\u00e9sticos\u201d y las \u201dMicroNaturalezas\u201d catalogadas en P2 (para proyectar c\u00f3mo se habita sin casa, c\u00f3mo se aprende sin escuela&#8230;) y que hablan a una escala mayor de relaciones simbi\u00f3ticas de casas, habitantes y territorio natural y de proyectar para la crianza, la salud, el apoyo emocional, la resoluci\u00f3n de cuestiones b\u00e1sicas (Pascual 2010).\u00a0 (P2+P8) (ver las \u201cMicroNaturalezas\u201d descritas en P2 Antonio Abell\u00e1n).<\/p>\n<p><strong>METODOLOG\u00cdA<\/strong><\/p>\n<p>Acampada \u201cvirtual\u201d:\u00a0 experiencia de 24h en taller de Arquitectura en La \u00d1ora de b\u00fasqueda de referencias para detectar esos otros modos de domesticidad. En concreto, se visionan pel\u00edculas de una lista propuesta realizando din\u00e1micas gr\u00e1ficas v\u00e1lidas para las horas de la acampada.<\/p>\n<p>Los \u201cExtraDom\u00e9sticos\u201d ir\u00e1n siendo formateados semana a semana, simulando formas narrativas,\u00a0 dibujo de patentes, o desplegables dymaxion a partir de 3D, etc., hasta constituir taxonom\u00edas completas. Se genera un <u>Cat\u00e1logo de ExtraDom\u00e9sticos Global<\/u>.<\/p>\n<p>A mitad de cuatrimestre y como marco de ayuda para construir el enunciado, se escoger\u00e1 una instalaci\u00f3n o performance de un autor reconocido en la que se intuya una historia por acabar en lo que respecta a la deuda de afectos o huella de cuidados. Las \u201cArquiRalezas\u201d en el paisaje de la huerta murciana materializar\u00e1n este final de historia, demostrada por los estudiantes mediante una instalaci\u00f3n habitada.<\/p>\n<p>Por ejemplo, la instalaci\u00f3n \u201cCu\u00eddate\u201d de Sophie Calle, en la cual se muestran las respuestas de m\u00e1s de cien mujeres a la invitaci\u00f3n de interpretar una carta de despedida amorosa que se dejan retratar en umbrales de estancias de trabajo o espacios p\u00fablicos (\u201cPrenez soin de vous\u201d Bienal de Venecia del 2007). El universo \u00edntimo-p\u00fablico desvelado a partir de estos umbrales estar\u00eda presente en la domesticidad de las \u201cArquiRalezas\u201d de los estudiantes, a modo de homenaje del proyecto de Sophie Calle casi diez a\u00f1os despu\u00e9s.<\/p>\n<p><strong>BIBLIOGRAF\u00cdA<\/strong><\/p>\n<p>Blundell, P. y otros. 2005. \u201cArchitecture and participation\u201d. Routledge. Cap.2 Till.<\/p>\n<p>Calle, S. 2007 \u201cTake care of yourself\u201d. Actes Sud. Cat\u00e1logo de Expo Bienal Venecia 2007.<\/p>\n<p>Goodbun y otros. 2012. \u201cScarcity. Architecture in an age of depleting resources\u201d AD n\u00ba218.<\/p>\n<p>Ingold, T. 2011. Being Alive. Essays on movement, knowledge and description.\u00a0 Routledge.<\/p>\n<p>Latour, B. y Weibel, 2005. \u201cMaking things public: atmospheres of democracy\u201d. MIT Press.<\/p>\n<p>Monteys, X. 2014. \u201cLa habitaci\u00f3n. M\u00e1s all\u00e1 de la sala de estar\u201d. GG; proy de invest. \u201cReHabitar\u201d.<\/p>\n<p>Oppenheimer, A. 2002. \u201cRural Studio: Samuel Mockbee and an architecture of decency\u201d. Princeton Architectural Press.<\/p>\n<p>Pallasmaa, J. 1994. \u201cIdentidad, intimidad y domicilio. Notas sobre la fenomenolog\u00eda del hogar\u201d y otros textos, incluidos en \u201cHabitar, 2016, GG.<\/p>\n<p>Pascual, M. 2010. \u201cLas mujeres, protagonistas de la sostenibilidad: deuda ecol\u00f3gica y deuda de los cuidados\u201d, p179. Claves del Ecologismo Social.<\/p>\n<p>Perec, G. 1978. \u201cLa vida, instrucciones de uso\u201d.<\/p>\n<p>Ruby, I. y Ruby, A. 2002. \u201cEspacio extra, extra grande. Sobre Lacaton &amp; Vassal\u201d. Revista 2G, n21.<\/p>\n<p>Tsukamoto, Y. y Kajima, M. 2010 \u201cBehaviorology\u201d. Atelier Bow-Wow. Rizzoli.<\/p>\n","protected":false},"excerpt":{"rendered":"<p>ArquiRalezas. MicroNaturalezas, ExtraDom\u00e9sticos y Servicios en Red. Programa para el COMMON EXTRA HOUSE LAB 5 2016\/2017 Profesores Antonio Abell\u00e1n (Proyectos 2-3) y Jos\u00e9 Carrasco (Proyectos 8) &nbsp; INTRODUCCI\u00d3N \u00bfHab\u00e9is proyectado una vivienda en los cursos preliminares? \u00bfQu\u00e9 es habitar sin casa? \u00bfY aprender sin escuela? \u00bfCu\u00e1ndo una habitaci\u00f3n es sat\u00e9lite? \u00bfExisten las habitaciones secretas?&#8230; \u00bfpuede [&hellip;]<\/p>\n","protected":false},"author":1037,"featured_media":0,"parent":0,"menu_order":0,"comment_status":"closed","ping_status":"closed","template":"","meta":{"footnotes":""},"class_list":["post-6046","page","type-page","status-publish","hentry"],"_links":{"self":[{"href":"https:\/\/blogs.ua.es\/proyectosarquitectonicos\/wp-json\/wp\/v2\/pages\/6046","targetHints":{"allow":["GET"]}}],"collection":[{"href":"https:\/\/blogs.ua.es\/proyectosarquitectonicos\/wp-json\/wp\/v2\/pages"}],"about":[{"href":"https:\/\/blogs.ua.es\/proyectosarquitectonicos\/wp-json\/wp\/v2\/types\/page"}],"author":[{"embeddable":true,"href":"https:\/\/blogs.ua.es\/proyectosarquitectonicos\/wp-json\/wp\/v2\/users\/1037"}],"replies":[{"embeddable":true,"href":"https:\/\/blogs.ua.es\/proyectosarquitectonicos\/wp-json\/wp\/v2\/comments?post=6046"}],"version-history":[{"count":4,"href":"https:\/\/blogs.ua.es\/proyectosarquitectonicos\/wp-json\/wp\/v2\/pages\/6046\/revisions"}],"predecessor-version":[{"id":6096,"href":"https:\/\/blogs.ua.es\/proyectosarquitectonicos\/wp-json\/wp\/v2\/pages\/6046\/revisions\/6096"}],"wp:attachment":[{"href":"https:\/\/blogs.ua.es\/proyectosarquitectonicos\/wp-json\/wp\/v2\/media?parent=6046"}],"curies":[{"name":"wp","href":"https:\/\/api.w.org\/{rel}","templated":true}]}}