{"id":6305,"date":"2017-09-12T15:50:59","date_gmt":"2017-09-12T13:50:59","guid":{"rendered":"https:\/\/blogs.ua.es\/proyectosarquitectonicos\/?page_id=6305"},"modified":"2017-09-15T09:57:39","modified_gmt":"2017-09-15T07:57:39","slug":"g1-juan-carlos-castro-2","status":"publish","type":"page","link":"https:\/\/blogs.ua.es\/proyectosarquitectonicos\/g1-juan-carlos-castro-2\/","title":{"rendered":"G1 Juan Carlos Castro"},"content":{"rendered":"<h4><img loading=\"lazy\" decoding=\"async\" class=\"aligncenter size-full wp-image-6417\" src=\"https:\/\/blogs.ua.es\/proyectosarquitectonicos\/files\/2017\/09\/3cee0138d70014cd42267bd4956b87f8-weird-houses-unusual-houses.jpg\" alt=\"\" width=\"400\" height=\"385\" srcset=\"https:\/\/blogs.ua.es\/proyectosarquitectonicos\/files\/2017\/09\/3cee0138d70014cd42267bd4956b87f8-weird-houses-unusual-houses.jpg 400w, https:\/\/blogs.ua.es\/proyectosarquitectonicos\/files\/2017\/09\/3cee0138d70014cd42267bd4956b87f8-weird-houses-unusual-houses-300x289.jpg 300w, https:\/\/blogs.ua.es\/proyectosarquitectonicos\/files\/2017\/09\/3cee0138d70014cd42267bd4956b87f8-weird-houses-unusual-houses-150x144.jpg 150w\" sizes=\"auto, (max-width: 400px) 100vw, 400px\" \/><\/h4>\n<h4>Welcome Home, No man\u2019s land<\/h4>\n<h5><strong>Ap\u00e1tridas, refugiados, desplazados y damnificados. <\/strong><\/h5>\n<p>Seg\u00fan ACNUR, la agencia del Alto Comisionado de Naciones Unidas para los refugiados, existen actualmente unos 65 millones de personas desplazadas por cuestiones relacionadas con hambruna y conflictos b\u00e9licos. Esta cifra aumenta dram\u00e1ticamente hasta los 200 millones si tenemos en cuenta las desplazadas por situaciones de emergencia y cat\u00e1strofes medioambientales. Es el valor equivalente a una cuarta parte de la poblaci\u00f3n de Europa. La cuarta parte de un continente desplaz\u00e1ndose por el planeta tierra, sin hogar.<\/p>\n<p>Este curso se va a centrar justamente en esa necesidad: en la construcci\u00f3n, fabricaci\u00f3n y producci\u00f3n de viviendas para situaciones de emergencia. Se trata de desarrollar modelos y prototipos de hogares temporales en los que la solvencia t\u00e9cnica y tecnol\u00f3gica, la autosuficiencia, la autoconstrucci\u00f3n y el empoderamiento colectivo van a formar parte de un trabajo principalmente emp\u00edrico.<\/p>\n<p>Este curso explorar\u00e1 y ensayar\u00e1 la construcci\u00f3n de prototipos a escala real, de manera que ideaci\u00f3n, dise\u00f1o, producci\u00f3n y construcci\u00f3n van a formar parte del trabajo desde el principio.<\/p>\n<p>Para ello habr\u00e1 que entender qu\u00e9 necesidades sociales y pol\u00edticas tienen los diferentes tipos de desplazados, qu\u00e9 requerimientos de calidad, confort y resistencia necesitar\u00e1n los diferentes prototipos y que tecnolog\u00edas ser\u00e1n las que permitan dar respuesta a necesidades de una radicalidad que a priori, nos alejan de los conceptos propios del primer mundo y del estado del bienestar: crecimiento econ\u00f3mico, estabilidad social, calidad ambiental, ocio y disfrute, etc. Esto nos obligar\u00e1 a explorar otro tipo de territorios comprometidos como pueden ser la econom\u00eda circular, conocimiento redistribu\u00eddo y compartido, empoderamiento colectivo, estructuras descentralizadas, autoaprendizaje y cultura del DIY.<\/p>\n<p>&nbsp;<\/p>\n<p>&nbsp;<\/p>\n","protected":false},"excerpt":{"rendered":"<p>Welcome Home, No man\u2019s land Ap\u00e1tridas, refugiados, desplazados y damnificados. Seg\u00fan ACNUR, la agencia del Alto Comisionado de Naciones Unidas para los refugiados, existen actualmente unos 65 millones de personas desplazadas por cuestiones relacionadas con hambruna y conflictos b\u00e9licos. Esta cifra aumenta dram\u00e1ticamente hasta los 200 millones si tenemos en cuenta las desplazadas por situaciones [&hellip;]<\/p>\n","protected":false},"author":1037,"featured_media":0,"parent":0,"menu_order":0,"comment_status":"closed","ping_status":"closed","template":"","meta":{"footnotes":""},"class_list":["post-6305","page","type-page","status-publish","hentry"],"_links":{"self":[{"href":"https:\/\/blogs.ua.es\/proyectosarquitectonicos\/wp-json\/wp\/v2\/pages\/6305","targetHints":{"allow":["GET"]}}],"collection":[{"href":"https:\/\/blogs.ua.es\/proyectosarquitectonicos\/wp-json\/wp\/v2\/pages"}],"about":[{"href":"https:\/\/blogs.ua.es\/proyectosarquitectonicos\/wp-json\/wp\/v2\/types\/page"}],"author":[{"embeddable":true,"href":"https:\/\/blogs.ua.es\/proyectosarquitectonicos\/wp-json\/wp\/v2\/users\/1037"}],"replies":[{"embeddable":true,"href":"https:\/\/blogs.ua.es\/proyectosarquitectonicos\/wp-json\/wp\/v2\/comments?post=6305"}],"version-history":[{"count":4,"href":"https:\/\/blogs.ua.es\/proyectosarquitectonicos\/wp-json\/wp\/v2\/pages\/6305\/revisions"}],"predecessor-version":[{"id":6418,"href":"https:\/\/blogs.ua.es\/proyectosarquitectonicos\/wp-json\/wp\/v2\/pages\/6305\/revisions\/6418"}],"wp:attachment":[{"href":"https:\/\/blogs.ua.es\/proyectosarquitectonicos\/wp-json\/wp\/v2\/media?parent=6305"}],"curies":[{"name":"wp","href":"https:\/\/api.w.org\/{rel}","templated":true}]}}