{"id":6309,"date":"2017-09-12T15:51:34","date_gmt":"2017-09-12T13:51:34","guid":{"rendered":"https:\/\/blogs.ua.es\/proyectosarquitectonicos\/?page_id=6309"},"modified":"2017-09-20T12:59:53","modified_gmt":"2017-09-20T10:59:53","slug":"g3-antonio-abellan-tarde","status":"publish","type":"page","link":"https:\/\/blogs.ua.es\/proyectosarquitectonicos\/g3-antonio-abellan-tarde\/","title":{"rendered":"G3 Antonio Abell\u00e1n"},"content":{"rendered":"<h4>No Human Labs<br \/>\nSi la Naturaleza no existe, que tampoco exista la Ciudad.<\/h4>\n<h5>Common Extra House Lab<br \/>\nAntonio Abell\u00e1n Alarc\u00f3n \/ Enrique Nieto \/ Jos\u00e9 Carrasco<\/h5>\n<h5>ANTECEDENTES Y PROPUESTA<\/h5>\n<p>Este curso, en el Common Extra House Lab (CEHL) proponemos atender con mayor intensidad un espacio que hasta la fecha creemos poco explorado en nuestro laboratorio: nuestra relaci\u00f3n con lo No Humano, con otro tipo de vidas y entidades con las que compartimos la vida en el planeta Tierra en cualquiera de las escalas y niveles de proximidad. Arrancaremos a partir de la intuici\u00f3n de que la desconexi\u00f3n de cada generaci\u00f3n de humanos respecto a estos otros actores del planeta es cada vez mayor, m\u00e1s preocupante, y que adem\u00e1s nos dificulta el poder pensar un futuro m\u00e1s justo y solidario.<\/p>\n<p>Pongamos encima de la mesa una colecci\u00f3n de reflexiones sobre la manera en la que podr\u00edamos imaginar la participaci\u00f3n de lo No Humano en nuestras pr\u00e1cticas arquitect\u00f3nicas futuras y en el marco de las preocupaciones compartidas sobre nuestra casa com\u00fan. Estas reflexiones tienen que ayudarnos a despertar en los estudiantes y en nosotros mismos otra mirada, una sorpresa, producir un impacto y una reacci\u00f3n a ser posible entusiasta y creativa que facilite la inclusi\u00f3n de \u201clos otros\u201d en nuestros \u201casuntos\u201d. Para ello tendremos, en primer lugar, que consensuar lo que entendemos como No humano con relaci\u00f3n a otras aproximaciones similares como m\u00e1s-que-humanos, posthumanos, etc.<\/p>\n<p>El curso abordar\u00e1 dos formatos de trabajo complementarios: en el primer cuatrimestre el alumno producir\u00e1 laboratorios que exploren relaciones Humano-No Humano mediante la convivencia y el ensayo a escala real; mientras que en el segundo realizar\u00e1 un trabajo de reconstrucci\u00f3n del espacio dom\u00e9stico-urbano a partir de las repercusiones arquitect\u00f3nicas que su laboratorio permite detectar y dise\u00f1ar.<\/p>\n<h5>BIBLIOGRAF\u00cdA Y WEBS<\/h5>\n<p>BRAIDOTTI, R., 2015. Lo posthumano. Barcelona: Gedisa.<\/p>\n<p>COHEN, R., BAN BALEN, T., www.cohenvanbalen.com<\/p>\n<p>HARAWAY, D.J., 2016. Staying with the Trouble: Making Kin in the Chthulucene. S.l.: Duke University Press.<\/p>\n<p>HARRISON, A.L., 2013. Architectural theories of the environment: posthuman territory. New York: Routledge.<\/p>\n<p>ITO, T., 2000. Escritos. Murcia: Colecci\u00f3n de Arquitectura. Colegio Oficial de Aparejadores y Arquitectos T\u00e9cnicos.<\/p>\n<p>KOOLHASS, R., 2004. Delirio de Nueva York. Barcelona: Gustavo Gili.<\/p>\n<p>RIECHMANN, J., 2000. Un Mundo vulnerable: ensayos sobre ecolog\u00eda, \u00e9tica y tecnociencia. Madrid: Catarata.<\/p>\n<p>SERRES, M., 2014. Pulgarcita. Barcelona: Gedisa.<\/p>\n<p>THWAITES, T., www.thomasthwaites.com<\/p>\n<p>TURPIN, E., 2013. Architecture in the anthropocene: encounters among design, deep time, science and philosophy. Michigan: Ann Arbor.<\/p>\n<p>TSING, A.L., 2017. Arts of living on a damaged planet. University of Minnesota Press.<\/p>\n<p><img loading=\"lazy\" decoding=\"async\" class=\"aligncenter size-full wp-image-6397\" src=\"https:\/\/blogs.ua.es\/proyectosarquitectonicos\/files\/2017\/09\/imagen-No-Human-Labs-1.jpg\" alt=\"\" width=\"550\" height=\"845\" srcset=\"https:\/\/blogs.ua.es\/proyectosarquitectonicos\/files\/2017\/09\/imagen-No-Human-Labs-1.jpg 550w, https:\/\/blogs.ua.es\/proyectosarquitectonicos\/files\/2017\/09\/imagen-No-Human-Labs-1-195x300.jpg 195w, https:\/\/blogs.ua.es\/proyectosarquitectonicos\/files\/2017\/09\/imagen-No-Human-Labs-1-98x150.jpg 98w, https:\/\/blogs.ua.es\/proyectosarquitectonicos\/files\/2017\/09\/imagen-No-Human-Labs-1-400x615.jpg 400w\" sizes=\"auto, (max-width: 550px) 100vw, 550px\" \/><\/p>\n","protected":false},"excerpt":{"rendered":"<p>No Human Labs Si la Naturaleza no existe, que tampoco exista la Ciudad. Common Extra House Lab Antonio Abell\u00e1n Alarc\u00f3n \/ Enrique Nieto \/ Jos\u00e9 Carrasco ANTECEDENTES Y PROPUESTA Este curso, en el Common Extra House Lab (CEHL) proponemos atender con mayor intensidad un espacio que hasta la fecha creemos poco explorado en nuestro laboratorio: [&hellip;]<\/p>\n","protected":false},"author":1037,"featured_media":0,"parent":0,"menu_order":0,"comment_status":"closed","ping_status":"closed","template":"","meta":{"footnotes":""},"class_list":["post-6309","page","type-page","status-publish","hentry"],"_links":{"self":[{"href":"https:\/\/blogs.ua.es\/proyectosarquitectonicos\/wp-json\/wp\/v2\/pages\/6309","targetHints":{"allow":["GET"]}}],"collection":[{"href":"https:\/\/blogs.ua.es\/proyectosarquitectonicos\/wp-json\/wp\/v2\/pages"}],"about":[{"href":"https:\/\/blogs.ua.es\/proyectosarquitectonicos\/wp-json\/wp\/v2\/types\/page"}],"author":[{"embeddable":true,"href":"https:\/\/blogs.ua.es\/proyectosarquitectonicos\/wp-json\/wp\/v2\/users\/1037"}],"replies":[{"embeddable":true,"href":"https:\/\/blogs.ua.es\/proyectosarquitectonicos\/wp-json\/wp\/v2\/comments?post=6309"}],"version-history":[{"count":5,"href":"https:\/\/blogs.ua.es\/proyectosarquitectonicos\/wp-json\/wp\/v2\/pages\/6309\/revisions"}],"predecessor-version":[{"id":6422,"href":"https:\/\/blogs.ua.es\/proyectosarquitectonicos\/wp-json\/wp\/v2\/pages\/6309\/revisions\/6422"}],"wp:attachment":[{"href":"https:\/\/blogs.ua.es\/proyectosarquitectonicos\/wp-json\/wp\/v2\/media?parent=6309"}],"curies":[{"name":"wp","href":"https:\/\/api.w.org\/{rel}","templated":true}]}}