{"id":6323,"date":"2017-09-12T15:57:45","date_gmt":"2017-09-12T13:57:45","guid":{"rendered":"https:\/\/blogs.ua.es\/proyectosarquitectonicos\/?page_id=6323"},"modified":"2018-07-02T08:14:14","modified_gmt":"2018-07-02T06:14:14","slug":"g1-enrique-nieto-2","status":"publish","type":"page","link":"https:\/\/blogs.ua.es\/proyectosarquitectonicos\/g1-enrique-nieto-2\/","title":{"rendered":"G3 Enrique Nieto"},"content":{"rendered":"<h4><img loading=\"lazy\" decoding=\"async\" class=\"aligncenter size-full wp-image-6363\" src=\"https:\/\/blogs.ua.es\/proyectosarquitectonicos\/files\/2017\/09\/170911-Web-Img.jpg\" alt=\"\" width=\"550\" height=\"298\" srcset=\"https:\/\/blogs.ua.es\/proyectosarquitectonicos\/files\/2017\/09\/170911-Web-Img.jpg 550w, https:\/\/blogs.ua.es\/proyectosarquitectonicos\/files\/2017\/09\/170911-Web-Img-300x163.jpg 300w, https:\/\/blogs.ua.es\/proyectosarquitectonicos\/files\/2017\/09\/170911-Web-Img-150x81.jpg 150w, https:\/\/blogs.ua.es\/proyectosarquitectonicos\/files\/2017\/09\/170911-Web-Img-400x217.jpg 400w\" sizes=\"auto, (max-width: 550px) 100vw, 550px\" \/><\/h4>\n<h4>Living in (alive) ruins!<\/h4>\n<p>Toda la contemporaneidad es una suma de obsesiones por aprender a relacionarse con lo otro. Los refugiados sirios, la cuesti\u00f3n catalana, el muro de Trump, el virus del \u00e9bola, el aceite de palma o las ruinas que nos acompa\u00f1an en nuestro caminar, son tan s\u00f3lo esfuerzos por articular una relaci\u00f3n con lo otro diferente, amenazante, con temporalidades alternativas o morales desconocidas.<br \/>\nAbramos en canal los cuerpos de una perra atropellada, un humano desventrado, un banquete de bodas reci\u00e9n acabado o una vivienda desocupada. Abr\u00e1moslos en canal y sent\u00e9monos a contemplar el espect\u00e1culo de unas vidas que contin\u00faan sin nosotros, que se expresan a otras velocidades, que se articulan en otras \u00e9ticas. Encontraremos all\u00ed participantes insospechados que se organizan en otras pol\u00edticas, intrusos no invitados que alteran el curso de los hechos y formas de estar juntos que se imaginan sin nosotros. Todos ellos ensayos alternativos de un llegar a ser que ocurre bajo nuestras pupilas, esfuerzos imparables de unas &#8220;otras&#8221; por participar de otra manera en el fest\u00edn de la realidad.<br \/>\nEse es el curso al que nos enfrentamos.<\/p>\n","protected":false},"excerpt":{"rendered":"<p>Living in (alive) ruins! Toda la contemporaneidad es una suma de obsesiones por aprender a relacionarse con lo otro. Los refugiados sirios, la cuesti\u00f3n catalana, el muro de Trump, el virus del \u00e9bola, el aceite de palma o las ruinas que nos acompa\u00f1an en nuestro caminar, son tan s\u00f3lo esfuerzos por articular una relaci\u00f3n con [&hellip;]<\/p>\n","protected":false},"author":1037,"featured_media":0,"parent":0,"menu_order":0,"comment_status":"closed","ping_status":"closed","template":"","meta":{"footnotes":""},"class_list":["post-6323","page","type-page","status-publish","hentry"],"_links":{"self":[{"href":"https:\/\/blogs.ua.es\/proyectosarquitectonicos\/wp-json\/wp\/v2\/pages\/6323","targetHints":{"allow":["GET"]}}],"collection":[{"href":"https:\/\/blogs.ua.es\/proyectosarquitectonicos\/wp-json\/wp\/v2\/pages"}],"about":[{"href":"https:\/\/blogs.ua.es\/proyectosarquitectonicos\/wp-json\/wp\/v2\/types\/page"}],"author":[{"embeddable":true,"href":"https:\/\/blogs.ua.es\/proyectosarquitectonicos\/wp-json\/wp\/v2\/users\/1037"}],"replies":[{"embeddable":true,"href":"https:\/\/blogs.ua.es\/proyectosarquitectonicos\/wp-json\/wp\/v2\/comments?post=6323"}],"version-history":[{"count":6,"href":"https:\/\/blogs.ua.es\/proyectosarquitectonicos\/wp-json\/wp\/v2\/pages\/6323\/revisions"}],"predecessor-version":[{"id":6538,"href":"https:\/\/blogs.ua.es\/proyectosarquitectonicos\/wp-json\/wp\/v2\/pages\/6323\/revisions\/6538"}],"wp:attachment":[{"href":"https:\/\/blogs.ua.es\/proyectosarquitectonicos\/wp-json\/wp\/v2\/media?parent=6323"}],"curies":[{"name":"wp","href":"https:\/\/api.w.org\/{rel}","templated":true}]}}