{"id":6325,"date":"2017-09-12T15:58:04","date_gmt":"2017-09-12T13:58:04","guid":{"rendered":"https:\/\/blogs.ua.es\/proyectosarquitectonicos\/?page_id=6325"},"modified":"2017-09-13T13:13:12","modified_gmt":"2017-09-13T11:13:12","slug":"g2-ma-jose-marcos","status":"publish","type":"page","link":"https:\/\/blogs.ua.es\/proyectosarquitectonicos\/g2-ma-jose-marcos\/","title":{"rendered":"G3 Javier Pe\u00f1a"},"content":{"rendered":"<h4>MI JARD\u00cdN METAB\u00d3LICO<\/h4>\n<p>Durante este\u00a0 curso se tratar\u00e1 de desarrollar un aprendizaje para la generaci\u00f3n de nuevos dispositivos espaciales, reconociendo los procesos de creaci\u00f3n \/ destrucci\u00f3n de energ\u00eda y materia que transforma construcciones existentes.<\/p>\n<p>Tambi\u00e9n se trata de reconocer la relaci\u00f3n a-escalar existente entre estos procesos\u00a0 metab\u00f3licos (anab\u00f3licos y catab\u00f3licos)\u00a0 con el cuerpo humano y la geograf\u00eda.<\/p>\n<p>Para ello\u00a0 se plantea el calentamiento global como la problem\u00e1tica central del curso, intentando recobrar su pertinaz \u00a0incidencia tanto en el clima como en las ciudades y territorios, a pesar de ser algo aceptado y aparentemente fuera de la \u201cactualidad\u201d.<\/p>\n<p>Sobre un jard\u00edn existente trabajaremos, tune\u00e1ndolo para transformarlo en un dispositivo de intermediaci\u00f3n clim\u00e1tica con nuestra fisiolog\u00eda y nuestras actividades cotidianas. El trabajo comienza de forma anal\u00f3gica y manual pero paulatinamente se ir\u00e1 transformando en dispositivos espaciales h\u00edbridos cada vez m\u00e1s artificiales.<\/p>\n<p>Con una din\u00e1mica similar\u00a0 a\u00a0 la de otros a\u00f1os a trav\u00e9s de un sistema de pr\u00e1cticas continuo se ir\u00e1n adquiriendo un conjunto de habilidades instrumentales vinculadas a la fabricaci\u00f3n digital y de prototipos, as\u00ed como el conocimiento proyectual acerca de la construcci\u00f3n de microclimas y el potencial de transformaci\u00f3n de nuestros entornos cercanos.<\/p>\n<p><img loading=\"lazy\" decoding=\"async\" class=\"aligncenter size-full wp-image-6399\" src=\"https:\/\/blogs.ua.es\/proyectosarquitectonicos\/files\/2017\/09\/IMG_20170912_111237.jpg\" alt=\"\" width=\"550\" height=\"978\" srcset=\"https:\/\/blogs.ua.es\/proyectosarquitectonicos\/files\/2017\/09\/IMG_20170912_111237.jpg 550w, https:\/\/blogs.ua.es\/proyectosarquitectonicos\/files\/2017\/09\/IMG_20170912_111237-169x300.jpg 169w, https:\/\/blogs.ua.es\/proyectosarquitectonicos\/files\/2017\/09\/IMG_20170912_111237-84x150.jpg 84w, https:\/\/blogs.ua.es\/proyectosarquitectonicos\/files\/2017\/09\/IMG_20170912_111237-400x711.jpg 400w\" sizes=\"auto, (max-width: 550px) 100vw, 550px\" \/><\/p>\n","protected":false},"excerpt":{"rendered":"<p>MI JARD\u00cdN METAB\u00d3LICO Durante este\u00a0 curso se tratar\u00e1 de desarrollar un aprendizaje para la generaci\u00f3n de nuevos dispositivos espaciales, reconociendo los procesos de creaci\u00f3n \/ destrucci\u00f3n de energ\u00eda y materia que transforma construcciones existentes. Tambi\u00e9n se trata de reconocer la relaci\u00f3n a-escalar existente entre estos procesos\u00a0 metab\u00f3licos (anab\u00f3licos y catab\u00f3licos)\u00a0 con el cuerpo humano y [&hellip;]<\/p>\n","protected":false},"author":1037,"featured_media":0,"parent":0,"menu_order":0,"comment_status":"closed","ping_status":"closed","template":"","meta":{"footnotes":""},"class_list":["post-6325","page","type-page","status-publish","hentry"],"_links":{"self":[{"href":"https:\/\/blogs.ua.es\/proyectosarquitectonicos\/wp-json\/wp\/v2\/pages\/6325","targetHints":{"allow":["GET"]}}],"collection":[{"href":"https:\/\/blogs.ua.es\/proyectosarquitectonicos\/wp-json\/wp\/v2\/pages"}],"about":[{"href":"https:\/\/blogs.ua.es\/proyectosarquitectonicos\/wp-json\/wp\/v2\/types\/page"}],"author":[{"embeddable":true,"href":"https:\/\/blogs.ua.es\/proyectosarquitectonicos\/wp-json\/wp\/v2\/users\/1037"}],"replies":[{"embeddable":true,"href":"https:\/\/blogs.ua.es\/proyectosarquitectonicos\/wp-json\/wp\/v2\/comments?post=6325"}],"version-history":[{"count":3,"href":"https:\/\/blogs.ua.es\/proyectosarquitectonicos\/wp-json\/wp\/v2\/pages\/6325\/revisions"}],"predecessor-version":[{"id":6400,"href":"https:\/\/blogs.ua.es\/proyectosarquitectonicos\/wp-json\/wp\/v2\/pages\/6325\/revisions\/6400"}],"wp:attachment":[{"href":"https:\/\/blogs.ua.es\/proyectosarquitectonicos\/wp-json\/wp\/v2\/media?parent=6325"}],"curies":[{"name":"wp","href":"https:\/\/api.w.org\/{rel}","templated":true}]}}