{"id":6328,"date":"2017-09-12T15:58:31","date_gmt":"2017-09-12T13:58:31","guid":{"rendered":"https:\/\/blogs.ua.es\/proyectosarquitectonicos\/?page_id=6328"},"modified":"2018-07-02T08:13:18","modified_gmt":"2018-07-02T06:13:18","slug":"g4-joaquin-alvado","status":"publish","type":"page","link":"https:\/\/blogs.ua.es\/proyectosarquitectonicos\/g4-joaquin-alvado\/","title":{"rendered":"G2 Joaqu\u00edn Alvado"},"content":{"rendered":"<p><img loading=\"lazy\" decoding=\"async\" class=\"aligncenter size-full wp-image-6366\" src=\"https:\/\/blogs.ua.es\/proyectosarquitectonicos\/files\/2017\/09\/P4567.jpg\" alt=\"\" width=\"550\" height=\"781\" srcset=\"https:\/\/blogs.ua.es\/proyectosarquitectonicos\/files\/2017\/09\/P4567.jpg 550w, https:\/\/blogs.ua.es\/proyectosarquitectonicos\/files\/2017\/09\/P4567-211x300.jpg 211w, https:\/\/blogs.ua.es\/proyectosarquitectonicos\/files\/2017\/09\/P4567-106x150.jpg 106w, https:\/\/blogs.ua.es\/proyectosarquitectonicos\/files\/2017\/09\/P4567-400x568.jpg 400w\" sizes=\"auto, (max-width: 550px) 100vw, 550px\" \/><\/p>\n<table>\n<tbody>\n<tr>\n<td width=\"460\"><strong>CURSOS INTEGRADOS EN INGL\u00c9S<\/strong><\/td>\n<\/tr>\n<\/tbody>\n<\/table>\n<p><em><br \/>\nPROCESO DE CONSOLIDACI\u00d3N<\/em><\/p>\n<p>El curso 17\/18 de la Titulaci\u00f3n de Arquitectura de Alicante arranca con una novedosa experiencia docente en la universidad espa\u00f1ola:<\/p>\n<p>Las asignaturas correspondientes a los cursos que reciben alumnos con docencia en ingl\u00e9s (en su mayor\u00eda 3\u00ba y 4\u00ba de carrera) se han coordinado para generar actividades conjuntas entre las \u00e1reas.<\/p>\n<p><u>Consisten en 3 Interacciones, de 1 semana cada una, por cuatrimestre.<\/u><\/p>\n<p>Para ello, cada cuatrimestre, los profesores responsables de las asignaturas participantes comprimir\u00e1n sus programas docentes, de 15 a 12 semanas. Las 3 semanas liberadas por cuatrimestre constituyen ese espacio de tiempo com\u00fan necesario para colaborar organizando talleres, conferencias y viajes.<\/p>\n<p>El \u00e9xito de esta experiencia requiere compartir\u00a0un m\u00ednimo de 15 alumnos entre todas las \u00e1reas de cada curso, con el siguiente reparto aproximado de estudiantes: 3\/4 Erasmus + 1\/4 locales.<\/p>\n<p><em>ASIGNATURAS PARTICIPANTES<\/em><\/p>\n<table width=\"466\">\n<tbody>\n<tr>\n<td width=\"233\"><strong>3\u00ba Curso \/ 1er semestre<\/strong><\/td>\n<td width=\"233\"><strong>4\u00ba Curso \/ 1er semestre<\/strong><\/td>\n<\/tr>\n<tr>\n<td width=\"233\">&nbsp;<\/p>\n<p>PROYECTOS ARQUITECT\u00d3NICOS 4<\/p>\n<p>URBANISMO 2<\/p>\n<p>SISTEMAS CONSTRUCTIVOS B\u00c1SICOS ACONDICIONAMIENTO Y SERVICIOS 1<\/p>\n<p>COMPOSICI\u00d3N ARQUITECT\u00d3NICA 3<\/p>\n<p>&nbsp;<\/td>\n<td width=\"233\">&nbsp;<\/p>\n<p>PROYECTOS ARQUITECT\u00d3NICOS 6<\/p>\n<p>URBANISMO 4<\/p>\n<p>SISTEMAS CONSTRUCTIVOS SINGULARES<\/p>\n<p>+<\/p>\n<p>COMPOSICI\u00d3N ARQUITECT\u00d3NICA 5<\/p>\n<p>&nbsp;<\/td>\n<\/tr>\n<tr>\n<td width=\"233\"><strong>3\u00ba Curso \/ 2\u00ba semestre<\/strong><\/td>\n<td width=\"233\"><strong>4\u00ba Curso \/ 2\u00ba semestre<\/strong><\/td>\n<\/tr>\n<tr>\n<td width=\"233\">&nbsp;<\/p>\n<p>PROYECTOS ARQUITECT\u00d3NICOS 5<\/p>\n<p>URBANISMO 3<\/p>\n<p>ESTRUCTURAS 2<\/p>\n<p>SISTEMAS CONSTRUCTIVOS AVANZADOS<\/p>\n<p>&nbsp;<\/td>\n<td width=\"233\">&nbsp;<\/p>\n<p>PROYECTOS ARQUITECT\u00d3NICOS 7<\/p>\n<p>URBANISMO 5<\/p>\n<p>ESTRUCTURAS 3<\/td>\n<\/tr>\n<\/tbody>\n<\/table>\n<p>&nbsp;<\/p>\n<p>&nbsp;<\/p>\n<p><em>INTERACCIONES Y CALENDARIO<\/em><\/p>\n<table width=\"466\">\n<tbody>\n<tr>\n<td width=\"147\"><strong>1er semestre<\/strong><\/td>\n<td width=\"35\"><\/td>\n<td width=\"284\"><\/td>\n<\/tr>\n<tr>\n<td width=\"147\">&nbsp;<\/p>\n<p>INTERACTION 1:<\/p>\n<p><em>Instant City<\/em><\/p>\n<p>&nbsp;<\/td>\n<td width=\"35\">02 &#8211; 06 oct<\/td>\n<td width=\"284\">Viaje de Estudios: C\u00e1diz\/Jerez de la Frontera\/Do\u00f1ana\/Playas de Huelva, donde acampar\u00e1n 2 noches en sus construcciones.<\/td>\n<\/tr>\n<tr>\n<td width=\"147\">&nbsp;<\/p>\n<p>INTERACTION 2:<\/p>\n<p><em>Reciclyng cities<\/em><\/p>\n<p><em>\u00a0<\/em><\/td>\n<td width=\"35\">06 &#8211; 10 nov<\/td>\n<td width=\"284\">Taller dirigido por R\u00fari, artista islandesa, sobre topograf\u00edas\/cambio clim\u00e1tico\/repensar la historia.<\/td>\n<\/tr>\n<tr>\n<td width=\"147\">&nbsp;<\/p>\n<p>INTERACTION 3:<\/p>\n<p><em>Man-made and Natural Islands<\/em><\/p>\n<p>&nbsp;<\/td>\n<td width=\"35\">30 nov<\/p>\n<p>&#8211;<\/p>\n<p>02 dic<\/td>\n<td width=\"284\">Taller con Universidad de Dub\u00e1i + Univ. Europea de Madrid, sobre urbanismo y tecnolog\u00eda.<\/td>\n<\/tr>\n<tr>\n<td width=\"147\"><strong>2\u00ba semestre<\/strong><\/td>\n<td width=\"35\"><\/td>\n<td width=\"284\"><\/td>\n<\/tr>\n<tr>\n<td width=\"147\">&nbsp;<\/p>\n<p>INTERACTION 4:<\/p>\n<p><em>Technology of architecture<\/em><\/p>\n<p>&nbsp;<\/td>\n<td width=\"35\">29 ene<\/p>\n<p>&#8211;<\/p>\n<p>02 feb<\/td>\n<td width=\"284\">Taller dirigido por Sergio Pone, catedr\u00e1tico de Construcci\u00f3n y Estructuras en Federico II (N\u00e1poles).<\/p>\n<p><em>Nota<\/em>: Actividad perteneciente a la serie Construcciones Inmediatas E1:1.<\/td>\n<\/tr>\n<tr>\n<td width=\"147\">&nbsp;<\/p>\n<p>INTERACTION 5:<\/p>\n<p><em>Structure as Space: Architecture, Geometry, Technology<\/em><\/p>\n<p>&nbsp;<\/td>\n<td width=\"35\">26 feb<\/p>\n<p>&#8211;<\/p>\n<p>02 mar<\/td>\n<td width=\"284\">Taller dirigido por Luke Murray, profesor director de M\u00e1ster (South Bank London).<\/td>\n<\/tr>\n<tr>\n<td width=\"147\"><em>\u00a0<\/em><\/p>\n<p>INTERACTION 6:<\/p>\n<p><em>Emerging Out of the Crises and Divisions<\/em><\/p>\n<p><em>\u00a0<\/em><\/td>\n<td width=\"35\">16 &#8211; 20<\/p>\n<p>abr<\/td>\n<td width=\"284\">Taller dirigido por Yiorgos Hadjichristou, profesor de Proyectos (Nicosia).<\/td>\n<\/tr>\n<\/tbody>\n<\/table>\n<p>Adem\u00e1s, a estas interacciones hay que sumar la Semana Internacional de Arquitectura, con Profesores Teaching Staff visitantes de todas las \u00e1reas<\/p>\n","protected":false},"excerpt":{"rendered":"<p>CURSOS INTEGRADOS EN INGL\u00c9S PROCESO DE CONSOLIDACI\u00d3N El curso 17\/18 de la Titulaci\u00f3n de Arquitectura de Alicante arranca con una novedosa experiencia docente en la universidad espa\u00f1ola: Las asignaturas correspondientes a los cursos que reciben alumnos con docencia en ingl\u00e9s (en su mayor\u00eda 3\u00ba y 4\u00ba de carrera) se han coordinado para generar actividades conjuntas [&hellip;]<\/p>\n","protected":false},"author":1037,"featured_media":0,"parent":0,"menu_order":0,"comment_status":"closed","ping_status":"closed","template":"","meta":{"footnotes":""},"class_list":["post-6328","page","type-page","status-publish","hentry"],"_links":{"self":[{"href":"https:\/\/blogs.ua.es\/proyectosarquitectonicos\/wp-json\/wp\/v2\/pages\/6328","targetHints":{"allow":["GET"]}}],"collection":[{"href":"https:\/\/blogs.ua.es\/proyectosarquitectonicos\/wp-json\/wp\/v2\/pages"}],"about":[{"href":"https:\/\/blogs.ua.es\/proyectosarquitectonicos\/wp-json\/wp\/v2\/types\/page"}],"author":[{"embeddable":true,"href":"https:\/\/blogs.ua.es\/proyectosarquitectonicos\/wp-json\/wp\/v2\/users\/1037"}],"replies":[{"embeddable":true,"href":"https:\/\/blogs.ua.es\/proyectosarquitectonicos\/wp-json\/wp\/v2\/comments?post=6328"}],"version-history":[{"count":5,"href":"https:\/\/blogs.ua.es\/proyectosarquitectonicos\/wp-json\/wp\/v2\/pages\/6328\/revisions"}],"predecessor-version":[{"id":6537,"href":"https:\/\/blogs.ua.es\/proyectosarquitectonicos\/wp-json\/wp\/v2\/pages\/6328\/revisions\/6537"}],"wp:attachment":[{"href":"https:\/\/blogs.ua.es\/proyectosarquitectonicos\/wp-json\/wp\/v2\/media?parent=6328"}],"curies":[{"name":"wp","href":"https:\/\/api.w.org\/{rel}","templated":true}]}}