{"id":6333,"date":"2017-09-12T15:59:35","date_gmt":"2017-09-12T13:59:35","guid":{"rendered":"https:\/\/blogs.ua.es\/proyectosarquitectonicos\/?page_id=6333"},"modified":"2018-07-02T08:12:58","modified_gmt":"2018-07-02T06:12:58","slug":"g2-maria-jose-marcos","status":"publish","type":"page","link":"https:\/\/blogs.ua.es\/proyectosarquitectonicos\/g2-maria-jose-marcos\/","title":{"rendered":"G1 Maria Jos\u00e9 Marcos"},"content":{"rendered":"<p><img loading=\"lazy\" decoding=\"async\" class=\"aligncenter size-large wp-image-6412\" src=\"https:\/\/blogs.ua.es\/proyectosarquitectonicos\/files\/2017\/09\/MARIA-JOSE-MARCOS-Proyectos-Arquitecto\u0301nicos-1024x725.jpg\" alt=\"\" width=\"640\" height=\"453\" \/><\/p>\n<h4>GLOBOS DE NATURALEZA<\/h4>\n<h4>EcoMonumentolog\u00eda\u00a0 3.0 Venecia<\/h4>\n<h4><\/h4>\n<p>\u00bfCu\u00e1les son las herramientas de dise\u00f1o para \u00a0los proyectos del futuro?<\/p>\n<p>\u00bfC\u00f3mo podemos representar aquellos ecosistemas que poseen una lucha entre s\u00ed?<\/p>\n<p>\u00bfEs necesario cuestionar en nuestros proyectos arquitect\u00f3nicos las controversias que emergen del antropoceno?<\/p>\n<p>Sobre la ciudad de Venecia se registra el primer ataque de aeronaves no tripuladas, los primeros drones de la historia. Fue en el a\u00f1o 1849 cuando el ej\u00e9rcito austriaco atac\u00f3 por sorpresa la isla con 200 globos aerost\u00e1ticos no tripulados cargados de explosivos, precursores de los &#8216;fusen bakudan&#8217; japoneses. Unos siglos m\u00e1s tarde la ciudad de Venecia comienza su ficci\u00f3n a\u00e9rea sobre las que se contextualizar\u00e1 la activaci\u00f3n de esta nueva actividad posthumana. \u00a0&#8216;Desde 3000 metros altura la antigua Ciudad de Venecia parec\u00eda un cuadro de leecybull una artista instant\u00e1nea del siglo XXIII.\u00a0 Los nubedrones sobrevolaban la isla monitorizando la salmonicultura que crec\u00eda en los antiguos &#8216;velme&#8217; y &#8216;barene&#8217;. Los peces cl\u00f3nicos parec\u00edan entes vivos, las escamas impresas con c\u00e9lulas madre les permit\u00edan un buen sellado con las branquias artificiales.\u00a0 Aunque en realidad, las drones ya s\u00f3lo necesitaban los seres org\u00e1nicos para producir energ\u00eda y recargar sus bater\u00edas si los vientos c\u00e1lidos se transformaban en tornados. El tr\u00e1fico a\u00e9reo conviv\u00eda con nuevas rutas de migraci\u00f3n, que empezaban a ser cada vez menos frecuentes, pero aun estaba todo inundado. Una nueva forma de ciudad adopta otra vida en la troposfera, hasta 10.000 metros sobre el nivel de la laguna de Venecia. Las ciudades se agolpan en nuevos espacios a\u00e9reos con un tr\u00e1fico multidimesional, donde las parcelas ya no son los terrenos, sino el volumen y la presi\u00f3n aerost\u00e1tica.&#8217;<\/p>\n<p>El contexto de trabajo ser\u00e1 la ciudad de Venecia desde el a\u00f1o 1500 hasta el a\u00f1o 2500. Los equipos de trabajo se agrupar\u00e1n seg\u00fan los distritos de Venecia Sestieri de Venecia: Cannaregio, Castello, Dorsoduro, San Marco, San Polo, Santa Croce.<\/p>\n<p>PALABRAS CLAVE: Venecia 2500, Ecosistemas, Ecolog\u00edas Pol\u00edticas, Gaia, EcoMonumentos, Postcyberpunk, Modelos vivos, Espacio a\u00e9reo, Biennal Sessions.<\/p>\n<p>&nbsp;<\/p>\n<p>&nbsp;<\/p>\n","protected":false},"excerpt":{"rendered":"<p>GLOBOS DE NATURALEZA EcoMonumentolog\u00eda\u00a0 3.0 Venecia \u00bfCu\u00e1les son las herramientas de dise\u00f1o para \u00a0los proyectos del futuro? \u00bfC\u00f3mo podemos representar aquellos ecosistemas que poseen una lucha entre s\u00ed? \u00bfEs necesario cuestionar en nuestros proyectos arquitect\u00f3nicos las controversias que emergen del antropoceno? Sobre la ciudad de Venecia se registra el primer ataque de aeronaves no tripuladas, [&hellip;]<\/p>\n","protected":false},"author":1037,"featured_media":0,"parent":0,"menu_order":0,"comment_status":"closed","ping_status":"closed","template":"","meta":{"footnotes":""},"class_list":["post-6333","page","type-page","status-publish","hentry"],"_links":{"self":[{"href":"https:\/\/blogs.ua.es\/proyectosarquitectonicos\/wp-json\/wp\/v2\/pages\/6333","targetHints":{"allow":["GET"]}}],"collection":[{"href":"https:\/\/blogs.ua.es\/proyectosarquitectonicos\/wp-json\/wp\/v2\/pages"}],"about":[{"href":"https:\/\/blogs.ua.es\/proyectosarquitectonicos\/wp-json\/wp\/v2\/types\/page"}],"author":[{"embeddable":true,"href":"https:\/\/blogs.ua.es\/proyectosarquitectonicos\/wp-json\/wp\/v2\/users\/1037"}],"replies":[{"embeddable":true,"href":"https:\/\/blogs.ua.es\/proyectosarquitectonicos\/wp-json\/wp\/v2\/comments?post=6333"}],"version-history":[{"count":4,"href":"https:\/\/blogs.ua.es\/proyectosarquitectonicos\/wp-json\/wp\/v2\/pages\/6333\/revisions"}],"predecessor-version":[{"id":6536,"href":"https:\/\/blogs.ua.es\/proyectosarquitectonicos\/wp-json\/wp\/v2\/pages\/6333\/revisions\/6536"}],"wp:attachment":[{"href":"https:\/\/blogs.ua.es\/proyectosarquitectonicos\/wp-json\/wp\/v2\/media?parent=6333"}],"curies":[{"name":"wp","href":"https:\/\/api.w.org\/{rel}","templated":true}]}}