{"id":6551,"date":"2018-07-02T08:24:25","date_gmt":"2018-07-02T06:24:25","guid":{"rendered":"https:\/\/blogs.ua.es\/proyectosarquitectonicos\/?page_id=6551"},"modified":"2018-07-03T00:14:26","modified_gmt":"2018-07-02T22:14:26","slug":"g1_maria-jose-marcos","status":"publish","type":"page","link":"https:\/\/blogs.ua.es\/proyectosarquitectonicos\/g1_maria-jose-marcos\/","title":{"rendered":"G2_Andr\u00e9s Silanes"},"content":{"rendered":"<h5><strong>Microutop\u00edas<\/strong> \/ Autobiograf\u00eda, Autoproducci\u00f3n y Autoconstrucci\u00f3n.<\/h5>\n<p>Habitamos las secuelas de la modernizaci\u00f3n, que se produjo en nuestro entorno a trav\u00e9s del turismo. La costa blanca se convirti\u00f3, entre los a\u00f1os sesenta y setenta, en un territorio de experimentaci\u00f3n de nuevas formas de vida y relaci\u00f3n con el paisaje asociadas al ocio, lo que provoc\u00f3 el que, probablemente, ha sido el mayor cambio tanto social como urbano del \u00faltimo siglo. Que queda de esos cambios?, Existe todav\u00eda potencial para redefinir el futuro de nuestro entorno pr\u00f3ximo?<\/p>\n<p>Dar respuesta a estas preguntas implica mirar con nuevos ojos a lo pr\u00f3ximo y cotidiano para desvelar aquello que quiz\u00e1 los h\u00e1bitos e inercias existentes no nos han dejado descubrir. Porque a veces no es necesario mirar en otra direcci\u00f3n sino de otra manera., los alumnos intentar\u00e1n desarrollar alternativas a nuestro modo de vida actual y desarrollar\u00e1n un trabajo de conceptualizaci\u00f3n radical del entorno dom\u00e9stico con el fin de examinar la naturaleza del h\u00e1bitat humano -su significado y su potencial- encaminada a la formulaci\u00f3n de una serie de microutop\u00edas que cuestionen \u00a0las convenciones com\u00fanmente aceptadas sobre nuestros modos de vida. A trav\u00e9s de esta formulaci\u00f3n se sugiere ir m\u00e1s all\u00e1 de la l\u00f3gica moderna ciudad-bloque-vivienda y extenderse hacia la configuraci\u00f3n sujeto-sociedad contempor\u00e1nea..<\/p>\n<p>&nbsp;<\/p>\n<p>Los alumnos trabajar\u00e1n de manera individual descubriendo, dise\u00f1ando y experimentando sus \u201cformas de vida\u201d particulares alternativas.<\/p>\n<p>&nbsp;<\/p>\n<p>El trabajo se desarrollar\u00e1 en 3 fases:<\/p>\n<p>Autobiograf\u00eda &gt;Un proceso de investigaci\u00f3n y representaci\u00f3n de realidades existentes y experimentadas.<\/p>\n<p>Autoproducci\u00f3n &gt; Dise\u00f1o de \u00a0propuestas de modos de vida alternativos<\/p>\n<p>Autoconstrucci\u00f3n &gt; acciones performativas a modo de test de esos proyectos<\/p>\n<p><a href=\"http:\/\/www.lifestylesegundaresidencia.tumblr.com\/\"><strong>www.lifestylesegundaresidencia.tumblr.com<\/strong><\/a><\/p>\n","protected":false},"excerpt":{"rendered":"<p>Microutop\u00edas \/ Autobiograf\u00eda, Autoproducci\u00f3n y Autoconstrucci\u00f3n. Habitamos las secuelas de la modernizaci\u00f3n, que se produjo en nuestro entorno a trav\u00e9s del turismo. La costa blanca se convirti\u00f3, entre los a\u00f1os sesenta y setenta, en un territorio de experimentaci\u00f3n de nuevas formas de vida y relaci\u00f3n con el paisaje asociadas al ocio, lo que provoc\u00f3 el [&hellip;]<\/p>\n","protected":false},"author":1037,"featured_media":0,"parent":0,"menu_order":0,"comment_status":"closed","ping_status":"closed","template":"","meta":{"footnotes":""},"class_list":["post-6551","page","type-page","status-publish","hentry"],"_links":{"self":[{"href":"https:\/\/blogs.ua.es\/proyectosarquitectonicos\/wp-json\/wp\/v2\/pages\/6551","targetHints":{"allow":["GET"]}}],"collection":[{"href":"https:\/\/blogs.ua.es\/proyectosarquitectonicos\/wp-json\/wp\/v2\/pages"}],"about":[{"href":"https:\/\/blogs.ua.es\/proyectosarquitectonicos\/wp-json\/wp\/v2\/types\/page"}],"author":[{"embeddable":true,"href":"https:\/\/blogs.ua.es\/proyectosarquitectonicos\/wp-json\/wp\/v2\/users\/1037"}],"replies":[{"embeddable":true,"href":"https:\/\/blogs.ua.es\/proyectosarquitectonicos\/wp-json\/wp\/v2\/comments?post=6551"}],"version-history":[{"count":3,"href":"https:\/\/blogs.ua.es\/proyectosarquitectonicos\/wp-json\/wp\/v2\/pages\/6551\/revisions"}],"predecessor-version":[{"id":6608,"href":"https:\/\/blogs.ua.es\/proyectosarquitectonicos\/wp-json\/wp\/v2\/pages\/6551\/revisions\/6608"}],"wp:attachment":[{"href":"https:\/\/blogs.ua.es\/proyectosarquitectonicos\/wp-json\/wp\/v2\/media?parent=6551"}],"curies":[{"name":"wp","href":"https:\/\/api.w.org\/{rel}","templated":true}]}}