{"id":6573,"date":"2018-07-02T08:30:53","date_gmt":"2018-07-02T06:30:53","guid":{"rendered":"https:\/\/blogs.ua.es\/proyectosarquitectonicos\/?page_id=6573"},"modified":"2018-07-26T11:49:58","modified_gmt":"2018-07-26T09:49:58","slug":"g3_joaquin-alvado","status":"publish","type":"page","link":"https:\/\/blogs.ua.es\/proyectosarquitectonicos\/g3_joaquin-alvado\/","title":{"rendered":"G3_Joaqu\u00edn Alvado (Taller Vertical Ingl\u00e9s)"},"content":{"rendered":"<p><strong><em>Architecture Design Studio 4 + 6<\/em><\/strong><\/p>\n<p><strong>International Studio 18\/19- University of Alicante<\/strong><\/p>\n<p><strong>THE THINKBELT<\/strong><\/p>\n<p><strong>The TRAM experience<\/strong><\/p>\n<p>ON SAFEFY PINS AND OTHER GOOD DESIGNS<\/p>\n<p>Many changes have been in the architecture profession since <strong><em>Journey to the East<\/em> <\/strong>was written: A diary of Le Corbusier&#8217;s trip in 1911. This book is a collection of visual notations, or impressions perceived by Le Corbusier as a visitor to a number of cities in Southeast Europe. Later, the acquired disciplinary knowledge acted as an inspiration for his architecture.<\/p>\n<p>This year we have organized an integrated course travelling to the <em>unknown<\/em>: to places that have awakened in each of us a need to learn from the local, its technology, culture and society; consolidating links of specialisation. It is also an experience to empathize Architecture as a Comparative Study, <strong><em>l<\/em><\/strong><strong><em>earning as a trip<\/em><\/strong>, a journey as an experience.<\/p>\n<p>We will discuss and go with our proposals and designs in our trips by Tram along the coast of the Mediterranean Sea, redefining the limits of architecture by working with the <strong>unknown<\/strong> as a way to build up a research<strong>.<\/strong><\/p>\n<p>Professors: Joaqu\u00edn Alvado Ba\u00f1\u00f3n \/ Javier S\u00e1nchez Merina<\/p>\n<p>&nbsp;<\/p>\n<p>1.\u2028Design is concerned with the conscious distortion of time, distance, and size. If it achieves none of these distortions, it is unlikely to be more than the elaboration of the \u201cstatus quo.\u201d<\/p>\n<ol start=\"2\">\n<li>The apparent but unreal inevitability of the design of the safety pin is my definition of \u201cgood\u201d design. It is the recognition, in time, of the usefulness and delight of the object (or system) that really establishes a consensus of the quality of the design.<\/li>\n<li>It does not matter who designed the safety pin \u2013 we should just be delighted that they did.<\/li>\n<li>The value of permanence must be proven, \u2028not merely assumed.<\/li>\n<li>Why don\u2019t umbrellas disintegrate in sunshine \u2013 or at least grow in the rain?<\/li>\n<li>The house is no longer acceptable as a pre-set ordering mechanism for family life. Housing is rapidly becoming a consumable commodity. This is a major motivational force in the individual\u2019s and family\u2019s use of the house.<\/li>\n<li>While increasing the world\u2019s food supply or developing automation can be seen to be beneficial, there is little evidence to support the view that new houses or new towns, as we now know them, would increase human happiness.<\/li>\n<li>Central to the activital shortfall is the inability of architects and planners to concentrate with sufficient expertise on the environmental servicing of people.<\/li>\n<li>\u201cHow little need be done?\u201d should be the designer\u2019s first question. Then perhaps we would no longer have to pay people to paint TURN LEFT underneath arrows on the roadway.<\/li>\n<li>The second question might be, \u201cFor how long is this successful?\u201d The acceptance of the redundancy of design by the designer is essential. At present, it is left to the rest of the community to do this. However, until the designer becomes concerned with determining the rate of redundancy of his design \u2013 not merely the life of the product \u2013 we will continue to electrify the grandfather clock rather than hand out wristwatches.<\/li>\n<li>Shortage of time is likely to become an increasingly large element in the conscious design process: not merely in achieving a particular means but even in deciding whether there is time to bother designing such a means.<\/li>\n<li>No one should be interested in the design of bridges \u2013 they should be concerned with how to get to the other side.<\/li>\n<\/ol>\n<p><strong>Cedric Price. 12 design maxims<\/strong><\/p>\n<p><em>Bibliography:<\/em><\/p>\n<p><a href=\"https:\/\/032c.com\/cedric-price-proclamations\/\">https:\/\/032c.com\/cedric-price-proclamations\/<\/a><\/p>\n<p><a href=\"https:\/\/032c.com\/2001\/limited-life-span-of-cities\/\">https:\/\/032c.com\/2001\/limited-life-span-of-cities\/<\/a><\/p>\n<table width=\"241\">\n<tbody>\n<tr>\n<td colspan=\"4\" width=\"241\"><strong><em>THE THINKBELT AGENDA<\/em><\/strong><\/td>\n<\/tr>\n<tr>\n<td width=\"43\"><strong>Week<\/strong><\/td>\n<td width=\"35\"><strong>\u00a0<\/strong><\/td>\n<td width=\"50\"><strong>Day<\/strong><\/td>\n<td width=\"113\"><strong>\u00a0<\/strong><\/td>\n<\/tr>\n<tr>\n<td width=\"43\">1<\/td>\n<td width=\"35\"><\/td>\n<td width=\"50\">14-sep<\/td>\n<td width=\"113\">Presentation<\/td>\n<\/tr>\n<tr>\n<td width=\"43\">2<\/td>\n<td width=\"35\"><\/td>\n<td width=\"50\">21-sep<\/td>\n<td width=\"113\">BENIDORM<\/td>\n<\/tr>\n<tr>\n<td width=\"43\">3<\/td>\n<td width=\"35\"><\/td>\n<td width=\"50\">28-sep<\/td>\n<td width=\"113\">Workshop MAP<\/td>\n<\/tr>\n<tr>\n<td width=\"43\">4<\/td>\n<td width=\"35\"><\/td>\n<td width=\"50\">05-oct<\/td>\n<td width=\"113\">EL CAMPELLO<\/td>\n<\/tr>\n<tr>\n<td width=\"43\">5<\/td>\n<td width=\"35\"><\/td>\n<td width=\"50\"><\/td>\n<td width=\"113\"><\/td>\n<\/tr>\n<tr>\n<td width=\"43\">6<\/td>\n<td width=\"35\"><\/td>\n<td width=\"50\">19-oct<\/td>\n<td width=\"113\"><\/td>\n<\/tr>\n<tr>\n<td width=\"43\">7<\/td>\n<td width=\"35\"><\/td>\n<td width=\"50\">26-oct<\/td>\n<td width=\"113\">Presentation MAP<\/td>\n<\/tr>\n<tr>\n<td width=\"43\">8<\/td>\n<td width=\"35\"><\/td>\n<td width=\"50\">02-nov<\/td>\n<td width=\"113\">Workshop TRAM<\/td>\n<\/tr>\n<tr>\n<td width=\"43\">9<\/td>\n<td width=\"35\"><\/td>\n<td width=\"50\">09-nov<\/td>\n<td width=\"113\">Workshop TRAM<\/td>\n<\/tr>\n<tr>\n<td width=\"43\">10<\/td>\n<td width=\"35\"><\/td>\n<td width=\"50\">16-nov<\/td>\n<td width=\"113\">ALTEA<\/td>\n<\/tr>\n<tr>\n<td width=\"43\">11<\/td>\n<td width=\"35\"><\/td>\n<td width=\"50\">23-nov<\/td>\n<td width=\"113\">Presentation TRAM<\/td>\n<\/tr>\n<tr>\n<td width=\"43\">12<\/td>\n<td width=\"35\"><\/td>\n<td width=\"50\">30-nov<\/td>\n<td width=\"113\">Workshop THE THINKBELT<\/td>\n<\/tr>\n<tr>\n<td width=\"43\">13<\/td>\n<td width=\"35\"><\/td>\n<td width=\"50\">07-dic<\/td>\n<td width=\"113\">Workshop THE THINKBELT<\/td>\n<\/tr>\n<tr>\n<td width=\"43\">14<\/td>\n<td width=\"35\"><\/td>\n<td width=\"50\">14-dic<\/td>\n<td width=\"113\">Workshop THE THINKBELT<\/td>\n<\/tr>\n<tr>\n<td width=\"43\">15<\/td>\n<td width=\"35\"><\/td>\n<td width=\"50\">21-dic<\/td>\n<td width=\"113\">Exhibition<\/td>\n<\/tr>\n<\/tbody>\n<\/table>\n<p>&nbsp;<\/p>\n","protected":false},"excerpt":{"rendered":"<p>Architecture Design Studio 4 + 6 International Studio 18\/19- University of Alicante THE THINKBELT The TRAM experience ON SAFEFY PINS AND OTHER GOOD DESIGNS Many changes have been in the architecture profession since Journey to the East was written: A diary of Le Corbusier&#8217;s trip in 1911. This book is a collection of visual notations, [&hellip;]<\/p>\n","protected":false},"author":1037,"featured_media":0,"parent":0,"menu_order":0,"comment_status":"closed","ping_status":"closed","template":"","meta":{"footnotes":""},"class_list":["post-6573","page","type-page","status-publish","hentry"],"_links":{"self":[{"href":"https:\/\/blogs.ua.es\/proyectosarquitectonicos\/wp-json\/wp\/v2\/pages\/6573","targetHints":{"allow":["GET"]}}],"collection":[{"href":"https:\/\/blogs.ua.es\/proyectosarquitectonicos\/wp-json\/wp\/v2\/pages"}],"about":[{"href":"https:\/\/blogs.ua.es\/proyectosarquitectonicos\/wp-json\/wp\/v2\/types\/page"}],"author":[{"embeddable":true,"href":"https:\/\/blogs.ua.es\/proyectosarquitectonicos\/wp-json\/wp\/v2\/users\/1037"}],"replies":[{"embeddable":true,"href":"https:\/\/blogs.ua.es\/proyectosarquitectonicos\/wp-json\/wp\/v2\/comments?post=6573"}],"version-history":[{"count":4,"href":"https:\/\/blogs.ua.es\/proyectosarquitectonicos\/wp-json\/wp\/v2\/pages\/6573\/revisions"}],"predecessor-version":[{"id":6710,"href":"https:\/\/blogs.ua.es\/proyectosarquitectonicos\/wp-json\/wp\/v2\/pages\/6573\/revisions\/6710"}],"wp:attachment":[{"href":"https:\/\/blogs.ua.es\/proyectosarquitectonicos\/wp-json\/wp\/v2\/media?parent=6573"}],"curies":[{"name":"wp","href":"https:\/\/api.w.org\/{rel}","templated":true}]}}