{"id":6577,"date":"2018-07-02T08:31:25","date_gmt":"2018-07-02T06:31:25","guid":{"rendered":"https:\/\/blogs.ua.es\/proyectosarquitectonicos\/?page_id=6577"},"modified":"2018-07-26T15:30:01","modified_gmt":"2018-07-26T13:30:01","slug":"g1_paco-leiva","status":"publish","type":"page","link":"https:\/\/blogs.ua.es\/proyectosarquitectonicos\/g1_paco-leiva\/","title":{"rendered":"G1_Francisco Leiva"},"content":{"rendered":"<p><strong>Medium de lugares<\/strong><\/p>\n<p>&nbsp;<\/p>\n<p>Dibujar es apropiarse del lugar.<\/p>\n<p>Nuestra mirada construye el paisaje y empieza a transformar el territorio.<\/p>\n<p>Aprender a representar lugares es imprescindible para continuarlos.<\/p>\n<p>Dibujar es continuar las l\u00edneas del lugar. Puede que las l\u00edneas que continuamos sean las mismas que continuaremos con nuestra arquitectura.<\/p>\n<p>&nbsp;<\/p>\n<p>Operando desde una profunda intuici\u00f3n geogr\u00e1fica, en un ejercicio de especial acercamiento al lugar, el dibujo puede ser el canal por el que se exprese el esp\u00edritu del lugar.<\/p>\n<p>&nbsp;<\/p>\n<p>Escuchar el lugar no ser\u00eda otra cosa que escucharse a s\u00ed mismo.\u2028Si el lugar es un espejo donde reconocerse, continuar lugares es continuarse.<\/p>\n<p>&nbsp;<\/p>\n<p>Actuamos como m\u00e9diums de lugares, con la habilidad de interconectar situaciones, trenzar historias que muchas veces se han ido desdibujando y casi han sido olvidadas con las nuevas inquietudes que nosotros mismos aportamos.<\/p>\n<p>&nbsp;<\/p>\n<p><em>Ese esp\u00edritu del lugar que duerme en nosotros y se despierta en cada lugar &#8230;<\/em><em>\u2028<\/em><em>se sirve de nuestra mano, de nuestros dibujos para hacerse visible&#8230;.<\/em><em>\u2028<\/em><em>Somos lugares, muchas veces somos el mismo lugar&#8230; lugares que guardamos muy adentro, protegidos, &#8230; lugares que vamos poco a poco explorando, &#8230; lugares que, aunque revisemos de vez en cuando, debemos dejar que nos sorprendan continuamente. <\/em><\/p>\n<p>Proponemos un safari por la geograf\u00eda alicantina con la intenci\u00f3n de ofrecer una relectura de nuestros lugares m\u00e1s pr\u00f3ximos.<\/p>\n<p>&nbsp;<\/p>\n<p>El curso pretende que el alumno empiece a descubrir su propia manera de representar el lugar y sea consciente que esta toma de contacto marcar\u00e1 su manera de proyectar.<\/p>\n<p>&nbsp;<\/p>\n<p>Redibujar paisajes precisa de una sensibilidad que hay que ir poco a poco alimentando, este verano dejad que vuestro cuaderno os acompa\u00f1e. No olvid\u00e9is acuarelas, l\u00e1pices y rotuladores\u2026<\/p>\n<p>&nbsp;<\/p>\n<p>&nbsp;<\/p>\n","protected":false},"excerpt":{"rendered":"<p>Medium de lugares &nbsp; Dibujar es apropiarse del lugar. Nuestra mirada construye el paisaje y empieza a transformar el territorio. Aprender a representar lugares es imprescindible para continuarlos. Dibujar es continuar las l\u00edneas del lugar. Puede que las l\u00edneas que continuamos sean las mismas que continuaremos con nuestra arquitectura. &nbsp; Operando desde una profunda intuici\u00f3n [&hellip;]<\/p>\n","protected":false},"author":1037,"featured_media":0,"parent":0,"menu_order":0,"comment_status":"closed","ping_status":"closed","template":"","meta":{"footnotes":""},"class_list":["post-6577","page","type-page","status-publish","hentry"],"_links":{"self":[{"href":"https:\/\/blogs.ua.es\/proyectosarquitectonicos\/wp-json\/wp\/v2\/pages\/6577","targetHints":{"allow":["GET"]}}],"collection":[{"href":"https:\/\/blogs.ua.es\/proyectosarquitectonicos\/wp-json\/wp\/v2\/pages"}],"about":[{"href":"https:\/\/blogs.ua.es\/proyectosarquitectonicos\/wp-json\/wp\/v2\/types\/page"}],"author":[{"embeddable":true,"href":"https:\/\/blogs.ua.es\/proyectosarquitectonicos\/wp-json\/wp\/v2\/users\/1037"}],"replies":[{"embeddable":true,"href":"https:\/\/blogs.ua.es\/proyectosarquitectonicos\/wp-json\/wp\/v2\/comments?post=6577"}],"version-history":[{"count":3,"href":"https:\/\/blogs.ua.es\/proyectosarquitectonicos\/wp-json\/wp\/v2\/pages\/6577\/revisions"}],"predecessor-version":[{"id":6716,"href":"https:\/\/blogs.ua.es\/proyectosarquitectonicos\/wp-json\/wp\/v2\/pages\/6577\/revisions\/6716"}],"wp:attachment":[{"href":"https:\/\/blogs.ua.es\/proyectosarquitectonicos\/wp-json\/wp\/v2\/media?parent=6577"}],"curies":[{"name":"wp","href":"https:\/\/api.w.org\/{rel}","templated":true}]}}