{"id":6657,"date":"2018-07-09T16:18:09","date_gmt":"2018-07-09T14:18:09","guid":{"rendered":"https:\/\/blogs.ua.es\/proyectosarquitectonicos\/?page_id=6657"},"modified":"2019-03-25T13:09:07","modified_gmt":"2019-03-25T12:09:07","slug":"g1-juan-antonio-sanchez-morales","status":"publish","type":"page","link":"https:\/\/blogs.ua.es\/proyectosarquitectonicos\/g1-juan-antonio-sanchez-morales\/","title":{"rendered":"G1. Juan Antonio S\u00e1nchez Morales"},"content":{"rendered":"<p><strong>Proyectos Zero<\/strong><\/p>\n<p>El curso de Proyectos Zero se propone como una experiencia inici\u00e1tica en la que el alumno se confronta con una serie de experiencias arquitect\u00f3nicas concretas y situadas. A partir de la presencia en el aula de una cierta cantidad de tutores que encarnan distintas pr\u00e1cticas emergentes, el estudiante articula un tr\u00e1nsito por la asignatura que le obliga a establecer compromisos personales con cada una de las propuestas, descubriendo as\u00ed la dimensi\u00f3n \u00e9tica de toda pr\u00e1ctica arquitect\u00f3nica.<\/p>\n<p>Para este curso 2018\/2019 proponemos una inmersi\u00f3n continuada en un territorio concreto, Torrevieja, caracterizado por un conjunto heterog\u00e9neo de historias, conflictos y realidades que componen un paisaje cargados de posibilidades para un futuro m\u00e1s sostenible.<\/p>\n<p>El semestre se compone de 6 talleres por la ma\u00f1ana y 6 por la tarde dirigidos por arquitectos y arquitectas emergentes del panorama nacional que proyectan cada una de sus maneras de hacer arquitectura sobre Torrevieja, para proponer 12 pr\u00e1cticas diferenciadas que permiten a los 120 estudiantes proyectarse sobre este municipio y encontrarse con \u00e9l a partir de pr\u00e1cticas arquitect\u00f3nicas comprometidas con el territorio y sus gentes.<\/p>\n<p>El semestre se ofrece como una experiencia inmersiva, alegre y optimista, a la vez que cr\u00edtica y comprometida con el futuro de Torrevieja. Se ofrece tambi\u00e9n como una experiencia que relaciona distintas instituciones p\u00fablicas, universidad y ayuntamiento, con el objetivo\u00a0 com\u00fan de despertar en los estudiantes de arquitectura el inter\u00e9s por un municipio tan particular en su diversidad, sus industrias y sus habitantes como este.<\/p>\n<p>Talleres del turno de ma\u00f1ana y la tarde:<\/p>\n<p>8 y 15 de febrero: Marina Fern\u00e1ndez \/ David Gil y Rodrigo Mart\u00ednez<\/p>\n<p>22 de febrero y 1 de marzo: Crearqci\u00f3 \/ Joaqu\u00edn G. Vicente y Tatiana Poggi<\/p>\n<p>8 y 15 de marzo: Clara Nubiola \/ Fru*Fru<\/p>\n<p>22 y 29 de marzo: Diego Abell\u00e1n y Joaqu\u00edn Lucas \/ Mar\u00eda Mallo y David C\u00e1rdenas<\/p>\n<p>5 y 12 de abril: \u00c1lvaro Carrillo \/ Carlos Gim\u00e9nez<\/p>\n<p>10 y 17 de mayo: H3O \/ Boller\u00eda Industrial<\/p>\n<p>&nbsp;<\/p>\n<p>&nbsp;<\/p>\n<p>&nbsp;<\/p>\n","protected":false},"excerpt":{"rendered":"<p>Proyectos Zero El curso de Proyectos Zero se propone como una experiencia inici\u00e1tica en la que el alumno se confronta con una serie de experiencias arquitect\u00f3nicas concretas y situadas. A partir de la presencia en el aula de una cierta cantidad de tutores que encarnan distintas pr\u00e1cticas emergentes, el estudiante articula un tr\u00e1nsito por la [&hellip;]<\/p>\n","protected":false},"author":1037,"featured_media":0,"parent":0,"menu_order":0,"comment_status":"closed","ping_status":"closed","template":"","meta":{"footnotes":""},"class_list":["post-6657","page","type-page","status-publish","hentry"],"_links":{"self":[{"href":"https:\/\/blogs.ua.es\/proyectosarquitectonicos\/wp-json\/wp\/v2\/pages\/6657","targetHints":{"allow":["GET"]}}],"collection":[{"href":"https:\/\/blogs.ua.es\/proyectosarquitectonicos\/wp-json\/wp\/v2\/pages"}],"about":[{"href":"https:\/\/blogs.ua.es\/proyectosarquitectonicos\/wp-json\/wp\/v2\/types\/page"}],"author":[{"embeddable":true,"href":"https:\/\/blogs.ua.es\/proyectosarquitectonicos\/wp-json\/wp\/v2\/users\/1037"}],"replies":[{"embeddable":true,"href":"https:\/\/blogs.ua.es\/proyectosarquitectonicos\/wp-json\/wp\/v2\/comments?post=6657"}],"version-history":[{"count":3,"href":"https:\/\/blogs.ua.es\/proyectosarquitectonicos\/wp-json\/wp\/v2\/pages\/6657\/revisions"}],"predecessor-version":[{"id":6885,"href":"https:\/\/blogs.ua.es\/proyectosarquitectonicos\/wp-json\/wp\/v2\/pages\/6657\/revisions\/6885"}],"wp:attachment":[{"href":"https:\/\/blogs.ua.es\/proyectosarquitectonicos\/wp-json\/wp\/v2\/media?parent=6657"}],"curies":[{"name":"wp","href":"https:\/\/api.w.org\/{rel}","templated":true}]}}