{"id":6668,"date":"2018-07-09T16:20:31","date_gmt":"2018-07-09T14:20:31","guid":{"rendered":"https:\/\/blogs.ua.es\/proyectosarquitectonicos\/?page_id=6668"},"modified":"2019-05-21T11:55:28","modified_gmt":"2019-05-21T09:55:28","slug":"g2_-miguel-mesa","status":"publish","type":"page","link":"https:\/\/blogs.ua.es\/proyectosarquitectonicos\/g2_-miguel-mesa\/","title":{"rendered":"G2_ Miguel Mesa"},"content":{"rendered":"<p>1\/ Primer cuatrimestre: Ficciones sociales. Arquitecturas y juguetes para comunidades<br \/>\nexperimentales.<br \/>\n2\/ La frontera. Dise\u00f1o arquitect\u00f3nico para una nueva agenda de la exterioridad.<\/p>\n<p>Mireia Luz\u00e1rraga, Miguel Mesa del castillo. Con Alejandro Mui\u00f1o.<br \/>\nInvitado especial: Lluis Alexandre Casanovas<\/p>\n<p><img loading=\"lazy\" decoding=\"async\" class=\"aligncenter size-full wp-image-6830\" src=\"https:\/\/blogs.ua.es\/proyectosarquitectonicos\/files\/2019\/01\/3a306e6f-9e46-4b25-ba62-1658404de8b8-1.jpg\" alt=\"\" width=\"900\" height=\"1600\" srcset=\"https:\/\/blogs.ua.es\/proyectosarquitectonicos\/files\/2019\/01\/3a306e6f-9e46-4b25-ba62-1658404de8b8-1.jpg 900w, https:\/\/blogs.ua.es\/proyectosarquitectonicos\/files\/2019\/01\/3a306e6f-9e46-4b25-ba62-1658404de8b8-1-169x300.jpg 169w, https:\/\/blogs.ua.es\/proyectosarquitectonicos\/files\/2019\/01\/3a306e6f-9e46-4b25-ba62-1658404de8b8-1-768x1365.jpg 768w, https:\/\/blogs.ua.es\/proyectosarquitectonicos\/files\/2019\/01\/3a306e6f-9e46-4b25-ba62-1658404de8b8-1-576x1024.jpg 576w, https:\/\/blogs.ua.es\/proyectosarquitectonicos\/files\/2019\/01\/3a306e6f-9e46-4b25-ba62-1658404de8b8-1-84x150.jpg 84w, https:\/\/blogs.ua.es\/proyectosarquitectonicos\/files\/2019\/01\/3a306e6f-9e46-4b25-ba62-1658404de8b8-1-400x711.jpg 400w\" sizes=\"auto, (max-width: 900px) 100vw, 900px\" \/><\/p>\n<p><img loading=\"lazy\" decoding=\"async\" class=\"aligncenter size-full wp-image-6831\" src=\"https:\/\/blogs.ua.es\/proyectosarquitectonicos\/files\/2019\/01\/1D.jpg\" alt=\"\" width=\"4032\" height=\"3024\" srcset=\"https:\/\/blogs.ua.es\/proyectosarquitectonicos\/files\/2019\/01\/1D.jpg 4032w, https:\/\/blogs.ua.es\/proyectosarquitectonicos\/files\/2019\/01\/1D-300x225.jpg 300w, https:\/\/blogs.ua.es\/proyectosarquitectonicos\/files\/2019\/01\/1D-768x576.jpg 768w, https:\/\/blogs.ua.es\/proyectosarquitectonicos\/files\/2019\/01\/1D-1024x768.jpg 1024w, https:\/\/blogs.ua.es\/proyectosarquitectonicos\/files\/2019\/01\/1D-150x113.jpg 150w, https:\/\/blogs.ua.es\/proyectosarquitectonicos\/files\/2019\/01\/1D-400x300.jpg 400w\" sizes=\"auto, (max-width: 4032px) 100vw, 4032px\" \/><\/p>\n<p><span style=\"color: #ff0000\">Curso 2018-2109<\/span><br \/>\n<span style=\"color: #ff0000\">Primer Cuatrimestre (Mireia Luz\u00e1rraga) Proyectos 2<\/span><br \/>\n<span style=\"color: #ff0000\">Segundo Cuatrimestre (Miguel Mesa del Castillo) Proyectos 3<\/span><\/p>\n<p>&nbsp;<\/p>\n<p><span style=\"color: #ff0000\">Programa 2 [Segundo Cuatrimestre\/P3]<\/span><\/p>\n<p><strong><span style=\"color: #ff0000\">LA FRONTERA<\/span><br \/>\n<span style=\"color: #ff0000\"><em>Dise\u00f1o arquitect\u00f3nico para una nueva agenda de la exterioridad<\/em><\/span><br \/>\n<\/strong><\/p>\n<p>&nbsp;<\/p>\n<p>INTRODUCCI\u00d3N<\/p>\n<p>\u00bfQu\u00e9 hay en medio? Hemos definido lo ajeno, lo extra\u00f1o, lo raro,\u00a0 lo otro, como un afuera del que nos separan infraestructuras, l\u00edneas imaginarias o definiciones cargadas de ideolog\u00eda. Unas delimitaciones que habitualmente llamamos fronteras, que\u00a0establecen lo que es extra\u00f1o de lo que es familiar y que regulan la distinci\u00f3n entre la exterioridad y la intimidad, ya sea esta la de una casa, un pa\u00eds, un cuerpo o una forma de afecto y confianza, mediante un mandato normativo.<\/p>\n<p><strong><em>Interiores<\/em><\/strong>\u00a0propone impulsar entre las estudiantes el debate sobre la condici\u00f3n de frontera y sobre la legitimidad de las delimitaciones que se establecen entre los distintos \u00e1mbitos de la esfera p\u00fablica y privada. Es el caso, por ejemplo, de la frontera que separa lo natural, lo salvaje y lo que amenaza la confortable privacidad custodiada del interior por una delimitaci\u00f3n, una frontera que recorta, desplaza y separa la geograf\u00eda de &#8220;lo nuestro&#8221; de la de &#8220;los otros&#8221;.<\/p>\n<p>Pero esta frontera, si efectivamente existiera la separaci\u00f3n entre el nosotros y el afuera, ser\u00eda un espacio liminal, un lugar habitado que no es ni interior ni exterior, un intersticio habitable en el que se dan m\u00faltiples oportunidades para deshacer dicotom\u00edas mediadas por la capacidad del dise\u00f1o para intervenir, desarticular y movilizar territorios fosilizados por las geograf\u00edas de la dominaci\u00f3n y la explotaci\u00f3n.<\/p>\n<p>Las fronteras garantizan la distinci\u00f3n forzosa entre lo p\u00fablico lo privado, la naturaleza y la cultura, lo humano y lo no-humano, lo org\u00e1nico y lo cibern\u00e9tico, lo masculino y lo femenino o lo material y lo virtual. El establecimiento de fronteras, como arquitectura de dominaci\u00f3n y control sobre el otro, otorga privilegios tambi\u00e9n fuera del campo espec\u00edfico de la geograf\u00eda. Pero estos deslindes, que en s\u00ed mismos son un territorio en disputa, una tierra de nadie, una franja desconocida y aparentemente deshabitada, tambi\u00e9n pueden convertirse en espacios de oportunidad para la resistencia .<\/p>\n<p>Este curso invita a pensar y a dise\u00f1ar esos espacios para desafiar la confianza en la confortable comodidad del nosotros.<\/p>\n<p>&nbsp;<\/p>\n<p><img loading=\"lazy\" decoding=\"async\" class=\"aligncenter size-full wp-image-6827\" src=\"https:\/\/blogs.ua.es\/proyectosarquitectonicos\/files\/2019\/01\/IMG_1906.jpg\" alt=\"\" width=\"4032\" height=\"3024\" srcset=\"https:\/\/blogs.ua.es\/proyectosarquitectonicos\/files\/2019\/01\/IMG_1906.jpg 4032w, https:\/\/blogs.ua.es\/proyectosarquitectonicos\/files\/2019\/01\/IMG_1906-300x225.jpg 300w, https:\/\/blogs.ua.es\/proyectosarquitectonicos\/files\/2019\/01\/IMG_1906-768x576.jpg 768w, https:\/\/blogs.ua.es\/proyectosarquitectonicos\/files\/2019\/01\/IMG_1906-1024x768.jpg 1024w, https:\/\/blogs.ua.es\/proyectosarquitectonicos\/files\/2019\/01\/IMG_1906-150x113.jpg 150w, https:\/\/blogs.ua.es\/proyectosarquitectonicos\/files\/2019\/01\/IMG_1906-400x300.jpg 400w\" sizes=\"auto, (max-width: 4032px) 100vw, 4032px\" \/><\/p>\n<p>&nbsp;<\/p>\n<p><strong>CALENDARIO DEL CURSO Y FASES<\/strong><\/p>\n<p>El curso de Proyectos 3 consta de seis fases:<\/p>\n<p>&nbsp;<\/p>\n<p><strong><em>Fase 1\/ Selecci\u00f3n de Objetos de Estudio y Detecci\u00f3n del ecosistema. Mapa<\/em><\/strong><\/p>\n<p>Cada estudiante seleccionar\u00e1 tres situaciones fronterizas concretas y realizar\u00e1 una descripci\u00f3n general de los fen\u00f3menos que se localizan en cada una de ellas, identificando y dibujando las redes relacionales que se hacen visibles en sus performaciones. Ser\u00e1 necesario describir con precisi\u00f3n las tecnolog\u00edas que intervienen en las composiciones tecnomateriales estudiadas y se anticipar\u00e1 una primera relaci\u00f3n de actores participantes. Se acompa\u00f1ar\u00e1 de una justificaci\u00f3n (escrita o dibujada) que d\u00e9 cuenta de la idoneidad de la elecci\u00f3n.<\/p>\n<p>M\u00e9todo: Trabajo de campo, b\u00fasqueda en la web, material bibliogr\u00e1fico, filmograf\u00edas, etc.<\/p>\n<p>Entrega: <span style=\"color: #ff0000\">05 de febrero<\/span><\/p>\n<p>Formato: Dibujo<\/p>\n<p>Trabajo individual<\/p>\n<p>&nbsp;<\/p>\n<p><em><strong>Fase 2\/ Registro de Agencias presentes en la red. Mapa<\/strong><\/em><\/p>\n<p>Seg\u00fan una perspectiva sociot\u00e9cnica: &#8220;Cualquier entidad que genere un efecto de relaci\u00f3n o tenga alg\u00fan valor de significaci\u00f3n se le debe considerar como un agente del entramado social&#8221;.<sup>\u20601<\/sup><\/p>\n<p>En esta fase del curso los estudiantes escoger\u00e1n una sola de las tres &#8220;fronteras&#8221; seleccionadas en la primera fase y registrar\u00e1n el cat\u00e1logo de agentes que intervienen en el caso de estudio. Se considerar\u00e1 la &#8220;frontera&#8221; en t\u00e9rminos ecosist\u00e9micos y se describir\u00e1 su <strong>red de actores y las asociaciones, afinidades, conflictos, crisis, debates, invisibilidades, etc.<\/strong>, en las que participa cada actor.<\/p>\n<p>Se adoptar\u00e1 una perspectiva sim\u00e9trica generalizada (hol\u00edstica y monista) en la que personas, procesos, elementos, artefactos, tecnolog\u00edas, no humanos, seres ficcionales, instituciones, discursos, paisajes, econom\u00edas, dispositivos arquitect\u00f3nicos, etc., se relacionan en cadenas de asociaciones heterog\u00e9neas ensambladas a diferentes escalas y localizaciones. Se considerar\u00e1 que los diferentes &#8220;modos de existencia&#8221;<sup>\u20602<\/sup> otorgan a las entidades existencias ontol\u00f3gicamente m\u00faltiples que dependen en cada momento de c\u00f3mo se ensamblen los actores.<\/p>\n<p>M\u00e9todo: 1\/ Compilaci\u00f3n de fotograf\u00edas, dibujos, material de la web, fragmentos de v\u00eddeo, noticias, material hist\u00f3rico, bibliograf\u00eda, cartograf\u00eda, etc. 2\/ Entrevistas en v\u00eddeo a los participantes en la red, fiesteros y no fiesteros.<\/p>\n<p>Entrega:<span style=\"color: #ff0000\">\u00a015 de febrero<\/span><\/p>\n<p>Formato: MindMap interactivo VUE (Visual Understanding Environment)<\/p>\n<p>Trabajo individual<\/p>\n<p>&nbsp;<\/p>\n<p><strong><em>Fase 3\/ Descripci\u00f3n de Conflictos. Mapa<\/em><\/strong><\/p>\n<p>Se identificar\u00e1n las <strong>controversias<\/strong> presentes en el acontecimiento objeto de estudio, las crisis, las disputas, las hegemon\u00edas, los repartos de poder, las fortalezas, los desaf\u00edos y las posibilidades para que se desplieguen contradiscursos y resistencias. Ser\u00e1n descripciones que incorporen datos sobre las evoluciones que pueden experimentar los objetos involucrados en las controversias, prestando especial atenci\u00f3n al rol de los dispositivos arquitect\u00f3nicos y las tecnolog\u00edas que intervienen en ellas.<\/p>\n<p>M\u00e9todo: Se construir\u00e1n peque\u00f1os escenarios en maquetas que expliquen la complejidad de cada una de las situaciones propuestas. Se procurar\u00e1 que las maquetas no sean miniaturizaciones de objetos presentes en la red, sino descripciones multiescalares y temporales.<\/p>\n<p>Entrega: <span style=\"color: #ff0000\">05 de marzo<\/span><\/p>\n<p>Formato: Maqueta<\/p>\n<p>Trabajo individual<\/p>\n<p>&nbsp;<\/p>\n<p><strong><em>Fase 4\/ Dise\u00f1o<\/em><\/strong><\/p>\n<p>Mediaciones posibles para transformar el ecosistema fronterizo. \u00bfQu\u00e9 arquitecturas pueden impulsar un cambio o aprovechar la condici\u00f3n fronteriza para promover la innovaci\u00f3n?<\/p>\n<p>M\u00e9todo: En grupos de <span style=\"color: #ff0000\">tres estudiantes como m\u00e1ximo<\/span> se seleccionar\u00e1 uno solo de los tres casos de estudio descritos en las anteriores fases por los componentes del grupo. Se fabricar\u00e1n <strong>maquetas<\/strong> que muestren la arquitectura de intervenci\u00f3n en las realidades estudiadas y sus resultados y evoluciones posibles. De nuevo se procurar\u00e1 que las maquetas no sean miniaturizaciones de objetos presentes en la red, sino descripciones multiescalares y temporales.<\/p>\n<p>Estas maquetas formar\u00e1n parte de una <em>supermaqueta<\/em> colectiva que se ensamblar\u00e1 en la fase 5 del curso. La <em>supermaqueta<\/em> se montar\u00e1 en el aula del m\u00e1ster y tendr\u00e1 una dimensi\u00f3n m\u00ednima de 2m de altura por 4 de longitud<\/p>\n<p>El objetivo es el de realizar un fragmento de\u00a0 frontera f\u00edsica en el que se puedan localizar diferentes condiciones y categor\u00edas fronterizas.<\/p>\n<p>Pre-entrega 1: <span style=\"color: #ff0000\">22 de marzo<br \/>\n<\/span>Pre-entrega 2:\u00a0<span style=\"color: #ff0000\">02 de abril<br \/>\nEntrega definitiva: 16 de abril<\/span><\/p>\n<p>Formato: Maqueta<\/p>\n<p>Trabajo en Grupo<\/p>\n<p>&nbsp;<\/p>\n<p><strong><em>Fase 5\/ Edici\u00f3n<\/em><\/strong><\/p>\n<p>M\u00e9todo: Trabajo de artes finales con todo el material producido. Dibujo arquitect\u00f3nico, modelado param\u00e9trico, fotograf\u00eda y edici\u00f3n gr\u00e1fica. La edici\u00f3n debe tener una calidad profesional para facilitar una publicaci\u00f3n futura.<\/p>\n<p>Entrega Final: <span style=\"color: #ff0000\">24 de mayo<br \/>\n<span style=\"color: #333333\">Jury:<\/span> 31 de mayo<br \/>\n<\/span><\/p>\n<p>Formato: Dise\u00f1o. Edici\u00f3n Final M\u00ednimo: 2 Paneles A0\u00a0 + Maqueta Colectiva\u00a0Gigante<\/p>\n<p>Trabajo en Grupo<\/p>\n<p>&nbsp;<\/p>\n<ol start=\"2\">\n<li><strong>Taller<\/strong><\/li>\n<\/ol>\n<p>El aula se entender\u00e1 como un taller de trabajo colectivo en el que se compartir\u00e1n ideas y se trabajar\u00e1 de forma conjunta.<\/p>\n<p>Inicialmente, en la fase de propuestas y rastreo de material de estudio, el trabajo ser\u00e1 individual, aunque a medida que el curso avance se ir\u00e1n formando grupos de trabajo colaborativos, intercambios de informaci\u00f3n, presentaciones p\u00fablicas, sesiones cr\u00edticas y trabajo de edici\u00f3n colectivo.<\/p>\n<p>&nbsp;<\/p>\n<ol start=\"3\">\n<li><strong>Viaje<\/strong><\/li>\n<\/ol>\n<p>A lo largo del curso se organizar\u00e1 un viaje de trabajo relacionado con el tema del curso y en el que los estudiantes puedan observar realidades pr\u00f3ximas a sus objetos de estudio.<\/p>\n<p>La organizaci\u00f3n correr\u00e1 a cargo de todo el grupo y se procurar\u00e1 abaratar los costes y seleccionar fechas compatibles con el resto de asignaturas.<\/p>\n<p>&nbsp;<\/p>\n<ol start=\"4\">\n<li><strong>Evaluaci\u00f3n<\/strong><\/li>\n<\/ol>\n<p>La nota final ser\u00e1 una media de todas las notas obtenidas en las cinco entregas previstas, ponderadas seg\u00fan el siguiente criterio:<\/p>\n<p>Entrega 1, individual: 5%<\/p>\n<p>Entrega 2, individual: 10%<\/p>\n<p>Entrega 3, individual: 15%<\/p>\n<p>Entrega 4, en grupo: 30%<\/p>\n<p>Entrega Final, en grupo: 35%<\/p>\n<p>Jury: 5%<\/p>\n<p>&nbsp;<\/p>\n<p style=\"margin-bottom: 12.0pt\"><span style=\"color: red\">Entrega 16 de abril:<br \/>\n<\/span>MAQUETA DE GRUPO<br \/>\nHora de entrega: 10:30<br \/>\nAula: 20D<br \/>\n1\/Calidad de la maqueta [fabricaci\u00f3n]<br \/>\n2\/Complejidad e innovaci\u00f3n en el dise\u00f1o [relaci\u00f3n con el tema de estudio-frontera]<br \/>\n3\/ Capacidad de transformaci\u00f3n y evoluciones posibles que promueve el dise\u00f1o.<\/p>\n<p style=\"margin-bottom: 12.0pt\"><span style=\"color: red\">Entrega 24 de mayo:<br \/>\n<\/span>Hora de entrega: 10:30<br \/>\nAula: 20D<br \/>\n1\/ Correcciones necesarias a la maqueta<br \/>\n2\/ Cuaderno, fichas de estudio, manual [diagrama se agentes, controversias, etc. ]<br \/>\n3\/ Cartel, letrero. T\u00cdTULO [Nombre del consulado propuesto]<\/p>\n<p><span style=\"color: red\">\u00a0Jury 31 de mayo:<br \/>\n<\/span>Hora de entrega: 12:00<br \/>\nAula: 20D y pasillos<br \/>\n1\/ Correcciones finales a la maqueta<br \/>\n2\/ Impresi\u00f3n del cuaderno<br \/>\n3\/ Soporte para la \u201cRomer\u00eda de las c\u00f3nsulas\u201d y preparaci\u00f3n del trono\/paso para la romer\u00eda.<br \/>\n4\/ Romer\u00eda<br \/>\n5\/ Aperitivo<br \/>\n6\/ OutFit?\u00bf<\/p>\n<p>&nbsp;<\/p>\n<p>&nbsp;<\/p>\n<p><img loading=\"lazy\" decoding=\"async\" class=\"aligncenter size-full wp-image-6828\" src=\"https:\/\/blogs.ua.es\/proyectosarquitectonicos\/files\/2019\/01\/07.jpg\" alt=\"\" width=\"3264\" height=\"2448\" srcset=\"https:\/\/blogs.ua.es\/proyectosarquitectonicos\/files\/2019\/01\/07.jpg 3264w, https:\/\/blogs.ua.es\/proyectosarquitectonicos\/files\/2019\/01\/07-300x225.jpg 300w, https:\/\/blogs.ua.es\/proyectosarquitectonicos\/files\/2019\/01\/07-768x576.jpg 768w, https:\/\/blogs.ua.es\/proyectosarquitectonicos\/files\/2019\/01\/07-1024x768.jpg 1024w, https:\/\/blogs.ua.es\/proyectosarquitectonicos\/files\/2019\/01\/07-150x113.jpg 150w, https:\/\/blogs.ua.es\/proyectosarquitectonicos\/files\/2019\/01\/07-400x300.jpg 400w\" sizes=\"auto, (max-width: 3264px) 100vw, 3264px\" \/><\/p>\n<p>&nbsp;<\/p>\n<ol start=\"5\">\n<li><strong>Referencias y bibliograf\u00eda b\u00e1sica:<\/strong><\/li>\n<\/ol>\n<p>Amin, Ash, and Nigel Thrift. <em>Cities<\/em>\u202f<em>: Reimagining the Urban<\/em>. Cambridge: Polity, 2002.<\/p>\n<p>Baudrillard, Jean. <em>Cultura Y Simulacro<\/em>. 7a. ed. Barcelona: Kair\u00f3s, 2005.<\/p>\n<p>B\u00e9gout, Bruce, and Rub\u00e9n Mart\u00edn Gir\u00e1ldez. <em>Le Park<\/em>. Barcelona: Siberia, 2014.<\/p>\n<p>Blanco, Julia Ram\u00edrez. <em>Utop\u00edas art\u00edsticas de revuelta: Claremont Road, Reclaim the Streets, la Ciudad de Sol<\/em>. Edici\u00f3n: edici\u00f3n. C\u00e1tedra, 2014.<\/p>\n<p>Blom, Philipp. <em>Gente peligrosa: El radicalismo olvidado de la Ilustraci\u00f3n europea<\/em>. Translated by Daniel Najm\u00edas Bentolila. Edici\u00f3n: 1. Editorial Anagrama, 2012.<\/p>\n<p>Breton, Andr\u00e9. <em>Nadja<\/em>. Barcelona. C\u00edrculo de Lectores, 2001.<\/p>\n<p>Bruce, Lenny. <em>How to Talk Dirty and Influence People<\/em>\u202f<em>: An Autobiography<\/em>. 1st Fireside ed. New York: Simon &amp; Schuster, 1992.<\/p>\n<p>Elliott, Stephan, and PolyGram Filmed Entertainment (Firm);Australian Film Finance Corporation.;Latent Image\/Specific Films. <em>The Adventures of Priscilla, Queen of the Desert DVD]<\/em>. Metro-Goldwyn-Mayer Studios,, 2006.<\/p>\n<p>Far\u00edas, Ignacio, Ignacio Far\u00edas, and Thomas Bender. <em>Urban Assemblages: How Actor-Network Theory Changes Urban Studies<\/em>. Edici\u00f3n: 1. Routledge, 2012.<\/p>\n<p>Far\u00edas, Ignacio. &#8220;Ensamblajes urbanos: la TAR y el examen de la ciudad.&#8221; <em>Athenea digital<\/em> 11, no. 1 (2011): 15\u201340.<\/p>\n<p>Flood Catherine. <em>Disobedient Objects<\/em>. London: Victoria Albert, 2014.<\/p>\n<p>Foster Wallace, David. <em>Algo Supuestamente Divertido Que Nunca Volver\u00e9 a Hacer<\/em>\u202f<em>: Ensayos Y Opiniones<\/em>. 1a. ed. Barcelona: Mondadori, 2001.<\/p>\n<p>Girard, Monique, and David C. Stark. &#8220;Socio-Technologies of Assembly: Sense-Making and Demonstration in Rebuilding Lower Manhattan,&#8221; 2005. http:\/\/academiccommons.columbia.edu\/catalog\/ac:129095.<\/p>\n<p>Graham, Stephen, and Simon Marvin. <em>Splintering Urbanism: Networked Infrastructures, Technological Mobilities and the Urban Condition<\/em>. London; New York: Routledge, 2001.<\/p>\n<p>Graham, Stephen. <em>Cities under Siege: The New Military Urbanism<\/em>. London; New York: Verso, 2010.<\/p>\n<p>Goffman, Erving. <em>La presentaci\u00f3n de la persona en la vida cotidiana<\/em>. Edici\u00f3n: 2. Buenos Aires: Amorrortu Editores Espa\u00f1a SL, 2013.<\/p>\n<p>Hou, Jeffrey. <em>Insurgent Public Space: Guerrilla Urbanism and the Remaking of Contemporary Cities<\/em>. Edici\u00f3n: 1. Routledge, 2010.<\/p>\n<p>Houellebecq, Michel. <em>El Mundo Como Supermercado<\/em>. Barcelona: Anagrama, 2000.<\/p>\n<p>&#8220;Reputaci\u00f3n y Encarnaci\u00f3n de La Pol\u00edtica En Los &#8216;dulces&#8217; Artefactos de Long Island \u00ab\u202fAndr\u00e9s Jaque Arquitectos.&#8221; Accessed May 2, 2011. http:\/\/andresjaque.net\/wordpress\/articulos\/reputacion-y-encarnacion-de-la-politica-en-los-dulces-artefactos-de-long-island\/.<\/p>\n<p>Lakoff George; Mark Johnson. <em>Met\u00e1foras de La Vida Cotidiana<\/em>. Madrid: Catedra, 2004<\/p>\n<p>Latour, Bruno, Emilie Hermant, and Susanna Shannon. <em>Paris ville invisible<\/em>. Paris: La D\u00e9couverte, 1998.<\/p>\n<p>Latour, Bruno, and Peter Weibel. <em>Making Things Public: Atmospheres of Democracy<\/em>. Cambridge, Mass.\u202f: Karlsruhe, Germany: The Mit Press, 2005.<\/p>\n<p>Latour, Bruno, Peter Weibel, and Albena Yaneva. &#8220;A Building Is a &#8216;Multiverse.'&#8221; In <em>Making Things Public<\/em>\u202f<em>: Atmospheres of Democracy<\/em>. Cambridge, Mass.; [Karlsruhe, Germany]: MIT Press\u202f; ZKM\/Center for Art and Media in Karlsruhe, 2005.<\/p>\n<p>Latour, Bruno, and Albena Yaneva. &#8220;Give Me a Gun and I Will Make All Buildings Move: An ANT&#8217;s View of Architecture.&#8221; Accessed June 30, 2012. http:\/\/www.bruno-latour.fr\/node\/206.<\/p>\n<p>Law, John, and Annemarie Mol. &#8220;Notes on Materiality and Sociality.&#8221; <em>The Sociological Review<\/em> 43, no. 2 (1995): 274\u201394. doi:10.1111\/j.1467-954X.1995.tb00604.x.<\/p>\n<p>Livingston, Jennie, Paul Gibson, Jonathan Oppenheim, Inc Off White Productions, Miramax Home Entertainment (Firm), and Buena Vista Home Entertainment (Firm). <em>Paris is burning<\/em>. Burbank, CA: Miramax Home Entertainment: Distributed by Buena Vista Home Entertainment, 2005.<\/p>\n<p>Mol Annemarie, John Law. <em>Accion Encarnada, Cuerpos Actuados. El Ejemplo de La Hipoglucemia &#8211; Annemarie Mol, John Law_Page_01.jpg<\/em>. Vol. 1.<\/p>\n<p>Marres, Noortje. <em>Material Participation: Technology, the Environment and Everyday Publics<\/em>. Palgrave Macmillan, 2012.<\/p>\n<p>Mol, Annemarie. <em>The Body Multiple: Ontology in Medical Practice<\/em>. Durham, N.C.: Duke University Press, 2002.<\/p>\n<p>Munuera, Iv\u00e1n L\u00f3pez, et. alt. <em>Pop politics: activismos a 33 revoluciones.<\/em> Centro de Arte Dos de Mayo (Madrid) Espa\u00f1a, 2012.<\/p>\n<p>Peran, Mart\u00ed, and Espai d&#8217;art contemporani de Castell\u00f3 (Valencia). <em>Arquitecturas Para El Acontecimiento<\/em>\u202f<em>: [Raimond Chaves, Minerva Cuevas, Jens Haaning, Fabrice Hybert, KIT, Stalker, Rirkrit Tiravanija Josep Maria Mart\u00edn]<\/em>. Valencia: Generalitat Valenciana, 2002.<\/p>\n<p>Preciado, Beatriz. <em>Pornotop\u00eda: Arquitectura Y Sexualidad En Playboy Durante La Guerra Fr\u00eda<\/em>. Barcelona: Anagrama, 2010.<\/p>\n<p>Reynolds, Simon, and Mar\u00eda Verg\u00e9s Parisi. <em>Energy Flash: Un viaje a trav\u00e9s de la m\u00fasica rave y la cultura de baile<\/em>. Translated by Bego\u00f1a Mart\u00ednez Sarr\u00e0, Gabriel Cereceda Oy\u00f3n, and Silvia Guiu Navarro. Edici\u00f3n: 1. Barcelona: CONTRA, 2014.<\/p>\n<p>Scott, Felicity, <em>Ant Farm (Living Archive) (Paperback) &#8211; Common<\/em>. Actar, 2008.<\/p>\n<p>Scott, James C. <em>Los dominados y el arte de la resistencia<\/em>. Ediciones Era, 2003.<\/p>\n<p>Shields, Rob. &#8220;Fl\u00e2nerie for Cyborgs.&#8221; <em>Theory, Culture &amp; Society<\/em> 23, no. 7\u20138 (December 1, 2006): 209\u201320. doi:10.1177\/0263276406069233.<\/p>\n<p>Thompson, Nato. <em>Living as Form: Socially Engaged Art from 1991-2011<\/em>. New York: The Mit Press, 2012.<\/p>\n<p>Tirado, Francisco, and Miquel Dom\u00e8nech. &#8220;Asociaciones Heterog\u00e9neas Y Actantes: El Giro Postsocial de La Teor\u00eda Del Actor Red.&#8221; <em>AIBR, Revista de Antropolog\u00eda Iberoamericana<\/em>, no. Extra 1 (2006). http:\/\/www.aibr.org\/antropologia\/44nov\/articulos\/nov0512.pdf.<\/p>\n<p>Toscano, Alberto; Kinkle, Jeff. <em>Cartograf\u00eda del Absoluto. <\/em>Materia Oscura, 2019<\/p>\n<p>&#8220;Michel Foucault \/ Sexo, Poder Y La Pol\u00edtica de La Identidad (entrevista) | Artiller\u00eda Inmanente.&#8221; Accessed October 2, 2014. http:\/\/artilleriainmanente.blogspot.com.es\/2013\/08\/michel-foucault-sexo-poder-y-la.html.<\/p>\n<p>&nbsp;<\/p>\n<p>&nbsp;<\/p>\n<p>&nbsp;<\/p>\n<p>Notas<\/p>\n<p><sup>1\u00a0<\/sup>Tirado, Francisco, and Miquel Dom\u00e8nech. &#8220;Asociaciones Heterog\u00e9neas Y Actantes: El Giro Postsocial de La Teor\u00eda Del Actor Red.&#8221; <em>AIBR, Revista de Antropolog\u00eda Iberoamericana<\/em>, no. Extra 1 (2006). http:\/\/www.aibr.org\/antropologia\/44nov\/articulos\/nov0512.pdf.<\/p>\n<p><sup>2\u00a0<\/sup>Latour, Bruno. <em>An Inquiry Into Modes of Existence: An Anthropology of the Moderns<\/em>. Translated by Catherine Porter. Cambridge, Massachusetts: Harvard Univ Pr, 2013.<\/p>\n<p>&nbsp;<\/p>\n<p>&nbsp;<\/p>\n<p>El curso promover\u00e1 adem\u00e1s la asistencia a las conferencias (entrada libre y gratuita) organizadas por el CENDEAC (Centro de Documentaci\u00f3n y Estudios Avanzados de Arte Contempor\u00e1neo) de la Regi\u00f3n de Murcia, a cargo de seis especialistas en arte, cr\u00edtica, arquitectura y literatura que abordar\u00e1n los temas propuestos desde distintas disciplinas:<\/p>\n<p>3 de abril \/ <strong>Sabina Urraca,<\/strong> <em>periodista y escritora<\/em>.<br \/>\n24 de abril \/ <strong>Jordi Colomer,<\/strong> <em>artista.<br \/>\n<\/em>8 de mayo \/ <strong>Luc\u00eda Jal\u00f3n,<\/strong> <em>arquitecta y profesora.<br \/>\n<\/em>16 de mayo \/ <strong>Sergio del Molino,<\/strong> <em>periodista y escritor.<br \/>\n<\/em>22 de mayo \/ <strong>Alberto Ruiz de Samaniego,<\/strong> <em>cr\u00edtico cultural, comisario<br \/>\n<\/em>12 de junio \/ <strong>Anna Puigjanner,<\/strong> <em>arquitecta y profesora<\/em><\/p>\n<p>&nbsp;<\/p>\n","protected":false},"excerpt":{"rendered":"<p>1\/ Primer cuatrimestre: Ficciones sociales. Arquitecturas y juguetes para comunidades experimentales. 2\/ La frontera. Dise\u00f1o arquitect\u00f3nico para una nueva agenda de la exterioridad. Mireia Luz\u00e1rraga, Miguel Mesa del castillo. Con Alejandro Mui\u00f1o. Invitado especial: Lluis Alexandre Casanovas Curso 2018-2109 Primer Cuatrimestre (Mireia Luz\u00e1rraga) Proyectos 2 Segundo Cuatrimestre (Miguel Mesa del Castillo) Proyectos 3 &nbsp; Programa [&hellip;]<\/p>\n","protected":false},"author":1037,"featured_media":0,"parent":0,"menu_order":0,"comment_status":"closed","ping_status":"closed","template":"","meta":{"footnotes":""},"class_list":["post-6668","page","type-page","status-publish","hentry"],"_links":{"self":[{"href":"https:\/\/blogs.ua.es\/proyectosarquitectonicos\/wp-json\/wp\/v2\/pages\/6668","targetHints":{"allow":["GET"]}}],"collection":[{"href":"https:\/\/blogs.ua.es\/proyectosarquitectonicos\/wp-json\/wp\/v2\/pages"}],"about":[{"href":"https:\/\/blogs.ua.es\/proyectosarquitectonicos\/wp-json\/wp\/v2\/types\/page"}],"author":[{"embeddable":true,"href":"https:\/\/blogs.ua.es\/proyectosarquitectonicos\/wp-json\/wp\/v2\/users\/1037"}],"replies":[{"embeddable":true,"href":"https:\/\/blogs.ua.es\/proyectosarquitectonicos\/wp-json\/wp\/v2\/comments?post=6668"}],"version-history":[{"count":28,"href":"https:\/\/blogs.ua.es\/proyectosarquitectonicos\/wp-json\/wp\/v2\/pages\/6668\/revisions"}],"predecessor-version":[{"id":6914,"href":"https:\/\/blogs.ua.es\/proyectosarquitectonicos\/wp-json\/wp\/v2\/pages\/6668\/revisions\/6914"}],"wp:attachment":[{"href":"https:\/\/blogs.ua.es\/proyectosarquitectonicos\/wp-json\/wp\/v2\/media?parent=6668"}],"curies":[{"name":"wp","href":"https:\/\/api.w.org\/{rel}","templated":true}]}}