{"id":6670,"date":"2018-07-09T16:20:47","date_gmt":"2018-07-09T14:20:47","guid":{"rendered":"https:\/\/blogs.ua.es\/proyectosarquitectonicos\/?page_id=6670"},"modified":"2018-07-26T11:55:19","modified_gmt":"2018-07-26T09:55:19","slug":"g3_-adriana-figueiras","status":"publish","type":"page","link":"https:\/\/blogs.ua.es\/proyectosarquitectonicos\/g3_-adriana-figueiras\/","title":{"rendered":"G3_ Adriana Figueiras (Taller Vertical Tarde)"},"content":{"rendered":"<h3><strong>+sal<\/strong><\/h3>\n<p><em>\u201cLa sal, un producto universal para los humanos, se extrae del mar donde innumerables refugiados han perdido la vida. Esta sustancia tambi\u00e9n se refiere a la creencia sostenida por africanos esclavizados de que si no com\u00edan sal, podr\u00edan volar de regreso a \u00c1frica.\u201d\u00a0\u00a0\u00a0\u00a0\u00a0\u00a0\u00a0\u00a0\u00a0\u00a0\u00a0\u00a0\u00a0\u00a0\u00a0 \u00a0\u00a0\u00a0\u00a0\u00a0\u00a0\u00a0 <\/em><\/p>\n<p><em><u>The Soul of Salt<\/u><\/em><em>. <\/em><em>Patricia Kaersenhout (Manifesta 12, Palermo 2018)<\/em><\/p>\n<p><em>Referencia. <\/em><\/p>\n<p>El presente curso utilizar\u00e1 la sal como tema vertebrador de la localizaci\u00f3n y la tem\u00e1tica de los proyectos.<\/p>\n<p>La instalaci\u00f3n que se presenta como referencia, se halla actualmente expuesta en Manifesta 12, bienal que se fund\u00f3 en la d\u00e9cada de 1990 y que, En la pr\u00f3xima d\u00e9cada, se centrar\u00e1 en evolucionar de una exposici\u00f3n de arte a una plataforma interdisciplinaria para el cambio social, introduciendo la investigaci\u00f3n urbana hol\u00edstica y la programaci\u00f3n orientada al legado como el n\u00facleo de su modelo.<\/p>\n<p>En el Palazzo Forcella de Seta, la artista instala una monta\u00f1a de sal que es bendecida por un l\u00edder espiritual del continente africano.\u201d Los visitantes pueden llevar un poco de sal a casa y disolverla en agua como s\u00edmbolo para disolver el dolor del pasado. Un grupo de refugiados canta una canci\u00f3n esclava del siglo XIX durante la ceremonia. Esto muestra una conexi\u00f3n entre cuerpos esclavizados transportados sobre el oc\u00e9ano en el pasado y la crisis contempor\u00e1nea de refugiados.\u201d<\/p>\n<p><em>Salinas de Torrevieja\u00a0\u00a0\u00a0\u00a0\u00a0\u00a0\u00a0\u00a0\u00a0\u00a0\u00a0\u00a0\u00a0\u00a0\u00a0\u00a0\u00a0\u00a0\u00a0\u00a0\u00a0\u00a0\u00a0\u00a0\u00a0\u00a0\u00a0\u00a0\u00a0\u00a0\u00a0\u00a0\u00a0\u00a0\u00a0\u00a0\u00a0\u00a0\u00a0\u00a0\u00a0\u00a0\u00a0\u00a0\u00a0\u00a0\u00a0\u00a0\u00a0\u00a0\u00a0\u00a0\u00a0\u00a0\u00a0\u00a0\u00a0\u00a0\u00a0\u00a0\u00a0\u00a0\u00a0\u00a0 \u00a0\u00a0\u00a0\u00a0\u00a0 Planta desalinizadora de Torrevieja\u00a0\u00a0\u00a0\u00a0\u00a0\u00a0\u00a0\u00a0\u00a0\u00a0\u00a0\u00a0 <\/em><\/p>\n<p>&nbsp;<\/p>\n<p><em>Contexto inmediato<\/em><\/p>\n<p>&nbsp;<\/p>\n<p>Durante el curso pasado, se estableci\u00f3 contacto con la ciudad de Torrevieja y sus Salinas, con los que se estableci\u00f3 una colaboraci\u00f3n que se materializ\u00f3 en instalaciones de arquitectura ef\u00edmera que se ubicaron en la ciudad.<\/p>\n<p>&nbsp;<\/p>\n<p>Torrevieja, que vive del turismo y la construcci\u00f3n desde hace d\u00e9cadas, se ha especializado a nivel mundial en dos actividades industriales muy concretas y relacionadas con la sal.\u00a0Desde hace siglos en saturar el agua de salmuera en su laguna rosa para producir sal. Y parad\u00f3jicamente, desde hace unos a\u00f1os en quitarle la sal al agua del mar para producir agua potable.<\/p>\n<p>&nbsp;<\/p>\n<p>La explotaci\u00f3n salinera de estas lagunas, especialmente la de la Mata, es antigua, posiblemente existiera alguna factor\u00eda romana, al hallarse algunos restos arqueol\u00f3gicos como un espig\u00f3n, muros y cer\u00e1mica.<\/p>\n<p>&nbsp;<\/p>\n<p>La laguna de la Mata, comunicada con el mar a trav\u00e9s de un canal, act\u00faa como gran calentador del agua salada, que por efecto de la evaporaci\u00f3n va aumentando su concentraci\u00f3n de sal. Mediante un canal regulado por compuertas esta salmuera es conducida hasta la laguna de Torrevieja, lugar en el que se produce la extracci\u00f3n de la sal. Con el objeto de ganar concentraci\u00f3n en la salmuera, se ha construido un salmueraducto desde el domo salino de El Pin\u00f3s, cuyo objetivo es incrementar la concentraci\u00f3n de sal de la salmuera. Una vez cristalizada la sal, \u00e9sta es conducida mediante un sistema de cintas transportadoras, hacia las instalaciones para su acumulaci\u00f3n, tratamiento y embarque en el puerto de Torrevieja.<\/p>\n<p>&nbsp;<\/p>\n<p>Como tema aparejado a lo que representa la Sal en infraestructuras y en paisaje, el curso quiere extender su actuaci\u00f3n a edificaciones hist\u00f3ricas o emblem\u00e1ticas de la ciudad, poniendo de manifiesto un hilo conductor que las une. Con las actuaciones esperamos aportar a este conjunto algo de la luz y el brillo necesarios para poder destacar dentro del enorme peso que tiene todo el engranaje tur\u00edstico.<\/p>\n<p>&nbsp;<\/p>\n<p><em>\u00a0<\/em><\/p>\n<p><em>\u00a0<\/em><\/p>\n<p>&nbsp;<\/p>\n<p><em>Las Eras de la Sal, Torrevieja\u00a0\u00a0\u00a0\u00a0\u00a0\u00a0\u00a0\u00a0\u00a0\u00a0\u00a0\u00a0\u00a0\u00a0 <\/em><\/p>\n<p><em>Conceptos.<\/em><\/p>\n<p>&nbsp;<\/p>\n<p>Los apartados anteriores hablan de dos aspectos que son motivo principal de influencia y de reflexi\u00f3n en la arquitectura. Estar\u00edamos hablando de la vertiente Social y la Tecnol\u00f3gica.<\/p>\n<p>&nbsp;<\/p>\n<p>Para que los estudiantes consigan moverse dentro de ese espectro de una manera fundamentada y operativa, propongo incidir en cinco aspectos que pueden servir de pauta para el prop\u00f3sito de los proyectos a desarrollar.<\/p>\n<p>&nbsp;<\/p>\n<p>&nbsp;<\/p>\n<ul>\n<li>Perspectiva a nivel de Sistema<\/li>\n<\/ul>\n<p>Es importante que el proyecto sea parte de un sistema amplio de relaciones entre factores que no empiezan y acaban en el propio objeto arquitect\u00f3nico. Es imprescindible el entendimiento de que el sistema est\u00e1 formado por influencias de factores preexistentes, as\u00ed como por consecuencias que trascender\u00e1n el propio proyecto.<\/p>\n<p>&nbsp;<\/p>\n<ul>\n<li>Procesos ricos en datos<\/li>\n<\/ul>\n<p>La concepci\u00f3n y desarrollo del proyecto debe ser un proceso capaz de incorporar y gestionar una riqueza de datos importante de diferentes procedencias, tambi\u00e9n de dotarlos de estructura y permitir que, de esta forma, se conviertan en soporte de las decisiones de proyecto.<\/p>\n<p>&nbsp;<\/p>\n<ul>\n<li>Investigaci\u00f3n e incorporaci\u00f3n de tecnolog\u00edas emergentes relacionadas con el sector de la arquitectura y la construcci\u00f3n, que sean capaces de generar cambios importantes en el entorno construido.<\/li>\n<\/ul>\n<p>&nbsp;<\/p>\n<ul>\n<li>Ser conscientes de los nuevos procesos de generaci\u00f3n de formas y hacer expl\u00edcito, en este curso, el nuevo sentido de la l\u00f3gica digital como proceso de creaci\u00f3n. Todo a nuestro alrededor tiene un c\u00f3digo escrito en \u00e9l, que somos capaces de comprender as\u00ed como de generar uno nuevo. No estamos diciendo que la materializaci\u00f3n sea una consecuencia de la codificaci\u00f3n, pero s\u00ed buscamos que sea su estructura subyacente.<\/li>\n<\/ul>\n<p>&nbsp;<\/p>\n<ul>\n<li>La utilizaci\u00f3n de herramientas de fabricaci\u00f3n digital ser\u00e1 indispensable para el trabajo en modelos, prototipos e instalaciones.<\/li>\n<\/ul>\n<p><em>Instalaci\u00f3n Ef\u00edmera, curso 2017-18\u00a0 <\/em><\/p>\n<p><em>Descripci\u00f3n general del curso<\/em><\/p>\n<p>La tem\u00e1tica del curso se ubicar\u00e1 en la ciudad de Torrevieja y su entorno.<\/p>\n<p>El curso plantear\u00e1 actuaciones que girar\u00e1n en torno a la sal como elemento vertebrador del paisaje, as\u00ed como del entorno socioecon\u00f3mico e industrial y tecnol\u00f3gico.<\/p>\n<p>Tanto por la premisa que marca el tema de la sal como por las preocupaciones actuales de la arquitectura, los proyectos se mover\u00e1n en un espectro que va de lo social a lo tecnol\u00f3gico. Para ello se fijan unas orientaciones:<\/p>\n<ul>\n<li>Proyectos con perspectiva de Sistema<\/li>\n<li>Proceso de proyecto rico en datos<\/li>\n<li>Investigaci\u00f3n e incorporaci\u00f3n de tecnolog\u00edas emergentes.<\/li>\n<li>Procesos estructurados de generaci\u00f3n de formas<\/li>\n<li>Utilizaci\u00f3n de herramientas de fabricaci\u00f3n digital<\/li>\n<\/ul>\n<p>&nbsp;<\/p>\n<p>Los estudiantes proyectar\u00e1n una construcci\u00f3n peque\u00f1a asociada a alguna pre-existencia, bien de car\u00e1cter hist\u00f3rico o industrial. En primer lugar definir\u00e1n el sistema del cual formar\u00e1 parte el proyecto propuesto, en segundo lugar dar\u00e1n forma material al proyecto que incorporar\u00e1 alg\u00fan grado de innovaci\u00f3n tecnol\u00f3gica y, por \u00faltimo construir\u00e1n un prototipo de la parte m\u00e1s significativa del proyecto, a escala real, para ser instalado en alg\u00fan emplazamiento de la ciudad.<\/p>\n<p>&nbsp;<\/p>\n<p><em>Cronograma<\/em><\/p>\n<p><strong><em>1\u00a0\u00a0\u00a0\u00a0\u00a0\u00a0 SISTEMA<\/em><\/strong>\u00a0\u00a0\u00a0\u00a0\u00a0\u00a0\u00a0\u00a0\u00a0\u00a0 \u00a0\u00a0\u00a0\u00a0\u00a0\u00a0\u00a0\u00a0\u00a0\u00a0\u00a0\u00a0\u00a0\u00a0\u00a0\u00a0\u00a0\u00a0\u00a0\u00a0\u00a0\u00a0\u00a0\u00a0\u00a0\u00a0\u00a0\u00a0\u00a0\u00a0\u00a0\u00a0\u00a0\u00a0 <em>feberero<\/em><\/p>\n<p>Paisaje, Infraestructuras, Sociedad, Econom\u00eda, Patrimonio cultural y construido, Historia, Significados<\/p>\n<p>&nbsp;<\/p>\n<p><strong><em>2\u00a0\u00a0\u00a0\u00a0\u00a0\u00a0 DISE\u00d1O<\/em><\/strong><em>\u00a0\u00a0\u00a0\u00a0\u00a0\u00a0\u00a0\u00a0\u00a0\u00a0\u00a0\u00a0 \u00a0\u00a0\u00a0\u00a0\u00a0\u00a0\u00a0\u00a0\u00a0\u00a0\u00a0\u00a0\u00a0\u00a0\u00a0\u00a0\u00a0\u00a0\u00a0\u00a0\u00a0\u00a0\u00a0\u00a0\u00a0\u00a0\u00a0\u00a0\u00a0\u00a0\u00a0\u00a0\u00a0\u00a0 <\/em><em>marzo<\/em><\/p>\n<p>&nbsp;<\/p>\n<p><strong><em>3\u00a0\u00a0\u00a0\u00a0\u00a0\u00a0 PROTOTIPO \/ INSTALACI\u00d3N<\/em><\/strong><em>\u00a0\u00a0\u00a0\u00a0\u00a0\u00a0\u00a0\u00a0\u00a0\u00a0\u00a0\u00a0\u00a0 <\/em><em>abril\/mayo<\/em><\/p>\n","protected":false},"excerpt":{"rendered":"<p>+sal \u201cLa sal, un producto universal para los humanos, se extrae del mar donde innumerables refugiados han perdido la vida. Esta sustancia tambi\u00e9n se refiere a la creencia sostenida por africanos esclavizados de que si no com\u00edan sal, podr\u00edan volar de regreso a \u00c1frica.\u201d\u00a0\u00a0\u00a0\u00a0\u00a0\u00a0\u00a0\u00a0\u00a0\u00a0\u00a0\u00a0\u00a0\u00a0\u00a0 \u00a0\u00a0\u00a0\u00a0\u00a0\u00a0\u00a0 The Soul of Salt. Patricia Kaersenhout (Manifesta 12, Palermo 2018) [&hellip;]<\/p>\n","protected":false},"author":1037,"featured_media":0,"parent":0,"menu_order":0,"comment_status":"closed","ping_status":"closed","template":"","meta":{"footnotes":""},"class_list":["post-6670","page","type-page","status-publish","hentry"],"_links":{"self":[{"href":"https:\/\/blogs.ua.es\/proyectosarquitectonicos\/wp-json\/wp\/v2\/pages\/6670","targetHints":{"allow":["GET"]}}],"collection":[{"href":"https:\/\/blogs.ua.es\/proyectosarquitectonicos\/wp-json\/wp\/v2\/pages"}],"about":[{"href":"https:\/\/blogs.ua.es\/proyectosarquitectonicos\/wp-json\/wp\/v2\/types\/page"}],"author":[{"embeddable":true,"href":"https:\/\/blogs.ua.es\/proyectosarquitectonicos\/wp-json\/wp\/v2\/users\/1037"}],"replies":[{"embeddable":true,"href":"https:\/\/blogs.ua.es\/proyectosarquitectonicos\/wp-json\/wp\/v2\/comments?post=6670"}],"version-history":[{"count":3,"href":"https:\/\/blogs.ua.es\/proyectosarquitectonicos\/wp-json\/wp\/v2\/pages\/6670\/revisions"}],"predecessor-version":[{"id":6714,"href":"https:\/\/blogs.ua.es\/proyectosarquitectonicos\/wp-json\/wp\/v2\/pages\/6670\/revisions\/6714"}],"wp:attachment":[{"href":"https:\/\/blogs.ua.es\/proyectosarquitectonicos\/wp-json\/wp\/v2\/media?parent=6670"}],"curies":[{"name":"wp","href":"https:\/\/api.w.org\/{rel}","templated":true}]}}