{"id":6675,"date":"2018-07-09T16:21:55","date_gmt":"2018-07-09T14:21:55","guid":{"rendered":"https:\/\/blogs.ua.es\/proyectosarquitectonicos\/?page_id=6675"},"modified":"2019-03-06T09:51:58","modified_gmt":"2019-03-06T08:51:58","slug":"g1_-paco-leiva","status":"publish","type":"page","link":"https:\/\/blogs.ua.es\/proyectosarquitectonicos\/g1_-paco-leiva\/","title":{"rendered":"G1_ Francisco Leiva"},"content":{"rendered":"<p style=\"font-weight: 400\">El\u00a0curso\u00a0de P5 de 2019 pretende retomar el trabajo realizado por los alumnos de P6 (2018) sobre las galer\u00edas subterr\u00e1neas de la antigua refiner\u00eda La Brit\u00e1nica. (ver p\u00e1gina\u00a0<a href=\"https:\/\/paisajesdejuego.com\/\">https:\/\/paisajesdejuego.com<\/a>\u00a0)<\/p>\n<p style=\"font-weight: 400\">Se propone recuperar este singular espacio y abrirlo al p\u00fablico.<\/p>\n<p style=\"font-weight: 400\">Convertida en una cavernosa prolongaci\u00f3n del paseo mar\u00edtimo, esta monta\u00f1a balneario esta llamada a ser uno de los principales reclamos de la ciudad. Un\u00a0<a href=\"https:\/\/www.facebook.com\/Alacant-AfterSun-1563951013867323\/?ref=gs&amp;__tn__=%2CdK-R-R&amp;eid=ARDXSXeg_tpOkeiYcNdplgRXHk2oBh3pCYDJdJZ5qr1x80miVbNKZ1E6W88mlWET1KJiIcFTFLRBZEI4&amp;fref=gs&amp;dti=1966679633625064&amp;hc_location=group\">Alacant AfterSun<\/a>\u00a0que se recupera a la sombra para volver a ser el destino saludable que fue&#8230;<\/p>\n","protected":false},"excerpt":{"rendered":"<p>El\u00a0curso\u00a0de P5 de 2019 pretende retomar el trabajo realizado por los alumnos de P6 (2018) sobre las galer\u00edas subterr\u00e1neas de la antigua refiner\u00eda La Brit\u00e1nica. (ver p\u00e1gina\u00a0https:\/\/paisajesdejuego.com\u00a0) Se propone recuperar este singular espacio y abrirlo al p\u00fablico. Convertida en una cavernosa prolongaci\u00f3n del paseo mar\u00edtimo, esta monta\u00f1a balneario esta llamada a ser uno de los [&hellip;]<\/p>\n","protected":false},"author":1037,"featured_media":0,"parent":0,"menu_order":0,"comment_status":"closed","ping_status":"closed","template":"","meta":{"footnotes":""},"class_list":["post-6675","page","type-page","status-publish","hentry"],"_links":{"self":[{"href":"https:\/\/blogs.ua.es\/proyectosarquitectonicos\/wp-json\/wp\/v2\/pages\/6675","targetHints":{"allow":["GET"]}}],"collection":[{"href":"https:\/\/blogs.ua.es\/proyectosarquitectonicos\/wp-json\/wp\/v2\/pages"}],"about":[{"href":"https:\/\/blogs.ua.es\/proyectosarquitectonicos\/wp-json\/wp\/v2\/types\/page"}],"author":[{"embeddable":true,"href":"https:\/\/blogs.ua.es\/proyectosarquitectonicos\/wp-json\/wp\/v2\/users\/1037"}],"replies":[{"embeddable":true,"href":"https:\/\/blogs.ua.es\/proyectosarquitectonicos\/wp-json\/wp\/v2\/comments?post=6675"}],"version-history":[{"count":4,"href":"https:\/\/blogs.ua.es\/proyectosarquitectonicos\/wp-json\/wp\/v2\/pages\/6675\/revisions"}],"predecessor-version":[{"id":6866,"href":"https:\/\/blogs.ua.es\/proyectosarquitectonicos\/wp-json\/wp\/v2\/pages\/6675\/revisions\/6866"}],"wp:attachment":[{"href":"https:\/\/blogs.ua.es\/proyectosarquitectonicos\/wp-json\/wp\/v2\/media?parent=6675"}],"curies":[{"name":"wp","href":"https:\/\/api.w.org\/{rel}","templated":true}]}}