{"id":6677,"date":"2018-07-09T16:22:11","date_gmt":"2018-07-09T14:22:11","guid":{"rendered":"https:\/\/blogs.ua.es\/proyectosarquitectonicos\/?page_id=6677"},"modified":"2019-03-06T10:08:00","modified_gmt":"2019-03-06T09:08:00","slug":"g2_-andres-silanes","status":"publish","type":"page","link":"https:\/\/blogs.ua.es\/proyectosarquitectonicos\/g2_-andres-silanes\/","title":{"rendered":"G2_ Andr\u00e9s Silanes"},"content":{"rendered":"<p><img loading=\"lazy\" decoding=\"async\" class=\"aligncenter wp-image-6868\" src=\"https:\/\/blogs.ua.es\/proyectosarquitectonicos\/files\/2019\/03\/Imagen-Portada.jpg\" alt=\"\" width=\"550\" height=\"707\" srcset=\"https:\/\/blogs.ua.es\/proyectosarquitectonicos\/files\/2019\/03\/Imagen-Portada.jpg 669w, https:\/\/blogs.ua.es\/proyectosarquitectonicos\/files\/2019\/03\/Imagen-Portada-233x300.jpg 233w, https:\/\/blogs.ua.es\/proyectosarquitectonicos\/files\/2019\/03\/Imagen-Portada-117x150.jpg 117w, https:\/\/blogs.ua.es\/proyectosarquitectonicos\/files\/2019\/03\/Imagen-Portada-400x514.jpg 400w\" sizes=\"auto, (max-width: 550px) 100vw, 550px\" \/><\/p>\n<p><strong>Proyectos 5 \/ 2\u00aa Residencia V <\/strong>\/ Documentaci\u00f3n, Postproducci\u00f3n y Ficci\u00f3n.<\/p>\n<p>1968-2068. El curso se desarrolla en el espacio de tensi\u00f3n entre la realidad m\u00e1s pr\u00f3xima y su enorme potencial de derivar en diferentes escenarios. Entre todos los estudiantes se genera una investigaci\u00f3n colectiva plural, multifocal, cuyo \u00e1mbito de trabajo son diversos edificios tur\u00edsticos de toda la `Costa Blanca\u00b4: Pilar de la Horadada, Torrevieja, Guardamar, Santa Pola, Alicante, San Juan, Campello, Villajoyosa, Benidorm, Altea, Calpe, Moraira, Javea y Denia.<\/p>\n<p>Los alumnos trabajar\u00e1n en pareja sobre un edificio de arquitectura tur\u00edstica de la Costa Blanca, investigando sobre su pasado, documentando su estado actual y proponiendo escenarios de futuro.<\/p>\n<p>El trabajo se divide en 3 fases que se desarrollan en 3 \u00e1mbitos temporales distintos:<\/p>\n<p>Documentaci\u00f3n&gt; Reconstrucci\u00f3n del relato de los \u00faltimos 50 a\u00f1os. Tanto en primera persona mediante nuestra experiencia inteligente de la realidad actual, como mediante la recopilaci\u00f3n de planos originales, fotograf\u00edas de \u00e9poca, cat\u00e1logos.<\/p>\n<p>Postproducci\u00f3n&gt; La ciudad se construye sobre la ciudad, habitamos el sustrato de la ciudad futura. Durante el proceso de proyecto se desarrollan escenarios alternativos, que desencadenar\u00e1n transformaciones de los edificios existentes. Una \u201crenderizaci\u00f3n\u201d de escenarios de futuro cuyo valor no reside en lo que consiguen fijar, sino en su capacidad de abrir nuevas posibilidades.<\/p>\n<p>Ficci\u00f3n&gt; El trabajo no termina con la propuesta material, no s\u00f3lo se formaliza la propuesta, sino que se pone en funcionamiento y se debaten sus consecuencias. La arquitectura emerge como manera a trav\u00e9s de la cual repensar todos los temas, de los m\u00e1s pol\u00edticos a m\u00e1s los m\u00e1s pr\u00e1cticos.<\/p>\n<p><a href=\"http:\/\/www.segundaresidencia.tumblr.com\/\"><strong>www.segundaresidencia.tumblr.com<\/strong><\/a><\/p>\n","protected":false},"excerpt":{"rendered":"<p>Proyectos 5 \/ 2\u00aa Residencia V \/ Documentaci\u00f3n, Postproducci\u00f3n y Ficci\u00f3n. 1968-2068. El curso se desarrolla en el espacio de tensi\u00f3n entre la realidad m\u00e1s pr\u00f3xima y su enorme potencial de derivar en diferentes escenarios. Entre todos los estudiantes se genera una investigaci\u00f3n colectiva plural, multifocal, cuyo \u00e1mbito de trabajo son diversos edificios tur\u00edsticos de [&hellip;]<\/p>\n","protected":false},"author":1037,"featured_media":0,"parent":0,"menu_order":0,"comment_status":"closed","ping_status":"closed","template":"","meta":{"footnotes":""},"class_list":["post-6677","page","type-page","status-publish","hentry"],"_links":{"self":[{"href":"https:\/\/blogs.ua.es\/proyectosarquitectonicos\/wp-json\/wp\/v2\/pages\/6677","targetHints":{"allow":["GET"]}}],"collection":[{"href":"https:\/\/blogs.ua.es\/proyectosarquitectonicos\/wp-json\/wp\/v2\/pages"}],"about":[{"href":"https:\/\/blogs.ua.es\/proyectosarquitectonicos\/wp-json\/wp\/v2\/types\/page"}],"author":[{"embeddable":true,"href":"https:\/\/blogs.ua.es\/proyectosarquitectonicos\/wp-json\/wp\/v2\/users\/1037"}],"replies":[{"embeddable":true,"href":"https:\/\/blogs.ua.es\/proyectosarquitectonicos\/wp-json\/wp\/v2\/comments?post=6677"}],"version-history":[{"count":3,"href":"https:\/\/blogs.ua.es\/proyectosarquitectonicos\/wp-json\/wp\/v2\/pages\/6677\/revisions"}],"predecessor-version":[{"id":6869,"href":"https:\/\/blogs.ua.es\/proyectosarquitectonicos\/wp-json\/wp\/v2\/pages\/6677\/revisions\/6869"}],"wp:attachment":[{"href":"https:\/\/blogs.ua.es\/proyectosarquitectonicos\/wp-json\/wp\/v2\/media?parent=6677"}],"curies":[{"name":"wp","href":"https:\/\/api.w.org\/{rel}","templated":true}]}}