{"id":6684,"date":"2018-07-09T16:23:46","date_gmt":"2018-07-09T14:23:46","guid":{"rendered":"https:\/\/blogs.ua.es\/proyectosarquitectonicos\/?page_id=6684"},"modified":"2019-03-06T09:40:35","modified_gmt":"2019-03-06T08:40:35","slug":"g1_-antonio-abellan","status":"publish","type":"page","link":"https:\/\/blogs.ua.es\/proyectosarquitectonicos\/g1_-antonio-abellan\/","title":{"rendered":"G1_ Antonio Abell\u00e1n"},"content":{"rendered":"<p><strong>Arquiralezas 2<\/strong><br \/>\n<strong><em>Para un Valpara\u00edso dist\u00f3pico, hechizo y off-the-grid<br \/>\n<\/em><\/strong>En colaboraci\u00f3n con los profesores Jos\u00e9 Llano y Ver\u00f3nica Franc\u00e9s (Universidad Andr\u00e9s Bello de Chile)<\/p>\n<p>En colaboraci\u00f3n con estudiantes de arquitectura de la Universidad Andr\u00e9s Bello de Chile, los alumnos de este taller dise\u00f1ar\u00e1n micro-intervenciones interconectadas para la reconstrucci\u00f3n de un cerro de la ciudad de Valpara\u00edso entendido como unidad-sistema de territorio replicable para la renovaci\u00f3n completa de dicha ciudad.<\/p>\n<p>Estos dise\u00f1os se apoyar\u00e1n en estudios y trabajos previos realizados o recopilados por la universidad chilena colaboradora sobre asuntos como el ciclo del agua en el espacio p\u00fablico y dom\u00e9stico; las tipolog\u00edas espacio-constructivos \u2013habitacionales de los cerros y las escaleras, fondos de quebrada y otros espacios p\u00fablicos de los cerros de Valpara\u00edso.<\/p>\n<p>Los dise\u00f1os tratar\u00e1n de enfocar\u00e1n cada intervenci\u00f3n como una <em>arquiraleza<\/em>, entendida como aqu\u00e9l producto o servicio arquitect\u00f3nico que favorece el acoplamiento de las acciones humanas a procesos naturales de diferente \u00edndole y dimensi\u00f3n frecuentemente invisibilizados o excluidos en la pr\u00e1ctica de nuestra disciplina.<\/p>\n","protected":false},"excerpt":{"rendered":"<p>Arquiralezas 2 Para un Valpara\u00edso dist\u00f3pico, hechizo y off-the-grid En colaboraci\u00f3n con los profesores Jos\u00e9 Llano y Ver\u00f3nica Franc\u00e9s (Universidad Andr\u00e9s Bello de Chile) En colaboraci\u00f3n con estudiantes de arquitectura de la Universidad Andr\u00e9s Bello de Chile, los alumnos de este taller dise\u00f1ar\u00e1n micro-intervenciones interconectadas para la reconstrucci\u00f3n de un cerro de la ciudad de [&hellip;]<\/p>\n","protected":false},"author":1037,"featured_media":0,"parent":0,"menu_order":0,"comment_status":"closed","ping_status":"closed","template":"","meta":{"footnotes":""},"class_list":["post-6684","page","type-page","status-publish","hentry"],"_links":{"self":[{"href":"https:\/\/blogs.ua.es\/proyectosarquitectonicos\/wp-json\/wp\/v2\/pages\/6684","targetHints":{"allow":["GET"]}}],"collection":[{"href":"https:\/\/blogs.ua.es\/proyectosarquitectonicos\/wp-json\/wp\/v2\/pages"}],"about":[{"href":"https:\/\/blogs.ua.es\/proyectosarquitectonicos\/wp-json\/wp\/v2\/types\/page"}],"author":[{"embeddable":true,"href":"https:\/\/blogs.ua.es\/proyectosarquitectonicos\/wp-json\/wp\/v2\/users\/1037"}],"replies":[{"embeddable":true,"href":"https:\/\/blogs.ua.es\/proyectosarquitectonicos\/wp-json\/wp\/v2\/comments?post=6684"}],"version-history":[{"count":2,"href":"https:\/\/blogs.ua.es\/proyectosarquitectonicos\/wp-json\/wp\/v2\/pages\/6684\/revisions"}],"predecessor-version":[{"id":6864,"href":"https:\/\/blogs.ua.es\/proyectosarquitectonicos\/wp-json\/wp\/v2\/pages\/6684\/revisions\/6864"}],"wp:attachment":[{"href":"https:\/\/blogs.ua.es\/proyectosarquitectonicos\/wp-json\/wp\/v2\/media?parent=6684"}],"curies":[{"name":"wp","href":"https:\/\/api.w.org\/{rel}","templated":true}]}}