{"id":6952,"date":"2019-07-01T19:12:00","date_gmt":"2019-07-01T17:12:00","guid":{"rendered":"https:\/\/blogs.ua.es\/proyectosarquitectonicos\/?page_id=6952"},"modified":"2019-09-19T18:42:25","modified_gmt":"2019-09-19T16:42:25","slug":"g1-jc-castro","status":"publish","type":"page","link":"https:\/\/blogs.ua.es\/proyectosarquitectonicos\/g1-jc-castro\/","title":{"rendered":"G1. JC Castro"},"content":{"rendered":"<p><img loading=\"lazy\" decoding=\"async\" class=\"aligncenter wp-image-7093\" src=\"https:\/\/blogs.ua.es\/proyectosarquitectonicos\/files\/2019\/09\/porta4.jpg\" alt=\"\" width=\"550\" height=\"597\" srcset=\"https:\/\/blogs.ua.es\/proyectosarquitectonicos\/files\/2019\/09\/porta4.jpg 480w, https:\/\/blogs.ua.es\/proyectosarquitectonicos\/files\/2019\/09\/porta4-276x300.jpg 276w, https:\/\/blogs.ua.es\/proyectosarquitectonicos\/files\/2019\/09\/porta4-138x150.jpg 138w, https:\/\/blogs.ua.es\/proyectosarquitectonicos\/files\/2019\/09\/porta4-400x434.jpg 400w\" sizes=\"auto, (max-width: 550px) 100vw, 550px\" \/><\/p>\n<h3 style=\"text-align: center\">Delegaci\u00f3n de Arquitectura Diplom\u00e1tica<\/h3>\n<h5 style=\"text-align: center\"><strong>Introducci\u00f3n<\/strong><\/h5>\n<p>El Mediterr\u00e1neo es uno de los mares interiores del Oc\u00e9ano Atl\u00e1ntico, y uno de los m\u00e1s grandes del mundo con 2.5millones de m2 y casi 4.000km de longitud, en el que confluyen 3 continentes: Europa, \u00c1frica y Asia.<\/p>\n<p>Desde esa condici\u00f3n territorial, el mar Mediterr\u00e1neo es un agente que influencia y define pol\u00edtica, cultural y climatol\u00f3gicamente una amplia e importante zona del planeta. El Mediterr\u00e1neo ha sido cuna de civilizaciones, pilar del desarrollo del continente m\u00e1s estable del planeta, Europa, y de sectores econ\u00f3micos tan importantes para la econom\u00eda mundial como el turismo. Cultura, clima, econom\u00eda y bienestar podr\u00edan ser algunas de las principales categor\u00edas que definir\u00edan casi todos los pa\u00edses conocidos como mediterr\u00e1neos por tener alguna de sus costas en este \u201cafortunado\u201d rinc\u00f3n de la Tierra.<\/p>\n<p>Sin embargo, a pesar de la importancia cultural, pol\u00edtica y econ\u00f3mica y el valor ecol\u00f3gico de este territorio, es el mar con la mayor tasa de hidrocarburos y contaminaci\u00f3n del planeta. Una situaci\u00f3n cr\u00edtica medioambientalmente hablando, a la que hay que sumar el drama social y humano de los cientos de personas que mueren diariamente en \u00e9l consecuencia de los desplazamientos migratorios desencadenados por los conflictos b\u00e9licos y hambrunas de Oriente Medio y \u00c1frica.<\/p>\n<p>Se trata pues de un mar que no es s\u00f3lo una inmensa masa de agua que da vida a un gran ecosistema marino, por el que surcan infinidad de embarcaciones y del que disfrutan una cantidad ingente de turistas, sino de un inmenso territorio a explorar y restituir.<\/p>\n<h5 style=\"text-align: center\"><strong>Programa<\/strong><\/h5>\n<p>El Mar Mediterr\u00e1neo, se encuentra en una situaci\u00f3n cr\u00edtica, especialmente desde un punto de vista medioambiental. Dada la importancia geoestrat\u00e9gica, cultura y climatol\u00f3gica que tiene tanto para el planeta, como para los humanos que convivimos y formamos parte de este amplio territorio, este programa de curso se va a centrar en el desarrollo de dispositivos, artefactos y pr\u00f3tesis arquitect\u00f3nicas, que recojan datos e informaci\u00f3n de este mar.<\/p>\n<p>Se trata de definir, dise\u00f1ar y construir una suerte de dispositivos, a modo de captadores, observadores y de alguna manera interfaces que permitan a los humanos o\u00edr, ver y sentir el mar Mediterr\u00e1neo desde sus partes m\u00e1s profundas, sensibles y delicadas. Como si de un fonendoscopio m\u00e9dico se tratara, consiste en construir interfaces que permitan recoger datos, muestras, informaci\u00f3n muy precisa en cualquier formato: ac\u00fastico, visual, digital, \u2026, con el objetivo de entender mejor las problem\u00e1ticas, patolog\u00edas y singularidades de lo m\u00e1s profundo de este mar. Estos artefactos, constituir\u00e1n as\u00ed una delegaci\u00f3n de arquitectura diplom\u00e1tica cuyo fin \u00faltimo es el de entender un ecosistema muy complejo como es el mar Mediterr\u00e1neo y todos los agentes que lo conforman, con el objetivo de iniciar un di\u00e1logo y con ello una mediaci\u00f3n que promueva y busque salidas a esa crisis en la que est\u00e1 sumergida el Mediterr\u00e1neo.<\/p>\n<p>En definitiva, el objetivo \u00faltimo, ser\u00eda el de iniciar la construcci\u00f3n de la infraestructura necesaria para conformar un Parlamento con un entorno complejo como es el ecosistema del mar Mediterr\u00e1neo.<\/p>\n<h5 style=\"text-align: center\"><strong>Metodolog\u00eda<\/strong><\/h5>\n<p>El curso desarrollar\u00e1 y pondr\u00e1 en pr\u00e1ctica una metodolog\u00eda de trabajo basada en 4 ejes:<\/p>\n<ul>\n<li>BASE DE DATOS: Construcci\u00f3n de una base de datos colectiva a modo de repositorio digital \u00fanico, colaborativo y compartido.<\/li>\n<li>CONSTRUCCI\u00d3N DE PROTOTIPOS: Fabricaci\u00f3n y construcci\u00f3n de prototipos de los artefactos a escala real.<\/li>\n<li>DOCUMENTACI\u00d3N GR\u00c1FICA: Producci\u00f3n de la documentaci\u00f3n t\u00e9cnica necesaria para la ejecuci\u00f3n de los prototipos: modelado, planos de corte, planos de ejecuci\u00f3n, detalles de nudos, uniones, solapes, etc.<\/li>\n<li>DOCUMENTACI\u00d3N AUDIOVISUAL: Producci\u00f3n y elaboraci\u00f3n de un documental que recoja la experiencia y resultados del curso, a modo de narrativa visual y memoria final del proyecto.<\/li>\n<\/ul>\n<h5 style=\"text-align: center\"><strong>Objeto de estudio<\/strong><\/h5>\n<p>Este curso centrar\u00e1 su atenci\u00f3n en diferentes categor\u00edas que ser\u00e1n resultado de la investigaci\u00f3n colectiva y compartida de la primera Fase. Los principales temas sobre los que centrar la atenci\u00f3n pueden ser:<\/p>\n<ul>\n<li>Animalario, cat\u00e1logo de artefactos realizados: telescopios, meg\u00e1fonos, periscopios, aud\u00edfonos, radares, \u2026<\/li>\n<li>Geograf\u00eda del fondo marino<\/li>\n<li>Geograf\u00eda de costa<\/li>\n<li>Ecosistemas marinos naturales<\/li>\n<li>Ecosistema a\u00e9reo<\/li>\n<li>Contaminaci\u00f3n y erosi\u00f3n<\/li>\n<\/ul>\n<h5 style=\"text-align: center\"><strong>Estructura y Calendario<\/strong><\/h5>\n<p>FASE1. Base de datos. Desarrollo grupal.<br \/>\nArqueolog\u00eda de datos, visualizaci\u00f3n y documentaci\u00f3n.<\/p>\n<p>FASE2. Producci\u00f3n. Desarrollo Grupal<br \/>\nDesarrollo y construcci\u00f3n de prototipos a escala real. Exhibici\u00f3n y muestra de los prototipos en un entorno de costa (playa) a determinar.<\/p>\n<p>FASE3. Edici\u00f3n Final. Desarrollo individual.<br \/>\nEdici\u00f3n final. Descripci\u00f3n gr\u00e1fica y audiovisual. Entrega dosier final (A3) y Documental.<\/p>\n<h5 style=\"text-align: center\"><strong>Evaluaci\u00f3n<\/strong><\/h5>\n<ul>\n<li>Entrega de todos los ejercicios propuestos en tiempo y forma<\/li>\n<li>Cumplimiento de los objetivos enunciados en cada ejercicio<\/li>\n<li>Cumplimiento de los objetivos generales del curso recogidos en la gu\u00eda docente.<\/li>\n<\/ul>\n","protected":false},"excerpt":{"rendered":"<p>Delegaci\u00f3n de Arquitectura Diplom\u00e1tica Introducci\u00f3n El Mediterr\u00e1neo es uno de los mares interiores del Oc\u00e9ano Atl\u00e1ntico, y uno de los m\u00e1s grandes del mundo con 2.5millones de m2 y casi 4.000km de longitud, en el que confluyen 3 continentes: Europa, \u00c1frica y Asia. Desde esa condici\u00f3n territorial, el mar Mediterr\u00e1neo es un agente que influencia [&hellip;]<\/p>\n","protected":false},"author":1037,"featured_media":0,"parent":0,"menu_order":0,"comment_status":"closed","ping_status":"closed","template":"","meta":{"footnotes":""},"class_list":["post-6952","page","type-page","status-publish","hentry"],"_links":{"self":[{"href":"https:\/\/blogs.ua.es\/proyectosarquitectonicos\/wp-json\/wp\/v2\/pages\/6952","targetHints":{"allow":["GET"]}}],"collection":[{"href":"https:\/\/blogs.ua.es\/proyectosarquitectonicos\/wp-json\/wp\/v2\/pages"}],"about":[{"href":"https:\/\/blogs.ua.es\/proyectosarquitectonicos\/wp-json\/wp\/v2\/types\/page"}],"author":[{"embeddable":true,"href":"https:\/\/blogs.ua.es\/proyectosarquitectonicos\/wp-json\/wp\/v2\/users\/1037"}],"replies":[{"embeddable":true,"href":"https:\/\/blogs.ua.es\/proyectosarquitectonicos\/wp-json\/wp\/v2\/comments?post=6952"}],"version-history":[{"count":7,"href":"https:\/\/blogs.ua.es\/proyectosarquitectonicos\/wp-json\/wp\/v2\/pages\/6952\/revisions"}],"predecessor-version":[{"id":7116,"href":"https:\/\/blogs.ua.es\/proyectosarquitectonicos\/wp-json\/wp\/v2\/pages\/6952\/revisions\/7116"}],"wp:attachment":[{"href":"https:\/\/blogs.ua.es\/proyectosarquitectonicos\/wp-json\/wp\/v2\/media?parent=6952"}],"curies":[{"name":"wp","href":"https:\/\/api.w.org\/{rel}","templated":true}]}}