{"id":6960,"date":"2019-07-01T19:13:11","date_gmt":"2019-07-01T17:13:11","guid":{"rendered":"https:\/\/blogs.ua.es\/proyectosarquitectonicos\/?page_id=6960"},"modified":"2019-07-04T18:24:57","modified_gmt":"2019-07-04T16:24:57","slug":"g3-j-alvado-tarde-taller-vertical","status":"publish","type":"page","link":"https:\/\/blogs.ua.es\/proyectosarquitectonicos\/g3-j-alvado-tarde-taller-vertical\/","title":{"rendered":"G3. J. Alvado (tarde. taller vertical)"},"content":{"rendered":"<p><img loading=\"lazy\" decoding=\"async\" class=\"aligncenter wp-image-7044\" src=\"https:\/\/blogs.ua.es\/proyectosarquitectonicos\/files\/2019\/07\/unnamed-1-1024x868.jpg\" alt=\"\" width=\"550\" height=\"466\" srcset=\"https:\/\/blogs.ua.es\/proyectosarquitectonicos\/files\/2019\/07\/unnamed-1-1024x868.jpg 1024w, https:\/\/blogs.ua.es\/proyectosarquitectonicos\/files\/2019\/07\/unnamed-1-300x254.jpg 300w, https:\/\/blogs.ua.es\/proyectosarquitectonicos\/files\/2019\/07\/unnamed-1-768x651.jpg 768w, https:\/\/blogs.ua.es\/proyectosarquitectonicos\/files\/2019\/07\/unnamed-1-150x127.jpg 150w, https:\/\/blogs.ua.es\/proyectosarquitectonicos\/files\/2019\/07\/unnamed-1-400x339.jpg 400w, https:\/\/blogs.ua.es\/proyectosarquitectonicos\/files\/2019\/07\/unnamed-1.jpg 2000w\" sizes=\"auto, (max-width: 550px) 100vw, 550px\" \/><\/p>\n<h2>The ThinkBelt<\/h2>\n<p>Este a\u00f1o hemos organizado un taller vertical que viaja a lo desconocido: a lugares que<br \/>\nhan despertado en cada uno de nosotros la necesidad de aprender de lo local, su<br \/>\ntecnolog\u00eda, cultura y sociedad; Consolidando v\u00ednculos de especializaci\u00f3n. Tambi\u00e9n es una<br \/>\nexperiencia para empatizar la arquitectura como un estudio comparativo, aprender como viaje, viajar como experiencia.<\/p>\n<p>&nbsp;<\/p>\n<p>Discutiremos e iremos con nuestras propuestas y dise\u00f1os en nuestros viajes en tranv\u00eda a lo largo de la costa del Mar Mediterr\u00e1neo, redefiniendo los l\u00edmites de la arquitectura trabajando con lo desconocido como una forma de construir una investigaci\u00f3n.<\/p>\n<p>&nbsp;<\/p>\n<p>Dise\u00f1ar en movimiento, reconocimiento de un modo el\u00e1stico de obtener conocimiento y experiencias. Entender el espacio contempor\u00e1neo de acci\u00f3n.<\/p>\n<p>Despu\u00e9s del \u00e9xito del curso internacional del a\u00f1o pasado, hemos organizado nuevamente un taller vertical que viaja con la l\u00ednea del TRAM.<\/p>\n<p>&nbsp;<\/p>\n<p>Trabajaremos en paralelo con el taller internacional, realizando exposiciones, conferencias y encuentros con el alumnado internacional sobre los trabajos presentados<\/p>\n<p>&nbsp;<\/p>\n<p>Profesor: Joaqu\u00edn Alvado Ba\u00f1\u00f3n<\/p>\n","protected":false},"excerpt":{"rendered":"<p>The ThinkBelt Este a\u00f1o hemos organizado un taller vertical que viaja a lo desconocido: a lugares que han despertado en cada uno de nosotros la necesidad de aprender de lo local, su tecnolog\u00eda, cultura y sociedad; Consolidando v\u00ednculos de especializaci\u00f3n. Tambi\u00e9n es una experiencia para empatizar la arquitectura como un estudio comparativo, aprender como viaje, [&hellip;]<\/p>\n","protected":false},"author":1037,"featured_media":0,"parent":0,"menu_order":0,"comment_status":"closed","ping_status":"closed","template":"","meta":{"footnotes":""},"class_list":["post-6960","page","type-page","status-publish","hentry"],"_links":{"self":[{"href":"https:\/\/blogs.ua.es\/proyectosarquitectonicos\/wp-json\/wp\/v2\/pages\/6960","targetHints":{"allow":["GET"]}}],"collection":[{"href":"https:\/\/blogs.ua.es\/proyectosarquitectonicos\/wp-json\/wp\/v2\/pages"}],"about":[{"href":"https:\/\/blogs.ua.es\/proyectosarquitectonicos\/wp-json\/wp\/v2\/types\/page"}],"author":[{"embeddable":true,"href":"https:\/\/blogs.ua.es\/proyectosarquitectonicos\/wp-json\/wp\/v2\/users\/1037"}],"replies":[{"embeddable":true,"href":"https:\/\/blogs.ua.es\/proyectosarquitectonicos\/wp-json\/wp\/v2\/comments?post=6960"}],"version-history":[{"count":4,"href":"https:\/\/blogs.ua.es\/proyectosarquitectonicos\/wp-json\/wp\/v2\/pages\/6960\/revisions"}],"predecessor-version":[{"id":7049,"href":"https:\/\/blogs.ua.es\/proyectosarquitectonicos\/wp-json\/wp\/v2\/pages\/6960\/revisions\/7049"}],"wp:attachment":[{"href":"https:\/\/blogs.ua.es\/proyectosarquitectonicos\/wp-json\/wp\/v2\/media?parent=6960"}],"curies":[{"name":"wp","href":"https:\/\/api.w.org\/{rel}","templated":true}]}}