{"id":6993,"date":"2019-07-01T19:19:13","date_gmt":"2019-07-01T17:19:13","guid":{"rendered":"https:\/\/blogs.ua.es\/proyectosarquitectonicos\/?page_id=6993"},"modified":"2019-07-04T18:24:38","modified_gmt":"2019-07-04T16:24:38","slug":"g3-j-alvado-manana-ingles","status":"publish","type":"page","link":"https:\/\/blogs.ua.es\/proyectosarquitectonicos\/g3-j-alvado-manana-ingles\/","title":{"rendered":"G3. J. Alvado (ma\u00f1ana ingl\u00e9s)"},"content":{"rendered":"<h2><img loading=\"lazy\" decoding=\"async\" class=\"aligncenter wp-image-7044\" src=\"https:\/\/blogs.ua.es\/proyectosarquitectonicos\/files\/2019\/07\/unnamed-1-1024x868.jpg\" alt=\"\" width=\"550\" height=\"466\" srcset=\"https:\/\/blogs.ua.es\/proyectosarquitectonicos\/files\/2019\/07\/unnamed-1-1024x868.jpg 1024w, https:\/\/blogs.ua.es\/proyectosarquitectonicos\/files\/2019\/07\/unnamed-1-300x254.jpg 300w, https:\/\/blogs.ua.es\/proyectosarquitectonicos\/files\/2019\/07\/unnamed-1-768x651.jpg 768w, https:\/\/blogs.ua.es\/proyectosarquitectonicos\/files\/2019\/07\/unnamed-1-150x127.jpg 150w, https:\/\/blogs.ua.es\/proyectosarquitectonicos\/files\/2019\/07\/unnamed-1-400x339.jpg 400w, https:\/\/blogs.ua.es\/proyectosarquitectonicos\/files\/2019\/07\/unnamed-1.jpg 2000w\" sizes=\"auto, (max-width: 550px) 100vw, 550px\" \/><\/h2>\n<h2>The ThinkBelt<\/h2>\n<p><span style=\"font-weight: 400\">Many changes have been in the architecture profession since <\/span><b><i>Journey to the East <\/i><\/b><span style=\"font-weight: 400\">was written: A diary of Le Corbusier&#8217;s trip in 1911. This book is a collection of visual notations, or impressions perceived by Le Corbusier as a visitor to a number of cities in Southeast Europe. Later, the acquired disciplinary knowledge acted as an inspiration for his architecture. After the success last year, we have organized again an integrated course travelling to the <\/span><i><span style=\"font-weight: 400\">unknown<\/span><\/i><span style=\"font-weight: 400\">: to places that have awakened in each of us a need to learn from the local, its technology, culture and society; consolidating links of specialisation. It is also an experience to empathize Architecture as a Comparative Study, <\/span><b><i>learning as a trip<\/i><\/b><span style=\"font-weight: 400\">, a journey as an experience. We will discuss and go with our proposals and designs in our trips by Tram along the coast of the Mediterranean Sea, redefining the limits of architecture by working with the <\/span><b>unknown <\/b><span style=\"font-weight: 400\">as a way to build up a research<\/span><b>.\u00a0<\/b><\/p>\n<p><span style=\"font-weight: 400\">Professors: Joaqu\u00edn Alvado Ba\u00f1\u00f3n Javier S\u00e1nchez Merina <\/span><\/p>\n","protected":false},"excerpt":{"rendered":"<p>The ThinkBelt Many changes have been in the architecture profession since Journey to the East was written: A diary of Le Corbusier&#8217;s trip in 1911. This book is a collection of visual notations, or impressions perceived by Le Corbusier as a visitor to a number of cities in Southeast Europe. Later, the acquired disciplinary knowledge [&hellip;]<\/p>\n","protected":false},"author":1037,"featured_media":0,"parent":0,"menu_order":0,"comment_status":"closed","ping_status":"closed","template":"","meta":{"footnotes":""},"class_list":["post-6993","page","type-page","status-publish","hentry"],"_links":{"self":[{"href":"https:\/\/blogs.ua.es\/proyectosarquitectonicos\/wp-json\/wp\/v2\/pages\/6993","targetHints":{"allow":["GET"]}}],"collection":[{"href":"https:\/\/blogs.ua.es\/proyectosarquitectonicos\/wp-json\/wp\/v2\/pages"}],"about":[{"href":"https:\/\/blogs.ua.es\/proyectosarquitectonicos\/wp-json\/wp\/v2\/types\/page"}],"author":[{"embeddable":true,"href":"https:\/\/blogs.ua.es\/proyectosarquitectonicos\/wp-json\/wp\/v2\/users\/1037"}],"replies":[{"embeddable":true,"href":"https:\/\/blogs.ua.es\/proyectosarquitectonicos\/wp-json\/wp\/v2\/comments?post=6993"}],"version-history":[{"count":4,"href":"https:\/\/blogs.ua.es\/proyectosarquitectonicos\/wp-json\/wp\/v2\/pages\/6993\/revisions"}],"predecessor-version":[{"id":7048,"href":"https:\/\/blogs.ua.es\/proyectosarquitectonicos\/wp-json\/wp\/v2\/pages\/6993\/revisions\/7048"}],"wp:attachment":[{"href":"https:\/\/blogs.ua.es\/proyectosarquitectonicos\/wp-json\/wp\/v2\/media?parent=6993"}],"curies":[{"name":"wp","href":"https:\/\/api.w.org\/{rel}","templated":true}]}}