{"id":7004,"date":"2019-07-01T19:28:42","date_gmt":"2019-07-01T17:28:42","guid":{"rendered":"https:\/\/blogs.ua.es\/proyectosarquitectonicos\/?page_id=7004"},"modified":"2019-07-01T19:43:41","modified_gmt":"2019-07-01T17:43:41","slug":"g1-j-pena","status":"publish","type":"page","link":"https:\/\/blogs.ua.es\/proyectosarquitectonicos\/g1-j-pena\/","title":{"rendered":"G1. J. Pe\u00f1a"},"content":{"rendered":"<p><img loading=\"lazy\" decoding=\"async\" class=\"aligncenter wp-image-6870\" src=\"https:\/\/blogs.ua.es\/proyectosarquitectonicos\/files\/2019\/03\/campo-de-batalla-_-proyectos-7-1024x725.jpg\" alt=\"\" width=\"550\" height=\"389\" srcset=\"https:\/\/blogs.ua.es\/proyectosarquitectonicos\/files\/2019\/03\/campo-de-batalla-_-proyectos-7-1024x725.jpg 1024w, https:\/\/blogs.ua.es\/proyectosarquitectonicos\/files\/2019\/03\/campo-de-batalla-_-proyectos-7-300x212.jpg 300w, https:\/\/blogs.ua.es\/proyectosarquitectonicos\/files\/2019\/03\/campo-de-batalla-_-proyectos-7-768x544.jpg 768w, https:\/\/blogs.ua.es\/proyectosarquitectonicos\/files\/2019\/03\/campo-de-batalla-_-proyectos-7-150x106.jpg 150w, https:\/\/blogs.ua.es\/proyectosarquitectonicos\/files\/2019\/03\/campo-de-batalla-_-proyectos-7-400x283.jpg 400w, https:\/\/blogs.ua.es\/proyectosarquitectonicos\/files\/2019\/03\/campo-de-batalla-_-proyectos-7.jpg 1404w\" sizes=\"auto, (max-width: 550px) 100vw, 550px\" \/><\/p>\n<p><strong>PROYECTOS 7_2020 _Javier Pe\u00f1a<\/strong><\/p>\n<p>INFRAESTRUCTURAS METAB\u00d3LICAS<\/p>\n<p>Durante este\u00a0curso se tratar\u00e1 de continuar un aprendizaje iniciado los dos anteriores cursos 2017\/19 para la generaci\u00f3n de nuevos dispositivos espaciales, reconociendo los procesos de creaci\u00f3n \/ destrucci\u00f3n de energ\u00eda y materia que transforma construcciones existentes.<\/p>\n<p>Tambi\u00e9n se trata de reconocer la relaci\u00f3n a-escalar existente entre estos procesos\u00a0metab\u00f3licos (anab\u00f3licos y catab\u00f3licos)\u00a0 con el cuerpo humano y la geograf\u00eda.<\/p>\n<p>Para ello\u00a0se plantea el calentamiento global como la problem\u00e1tica central del curso, intentando recobrar su pertinaz \u00a0incidencia tanto en el clima como en las ciudades y territorios, a pesar de ser algo aceptado y aparentemente fuera de la \u201cactualidad\u201d.<\/p>\n<p>Sobre una infraestructura existente trabajaremos, tune\u00e1ndola para transformarla en un dispositivo de intermediaci\u00f3n clim\u00e1tica a partir de la determinaci\u00f3n de problemas espec\u00edficos relacionados con el calentamiento global y con agentes medioambientales, personas o grupos. A partir del an\u00e1lisis de las anomal\u00edas por climas clasificados se comienza un proceso de creaci\u00f3n multiescalar entre las mol\u00e9culas y la escala geogr\u00e1fica, de forma redundante hasta la alcanzar un nivel de definici\u00f3n eficaz para solventar los problemas de partida.<\/p>\n<p>Con una din\u00e1mica similar a\u00a0 la de otros a\u00f1os a trav\u00e9s de un sistema de pr\u00e1cticas continuo se ir\u00e1n adquiriendo un conjunto de habilidades instrumentales vinculadas a la fabricaci\u00f3n digital y de prototipos, as\u00ed como el conocimiento proyectual acerca de la ingenier\u00eda clim\u00e1tica planetaria y el potencial de transformaci\u00f3n de paisajes y ecosistemas afectados.<\/p>\n","protected":false},"excerpt":{"rendered":"<p>PROYECTOS 7_2020 _Javier Pe\u00f1a INFRAESTRUCTURAS METAB\u00d3LICAS Durante este\u00a0curso se tratar\u00e1 de continuar un aprendizaje iniciado los dos anteriores cursos 2017\/19 para la generaci\u00f3n de nuevos dispositivos espaciales, reconociendo los procesos de creaci\u00f3n \/ destrucci\u00f3n de energ\u00eda y materia que transforma construcciones existentes. Tambi\u00e9n se trata de reconocer la relaci\u00f3n a-escalar existente entre estos procesos\u00a0metab\u00f3licos (anab\u00f3licos [&hellip;]<\/p>\n","protected":false},"author":1037,"featured_media":0,"parent":0,"menu_order":0,"comment_status":"closed","ping_status":"closed","template":"","meta":{"footnotes":""},"class_list":["post-7004","page","type-page","status-publish","hentry"],"_links":{"self":[{"href":"https:\/\/blogs.ua.es\/proyectosarquitectonicos\/wp-json\/wp\/v2\/pages\/7004","targetHints":{"allow":["GET"]}}],"collection":[{"href":"https:\/\/blogs.ua.es\/proyectosarquitectonicos\/wp-json\/wp\/v2\/pages"}],"about":[{"href":"https:\/\/blogs.ua.es\/proyectosarquitectonicos\/wp-json\/wp\/v2\/types\/page"}],"author":[{"embeddable":true,"href":"https:\/\/blogs.ua.es\/proyectosarquitectonicos\/wp-json\/wp\/v2\/users\/1037"}],"replies":[{"embeddable":true,"href":"https:\/\/blogs.ua.es\/proyectosarquitectonicos\/wp-json\/wp\/v2\/comments?post=7004"}],"version-history":[{"count":3,"href":"https:\/\/blogs.ua.es\/proyectosarquitectonicos\/wp-json\/wp\/v2\/pages\/7004\/revisions"}],"predecessor-version":[{"id":7023,"href":"https:\/\/blogs.ua.es\/proyectosarquitectonicos\/wp-json\/wp\/v2\/pages\/7004\/revisions\/7023"}],"wp:attachment":[{"href":"https:\/\/blogs.ua.es\/proyectosarquitectonicos\/wp-json\/wp\/v2\/media?parent=7004"}],"curies":[{"name":"wp","href":"https:\/\/api.w.org\/{rel}","templated":true}]}}