{"id":7008,"date":"2019-07-01T19:29:06","date_gmt":"2019-07-01T17:29:06","guid":{"rendered":"https:\/\/blogs.ua.es\/proyectosarquitectonicos\/?page_id=7008"},"modified":"2019-07-01T19:43:24","modified_gmt":"2019-07-01T17:43:24","slug":"g1-j-pena-2","status":"publish","type":"page","link":"https:\/\/blogs.ua.es\/proyectosarquitectonicos\/g1-j-pena-2\/","title":{"rendered":"G1. J.Pe\u00f1a"},"content":{"rendered":"<p><img loading=\"lazy\" decoding=\"async\" class=\"aligncenter wp-image-6870\" src=\"https:\/\/blogs.ua.es\/proyectosarquitectonicos\/files\/2019\/03\/campo-de-batalla-_-proyectos-7-1024x725.jpg\" alt=\"\" width=\"550\" height=\"389\" srcset=\"https:\/\/blogs.ua.es\/proyectosarquitectonicos\/files\/2019\/03\/campo-de-batalla-_-proyectos-7-1024x725.jpg 1024w, https:\/\/blogs.ua.es\/proyectosarquitectonicos\/files\/2019\/03\/campo-de-batalla-_-proyectos-7-300x212.jpg 300w, https:\/\/blogs.ua.es\/proyectosarquitectonicos\/files\/2019\/03\/campo-de-batalla-_-proyectos-7-768x544.jpg 768w, https:\/\/blogs.ua.es\/proyectosarquitectonicos\/files\/2019\/03\/campo-de-batalla-_-proyectos-7-150x106.jpg 150w, https:\/\/blogs.ua.es\/proyectosarquitectonicos\/files\/2019\/03\/campo-de-batalla-_-proyectos-7-400x283.jpg 400w, https:\/\/blogs.ua.es\/proyectosarquitectonicos\/files\/2019\/03\/campo-de-batalla-_-proyectos-7.jpg 1404w\" sizes=\"auto, (max-width: 550px) 100vw, 550px\" \/><\/p>\n<p><strong>PROYECTOS 8_2019 _Javier Pe\u00f1a<\/strong><\/p>\n<p>CUBIERTAS METAB\u00d3LICAS<\/p>\n<p>Durante este\u00a0curso se tratar\u00e1 de desarrollar un aprendizaje para la generaci\u00f3n de nuevos dispositivos espaciales, reconociendo los procesos de creaci\u00f3n \/ destrucci\u00f3n de energ\u00eda y materia que transforma construcciones existentes.<\/p>\n<p>Tambi\u00e9n se trata de reconocer la relaci\u00f3n a-escalar existente entre estos procesos\u00a0metab\u00f3licos (anab\u00f3licos y catab\u00f3licos)\u00a0 con el cuerpo humano y la geograf\u00eda.<\/p>\n<p>Para ello\u00a0se plantea el calentamiento global como la problem\u00e1tica central del curso, intentando recobrar su pertinaz incidencia tanto en el clima como en las ciudades y territorios, a pesar de ser algo aceptado y aparentemente fuera de la \u201cactualidad\u201d.<\/p>\n<p>Seleccionaremos diferentes tipolog\u00edas de cubiertas existentes de Alicante con problem\u00e1ticas locales y territoriales sobre las trabajaremos, tune\u00e1ndolas para transformarlas en unos dispositivos de intermediaci\u00f3n clim\u00e1tica con nuestra fisiolog\u00eda y nuestras actividades cotidianas. El trabajo comienza de forma anal\u00f3gica y manual pero paulatinamente se ir\u00e1 transformando en dispositivos espaciales h\u00edbridos cada vez m\u00e1s artificiales.<\/p>\n<p>Con una din\u00e1mica similar\u00a0 a\u00a0 la de otros a\u00f1os a trav\u00e9s de un sistema de pr\u00e1cticas continuo se ir\u00e1n adquiriendo un conjunto de habilidades instrumentales vinculadas a la fabricaci\u00f3n digital y de prototipos, as\u00ed como el conocimiento proyectual acerca de la construcci\u00f3n de microclimas y el potencial de transformaci\u00f3n de nuestros entornos cercanos.<\/p>\n<p>El curso se coordinar\u00e1 con una unidad docente externa: IaaC_ Barcelona. Se realizar\u00e1 un viaje de investigaci\u00f3n y presentaci\u00f3n de los proyectos en Barcelona, adem\u00e1s de diferentes visitas a centros y edificios referenciales.<\/p>\n","protected":false},"excerpt":{"rendered":"<p>PROYECTOS 8_2019 _Javier Pe\u00f1a CUBIERTAS METAB\u00d3LICAS Durante este\u00a0curso se tratar\u00e1 de desarrollar un aprendizaje para la generaci\u00f3n de nuevos dispositivos espaciales, reconociendo los procesos de creaci\u00f3n \/ destrucci\u00f3n de energ\u00eda y materia que transforma construcciones existentes. Tambi\u00e9n se trata de reconocer la relaci\u00f3n a-escalar existente entre estos procesos\u00a0metab\u00f3licos (anab\u00f3licos y catab\u00f3licos)\u00a0 con el cuerpo humano [&hellip;]<\/p>\n","protected":false},"author":1037,"featured_media":0,"parent":0,"menu_order":0,"comment_status":"closed","ping_status":"closed","template":"","meta":{"footnotes":""},"class_list":["post-7008","page","type-page","status-publish","hentry"],"_links":{"self":[{"href":"https:\/\/blogs.ua.es\/proyectosarquitectonicos\/wp-json\/wp\/v2\/pages\/7008","targetHints":{"allow":["GET"]}}],"collection":[{"href":"https:\/\/blogs.ua.es\/proyectosarquitectonicos\/wp-json\/wp\/v2\/pages"}],"about":[{"href":"https:\/\/blogs.ua.es\/proyectosarquitectonicos\/wp-json\/wp\/v2\/types\/page"}],"author":[{"embeddable":true,"href":"https:\/\/blogs.ua.es\/proyectosarquitectonicos\/wp-json\/wp\/v2\/users\/1037"}],"replies":[{"embeddable":true,"href":"https:\/\/blogs.ua.es\/proyectosarquitectonicos\/wp-json\/wp\/v2\/comments?post=7008"}],"version-history":[{"count":3,"href":"https:\/\/blogs.ua.es\/proyectosarquitectonicos\/wp-json\/wp\/v2\/pages\/7008\/revisions"}],"predecessor-version":[{"id":7022,"href":"https:\/\/blogs.ua.es\/proyectosarquitectonicos\/wp-json\/wp\/v2\/pages\/7008\/revisions\/7022"}],"wp:attachment":[{"href":"https:\/\/blogs.ua.es\/proyectosarquitectonicos\/wp-json\/wp\/v2\/media?parent=7008"}],"curies":[{"name":"wp","href":"https:\/\/api.w.org\/{rel}","templated":true}]}}