{"id":256,"date":"2010-10-13T14:58:11","date_gmt":"2010-10-13T14:58:11","guid":{"rendered":"https:\/\/blogs.ua.es\/proyectosarquitectonicoscursosanteriores0\/"},"modified":"2010-10-13T14:59:26","modified_gmt":"2010-10-13T14:59:26","slug":"curso-20092010","status":"publish","type":"page","link":"https:\/\/blogs.ua.es\/proyectosarquitectonicoscursosanteriores0\/curso-20092010\/","title":{"rendered":"curso 2009\/2010"},"content":{"rendered":"<div>\n<h1><a href=\"https:\/\/blogs.ua.es\/proyectosarquitectonicos\/programas-20092010\/\">Lo que nos queda pendiente.<\/a><\/h1>\n<table style=\"height: 200px\" border=\"0\" cellspacing=\"0\" cellpadding=\"0\">\n<tbody>\n<tr>\n<td><a href=\"http:\/\/issuu.com\/filoatlas\/docs\/prospectus_imprenta_final_02b_web?mode=a_p\" target=\"_blank\"><img loading=\"lazy\" decoding=\"async\" src=\"https:\/\/blogs.ua.es\/proyectosarquitectonicos\/files\/2010\/05\/Prospectus_barra.jpg\" alt=\"\" width=\"125\" height=\"178\" \/><\/a><\/td>\n<td>&#8220;Hemos hecho nuestro, que el conocimiento solo es verdad si es libre, si forma parte del copyleft y no del copyright de la vida: los weblogs nos han permitido crear sistemas m\u00e1s homog\u00e9neos de conocimiento y apoyar la difusi\u00f3n del trabajo como un material colectivo; los weblogs nos han permitido adentrarnos\u00a0 sin complejos y bien pertrechados te\u00f3ricamente en la caracter\u00edstica esencial de nuestro tiempo: el Espacio de la Negociaci\u00f3n, entre individuos, entre disciplinas y entre lo privado y lo p\u00fablico.&#8221;<\/p>\n<p>Jose Mar\u00eda Torres Nadal\u00a0.<\/p>\n<p>(extra\u00eddo del texto\u00a0SER ARQUITECTO, ENSE\u00d1AR-APRENDER\u00a0 ARQUITECTURA EN LAUNIVERSIDAD\u00a0 DE ALICANTE\u00a0)<\/td>\n<\/tr>\n<\/tbody>\n<\/table>\n<\/div>\n","protected":false},"excerpt":{"rendered":"<p>Lo que nos queda pendiente. &#8220;Hemos hecho nuestro, que el conocimiento solo es verdad si es libre, si forma parte del copyleft y no del copyright de la vida: los weblogs nos han permitido crear sistemas m\u00e1s homog\u00e9neos de conocimiento y apoyar la difusi\u00f3n del trabajo como un material colectivo; los weblogs nos han permitido [&hellip;]<\/p>\n","protected":false},"author":503,"featured_media":0,"parent":0,"menu_order":0,"comment_status":"open","ping_status":"open","template":"","meta":{"footnotes":""},"class_list":["post-256","page","type-page","status-publish","hentry"],"_links":{"self":[{"href":"https:\/\/blogs.ua.es\/proyectosarquitectonicoscursosanteriores0\/wp-json\/wp\/v2\/pages\/256","targetHints":{"allow":["GET"]}}],"collection":[{"href":"https:\/\/blogs.ua.es\/proyectosarquitectonicoscursosanteriores0\/wp-json\/wp\/v2\/pages"}],"about":[{"href":"https:\/\/blogs.ua.es\/proyectosarquitectonicoscursosanteriores0\/wp-json\/wp\/v2\/types\/page"}],"author":[{"embeddable":true,"href":"https:\/\/blogs.ua.es\/proyectosarquitectonicoscursosanteriores0\/wp-json\/wp\/v2\/users\/503"}],"replies":[{"embeddable":true,"href":"https:\/\/blogs.ua.es\/proyectosarquitectonicoscursosanteriores0\/wp-json\/wp\/v2\/comments?post=256"}],"version-history":[{"count":5,"href":"https:\/\/blogs.ua.es\/proyectosarquitectonicoscursosanteriores0\/wp-json\/wp\/v2\/pages\/256\/revisions"}],"predecessor-version":[{"id":261,"href":"https:\/\/blogs.ua.es\/proyectosarquitectonicoscursosanteriores0\/wp-json\/wp\/v2\/pages\/256\/revisions\/261"}],"wp:attachment":[{"href":"https:\/\/blogs.ua.es\/proyectosarquitectonicoscursosanteriores0\/wp-json\/wp\/v2\/media?parent=256"}],"curies":[{"name":"wp","href":"https:\/\/api.w.org\/{rel}","templated":true}]}}