{"id":149,"date":"2018-12-04T13:17:48","date_gmt":"2018-12-04T13:17:48","guid":{"rendered":"https:\/\/blogs.ua.es\/psicologiadelasalud\/?page_id=149"},"modified":"2020-06-23T11:14:37","modified_gmt":"2020-06-23T11:14:37","slug":"la-atencion","status":"publish","type":"page","link":"https:\/\/blogs.ua.es\/psicologiadelasalud\/videos\/la-atencion\/","title":{"rendered":"Atenci\u00f3n"},"content":{"rendered":"<p style=\"text-align: center\">La cantidad de informaci\u00f3n que llega continuamente a los receptores sensoriales podr\u00eda colapsar y agotar nuestro sistema perceptivo. La atenci\u00f3n juega aqu\u00ed un papel fundamental, permitiendo el procesamiento selectivo de dicha informaci\u00f3n, o bien distribuyendo los recursos limitados para hacer m\u00e1s eficiente el proceso. El objetivo de este tema es estudiar el proceso psicol\u00f3gico b\u00e1sico de la atenci\u00f3n, analizando los diferentes determinantes, tipos y principales medidas utilizadas en el estudio de la atenci\u00f3n. De la misma manera pretende abordar en profundidad los principales modelos te\u00f3ricos y aportaciones experimentales que tratan de ofrecer respuestas veros\u00edmiles a las cuestiones m\u00e1s cruciales de la Psicolog\u00eda de la Atenci\u00f3n.<\/p>\n<p><iframe loading=\"lazy\" title=\"Procesos psicol\u00f3gicos: Atenci\u00f3n\" width=\"604\" height=\"340\" src=\"https:\/\/www.youtube.com\/embed\/urPQwvgTZec?feature=oembed\" frameborder=\"0\" allow=\"accelerometer; autoplay; clipboard-write; encrypted-media; gyroscope; picture-in-picture; web-share\" referrerpolicy=\"strict-origin-when-cross-origin\" allowfullscreen><\/iframe><\/p>\n<p><iframe loading=\"lazy\" title=\"\u201cLa atenci\u00f3n es el nuevo cociente intelectual\u201d. Gregorio Luri, maestro\" width=\"604\" height=\"340\" src=\"https:\/\/www.youtube.com\/embed\/uy4FIv-9Yew?feature=oembed\" frameborder=\"0\" allow=\"accelerometer; autoplay; clipboard-write; encrypted-media; gyroscope; picture-in-picture; web-share\" referrerpolicy=\"strict-origin-when-cross-origin\" allowfullscreen><\/iframe><\/p>\n<p><iframe loading=\"lazy\" title=\"LA ATENCI\u00d3N - PROCESOS COGNITIVOS\" width=\"604\" height=\"340\" src=\"https:\/\/www.youtube.com\/embed\/8VoKDbmX1Mc?feature=oembed\" frameborder=\"0\" allow=\"accelerometer; autoplay; clipboard-write; encrypted-media; gyroscope; picture-in-picture; web-share\" referrerpolicy=\"strict-origin-when-cross-origin\" allowfullscreen><\/iframe><\/p>\n<p><a href=\"https:\/\/www.dailymotion.com\/video\/x3btowe?playlist=x1joyl\">https:\/\/www.dailymotion.com\/video\/x3btowe?playlist=x1joyl<\/a><\/p>\n<p>&nbsp;<\/p>\n<p>&nbsp;<\/p>\n","protected":false},"excerpt":{"rendered":"<p>La cantidad de informaci\u00f3n que llega continuamente a los receptores sensoriales podr\u00eda colapsar y agotar nuestro sistema perceptivo. La atenci\u00f3n juega aqu\u00ed un papel fundamental, permitiendo el procesamiento selectivo de dicha informaci\u00f3n, o bien distribuyendo los recursos limitados para hacer m\u00e1s eficiente el proceso. El objetivo de este tema es estudiar el proceso psicol\u00f3gico b\u00e1sico &hellip; <a href=\"https:\/\/blogs.ua.es\/psicologiadelasalud\/videos\/la-atencion\/\" class=\"more-link\">Continue reading <span class=\"screen-reader-text\">Atenci\u00f3n<\/span> <span class=\"meta-nav\">&rarr;<\/span><\/a><\/p>\n","protected":false},"author":4330,"featured_media":0,"parent":45,"menu_order":2,"comment_status":"closed","ping_status":"closed","template":"","meta":{"footnotes":""},"class_list":["post-149","page","type-page","status-publish","hentry"],"_links":{"self":[{"href":"https:\/\/blogs.ua.es\/psicologiadelasalud\/wp-json\/wp\/v2\/pages\/149","targetHints":{"allow":["GET"]}}],"collection":[{"href":"https:\/\/blogs.ua.es\/psicologiadelasalud\/wp-json\/wp\/v2\/pages"}],"about":[{"href":"https:\/\/blogs.ua.es\/psicologiadelasalud\/wp-json\/wp\/v2\/types\/page"}],"author":[{"embeddable":true,"href":"https:\/\/blogs.ua.es\/psicologiadelasalud\/wp-json\/wp\/v2\/users\/4330"}],"replies":[{"embeddable":true,"href":"https:\/\/blogs.ua.es\/psicologiadelasalud\/wp-json\/wp\/v2\/comments?post=149"}],"version-history":[{"count":6,"href":"https:\/\/blogs.ua.es\/psicologiadelasalud\/wp-json\/wp\/v2\/pages\/149\/revisions"}],"predecessor-version":[{"id":463,"href":"https:\/\/blogs.ua.es\/psicologiadelasalud\/wp-json\/wp\/v2\/pages\/149\/revisions\/463"}],"up":[{"embeddable":true,"href":"https:\/\/blogs.ua.es\/psicologiadelasalud\/wp-json\/wp\/v2\/pages\/45"}],"wp:attachment":[{"href":"https:\/\/blogs.ua.es\/psicologiadelasalud\/wp-json\/wp\/v2\/media?parent=149"}],"curies":[{"name":"wp","href":"https:\/\/api.w.org\/{rel}","templated":true}]}}